{"id":4571,"date":"2017-03-15T09:42:25","date_gmt":"2017-03-15T09:42:25","guid":{"rendered":"http:\/\/www.globalepgs.info\/cs\/nonstop-epg-aktualizace\/"},"modified":"2017-11-27T14:49:38","modified_gmt":"2017-11-27T14:49:38","slug":"nonstop-epg-aktualizace","status":"publish","type":"page","link":"https:\/\/www.globalepgs.info\/cs\/nonstop-epg-aktualizace\/","title":{"rendered":"Nonstop aktualizace EPG"},"content":{"rendered":"<div class=\"col-4\">\n<p><img decoding=\"async\" class=\"img-circle img-responsive\" src=\"http:\/\/globalepgs.info\/app\/uploads\/2017\/02\/circles8.png\" alt=\"content_photo\" \/><\/p>\n<p class=\"content\">Nonstop aktualizace EPG<\/p>\n<\/div>\n<div class=\"col-8\">\n<div class=\"content\">\n<p>Pro stanice, kter\u00e9 pot\u0159ebuj\u00ed m\u00edt jistotu, \u017ee mohou sv\u00e9 EPG kdykoliv zm\u011bnit (i uprost\u0159ed noci nebo t\u0159eba o V\u00e1noc\u00edch), m\u00e1 Global EPGs p\u0159ipravenou slu\u017ebu AGiLE (p\u0159\u00edstup ke Global Listings kdekoliv)<\/p>\n<p>AGiLE je online slu\u017eba a aplikace na mobiln\u00ed telefony a tablety, d\u00edky kter\u00e9 mohou stanice zasahovat do sv\u00e9ho programu v re\u00e1ln\u00e9m \u010dase p\u0159\u00edmo v datab\u00e1zi Global EPGs. Zde mohou prov\u00e1d\u011bt urgentn\u00ed zm\u011bny a zas\u00edlat EPG aktualizace, aby m\u011bly jistotu, \u017ee jejich informace budou v\u017edy 100% p\u0159esn\u00e9<\/p>\n<p>Pokud m\u00e1te z\u00e1jem o uk\u00e1zku toho, jak to funguje, zadejte pros\u00edm n\u00ed\u017ee svou e-mailovou adresu a my se v\u00e1m ozveme<\/p>\n<p>Samoz\u0159ejm\u011b je v\u00e1m k dispozici tak\u00e9 n\u00e1\u0161 t\u00fdm, kter\u00fd provede pot\u0159ebn\u00e9 zm\u011bny v EPG rychlost\u00ed sv\u011btla, ani\u017e by byla ovlivn\u011bna p\u0159esnost informac\u00ed, \u010d\u00edm\u017e jsme v na\u0161\u00ed bran\u017ei proslul\u00ed. Je jen na v\u00e1s, jakou \u00farove\u0148 slu\u017eeb si zvol\u00edte: sob\u011bsta\u010dnou\/nez\u00e1vislou nebo pln\u011b zaji\u0161\u0165ovanou na\u0161\u00edm t\u00fdmem<\/p>\n<\/div>\n<\/div>\n","protected":false},"excerpt":{"rendered":"<p>Nonstop aktualizace EPG Pro stanice, kter\u00e9 pot\u0159ebuj\u00ed m\u00edt jistotu, \u017ee mohou sv\u00e9 EPG kdykoliv zm\u011bnit (i uprost\u0159ed noci nebo t\u0159eba o V\u00e1noc\u00edch), m\u00e1 Global EPGs p\u0159ipravenou slu\u017ebu AGiLE (p\u0159\u00edstup ke Global Listings kdekoliv) AGiLE je online slu\u017eba a aplikace na mobiln\u00ed telefony a tablety, d\u00edky kter\u00e9 mohou stanice zasahovat do sv\u00e9ho programu v re\u00e1ln\u00e9m \u010dase [&hellip;]<\/p>\n","protected":false},"author":1,"featured_media":0,"parent":0,"menu_order":80,"comment_status":"closed","ping_status":"closed","template":"page-epgs_template.php","meta":{"_acf_changed":false,"footnotes":""},"class_list":["post-4571","page","type-page","status-publish","hentry"],"acf":[],"yoast_head":"<!-- This site is optimized with the Yoast SEO plugin v27.5 - https:\/\/yoast.com\/product\/yoast-seo-wordpress\/ -->\n<title>Nonstop aktualizace EPG - Global Listings<\/title>\n<meta name=\"robots\" content=\"index, follow, max-snippet:-1, max-image-preview:large, max-video-preview:-1\" \/>\n<link rel=\"canonical\" href=\"https:\/\/www.globalepgs.info\/cs\/nonstop-epg-aktualizace\/\" \/>\n<meta property=\"og:locale\" content=\"cs_CZ\" \/>\n<meta property=\"og:type\" content=\"article\" \/>\n<meta property=\"og:title\" content=\"Nonstop aktualizace EPG - Global Listings\" \/>\n<meta property=\"og:description\" content=\"Nonstop aktualizace EPG Pro stanice, kter\u00e9 pot\u0159ebuj\u00ed m\u00edt jistotu, \u017ee mohou sv\u00e9 EPG kdykoliv zm\u011bnit (i uprost\u0159ed noci nebo t\u0159eba o V\u00e1noc\u00edch), m\u00e1 Global EPGs p\u0159ipravenou slu\u017ebu AGiLE (p\u0159\u00edstup ke Global Listings kdekoliv) AGiLE je online slu\u017eba a aplikace na mobiln\u00ed telefony a tablety, d\u00edky kter\u00e9 mohou stanice zasahovat do sv\u00e9ho programu v re\u00e1ln\u00e9m \u010dase [&hellip;]\" \/>\n<meta property=\"og:url\" content=\"https:\/\/www.globalepgs.info\/cs\/nonstop-epg-aktualizace\/\" \/>\n<meta property=\"og:site_name\" content=\"Global Listings\" \/>\n<meta property=\"article:modified_time\" content=\"2017-11-27T14:49:38+00:00\" \/>\n<meta property=\"og:image\" content=\"http:\/\/globalepgs.info\/app\/uploads\/2017\/02\/circles8.png\" \/>\n<meta name=\"twitter:card\" content=\"summary_large_image\" \/>\n<meta name=\"twitter:label1\" content=\"Est. reading time\" \/>\n\t<meta name=\"twitter:data1\" content=\"1 minute\" \/>\n<script type=\"application\/ld+json\" class=\"yoast-schema-graph\">{\"@context\":\"https:\\\/\\\/schema.org\",\"@graph\":[{\"@type\":\"WebPage\",\"@id\":\"https:\\\/\\\/www.globalepgs.info\\\/cs\\\/nonstop-epg-aktualizace\\\/\",\"url\":\"https:\\\/\\\/www.globalepgs.info\\\/cs\\\/nonstop-epg-aktualizace\\\/\",\"name\":\"Nonstop aktualizace EPG - Global Listings\",\"isPartOf\":{\"@id\":\"https:\\\/\\\/www.globalepgs.info\\\/es\\\/#website\"},\"primaryImageOfPage\":{\"@id\":\"https:\\\/\\\/www.globalepgs.info\\\/cs\\\/nonstop-epg-aktualizace\\\/#primaryimage\"},\"image\":{\"@id\":\"https:\\\/\\\/www.globalepgs.info\\\/cs\\\/nonstop-epg-aktualizace\\\/#primaryimage\"},\"thumbnailUrl\":\"http:\\\/\\\/globalepgs.info\\\/app\\\/uploads\\\/2017\\\/02\\\/circles8.png\",\"datePublished\":\"2017-03-15T09:42:25+00:00\",\"dateModified\":\"2017-11-27T14:49:38+00:00\",\"breadcrumb\":{\"@id\":\"https:\\\/\\\/www.globalepgs.info\\\/cs\\\/nonstop-epg-aktualizace\\\/#breadcrumb\"},\"inLanguage\":\"cs-CZ\",\"potentialAction\":[{\"@type\":\"ReadAction\",\"target\":[\"https:\\\/\\\/www.globalepgs.info\\\/cs\\\/nonstop-epg-aktualizace\\\/\"]}]},{\"@type\":\"ImageObject\",\"inLanguage\":\"cs-CZ\",\"@id\":\"https:\\\/\\\/www.globalepgs.info\\\/cs\\\/nonstop-epg-aktualizace\\\/#primaryimage\",\"url\":\"http:\\\/\\\/globalepgs.info\\\/app\\\/uploads\\\/2017\\\/02\\\/circles8.png\",\"contentUrl\":\"http:\\\/\\\/globalepgs.info\\\/app\\\/uploads\\\/2017\\\/02\\\/circles8.png\"},{\"@type\":\"BreadcrumbList\",\"@id\":\"https:\\\/\\\/www.globalepgs.info\\\/cs\\\/nonstop-epg-aktualizace\\\/#breadcrumb\",\"itemListElement\":[{\"@type\":\"ListItem\",\"position\":1,\"name\":\"Home\",\"item\":\"https:\\\/\\\/www.globalepgs.info\\\/cs\\\/\"},{\"@type\":\"ListItem\",\"position\":2,\"name\":\"Nonstop aktualizace EPG\"}]},{\"@type\":\"WebSite\",\"@id\":\"https:\\\/\\\/www.globalepgs.info\\\/es\\\/#website\",\"url\":\"https:\\\/\\\/www.globalepgs.info\\\/es\\\/\",\"name\":\"Global Listings\",\"description\":\"Just another WordPress site\",\"potentialAction\":[{\"@type\":\"SearchAction\",\"target\":{\"@type\":\"EntryPoint\",\"urlTemplate\":\"https:\\\/\\\/www.globalepgs.info\\\/es\\\/?s={search_term_string}\"},\"query-input\":{\"@type\":\"PropertyValueSpecification\",\"valueRequired\":true,\"valueName\":\"search_term_string\"}}],\"inLanguage\":\"cs-CZ\"}]}<\/script>\n<!-- \/ Yoast SEO plugin. -->","yoast_head_json":{"title":"Nonstop aktualizace EPG - Global Listings","robots":{"index":"index","follow":"follow","max-snippet":"max-snippet:-1","max-image-preview":"max-image-preview:large","max-video-preview":"max-video-preview:-1"},"canonical":"https:\/\/www.globalepgs.info\/cs\/nonstop-epg-aktualizace\/","og_locale":"cs_CZ","og_type":"article","og_title":"Nonstop aktualizace EPG - Global Listings","og_description":"Nonstop aktualizace EPG Pro stanice, kter\u00e9 pot\u0159ebuj\u00ed m\u00edt jistotu, \u017ee mohou sv\u00e9 EPG kdykoliv zm\u011bnit (i uprost\u0159ed noci nebo t\u0159eba o V\u00e1noc\u00edch), m\u00e1 Global EPGs p\u0159ipravenou slu\u017ebu AGiLE (p\u0159\u00edstup ke Global Listings kdekoliv) AGiLE je online slu\u017eba a aplikace na mobiln\u00ed telefony a tablety, d\u00edky kter\u00e9 mohou stanice zasahovat do sv\u00e9ho programu v re\u00e1ln\u00e9m \u010dase [&hellip;]","og_url":"https:\/\/www.globalepgs.info\/cs\/nonstop-epg-aktualizace\/","og_site_name":"Global Listings","article_modified_time":"2017-11-27T14:49:38+00:00","og_image":[{"url":"http:\/\/globalepgs.info\/app\/uploads\/2017\/02\/circles8.png","type":"","width":"","height":""}],"twitter_card":"summary_large_image","twitter_misc":{"Est. reading time":"1 minute"},"schema":{"@context":"https:\/\/schema.org","@graph":[{"@type":"WebPage","@id":"https:\/\/www.globalepgs.info\/cs\/nonstop-epg-aktualizace\/","url":"https:\/\/www.globalepgs.info\/cs\/nonstop-epg-aktualizace\/","name":"Nonstop aktualizace EPG - Global Listings","isPartOf":{"@id":"https:\/\/www.globalepgs.info\/es\/#website"},"primaryImageOfPage":{"@id":"https:\/\/www.globalepgs.info\/cs\/nonstop-epg-aktualizace\/#primaryimage"},"image":{"@id":"https:\/\/www.globalepgs.info\/cs\/nonstop-epg-aktualizace\/#primaryimage"},"thumbnailUrl":"http:\/\/globalepgs.info\/app\/uploads\/2017\/02\/circles8.png","datePublished":"2017-03-15T09:42:25+00:00","dateModified":"2017-11-27T14:49:38+00:00","breadcrumb":{"@id":"https:\/\/www.globalepgs.info\/cs\/nonstop-epg-aktualizace\/#breadcrumb"},"inLanguage":"cs-CZ","potentialAction":[{"@type":"ReadAction","target":["https:\/\/www.globalepgs.info\/cs\/nonstop-epg-aktualizace\/"]}]},{"@type":"ImageObject","inLanguage":"cs-CZ","@id":"https:\/\/www.globalepgs.info\/cs\/nonstop-epg-aktualizace\/#primaryimage","url":"http:\/\/globalepgs.info\/app\/uploads\/2017\/02\/circles8.png","contentUrl":"http:\/\/globalepgs.info\/app\/uploads\/2017\/02\/circles8.png"},{"@type":"BreadcrumbList","@id":"https:\/\/www.globalepgs.info\/cs\/nonstop-epg-aktualizace\/#breadcrumb","itemListElement":[{"@type":"ListItem","position":1,"name":"Home","item":"https:\/\/www.globalepgs.info\/cs\/"},{"@type":"ListItem","position":2,"name":"Nonstop aktualizace EPG"}]},{"@type":"WebSite","@id":"https:\/\/www.globalepgs.info\/es\/#website","url":"https:\/\/www.globalepgs.info\/es\/","name":"Global Listings","description":"Just another WordPress site","potentialAction":[{"@type":"SearchAction","target":{"@type":"EntryPoint","urlTemplate":"https:\/\/www.globalepgs.info\/es\/?s={search_term_string}"},"query-input":{"@type":"PropertyValueSpecification","valueRequired":true,"valueName":"search_term_string"}}],"inLanguage":"cs-CZ"}]}},"_links":{"self":[{"href":"https:\/\/www.globalepgs.info\/cs\/wp-json\/wp\/v2\/pages\/4571","targetHints":{"allow":["GET"]}}],"collection":[{"href":"https:\/\/www.globalepgs.info\/cs\/wp-json\/wp\/v2\/pages"}],"about":[{"href":"https:\/\/www.globalepgs.info\/cs\/wp-json\/wp\/v2\/types\/page"}],"author":[{"embeddable":true,"href":"https:\/\/www.globalepgs.info\/cs\/wp-json\/wp\/v2\/users\/1"}],"replies":[{"embeddable":true,"href":"https:\/\/www.globalepgs.info\/cs\/wp-json\/wp\/v2\/comments?post=4571"}],"version-history":[{"count":0,"href":"https:\/\/www.globalepgs.info\/cs\/wp-json\/wp\/v2\/pages\/4571\/revisions"}],"wp:attachment":[{"href":"https:\/\/www.globalepgs.info\/cs\/wp-json\/wp\/v2\/media?parent=4571"}],"curies":[{"name":"wp","href":"https:\/\/api.w.org\/{rel}","templated":true}]}}