{"id":4716,"date":"2017-03-16T10:10:14","date_gmt":"2017-03-16T10:10:14","guid":{"rendered":"http:\/\/www.globalepgs.info\/cs\/sluzby\/"},"modified":"2017-11-27T14:48:07","modified_gmt":"2017-11-27T14:48:07","slug":"sluzby","status":"publish","type":"page","link":"https:\/\/www.globalepgs.info\/cs\/sluzby\/","title":{"rendered":"Slu\u017eby"},"content":{"rendered":"<div class=\"col-4\">\n<p><img decoding=\"async\" class=\"img-circle img-responsive\" src=\"http:\/\/globalepgs.info\/app\/uploads\/2017\/02\/circles7.png\" alt=\"\" \/><\/p>\n<p class=\"content\">SLU\u017dBY<\/p>\n<\/div>\n<div class=\"col-8\">\n<div class=\"content\">\n<p>Nab\u00edz\u00edme novou generaci EPG<\/p>\n<p>Na\u0161e EPG \u0159e\u0161en\u00ed jsou unik\u00e1tn\u00ed v tom, \u017ee jsou p\u0159ipravov\u00e1na tak, aby zaujala div\u00e1ky, kte\u0159\u00ed mohou snadno pracovat s jejich obsahem, a\u0165 u\u017e si vyb\u00edraj\u00ed z VOD slu\u017eeb, line\u00e1rn\u00ed TV nebo prost\u0159ednictv\u00edm OTT nab\u00eddky<\/p>\n<p>D\u00edky na\u0161im profesion\u00e1ln\u00edm t\u00fdm\u016fm a dynamick\u00fdm technologi\u00edm dod\u00e1v\u00e1me p\u0159esn\u00e9 a poutav\u00e9 z\u00e1\u017eitky, kter\u00e9 div\u00e1ky p\u0159it\u00e1hnou a zaru\u010d\u00ed, \u017ee si v\u00e1\u0161 kan\u00e1l zamiluj\u00ed a budou mu d\u016fv\u011b\u0159ovat<\/p>\n<p>Global EPGs pracuje s televizn\u00edmi platformami po cel\u00e9m sv\u011bt\u011b, na v\u0161ech kontinentech krom\u011b Antarktidy (ale na tom u\u017e pracujeme!)<\/p>\n<p>Jsme l\u00eddrem v oboru mezin\u00e1rodn\u00edch EPG a dob\u0159e se vyzn\u00e1me v \u010dasov\u00fdch z\u00f3n\u00e1ch, kulturn\u00edch odli\u0161nostech, alternativn\u00edch nastaven\u00edch, zp\u016fsobech doru\u010den\u00ed, technick\u00fdch po\u017eadavc\u00edch, dodac\u00edch lh\u016ft\u00e1ch, po\u017eadavc\u00edch na metadata a v\u0161ech dal\u0161\u00edch specifikac\u00edch, kter\u00e9 vy\u017eaduj\u00ed jednotliv\u00e9 platformy<\/p>\n<p>A co je hlavn\u00ed, doru\u010dujeme ta spr\u00e1vn\u00e1 EPG data v ten spr\u00e1vn\u00fd \u010das, ve spr\u00e1vn\u00e9m form\u00e1tu a na spr\u00e1vn\u00e9 m\u00edsto!<\/p>\n<p>Global EPGs m\u016f\u017ee vylep\u0161it va\u0161e EPG n\u011bkolika zp\u016fsoby:<\/p>\n<p><strong>PROGRAMOV\u00c9 OBR\u00c1ZKY<\/strong><br \/>\nKe ka\u017ed\u00e9mu televizn\u00edmu z\u00e1znamu dod\u00e1v\u00e1me obr\u00e1zky, kter\u00e9 se mohou li\u0161it podle \u00farovn\u011b programu: \u00farove\u0148 po\u0159adu (nap\u0159\u00edklad Dr\u017ete krok s Kardashians), \u00farove\u0148 \u0159ady (nap\u0159. druh\u00e1 \u0159ada) a pot\u00e9 \u00farove\u0148 jednotliv\u00fdch d\u00edl\u016f, kter\u00e9 mohou m\u00edt sv\u00e9 vlastn\u00ed obr\u00e1zky<\/p>\n<p>Obr\u00e1zky jsou ukl\u00e1d\u00e1ny v na\u0161\u00ed centr\u00e1ln\u00ed datab\u00e1zi a exportov\u00e1ny v r\u016fzn\u00fdch velikostech a rozli\u0161en\u00ed podle po\u017eadavk\u016f jednotliv\u00fdch platforem<\/p>\n<p><strong>SIDELOADING a\u00a0STREAMING<\/strong><\/p>\n<p>Mnoho televizn\u00edch platforem nab\u00edz\u00ed speci\u00e1ln\u00ed aplikace, kter\u00e9 umo\u017e\u0148uj\u00ed sv\u00fdm p\u0159edplatitel\u016fm streamovat obsah a sledovat nahran\u00e9 po\u0159ady na dal\u0161\u00edch za\u0159\u00edzen\u00edch, jako jsou smartphony a tablety<\/p>\n<p>K tomu se v\u00e1\u017e\u00ed nejr\u016fzn\u011bj\u0161\u00ed probl\u00e9my od obecn\u00fdch licen\u010dn\u00edch pr\u00e1v po specifick\u00e9 po\u017eadavky na \u010dasovou dostupnost sta\u017een\u00e9ho programu. Global EPGs pom\u00e1h\u00e1 stanic\u00edm propl\u00e9st se t\u00edmto potenci\u00e1ln\u00edm minov\u00fdm polem a dod\u00e1v\u00e1 televizn\u00edm platform\u00e1m p\u0159esn\u011b ta metadata, kter\u00e1 pot\u0159ebuj\u00ed<\/p>\n<p><strong>SLU\u017dBY PRO NESLY\u0160\u00cdC\u00cd<\/strong><br \/>\nV sou\u010dasn\u00e9 dob\u011b m\u00e1 mnoho televizn\u00edch kan\u00e1l\u016f povinnost uv\u00e1d\u011bt, kter\u00e9 jejich programy jsou s titulky pro nesly\u0161\u00edc\u00ed, kter\u00e9 maj\u00ed audio popis a kter\u00e9 nab\u00edz\u00ed znakovou \u0159e\u010d v obraze. Global EPGs zaji\u0161\u0165uje, aby byly tyto po\u017eadavky spr\u00e1vn\u011b zobrazeny v EPG souborech<\/p>\n<p><strong>NAHR\u00c1V\u00c1N\u00cd PO\u0158AD\u016e<\/strong><br \/>\nV Global EPGs v\u011b\u0159\u00edme, \u017ee nahr\u00e1v\u00e1n\u00ed program\u016f je samostatn\u00e1 forma um\u011bn\u00ed. D\u00edky na\u0161im vysp\u011bl\u00fdm technologi\u00edm m\u016f\u017eeme nahr\u00e1vat po\u0159ady z r\u016fzn\u00fdch platforem bez ohledu na to, kdy po\u0159ad na kan\u00e1lu b\u011b\u017e\u00ed<\/p>\n<p>Vyzn\u00e1me se ve v\u0161ech pravidlech nahr\u00e1v\u00e1n\u00ed, dok\u00e1\u017eeme po\u0159ady nahr\u00e1vat podle n\u00e1zvu, ukon\u010dit nahr\u00e1v\u00e1n\u00ed po skon\u010den\u00ed \u0159ady a nenech\u00e1v\u00e1me p\u0159\u00edli\u0161 velk\u00e9 pauzy mezi jednotliv\u00fdmi epizodami<\/p>\n<p>Na\u0161e EPG technologie n\u00e1m tak\u00e9 dovoluj\u00ed vytv\u00e1\u0159et propojen\u00ed mezi filmy, jednotliv\u00fdmi d\u00edly a speci\u00e1ln\u00edmi programy, kter\u00e9 jsou sou\u010d\u00e1st\u00ed sez\u00f3nn\u00edho \u010di tematick\u00e9ho vys\u00edl\u00e1n\u00ed<\/p>\n<p>O demo si za\u017e\u00e1dejte zde: <a href=\"mailto:epgs@globallistings.info\">epgs@globallistings.info<\/a><\/p>\n<p><strong>V\u00e1\u0161e\u0148 pro televizi a oddanost p\u0159esnosti<\/strong><\/p>\n<p>Na\u0161e EPG \u0159e\u0161en\u00ed kombinuj\u00ed dynamick\u00fd obsah, obs\u00e1hl\u00e1 metadata a vysp\u011bl\u00e9 technologie, d\u00edky kter\u00fdm p\u0159in\u00e1\u0161\u00edme poutav\u00e9 televizn\u00ed z\u00e1\u017eitky pro div\u00e1ky na\u0161ich klient\u016f po cel\u00e9m sv\u011bt\u011b<\/p>\n<p>A\u0165 u\u017e div\u00e1ci sleduj\u00ed sv\u016fj obl\u00edben\u00fd po\u0159ad tradi\u010dn\u011b v televizi, nebo vyu\u017e\u00edvaj\u00ed n\u011bjakou formu streamov\u00e1n\u00ed &#8211; od sportovn\u00edch ud\u00e1lost\u00ed po filmy a od hudby po zpr\u00e1vy a z\u00e1bavu &#8211; na\u0161e britsk\u00e9 i mezin\u00e1rodn\u00ed t\u00fdmy v\u00e1m poskytnou dynamick\u00e9 texty a popisn\u00e1 metadata, kter\u00e1 jsou v\u017edy personalizov\u00e1na pro jednotliv\u00e9 kan\u00e1ly a lokalizov\u00e1na podle region\u016f. Tato \u0159e\u0161en\u00ed p\u0159esn\u011b na m\u00edru zaru\u010den\u011b upoutaj\u00ed pozornost div\u00e1k\u016f a u\u017e ji nepust\u00ed<\/p>\n<p>Na\u0161e \u00farove\u0148 p\u0159esnosti je bezkonkuren\u010dn\u00ed<\/p>\n<p>Kvalita na\u0161ich text\u016f je v bran\u017ei proslul\u00e1<\/p>\n<p>D\u00edky technick\u00e9mu vybaven\u00ed dod\u00e1v\u00e1me programov\u00fd obsah bez probl\u00e9m\u016f na nejr\u016fzn\u011bj\u0161\u00ed platformy<\/p>\n<p>D\u00edky tomu, \u017ee vytv\u00e1\u0159\u00edme, spravujeme a dod\u00e1v\u00e1me tato data jm\u00e9nem na\u0161ich klient\u016f, zaji\u0161\u0165ujeme, \u017ee na\u0161i partne\u0159i jsou pln\u011b zastoupeni ve v\u0161ech funkc\u00edch nov\u00e9 generace EPG: vylep\u0161en\u00e9 vyhled\u00e1v\u00e1n\u00ed, doporu\u010dov\u00e1n\u00ed program\u016f podle vkusu, chytr\u00e9 nahr\u00e1v\u00e1n\u00ed po\u0159ad\u016f a dal\u0161\u00ed<\/p>\n<p>Z\u00e1sadn\u00ed podm\u00ednkou pro r\u016fst a obl\u00edbenost televizn\u00edho kan\u00e1lu na drav\u00e9m trhu s televizn\u00ed z\u00e1bavou je z\u00edsk\u00e1v\u00e1n\u00ed obsahu &#8211; a\u0165 jde o line\u00e1rn\u00ed slu\u017ebu \u010di VOD, OTT nebo IPTV, div\u00e1ci pot\u0159ebuj\u00ed v\u011bd\u011bt, co pr\u00e1v\u011b b\u011b\u017e\u00ed &#8211; a tyto informace jsou zcela z\u00e1visl\u00e9 na obsahu EPG<\/p>\n<p>S Global EPGs si m\u016f\u017eete b\u00fdt jist\u00ed, \u017ee va\u0161e EPG budou vytvo\u0159en\u00e9 tak, aby p\u0159esn\u011b sedly va\u0161im div\u00e1k\u016fm<\/p>\n<\/div>\n<\/div>\n","protected":false},"excerpt":{"rendered":"<p>SLU\u017dBY Nab\u00edz\u00edme novou generaci EPG Na\u0161e EPG \u0159e\u0161en\u00ed jsou unik\u00e1tn\u00ed v tom, \u017ee jsou p\u0159ipravov\u00e1na tak, aby zaujala div\u00e1ky, kte\u0159\u00ed mohou snadno pracovat s jejich obsahem, a\u0165 u\u017e si vyb\u00edraj\u00ed z VOD slu\u017eeb, line\u00e1rn\u00ed TV nebo prost\u0159ednictv\u00edm OTT nab\u00eddky D\u00edky na\u0161im profesion\u00e1ln\u00edm t\u00fdm\u016fm a dynamick\u00fdm technologi\u00edm dod\u00e1v\u00e1me p\u0159esn\u00e9 a poutav\u00e9 z\u00e1\u017eitky, kter\u00e9 div\u00e1ky p\u0159it\u00e1hnou a [&hellip;]<\/p>\n","protected":false},"author":1,"featured_media":0,"parent":0,"menu_order":217,"comment_status":"closed","ping_status":"closed","template":"page-epgs_template.php","meta":{"_acf_changed":false,"footnotes":""},"class_list":["post-4716","page","type-page","status-publish","hentry"],"acf":[],"yoast_head":"<!-- This site is optimized with the Yoast SEO plugin v27.5 - https:\/\/yoast.com\/product\/yoast-seo-wordpress\/ -->\n<title>Slu\u017eby - Global Listings<\/title>\n<meta name=\"robots\" content=\"index, follow, max-snippet:-1, max-image-preview:large, max-video-preview:-1\" \/>\n<link rel=\"canonical\" href=\"https:\/\/www.globalepgs.info\/cs\/sluzby\/\" \/>\n<meta property=\"og:locale\" content=\"cs_CZ\" \/>\n<meta property=\"og:type\" content=\"article\" \/>\n<meta property=\"og:title\" content=\"Slu\u017eby - Global Listings\" \/>\n<meta property=\"og:description\" content=\"SLU\u017dBY Nab\u00edz\u00edme novou generaci EPG Na\u0161e EPG \u0159e\u0161en\u00ed jsou unik\u00e1tn\u00ed v tom, \u017ee jsou p\u0159ipravov\u00e1na tak, aby zaujala div\u00e1ky, kte\u0159\u00ed mohou snadno pracovat s jejich obsahem, a\u0165 u\u017e si vyb\u00edraj\u00ed z VOD slu\u017eeb, line\u00e1rn\u00ed TV nebo prost\u0159ednictv\u00edm OTT nab\u00eddky D\u00edky na\u0161im profesion\u00e1ln\u00edm t\u00fdm\u016fm a dynamick\u00fdm technologi\u00edm dod\u00e1v\u00e1me p\u0159esn\u00e9 a poutav\u00e9 z\u00e1\u017eitky, kter\u00e9 div\u00e1ky p\u0159it\u00e1hnou a [&hellip;]\" \/>\n<meta property=\"og:url\" content=\"https:\/\/www.globalepgs.info\/cs\/sluzby\/\" \/>\n<meta property=\"og:site_name\" content=\"Global Listings\" \/>\n<meta property=\"article:modified_time\" content=\"2017-11-27T14:48:07+00:00\" \/>\n<meta property=\"og:image\" content=\"http:\/\/globalepgs.info\/app\/uploads\/2017\/02\/circles7.png\" \/>\n<meta name=\"twitter:card\" content=\"summary_large_image\" \/>\n<meta name=\"twitter:label1\" content=\"Est. reading time\" \/>\n\t<meta name=\"twitter:data1\" content=\"5 minutes\" \/>\n<script type=\"application\/ld+json\" class=\"yoast-schema-graph\">{\"@context\":\"https:\\\/\\\/schema.org\",\"@graph\":[{\"@type\":\"WebPage\",\"@id\":\"https:\\\/\\\/www.globalepgs.info\\\/cs\\\/sluzby\\\/\",\"url\":\"https:\\\/\\\/www.globalepgs.info\\\/cs\\\/sluzby\\\/\",\"name\":\"Slu\u017eby - Global Listings\",\"isPartOf\":{\"@id\":\"https:\\\/\\\/www.globalepgs.info\\\/es\\\/#website\"},\"primaryImageOfPage\":{\"@id\":\"https:\\\/\\\/www.globalepgs.info\\\/cs\\\/sluzby\\\/#primaryimage\"},\"image\":{\"@id\":\"https:\\\/\\\/www.globalepgs.info\\\/cs\\\/sluzby\\\/#primaryimage\"},\"thumbnailUrl\":\"http:\\\/\\\/globalepgs.info\\\/app\\\/uploads\\\/2017\\\/02\\\/circles7.png\",\"datePublished\":\"2017-03-16T10:10:14+00:00\",\"dateModified\":\"2017-11-27T14:48:07+00:00\",\"breadcrumb\":{\"@id\":\"https:\\\/\\\/www.globalepgs.info\\\/cs\\\/sluzby\\\/#breadcrumb\"},\"inLanguage\":\"cs-CZ\",\"potentialAction\":[{\"@type\":\"ReadAction\",\"target\":[\"https:\\\/\\\/www.globalepgs.info\\\/cs\\\/sluzby\\\/\"]}]},{\"@type\":\"ImageObject\",\"inLanguage\":\"cs-CZ\",\"@id\":\"https:\\\/\\\/www.globalepgs.info\\\/cs\\\/sluzby\\\/#primaryimage\",\"url\":\"http:\\\/\\\/globalepgs.info\\\/app\\\/uploads\\\/2017\\\/02\\\/circles7.png\",\"contentUrl\":\"http:\\\/\\\/globalepgs.info\\\/app\\\/uploads\\\/2017\\\/02\\\/circles7.png\"},{\"@type\":\"BreadcrumbList\",\"@id\":\"https:\\\/\\\/www.globalepgs.info\\\/cs\\\/sluzby\\\/#breadcrumb\",\"itemListElement\":[{\"@type\":\"ListItem\",\"position\":1,\"name\":\"Home\",\"item\":\"https:\\\/\\\/www.globalepgs.info\\\/cs\\\/\"},{\"@type\":\"ListItem\",\"position\":2,\"name\":\"Slu\u017eby\"}]},{\"@type\":\"WebSite\",\"@id\":\"https:\\\/\\\/www.globalepgs.info\\\/es\\\/#website\",\"url\":\"https:\\\/\\\/www.globalepgs.info\\\/es\\\/\",\"name\":\"Global Listings\",\"description\":\"Just another WordPress site\",\"potentialAction\":[{\"@type\":\"SearchAction\",\"target\":{\"@type\":\"EntryPoint\",\"urlTemplate\":\"https:\\\/\\\/www.globalepgs.info\\\/es\\\/?s={search_term_string}\"},\"query-input\":{\"@type\":\"PropertyValueSpecification\",\"valueRequired\":true,\"valueName\":\"search_term_string\"}}],\"inLanguage\":\"cs-CZ\"}]}<\/script>\n<!-- \/ Yoast SEO plugin. -->","yoast_head_json":{"title":"Slu\u017eby - Global Listings","robots":{"index":"index","follow":"follow","max-snippet":"max-snippet:-1","max-image-preview":"max-image-preview:large","max-video-preview":"max-video-preview:-1"},"canonical":"https:\/\/www.globalepgs.info\/cs\/sluzby\/","og_locale":"cs_CZ","og_type":"article","og_title":"Slu\u017eby - Global Listings","og_description":"SLU\u017dBY Nab\u00edz\u00edme novou generaci EPG Na\u0161e EPG \u0159e\u0161en\u00ed jsou unik\u00e1tn\u00ed v tom, \u017ee jsou p\u0159ipravov\u00e1na tak, aby zaujala div\u00e1ky, kte\u0159\u00ed mohou snadno pracovat s jejich obsahem, a\u0165 u\u017e si vyb\u00edraj\u00ed z VOD slu\u017eeb, line\u00e1rn\u00ed TV nebo prost\u0159ednictv\u00edm OTT nab\u00eddky D\u00edky na\u0161im profesion\u00e1ln\u00edm t\u00fdm\u016fm a dynamick\u00fdm technologi\u00edm dod\u00e1v\u00e1me p\u0159esn\u00e9 a poutav\u00e9 z\u00e1\u017eitky, kter\u00e9 div\u00e1ky p\u0159it\u00e1hnou a [&hellip;]","og_url":"https:\/\/www.globalepgs.info\/cs\/sluzby\/","og_site_name":"Global Listings","article_modified_time":"2017-11-27T14:48:07+00:00","og_image":[{"url":"http:\/\/globalepgs.info\/app\/uploads\/2017\/02\/circles7.png","type":"","width":"","height":""}],"twitter_card":"summary_large_image","twitter_misc":{"Est. reading time":"5 minutes"},"schema":{"@context":"https:\/\/schema.org","@graph":[{"@type":"WebPage","@id":"https:\/\/www.globalepgs.info\/cs\/sluzby\/","url":"https:\/\/www.globalepgs.info\/cs\/sluzby\/","name":"Slu\u017eby - Global Listings","isPartOf":{"@id":"https:\/\/www.globalepgs.info\/es\/#website"},"primaryImageOfPage":{"@id":"https:\/\/www.globalepgs.info\/cs\/sluzby\/#primaryimage"},"image":{"@id":"https:\/\/www.globalepgs.info\/cs\/sluzby\/#primaryimage"},"thumbnailUrl":"http:\/\/globalepgs.info\/app\/uploads\/2017\/02\/circles7.png","datePublished":"2017-03-16T10:10:14+00:00","dateModified":"2017-11-27T14:48:07+00:00","breadcrumb":{"@id":"https:\/\/www.globalepgs.info\/cs\/sluzby\/#breadcrumb"},"inLanguage":"cs-CZ","potentialAction":[{"@type":"ReadAction","target":["https:\/\/www.globalepgs.info\/cs\/sluzby\/"]}]},{"@type":"ImageObject","inLanguage":"cs-CZ","@id":"https:\/\/www.globalepgs.info\/cs\/sluzby\/#primaryimage","url":"http:\/\/globalepgs.info\/app\/uploads\/2017\/02\/circles7.png","contentUrl":"http:\/\/globalepgs.info\/app\/uploads\/2017\/02\/circles7.png"},{"@type":"BreadcrumbList","@id":"https:\/\/www.globalepgs.info\/cs\/sluzby\/#breadcrumb","itemListElement":[{"@type":"ListItem","position":1,"name":"Home","item":"https:\/\/www.globalepgs.info\/cs\/"},{"@type":"ListItem","position":2,"name":"Slu\u017eby"}]},{"@type":"WebSite","@id":"https:\/\/www.globalepgs.info\/es\/#website","url":"https:\/\/www.globalepgs.info\/es\/","name":"Global Listings","description":"Just another WordPress site","potentialAction":[{"@type":"SearchAction","target":{"@type":"EntryPoint","urlTemplate":"https:\/\/www.globalepgs.info\/es\/?s={search_term_string}"},"query-input":{"@type":"PropertyValueSpecification","valueRequired":true,"valueName":"search_term_string"}}],"inLanguage":"cs-CZ"}]}},"_links":{"self":[{"href":"https:\/\/www.globalepgs.info\/cs\/wp-json\/wp\/v2\/pages\/4716","targetHints":{"allow":["GET"]}}],"collection":[{"href":"https:\/\/www.globalepgs.info\/cs\/wp-json\/wp\/v2\/pages"}],"about":[{"href":"https:\/\/www.globalepgs.info\/cs\/wp-json\/wp\/v2\/types\/page"}],"author":[{"embeddable":true,"href":"https:\/\/www.globalepgs.info\/cs\/wp-json\/wp\/v2\/users\/1"}],"replies":[{"embeddable":true,"href":"https:\/\/www.globalepgs.info\/cs\/wp-json\/wp\/v2\/comments?post=4716"}],"version-history":[{"count":0,"href":"https:\/\/www.globalepgs.info\/cs\/wp-json\/wp\/v2\/pages\/4716\/revisions"}],"wp:attachment":[{"href":"https:\/\/www.globalepgs.info\/cs\/wp-json\/wp\/v2\/media?parent=4716"}],"curies":[{"name":"wp","href":"https:\/\/api.w.org\/{rel}","templated":true}]}}