{"id":4942,"date":"2017-03-19T12:20:50","date_gmt":"2017-03-19T12:20:50","guid":{"rendered":"http:\/\/www.globalepgs.info\/cs\/hodnoceni-sluzeb-epg\/"},"modified":"2017-04-20T12:45:08","modified_gmt":"2017-04-20T12:45:08","slug":"hodnoceni-sluzeb-epg","status":"publish","type":"page","link":"https:\/\/www.globalepgs.info\/cs\/hodnoceni-sluzeb-epg\/","title":{"rendered":"Hodnocen\u00ed slu\u017eeb EPG"},"content":{"rendered":"<div class=\"col-4\">\n<p><img decoding=\"async\" class=\"img-circle img-responsive\" src=\"http:\/\/www.globalepgs.info\/wp-content\/uploads\/2017\/02\/circles11.png\" alt=\"content_photo\" \/><\/p>\n<p class=\"content\">Hodnocen\u00ed slu\u017eeb EPG<\/p>\n<\/div>\n<div class=\"col-8\">\n<div class=\"content\">\n<\/div>\n<\/div>\n","protected":false},"excerpt":{"rendered":"<p>Hodnocen\u00ed slu\u017eeb EPG<\/p>\n","protected":false},"author":1,"featured_media":0,"parent":0,"menu_order":38,"comment_status":"closed","ping_status":"closed","template":"page-epgs-new_template.php","meta":{"_acf_changed":false,"footnotes":""},"class_list":["post-4942","page","type-page","status-publish","hentry"],"acf":[],"yoast_head":"<!-- This site is optimized with the Yoast SEO plugin v27.3 - https:\/\/yoast.com\/product\/yoast-seo-wordpress\/ -->\n<title>Hodnocen\u00ed slu\u017eeb EPG - Global Listings<\/title>\n<meta name=\"robots\" content=\"index, follow, max-snippet:-1, max-image-preview:large, max-video-preview:-1\" \/>\n<link rel=\"canonical\" href=\"https:\/\/www.globalepgs.info\/cs\/hodnoceni-sluzeb-epg\/\" \/>\n<meta property=\"og:locale\" content=\"cs_CZ\" \/>\n<meta property=\"og:type\" content=\"article\" \/>\n<meta property=\"og:title\" content=\"Hodnocen\u00ed slu\u017eeb EPG - Global Listings\" \/>\n<meta property=\"og:description\" content=\"Hodnocen\u00ed slu\u017eeb EPG\" \/>\n<meta property=\"og:url\" content=\"https:\/\/www.globalepgs.info\/cs\/hodnoceni-sluzeb-epg\/\" \/>\n<meta property=\"og:site_name\" content=\"Global Listings\" \/>\n<meta property=\"article:modified_time\" content=\"2017-04-20T12:45:08+00:00\" \/>\n<meta property=\"og:image\" content=\"http:\/\/www.globalepgs.info\/wp-content\/uploads\/2017\/02\/circles11.png\" \/>\n<meta name=\"twitter:card\" content=\"summary_large_image\" \/>\n<script type=\"application\/ld+json\" class=\"yoast-schema-graph\">{\"@context\":\"https:\\\/\\\/schema.org\",\"@graph\":[{\"@type\":\"WebPage\",\"@id\":\"https:\\\/\\\/www.globalepgs.info\\\/cs\\\/hodnoceni-sluzeb-epg\\\/\",\"url\":\"https:\\\/\\\/www.globalepgs.info\\\/cs\\\/hodnoceni-sluzeb-epg\\\/\",\"name\":\"Hodnocen\u00ed slu\u017eeb EPG - Global Listings\",\"isPartOf\":{\"@id\":\"https:\\\/\\\/www.globalepgs.info\\\/es\\\/#website\"},\"primaryImageOfPage\":{\"@id\":\"https:\\\/\\\/www.globalepgs.info\\\/cs\\\/hodnoceni-sluzeb-epg\\\/#primaryimage\"},\"image\":{\"@id\":\"https:\\\/\\\/www.globalepgs.info\\\/cs\\\/hodnoceni-sluzeb-epg\\\/#primaryimage\"},\"thumbnailUrl\":\"http:\\\/\\\/www.globalepgs.info\\\/wp-content\\\/uploads\\\/2017\\\/02\\\/circles11.png\",\"datePublished\":\"2017-03-19T12:20:50+00:00\",\"dateModified\":\"2017-04-20T12:45:08+00:00\",\"breadcrumb\":{\"@id\":\"https:\\\/\\\/www.globalepgs.info\\\/cs\\\/hodnoceni-sluzeb-epg\\\/#breadcrumb\"},\"inLanguage\":\"cs-CZ\",\"potentialAction\":[{\"@type\":\"ReadAction\",\"target\":[\"https:\\\/\\\/www.globalepgs.info\\\/cs\\\/hodnoceni-sluzeb-epg\\\/\"]}]},{\"@type\":\"ImageObject\",\"inLanguage\":\"cs-CZ\",\"@id\":\"https:\\\/\\\/www.globalepgs.info\\\/cs\\\/hodnoceni-sluzeb-epg\\\/#primaryimage\",\"url\":\"http:\\\/\\\/www.globalepgs.info\\\/wp-content\\\/uploads\\\/2017\\\/02\\\/circles11.png\",\"contentUrl\":\"http:\\\/\\\/www.globalepgs.info\\\/wp-content\\\/uploads\\\/2017\\\/02\\\/circles11.png\"},{\"@type\":\"BreadcrumbList\",\"@id\":\"https:\\\/\\\/www.globalepgs.info\\\/cs\\\/hodnoceni-sluzeb-epg\\\/#breadcrumb\",\"itemListElement\":[{\"@type\":\"ListItem\",\"position\":1,\"name\":\"Home\",\"item\":\"https:\\\/\\\/www.globalepgs.info\\\/cs\\\/\"},{\"@type\":\"ListItem\",\"position\":2,\"name\":\"Hodnocen\u00ed slu\u017eeb EPG\"}]},{\"@type\":\"WebSite\",\"@id\":\"https:\\\/\\\/www.globalepgs.info\\\/es\\\/#website\",\"url\":\"https:\\\/\\\/www.globalepgs.info\\\/es\\\/\",\"name\":\"Global Listings\",\"description\":\"Just another WordPress site\",\"potentialAction\":[{\"@type\":\"SearchAction\",\"target\":{\"@type\":\"EntryPoint\",\"urlTemplate\":\"https:\\\/\\\/www.globalepgs.info\\\/es\\\/?s={search_term_string}\"},\"query-input\":{\"@type\":\"PropertyValueSpecification\",\"valueRequired\":true,\"valueName\":\"search_term_string\"}}],\"inLanguage\":\"cs-CZ\"}]}<\/script>\n<!-- \/ Yoast SEO plugin. -->","yoast_head_json":{"title":"Hodnocen\u00ed slu\u017eeb EPG - Global Listings","robots":{"index":"index","follow":"follow","max-snippet":"max-snippet:-1","max-image-preview":"max-image-preview:large","max-video-preview":"max-video-preview:-1"},"canonical":"https:\/\/www.globalepgs.info\/cs\/hodnoceni-sluzeb-epg\/","og_locale":"cs_CZ","og_type":"article","og_title":"Hodnocen\u00ed slu\u017eeb EPG - Global Listings","og_description":"Hodnocen\u00ed slu\u017eeb EPG","og_url":"https:\/\/www.globalepgs.info\/cs\/hodnoceni-sluzeb-epg\/","og_site_name":"Global Listings","article_modified_time":"2017-04-20T12:45:08+00:00","og_image":[{"url":"http:\/\/www.globalepgs.info\/wp-content\/uploads\/2017\/02\/circles11.png","type":"","width":"","height":""}],"twitter_card":"summary_large_image","schema":{"@context":"https:\/\/schema.org","@graph":[{"@type":"WebPage","@id":"https:\/\/www.globalepgs.info\/cs\/hodnoceni-sluzeb-epg\/","url":"https:\/\/www.globalepgs.info\/cs\/hodnoceni-sluzeb-epg\/","name":"Hodnocen\u00ed slu\u017eeb EPG - Global Listings","isPartOf":{"@id":"https:\/\/www.globalepgs.info\/es\/#website"},"primaryImageOfPage":{"@id":"https:\/\/www.globalepgs.info\/cs\/hodnoceni-sluzeb-epg\/#primaryimage"},"image":{"@id":"https:\/\/www.globalepgs.info\/cs\/hodnoceni-sluzeb-epg\/#primaryimage"},"thumbnailUrl":"http:\/\/www.globalepgs.info\/wp-content\/uploads\/2017\/02\/circles11.png","datePublished":"2017-03-19T12:20:50+00:00","dateModified":"2017-04-20T12:45:08+00:00","breadcrumb":{"@id":"https:\/\/www.globalepgs.info\/cs\/hodnoceni-sluzeb-epg\/#breadcrumb"},"inLanguage":"cs-CZ","potentialAction":[{"@type":"ReadAction","target":["https:\/\/www.globalepgs.info\/cs\/hodnoceni-sluzeb-epg\/"]}]},{"@type":"ImageObject","inLanguage":"cs-CZ","@id":"https:\/\/www.globalepgs.info\/cs\/hodnoceni-sluzeb-epg\/#primaryimage","url":"http:\/\/www.globalepgs.info\/wp-content\/uploads\/2017\/02\/circles11.png","contentUrl":"http:\/\/www.globalepgs.info\/wp-content\/uploads\/2017\/02\/circles11.png"},{"@type":"BreadcrumbList","@id":"https:\/\/www.globalepgs.info\/cs\/hodnoceni-sluzeb-epg\/#breadcrumb","itemListElement":[{"@type":"ListItem","position":1,"name":"Home","item":"https:\/\/www.globalepgs.info\/cs\/"},{"@type":"ListItem","position":2,"name":"Hodnocen\u00ed slu\u017eeb EPG"}]},{"@type":"WebSite","@id":"https:\/\/www.globalepgs.info\/es\/#website","url":"https:\/\/www.globalepgs.info\/es\/","name":"Global Listings","description":"Just another WordPress site","potentialAction":[{"@type":"SearchAction","target":{"@type":"EntryPoint","urlTemplate":"https:\/\/www.globalepgs.info\/es\/?s={search_term_string}"},"query-input":{"@type":"PropertyValueSpecification","valueRequired":true,"valueName":"search_term_string"}}],"inLanguage":"cs-CZ"}]}},"_links":{"self":[{"href":"https:\/\/www.globalepgs.info\/cs\/wp-json\/wp\/v2\/pages\/4942","targetHints":{"allow":["GET"]}}],"collection":[{"href":"https:\/\/www.globalepgs.info\/cs\/wp-json\/wp\/v2\/pages"}],"about":[{"href":"https:\/\/www.globalepgs.info\/cs\/wp-json\/wp\/v2\/types\/page"}],"author":[{"embeddable":true,"href":"https:\/\/www.globalepgs.info\/cs\/wp-json\/wp\/v2\/users\/1"}],"replies":[{"embeddable":true,"href":"https:\/\/www.globalepgs.info\/cs\/wp-json\/wp\/v2\/comments?post=4942"}],"version-history":[{"count":0,"href":"https:\/\/www.globalepgs.info\/cs\/wp-json\/wp\/v2\/pages\/4942\/revisions"}],"wp:attachment":[{"href":"https:\/\/www.globalepgs.info\/cs\/wp-json\/wp\/v2\/media?parent=4942"}],"curies":[{"name":"wp","href":"https:\/\/api.w.org\/{rel}","templated":true}]}}