{"id":3691,"date":"2017-03-09T00:09:56","date_gmt":"2017-03-09T00:09:56","guid":{"rendered":"http:\/\/www.globalepgs.info\/da\/services\/"},"modified":"2017-11-30T21:40:00","modified_gmt":"2017-11-30T21:40:00","slug":"services","status":"publish","type":"page","link":"https:\/\/www.globalepgs.info\/da\/services\/","title":{"rendered":"Services"},"content":{"rendered":"<div class=\"col-4\">\n<p><img decoding=\"async\" class=\"img-circle img-responsive\" src=\"http:\/\/www.globalepgs.info\/app\/uploads\/2017\/02\/circles7.png\" alt=\"\" \/><\/p>\n<p class=\"content\">SERVICES<\/p>\n<\/div>\n<div class=\"col-8\">\n<div class=\"content\">\n<p>Vi tilbyder den n\u00e6ste generation af EPG&#8217;er<\/p>\n<p>Vores elektroniske programguider (EPG&#8217;er) er unikke, fordi de er designet til at hj\u00e6lpe vores kunders publikum med let at finde deres \u00f8nskede indhold, hvad enten er er tale om on-demand produkter, TV eller OTT-services<\/p>\n<p>Takket v\u00e6re vores dygtige teams og nyeste teknologi kan vi levere en pr\u00e6cis og engagerende brugeroplevelse, som griber seerne og s\u00f8rger for, at de vil elske og stole p\u00e5 jeres kanal  <\/p>\n<p>Global EPGs arbejder med TV-platforme overalt i verden og p\u00e5 hvert eneste kontinent, med undtagelse af Antarktis (men det arbejder vi p\u00e5!)<\/p>\n<p>Vi er de f\u00f8rende p\u00e5 markedet, n\u00e5r det handler om internationale EPG&#8217;er, og vi kender alt til tidszoner, kulturelle forskelle, forskellige alfabeter, leveringsmetoder, deadlines, metadata og alle andre specificeringer, der er forskellige fra platform til platform<\/p>\n<p>Kort sagt, vi leverer de rigtige EPG-data p\u00e5 rette tid, i rette format og p\u00e5 rette sted!<\/p>\n<p>Global EPGs kan styrke din kanals EGP&#8217;er p\u00e5 flere m\u00e5der, herunder:<\/p>\n<p><strong>PROGRAMBILLEDER<\/strong><br \/>\nVi tilf\u00f8jer fotomateriale til hver TV-listing, og de kan variere for hvert niveau: serieniveauet (for eksempel Keeping Up With The Kardashians), s\u00e6sonen (f.eks. s\u00e6son 2) og herefter de individuelle episoder, som m\u00e5ske alle har deres eget foto tilknyttet<\/p>\n<p>Billederne gemmes i vores centrale database og kan leveres i forskellige st\u00f8rrelser og opl\u00f8sninger s\u00e5 de passer til hver enkelt platform<\/p>\n<p><strong>SIDELOADING &amp; STREAMING<\/strong><br \/>\nMange TV-platforme tilbyder nu specialdesignede apps, som giver abonnenterne mulighed for at streame indhold, og for at se tidligere gemt indhold p\u00e5 en sekund\u00e6r enhed, s\u00e5som en smartphone eller tablet<\/p>\n<p>Der er mange overvejelser at g\u00f8re i forbindelse med dette, s\u00e5som licens-rettigheder og tilg\u00e6ngelighedsperioden for et downloadet program &#8211; og Global EPGs hj\u00e6lper broadcastere med at navigere i et potentielt minefelt, og leverer samtidig relevant metadata til TV-platformen<\/p>\n<p><strong>ADGANGSTJENESTER<\/strong><br \/>\nDet er nu obligatorisk for mange TV-kanaler at angive, hvilke programmer der er undertekstet, synstolkede og tilg\u00e6ngelige med tegnsprog. Global EPGs arbejder sammen med broadcasterne for at sikre, at disse regler bliver im\u00f8dekommet og vist korrekt<\/p>\n<p><strong>SERIE LINKING<\/strong><br \/>\nHos Global EPGs mener vi, at serie linking er en kunst,  og vores avancerede teknologi g\u00f8r os i stand til at linke serier p\u00e5 flere forskellige platforme, uanset hvorn\u00e5r programmerne bliver sendt<\/p>\n<p>Vi kender og f\u00f8lger alle regler, n\u00e5r det kommer til titel matching, at samle enderne ved slutningen af en s\u00e6son, og ikke at have et for stort spring mellem to linkede afsnit <\/p>\n<p>Vores EPG-teknologi g\u00f8r os ogs\u00e5 i stand til at skabe links mellem film, afsnit og enkelt-udsendelser som er en del af en s\u00e6son eller et stunt<\/p>\n<p>Bare sp\u00f8rg, hvis du vil have en demonstration: <a href=\"mailto:epgs@globallistings.info\">epgs@globallistings.info<\/a><\/p>\n<p><strong>Passion for TV, dedikerede til n\u00f8jagtighed<\/strong>\u00a0\u00a0<\/p>\n<p>Vores EPG-l\u00f8sninger kombinerer dynamisk indhold, metadata og avanceret teknologi for at levere en gribende TV-oplevelse til vores kunder &#8211; over hele verden<\/p>\n<p>Uanset om en TV-kanals publikum v\u00e6lger at se dets yndlingsshows p\u00e5 traditionelt fjernsyn, eller at streame dem &#8211; fra live sport til film, musik, nyheder og underholdning &#8211; vil vores teams i Storbrittannien og internationalt levere dynamisk sprog og beskrivende metadata, m\u00e5lrettet til hver kanal og region, og dermed levere en skr\u00e6ddersyet l\u00f8sning for at tiltr\u00e6kke seere, og fastholde dem.<\/p>\n<p>N\u00f8jagtige og pr\u00e6cise som ingen andre<\/p>\n<p>Vores redaktionelle standard er anerkendt i branchen <\/p>\n<p>Vores tekniske form\u00e5en g\u00f8r os i stand til let at levere programindhold til TV-kanaler i et multi-platform milj\u00f8<\/p>\n<p>Ved at skabe, organisere og levere disse data p\u00e5 vegne af vores kunder, s\u00f8rger Global EPGs for, at vores partnere er komplet repr\u00e6senteret n\u00e5r det kommer til den n\u00e6ste generation EPG: Forbedrede s\u00f8gemuligheder, anbefalinger baseret p\u00e5 smag, smart series linking osv.<\/p>\n<p>Content discovery er afg\u00f8rende for en kanals v\u00e6kst og popularitet p\u00e5 det st\u00e6rkt konkurrencepr\u00e6gede TV-marked. Hvad end det er VOD; OTT eller IPTV, har seerne brug for at vide, hvad der er p\u00e5 en kanal &#8211; og den information skabes udelukkende p\u00e5 baggrund af indholdet i EPG <\/p>\n<p>Med Global EPGs kan du f\u00f8le dig sikker p\u00e5, at din kanals EPG&#8217;er vil blive skabt til at passe perfekt til din m\u00e5lgruppe<\/p>\n<\/div>\n<\/div>\n","protected":false},"excerpt":{"rendered":"<p>SERVICES Vi tilbyder den n\u00e6ste generation af EPG&#8217;er Vores elektroniske programguider (EPG&#8217;er) er unikke, fordi de er designet til at hj\u00e6lpe vores kunders publikum med let at finde deres \u00f8nskede indhold, hvad enten er er tale om on-demand produkter, TV eller OTT-services Takket v\u00e6re vores dygtige teams og nyeste teknologi kan vi levere en pr\u00e6cis [&hellip;]<\/p>\n","protected":false},"author":1,"featured_media":0,"parent":0,"menu_order":211,"comment_status":"closed","ping_status":"closed","template":"page-epgs_template.php","meta":{"_acf_changed":false,"footnotes":""},"class_list":["post-3691","page","type-page","status-publish","hentry"],"acf":[],"yoast_head":"<!-- This site is optimized with the Yoast SEO plugin v27.3 - https:\/\/yoast.com\/product\/yoast-seo-wordpress\/ -->\n<title>Services - Global Listings<\/title>\n<meta name=\"robots\" content=\"index, follow, max-snippet:-1, max-image-preview:large, max-video-preview:-1\" \/>\n<link rel=\"canonical\" href=\"https:\/\/www.globalepgs.info\/da\/services\/\" \/>\n<meta property=\"og:locale\" content=\"da_DK\" \/>\n<meta property=\"og:type\" content=\"article\" \/>\n<meta property=\"og:title\" content=\"Services - Global Listings\" \/>\n<meta property=\"og:description\" content=\"SERVICES Vi tilbyder den n\u00e6ste generation af EPG&#8217;er Vores elektroniske programguider (EPG&#8217;er) er unikke, fordi de er designet til at hj\u00e6lpe vores kunders publikum med let at finde deres \u00f8nskede indhold, hvad enten er er tale om on-demand produkter, TV eller OTT-services Takket v\u00e6re vores dygtige teams og nyeste teknologi kan vi levere en pr\u00e6cis [&hellip;]\" \/>\n<meta property=\"og:url\" content=\"https:\/\/www.globalepgs.info\/da\/services\/\" \/>\n<meta property=\"og:site_name\" content=\"Global Listings\" \/>\n<meta property=\"article:modified_time\" content=\"2017-11-30T21:40:00+00:00\" \/>\n<meta property=\"og:image\" content=\"http:\/\/www.globalepgs.info\/app\/uploads\/2017\/02\/circles7.png\" \/>\n<meta name=\"twitter:card\" content=\"summary_large_image\" \/>\n<meta name=\"twitter:label1\" content=\"Est. reading time\" \/>\n\t<meta name=\"twitter:data1\" content=\"4 minutes\" \/>\n<script type=\"application\/ld+json\" class=\"yoast-schema-graph\">{\"@context\":\"https:\\\/\\\/schema.org\",\"@graph\":[{\"@type\":\"WebPage\",\"@id\":\"https:\\\/\\\/www.globalepgs.info\\\/da\\\/services\\\/\",\"url\":\"https:\\\/\\\/www.globalepgs.info\\\/da\\\/services\\\/\",\"name\":\"Services - Global Listings\",\"isPartOf\":{\"@id\":\"https:\\\/\\\/www.globalepgs.info\\\/es\\\/#website\"},\"primaryImageOfPage\":{\"@id\":\"https:\\\/\\\/www.globalepgs.info\\\/da\\\/services\\\/#primaryimage\"},\"image\":{\"@id\":\"https:\\\/\\\/www.globalepgs.info\\\/da\\\/services\\\/#primaryimage\"},\"thumbnailUrl\":\"http:\\\/\\\/www.globalepgs.info\\\/app\\\/uploads\\\/2017\\\/02\\\/circles7.png\",\"datePublished\":\"2017-03-09T00:09:56+00:00\",\"dateModified\":\"2017-11-30T21:40:00+00:00\",\"breadcrumb\":{\"@id\":\"https:\\\/\\\/www.globalepgs.info\\\/da\\\/services\\\/#breadcrumb\"},\"inLanguage\":\"da-DK\",\"potentialAction\":[{\"@type\":\"ReadAction\",\"target\":[\"https:\\\/\\\/www.globalepgs.info\\\/da\\\/services\\\/\"]}]},{\"@type\":\"ImageObject\",\"inLanguage\":\"da-DK\",\"@id\":\"https:\\\/\\\/www.globalepgs.info\\\/da\\\/services\\\/#primaryimage\",\"url\":\"http:\\\/\\\/www.globalepgs.info\\\/app\\\/uploads\\\/2017\\\/02\\\/circles7.png\",\"contentUrl\":\"http:\\\/\\\/www.globalepgs.info\\\/app\\\/uploads\\\/2017\\\/02\\\/circles7.png\"},{\"@type\":\"BreadcrumbList\",\"@id\":\"https:\\\/\\\/www.globalepgs.info\\\/da\\\/services\\\/#breadcrumb\",\"itemListElement\":[{\"@type\":\"ListItem\",\"position\":1,\"name\":\"Home\",\"item\":\"https:\\\/\\\/www.globalepgs.info\\\/da\\\/\"},{\"@type\":\"ListItem\",\"position\":2,\"name\":\"Services\"}]},{\"@type\":\"WebSite\",\"@id\":\"https:\\\/\\\/www.globalepgs.info\\\/es\\\/#website\",\"url\":\"https:\\\/\\\/www.globalepgs.info\\\/es\\\/\",\"name\":\"Global Listings\",\"description\":\"Just another WordPress site\",\"potentialAction\":[{\"@type\":\"SearchAction\",\"target\":{\"@type\":\"EntryPoint\",\"urlTemplate\":\"https:\\\/\\\/www.globalepgs.info\\\/es\\\/?s={search_term_string}\"},\"query-input\":{\"@type\":\"PropertyValueSpecification\",\"valueRequired\":true,\"valueName\":\"search_term_string\"}}],\"inLanguage\":\"da-DK\"}]}<\/script>\n<!-- \/ Yoast SEO plugin. -->","yoast_head_json":{"title":"Services - Global Listings","robots":{"index":"index","follow":"follow","max-snippet":"max-snippet:-1","max-image-preview":"max-image-preview:large","max-video-preview":"max-video-preview:-1"},"canonical":"https:\/\/www.globalepgs.info\/da\/services\/","og_locale":"da_DK","og_type":"article","og_title":"Services - Global Listings","og_description":"SERVICES Vi tilbyder den n\u00e6ste generation af EPG&#8217;er Vores elektroniske programguider (EPG&#8217;er) er unikke, fordi de er designet til at hj\u00e6lpe vores kunders publikum med let at finde deres \u00f8nskede indhold, hvad enten er er tale om on-demand produkter, TV eller OTT-services Takket v\u00e6re vores dygtige teams og nyeste teknologi kan vi levere en pr\u00e6cis [&hellip;]","og_url":"https:\/\/www.globalepgs.info\/da\/services\/","og_site_name":"Global Listings","article_modified_time":"2017-11-30T21:40:00+00:00","og_image":[{"url":"http:\/\/www.globalepgs.info\/app\/uploads\/2017\/02\/circles7.png","type":"","width":"","height":""}],"twitter_card":"summary_large_image","twitter_misc":{"Est. reading time":"4 minutes"},"schema":{"@context":"https:\/\/schema.org","@graph":[{"@type":"WebPage","@id":"https:\/\/www.globalepgs.info\/da\/services\/","url":"https:\/\/www.globalepgs.info\/da\/services\/","name":"Services - Global Listings","isPartOf":{"@id":"https:\/\/www.globalepgs.info\/es\/#website"},"primaryImageOfPage":{"@id":"https:\/\/www.globalepgs.info\/da\/services\/#primaryimage"},"image":{"@id":"https:\/\/www.globalepgs.info\/da\/services\/#primaryimage"},"thumbnailUrl":"http:\/\/www.globalepgs.info\/app\/uploads\/2017\/02\/circles7.png","datePublished":"2017-03-09T00:09:56+00:00","dateModified":"2017-11-30T21:40:00+00:00","breadcrumb":{"@id":"https:\/\/www.globalepgs.info\/da\/services\/#breadcrumb"},"inLanguage":"da-DK","potentialAction":[{"@type":"ReadAction","target":["https:\/\/www.globalepgs.info\/da\/services\/"]}]},{"@type":"ImageObject","inLanguage":"da-DK","@id":"https:\/\/www.globalepgs.info\/da\/services\/#primaryimage","url":"http:\/\/www.globalepgs.info\/app\/uploads\/2017\/02\/circles7.png","contentUrl":"http:\/\/www.globalepgs.info\/app\/uploads\/2017\/02\/circles7.png"},{"@type":"BreadcrumbList","@id":"https:\/\/www.globalepgs.info\/da\/services\/#breadcrumb","itemListElement":[{"@type":"ListItem","position":1,"name":"Home","item":"https:\/\/www.globalepgs.info\/da\/"},{"@type":"ListItem","position":2,"name":"Services"}]},{"@type":"WebSite","@id":"https:\/\/www.globalepgs.info\/es\/#website","url":"https:\/\/www.globalepgs.info\/es\/","name":"Global Listings","description":"Just another WordPress site","potentialAction":[{"@type":"SearchAction","target":{"@type":"EntryPoint","urlTemplate":"https:\/\/www.globalepgs.info\/es\/?s={search_term_string}"},"query-input":{"@type":"PropertyValueSpecification","valueRequired":true,"valueName":"search_term_string"}}],"inLanguage":"da-DK"}]}},"_links":{"self":[{"href":"https:\/\/www.globalepgs.info\/da\/wp-json\/wp\/v2\/pages\/3691","targetHints":{"allow":["GET"]}}],"collection":[{"href":"https:\/\/www.globalepgs.info\/da\/wp-json\/wp\/v2\/pages"}],"about":[{"href":"https:\/\/www.globalepgs.info\/da\/wp-json\/wp\/v2\/types\/page"}],"author":[{"embeddable":true,"href":"https:\/\/www.globalepgs.info\/da\/wp-json\/wp\/v2\/users\/1"}],"replies":[{"embeddable":true,"href":"https:\/\/www.globalepgs.info\/da\/wp-json\/wp\/v2\/comments?post=3691"}],"version-history":[{"count":0,"href":"https:\/\/www.globalepgs.info\/da\/wp-json\/wp\/v2\/pages\/3691\/revisions"}],"wp:attachment":[{"href":"https:\/\/www.globalepgs.info\/da\/wp-json\/wp\/v2\/media?parent=3691"}],"curies":[{"name":"wp","href":"https:\/\/api.w.org\/{rel}","templated":true}]}}