{"id":3702,"date":"2017-03-09T02:20:28","date_gmt":"2017-03-09T02:20:28","guid":{"rendered":"http:\/\/www.globalepgs.info\/da\/om-os\/"},"modified":"2017-11-30T21:38:09","modified_gmt":"2017-11-30T21:38:09","slug":"om-os","status":"publish","type":"page","link":"https:\/\/www.globalepgs.info\/da\/om-os\/","title":{"rendered":"Om os"},"content":{"rendered":"<div class=\"col-4\">\n<p><img decoding=\"async\" class=\"img-circle img-responsive\" src=\"http:\/\/www.globalepgs.info\/app\/uploads\/2017\/02\/3.png\" alt=\"content_photo\" \/><\/p>\n<p class=\"content\">OM OS<\/p>\n<\/div>\n<div class=\"col-8\">\n<div class=\"content\">\n<p>Global EPGs er verdens f\u00f8rende leverand\u00f8r af EPG&#8217;er <\/p>\n<p>Vi arbejder med flere end 100 TV-platforme hver dag &#8211; DTH, IPTV og VOD \u2013 vi leverer redaktionelt indhold, optimeret metadata og billedmateriale for at engagere og maksimere publikumsandele for vores broadcastkunder p\u00e5 individuelt landeplan<\/p>\n<p>Vi leverer internationalt til TV-platforme, herunder Sky, MultiChoice, UPC, Virgin Media, CanalSat og Freeview, for bare at n\u00e6vne et par stykker<\/p>\n<p>EPGs tilbyder nu optimeret information, som leverer en interaktiv oplevelse med forbedrede muligheder for programvalg for seeren, ikke bare p\u00e5 fjernsynet, men ogs\u00e5 p\u00e5 smartphones, tablets og computere. Hos Global EPGs ved vi alt om levering af indhold til vores kunder, s\u00e5 deres publikums seervaner bliver m\u00f8dt<\/p>\n<p>B\u00e5de broadcastere og TV-platforme vil arbejde sammen med Global EPGs, fordi vi tilbyder en skr\u00e6ddersyet, h\u00f8jteknologisk l\u00f8sning p\u00e5 deres EPG-behov<\/p>\n<p>Og seerne elsker vores arbejde, fordi vi giver dem pr\u00e6cis den information de har brug for, netop som de skal beslutte hvad de vil se<\/p>\n<\/div>\n<\/div>\n","protected":false},"excerpt":{"rendered":"<p>OM OS Global EPGs er verdens f\u00f8rende leverand\u00f8r af EPG&#8217;er Vi arbejder med flere end 100 TV-platforme hver dag &#8211; DTH, IPTV og VOD \u2013 vi leverer redaktionelt indhold, optimeret metadata og billedmateriale for at engagere og maksimere publikumsandele for vores broadcastkunder p\u00e5 individuelt landeplan Vi leverer internationalt til TV-platforme, herunder Sky, MultiChoice, UPC, Virgin [&hellip;]<\/p>\n","protected":false},"author":1,"featured_media":0,"parent":0,"menu_order":109,"comment_status":"closed","ping_status":"closed","template":"page-epgs_template.php","meta":{"_acf_changed":false,"footnotes":""},"class_list":["post-3702","page","type-page","status-publish","hentry"],"acf":[],"yoast_head":"<!-- This site is optimized with the Yoast SEO plugin v27.3 - https:\/\/yoast.com\/product\/yoast-seo-wordpress\/ -->\n<title>Om os - Global Listings<\/title>\n<meta name=\"robots\" content=\"index, follow, max-snippet:-1, max-image-preview:large, max-video-preview:-1\" \/>\n<link rel=\"canonical\" href=\"https:\/\/www.globalepgs.info\/da\/om-os\/\" \/>\n<meta property=\"og:locale\" content=\"da_DK\" \/>\n<meta property=\"og:type\" content=\"article\" \/>\n<meta property=\"og:title\" content=\"Om os - Global Listings\" \/>\n<meta property=\"og:description\" content=\"OM OS Global EPGs er verdens f\u00f8rende leverand\u00f8r af EPG&#8217;er Vi arbejder med flere end 100 TV-platforme hver dag &#8211; DTH, IPTV og VOD \u2013 vi leverer redaktionelt indhold, optimeret metadata og billedmateriale for at engagere og maksimere publikumsandele for vores broadcastkunder p\u00e5 individuelt landeplan Vi leverer internationalt til TV-platforme, herunder Sky, MultiChoice, UPC, Virgin [&hellip;]\" \/>\n<meta property=\"og:url\" content=\"https:\/\/www.globalepgs.info\/da\/om-os\/\" \/>\n<meta property=\"og:site_name\" content=\"Global Listings\" \/>\n<meta property=\"article:modified_time\" content=\"2017-11-30T21:38:09+00:00\" \/>\n<meta property=\"og:image\" content=\"http:\/\/www.globalepgs.info\/app\/uploads\/2017\/02\/3.png\" \/>\n<meta name=\"twitter:card\" content=\"summary_large_image\" \/>\n<meta name=\"twitter:label1\" content=\"Est. reading time\" \/>\n\t<meta name=\"twitter:data1\" content=\"1 minute\" \/>\n<script type=\"application\/ld+json\" class=\"yoast-schema-graph\">{\"@context\":\"https:\\\/\\\/schema.org\",\"@graph\":[{\"@type\":\"WebPage\",\"@id\":\"https:\\\/\\\/www.globalepgs.info\\\/da\\\/om-os\\\/\",\"url\":\"https:\\\/\\\/www.globalepgs.info\\\/da\\\/om-os\\\/\",\"name\":\"Om os - Global Listings\",\"isPartOf\":{\"@id\":\"https:\\\/\\\/www.globalepgs.info\\\/es\\\/#website\"},\"primaryImageOfPage\":{\"@id\":\"https:\\\/\\\/www.globalepgs.info\\\/da\\\/om-os\\\/#primaryimage\"},\"image\":{\"@id\":\"https:\\\/\\\/www.globalepgs.info\\\/da\\\/om-os\\\/#primaryimage\"},\"thumbnailUrl\":\"http:\\\/\\\/www.globalepgs.info\\\/app\\\/uploads\\\/2017\\\/02\\\/3.png\",\"datePublished\":\"2017-03-09T02:20:28+00:00\",\"dateModified\":\"2017-11-30T21:38:09+00:00\",\"breadcrumb\":{\"@id\":\"https:\\\/\\\/www.globalepgs.info\\\/da\\\/om-os\\\/#breadcrumb\"},\"inLanguage\":\"da-DK\",\"potentialAction\":[{\"@type\":\"ReadAction\",\"target\":[\"https:\\\/\\\/www.globalepgs.info\\\/da\\\/om-os\\\/\"]}]},{\"@type\":\"ImageObject\",\"inLanguage\":\"da-DK\",\"@id\":\"https:\\\/\\\/www.globalepgs.info\\\/da\\\/om-os\\\/#primaryimage\",\"url\":\"http:\\\/\\\/www.globalepgs.info\\\/app\\\/uploads\\\/2017\\\/02\\\/3.png\",\"contentUrl\":\"http:\\\/\\\/www.globalepgs.info\\\/app\\\/uploads\\\/2017\\\/02\\\/3.png\"},{\"@type\":\"BreadcrumbList\",\"@id\":\"https:\\\/\\\/www.globalepgs.info\\\/da\\\/om-os\\\/#breadcrumb\",\"itemListElement\":[{\"@type\":\"ListItem\",\"position\":1,\"name\":\"Home\",\"item\":\"https:\\\/\\\/www.globalepgs.info\\\/da\\\/\"},{\"@type\":\"ListItem\",\"position\":2,\"name\":\"Om os\"}]},{\"@type\":\"WebSite\",\"@id\":\"https:\\\/\\\/www.globalepgs.info\\\/es\\\/#website\",\"url\":\"https:\\\/\\\/www.globalepgs.info\\\/es\\\/\",\"name\":\"Global Listings\",\"description\":\"Just another WordPress site\",\"potentialAction\":[{\"@type\":\"SearchAction\",\"target\":{\"@type\":\"EntryPoint\",\"urlTemplate\":\"https:\\\/\\\/www.globalepgs.info\\\/es\\\/?s={search_term_string}\"},\"query-input\":{\"@type\":\"PropertyValueSpecification\",\"valueRequired\":true,\"valueName\":\"search_term_string\"}}],\"inLanguage\":\"da-DK\"}]}<\/script>\n<!-- \/ Yoast SEO plugin. -->","yoast_head_json":{"title":"Om os - Global Listings","robots":{"index":"index","follow":"follow","max-snippet":"max-snippet:-1","max-image-preview":"max-image-preview:large","max-video-preview":"max-video-preview:-1"},"canonical":"https:\/\/www.globalepgs.info\/da\/om-os\/","og_locale":"da_DK","og_type":"article","og_title":"Om os - Global Listings","og_description":"OM OS Global EPGs er verdens f\u00f8rende leverand\u00f8r af EPG&#8217;er Vi arbejder med flere end 100 TV-platforme hver dag &#8211; DTH, IPTV og VOD \u2013 vi leverer redaktionelt indhold, optimeret metadata og billedmateriale for at engagere og maksimere publikumsandele for vores broadcastkunder p\u00e5 individuelt landeplan Vi leverer internationalt til TV-platforme, herunder Sky, MultiChoice, UPC, Virgin [&hellip;]","og_url":"https:\/\/www.globalepgs.info\/da\/om-os\/","og_site_name":"Global Listings","article_modified_time":"2017-11-30T21:38:09+00:00","og_image":[{"url":"http:\/\/www.globalepgs.info\/app\/uploads\/2017\/02\/3.png","type":"","width":"","height":""}],"twitter_card":"summary_large_image","twitter_misc":{"Est. reading time":"1 minute"},"schema":{"@context":"https:\/\/schema.org","@graph":[{"@type":"WebPage","@id":"https:\/\/www.globalepgs.info\/da\/om-os\/","url":"https:\/\/www.globalepgs.info\/da\/om-os\/","name":"Om os - Global Listings","isPartOf":{"@id":"https:\/\/www.globalepgs.info\/es\/#website"},"primaryImageOfPage":{"@id":"https:\/\/www.globalepgs.info\/da\/om-os\/#primaryimage"},"image":{"@id":"https:\/\/www.globalepgs.info\/da\/om-os\/#primaryimage"},"thumbnailUrl":"http:\/\/www.globalepgs.info\/app\/uploads\/2017\/02\/3.png","datePublished":"2017-03-09T02:20:28+00:00","dateModified":"2017-11-30T21:38:09+00:00","breadcrumb":{"@id":"https:\/\/www.globalepgs.info\/da\/om-os\/#breadcrumb"},"inLanguage":"da-DK","potentialAction":[{"@type":"ReadAction","target":["https:\/\/www.globalepgs.info\/da\/om-os\/"]}]},{"@type":"ImageObject","inLanguage":"da-DK","@id":"https:\/\/www.globalepgs.info\/da\/om-os\/#primaryimage","url":"http:\/\/www.globalepgs.info\/app\/uploads\/2017\/02\/3.png","contentUrl":"http:\/\/www.globalepgs.info\/app\/uploads\/2017\/02\/3.png"},{"@type":"BreadcrumbList","@id":"https:\/\/www.globalepgs.info\/da\/om-os\/#breadcrumb","itemListElement":[{"@type":"ListItem","position":1,"name":"Home","item":"https:\/\/www.globalepgs.info\/da\/"},{"@type":"ListItem","position":2,"name":"Om os"}]},{"@type":"WebSite","@id":"https:\/\/www.globalepgs.info\/es\/#website","url":"https:\/\/www.globalepgs.info\/es\/","name":"Global Listings","description":"Just another WordPress site","potentialAction":[{"@type":"SearchAction","target":{"@type":"EntryPoint","urlTemplate":"https:\/\/www.globalepgs.info\/es\/?s={search_term_string}"},"query-input":{"@type":"PropertyValueSpecification","valueRequired":true,"valueName":"search_term_string"}}],"inLanguage":"da-DK"}]}},"_links":{"self":[{"href":"https:\/\/www.globalepgs.info\/da\/wp-json\/wp\/v2\/pages\/3702","targetHints":{"allow":["GET"]}}],"collection":[{"href":"https:\/\/www.globalepgs.info\/da\/wp-json\/wp\/v2\/pages"}],"about":[{"href":"https:\/\/www.globalepgs.info\/da\/wp-json\/wp\/v2\/types\/page"}],"author":[{"embeddable":true,"href":"https:\/\/www.globalepgs.info\/da\/wp-json\/wp\/v2\/users\/1"}],"replies":[{"embeddable":true,"href":"https:\/\/www.globalepgs.info\/da\/wp-json\/wp\/v2\/comments?post=3702"}],"version-history":[{"count":0,"href":"https:\/\/www.globalepgs.info\/da\/wp-json\/wp\/v2\/pages\/3702\/revisions"}],"wp:attachment":[{"href":"https:\/\/www.globalepgs.info\/da\/wp-json\/wp\/v2\/media?parent=3702"}],"curies":[{"name":"wp","href":"https:\/\/api.w.org\/{rel}","templated":true}]}}