{"id":4888,"date":"2017-03-18T17:47:50","date_gmt":"2017-03-18T17:47:50","guid":{"rendered":"http:\/\/www.globalepgs.info\/de\/wir-stellen-uns-vor\/"},"modified":"2017-12-28T17:53:43","modified_gmt":"2017-12-28T17:53:43","slug":"wir-stellen-uns-vor","status":"publish","type":"page","link":"https:\/\/www.globalepgs.info\/de\/wir-stellen-uns-vor\/","title":{"rendered":"Wir stellen uns vor"},"content":{"rendered":"<div class=\"col-4\">\n<p><img decoding=\"async\" class=\"img-circle img-responsive\" src=\"http:\/\/www.globalepgs.info\/app\/uploads\/2017\/02\/3.png\" alt=\"content_photo\" \/><\/p>\n<p class=\"content\">WIR STELLEN UNS VOR<\/p>\n<\/div>\n<div class=\"col-8\">\n<div class=\"content\">\n<p>Global EPGs ist der weltweit f\u00fchrende EPG-Anbieter<\/p>\n<p>Wir arbeiten tagt\u00e4glich mit \u00fcber 100 TV-Plattformen zusammen &#8211; DTH, IPTV und VOD &#8211; und bieten Ihnen f\u00fcr jedes Land redaktionelle Inhalte, verbesserte Metadaten und Bilder, um die Aufmerksamkeit Ihrer Kunden f\u00fcr Ihren Sender zu erregen<\/p>\n<p>Wir beliefern Fernsehsender weltweit, darunter Sky, MultiChoice, UPC, Virgin Media, CanalSat und Freeview, um nur einige der bekanntesten zu nennen<\/p>\n<p>Global EPGs bietet jetzt noch bessere, detailgetreuere Informationen, die ein interaktives Erlebnis mit gr\u00f6\u00dferer Senderauswahl f\u00fcr den Zuschauer erm\u00f6glichen, weit \u00fcber traditionelle Fernsehbildschirme hinaus auch auf Smartphones, Tablets und dem Computer. Wir wissen ganz genau, wie wir die Fernsehinhalte der Sendeanstalten unserer Kunden aufbereiten m\u00fcssen, um den Zuschauergewohnheiten zu entsprechen<\/p>\n<p>Sendeanstalten und TV-Plattformen arbeiten mit Global EPGs zusammen, weil wir ihnen eine ma\u00dfgeschneiderte, technisch anspruchsvolle und dennoch einfach zu bedienende, nahtlose L\u00f6sung f\u00fcr die Erstellung ihrer EPGs bieten <\/p>\n<p>Und auch den Zuschauern gef\u00e4llt unsere Arbeit, weil sie jetzt genau wissen, was wann wo l\u00e4uft, und diese Information genau dann und dort abfragen k\u00f6nnen, wo sie das w\u00fcnschen <\/p>\n<\/div>\n<\/div>\n","protected":false},"excerpt":{"rendered":"<p>WIR STELLEN UNS VOR Global EPGs ist der weltweit f\u00fchrende EPG-Anbieter Wir arbeiten tagt\u00e4glich mit \u00fcber 100 TV-Plattformen zusammen &#8211; DTH, IPTV und VOD &#8211; und bieten Ihnen f\u00fcr jedes Land redaktionelle Inhalte, verbesserte Metadaten und Bilder, um die Aufmerksamkeit Ihrer Kunden f\u00fcr Ihren Sender zu erregen Wir beliefern Fernsehsender weltweit, darunter Sky, MultiChoice, UPC, [&hellip;]<\/p>\n","protected":false},"author":1,"featured_media":0,"parent":0,"menu_order":102,"comment_status":"closed","ping_status":"closed","template":"page-epgs_template.php","meta":{"_acf_changed":false,"footnotes":""},"class_list":["post-4888","page","type-page","status-publish","hentry"],"acf":[],"yoast_head":"<!-- This site is optimized with the Yoast SEO plugin v27.4 - https:\/\/yoast.com\/product\/yoast-seo-wordpress\/ -->\n<title>Wir stellen uns vor - Global Listings<\/title>\n<meta name=\"robots\" content=\"index, follow, max-snippet:-1, max-image-preview:large, max-video-preview:-1\" \/>\n<link rel=\"canonical\" href=\"https:\/\/www.globalepgs.info\/de\/wir-stellen-uns-vor\/\" \/>\n<meta property=\"og:locale\" content=\"de_DE\" \/>\n<meta property=\"og:type\" content=\"article\" \/>\n<meta property=\"og:title\" content=\"Wir stellen uns vor - Global Listings\" \/>\n<meta property=\"og:description\" content=\"WIR STELLEN UNS VOR Global EPGs ist der weltweit f\u00fchrende EPG-Anbieter Wir arbeiten tagt\u00e4glich mit \u00fcber 100 TV-Plattformen zusammen &#8211; DTH, IPTV und VOD &#8211; und bieten Ihnen f\u00fcr jedes Land redaktionelle Inhalte, verbesserte Metadaten und Bilder, um die Aufmerksamkeit Ihrer Kunden f\u00fcr Ihren Sender zu erregen Wir beliefern Fernsehsender weltweit, darunter Sky, MultiChoice, UPC, [&hellip;]\" \/>\n<meta property=\"og:url\" content=\"https:\/\/www.globalepgs.info\/de\/wir-stellen-uns-vor\/\" \/>\n<meta property=\"og:site_name\" content=\"Global Listings\" \/>\n<meta property=\"article:modified_time\" content=\"2017-12-28T17:53:43+00:00\" \/>\n<meta property=\"og:image\" content=\"http:\/\/www.globalepgs.info\/app\/uploads\/2017\/02\/3.png\" \/>\n<meta name=\"twitter:card\" content=\"summary_large_image\" \/>\n<meta name=\"twitter:label1\" content=\"Est. reading time\" \/>\n\t<meta name=\"twitter:data1\" content=\"1 minute\" \/>\n<script type=\"application\/ld+json\" class=\"yoast-schema-graph\">{\"@context\":\"https:\\\/\\\/schema.org\",\"@graph\":[{\"@type\":\"WebPage\",\"@id\":\"https:\\\/\\\/www.globalepgs.info\\\/de\\\/wir-stellen-uns-vor\\\/\",\"url\":\"https:\\\/\\\/www.globalepgs.info\\\/de\\\/wir-stellen-uns-vor\\\/\",\"name\":\"Wir stellen uns vor - Global Listings\",\"isPartOf\":{\"@id\":\"https:\\\/\\\/www.globalepgs.info\\\/es\\\/#website\"},\"primaryImageOfPage\":{\"@id\":\"https:\\\/\\\/www.globalepgs.info\\\/de\\\/wir-stellen-uns-vor\\\/#primaryimage\"},\"image\":{\"@id\":\"https:\\\/\\\/www.globalepgs.info\\\/de\\\/wir-stellen-uns-vor\\\/#primaryimage\"},\"thumbnailUrl\":\"http:\\\/\\\/www.globalepgs.info\\\/app\\\/uploads\\\/2017\\\/02\\\/3.png\",\"datePublished\":\"2017-03-18T17:47:50+00:00\",\"dateModified\":\"2017-12-28T17:53:43+00:00\",\"breadcrumb\":{\"@id\":\"https:\\\/\\\/www.globalepgs.info\\\/de\\\/wir-stellen-uns-vor\\\/#breadcrumb\"},\"inLanguage\":\"de-DE\",\"potentialAction\":[{\"@type\":\"ReadAction\",\"target\":[\"https:\\\/\\\/www.globalepgs.info\\\/de\\\/wir-stellen-uns-vor\\\/\"]}]},{\"@type\":\"ImageObject\",\"inLanguage\":\"de-DE\",\"@id\":\"https:\\\/\\\/www.globalepgs.info\\\/de\\\/wir-stellen-uns-vor\\\/#primaryimage\",\"url\":\"http:\\\/\\\/www.globalepgs.info\\\/app\\\/uploads\\\/2017\\\/02\\\/3.png\",\"contentUrl\":\"http:\\\/\\\/www.globalepgs.info\\\/app\\\/uploads\\\/2017\\\/02\\\/3.png\"},{\"@type\":\"BreadcrumbList\",\"@id\":\"https:\\\/\\\/www.globalepgs.info\\\/de\\\/wir-stellen-uns-vor\\\/#breadcrumb\",\"itemListElement\":[{\"@type\":\"ListItem\",\"position\":1,\"name\":\"Home\",\"item\":\"https:\\\/\\\/www.globalepgs.info\\\/de\\\/\"},{\"@type\":\"ListItem\",\"position\":2,\"name\":\"Wir stellen uns vor\"}]},{\"@type\":\"WebSite\",\"@id\":\"https:\\\/\\\/www.globalepgs.info\\\/es\\\/#website\",\"url\":\"https:\\\/\\\/www.globalepgs.info\\\/es\\\/\",\"name\":\"Global Listings\",\"description\":\"Just another WordPress site\",\"potentialAction\":[{\"@type\":\"SearchAction\",\"target\":{\"@type\":\"EntryPoint\",\"urlTemplate\":\"https:\\\/\\\/www.globalepgs.info\\\/es\\\/?s={search_term_string}\"},\"query-input\":{\"@type\":\"PropertyValueSpecification\",\"valueRequired\":true,\"valueName\":\"search_term_string\"}}],\"inLanguage\":\"de-DE\"}]}<\/script>\n<!-- \/ Yoast SEO plugin. -->","yoast_head_json":{"title":"Wir stellen uns vor - Global Listings","robots":{"index":"index","follow":"follow","max-snippet":"max-snippet:-1","max-image-preview":"max-image-preview:large","max-video-preview":"max-video-preview:-1"},"canonical":"https:\/\/www.globalepgs.info\/de\/wir-stellen-uns-vor\/","og_locale":"de_DE","og_type":"article","og_title":"Wir stellen uns vor - Global Listings","og_description":"WIR STELLEN UNS VOR Global EPGs ist der weltweit f\u00fchrende EPG-Anbieter Wir arbeiten tagt\u00e4glich mit \u00fcber 100 TV-Plattformen zusammen &#8211; DTH, IPTV und VOD &#8211; und bieten Ihnen f\u00fcr jedes Land redaktionelle Inhalte, verbesserte Metadaten und Bilder, um die Aufmerksamkeit Ihrer Kunden f\u00fcr Ihren Sender zu erregen Wir beliefern Fernsehsender weltweit, darunter Sky, MultiChoice, UPC, [&hellip;]","og_url":"https:\/\/www.globalepgs.info\/de\/wir-stellen-uns-vor\/","og_site_name":"Global Listings","article_modified_time":"2017-12-28T17:53:43+00:00","og_image":[{"url":"http:\/\/www.globalepgs.info\/app\/uploads\/2017\/02\/3.png","type":"","width":"","height":""}],"twitter_card":"summary_large_image","twitter_misc":{"Est. reading time":"1 minute"},"schema":{"@context":"https:\/\/schema.org","@graph":[{"@type":"WebPage","@id":"https:\/\/www.globalepgs.info\/de\/wir-stellen-uns-vor\/","url":"https:\/\/www.globalepgs.info\/de\/wir-stellen-uns-vor\/","name":"Wir stellen uns vor - Global Listings","isPartOf":{"@id":"https:\/\/www.globalepgs.info\/es\/#website"},"primaryImageOfPage":{"@id":"https:\/\/www.globalepgs.info\/de\/wir-stellen-uns-vor\/#primaryimage"},"image":{"@id":"https:\/\/www.globalepgs.info\/de\/wir-stellen-uns-vor\/#primaryimage"},"thumbnailUrl":"http:\/\/www.globalepgs.info\/app\/uploads\/2017\/02\/3.png","datePublished":"2017-03-18T17:47:50+00:00","dateModified":"2017-12-28T17:53:43+00:00","breadcrumb":{"@id":"https:\/\/www.globalepgs.info\/de\/wir-stellen-uns-vor\/#breadcrumb"},"inLanguage":"de-DE","potentialAction":[{"@type":"ReadAction","target":["https:\/\/www.globalepgs.info\/de\/wir-stellen-uns-vor\/"]}]},{"@type":"ImageObject","inLanguage":"de-DE","@id":"https:\/\/www.globalepgs.info\/de\/wir-stellen-uns-vor\/#primaryimage","url":"http:\/\/www.globalepgs.info\/app\/uploads\/2017\/02\/3.png","contentUrl":"http:\/\/www.globalepgs.info\/app\/uploads\/2017\/02\/3.png"},{"@type":"BreadcrumbList","@id":"https:\/\/www.globalepgs.info\/de\/wir-stellen-uns-vor\/#breadcrumb","itemListElement":[{"@type":"ListItem","position":1,"name":"Home","item":"https:\/\/www.globalepgs.info\/de\/"},{"@type":"ListItem","position":2,"name":"Wir stellen uns vor"}]},{"@type":"WebSite","@id":"https:\/\/www.globalepgs.info\/es\/#website","url":"https:\/\/www.globalepgs.info\/es\/","name":"Global Listings","description":"Just another WordPress site","potentialAction":[{"@type":"SearchAction","target":{"@type":"EntryPoint","urlTemplate":"https:\/\/www.globalepgs.info\/es\/?s={search_term_string}"},"query-input":{"@type":"PropertyValueSpecification","valueRequired":true,"valueName":"search_term_string"}}],"inLanguage":"de-DE"}]}},"_links":{"self":[{"href":"https:\/\/www.globalepgs.info\/de\/wp-json\/wp\/v2\/pages\/4888","targetHints":{"allow":["GET"]}}],"collection":[{"href":"https:\/\/www.globalepgs.info\/de\/wp-json\/wp\/v2\/pages"}],"about":[{"href":"https:\/\/www.globalepgs.info\/de\/wp-json\/wp\/v2\/types\/page"}],"author":[{"embeddable":true,"href":"https:\/\/www.globalepgs.info\/de\/wp-json\/wp\/v2\/users\/1"}],"replies":[{"embeddable":true,"href":"https:\/\/www.globalepgs.info\/de\/wp-json\/wp\/v2\/comments?post=4888"}],"version-history":[{"count":0,"href":"https:\/\/www.globalepgs.info\/de\/wp-json\/wp\/v2\/pages\/4888\/revisions"}],"wp:attachment":[{"href":"https:\/\/www.globalepgs.info\/de\/wp-json\/wp\/v2\/media?parent=4888"}],"curies":[{"name":"wp","href":"https:\/\/api.w.org\/{rel}","templated":true}]}}