{"id":4889,"date":"2017-03-18T17:49:10","date_gmt":"2017-03-18T17:49:10","guid":{"rendered":"http:\/\/www.globalepgs.info\/de\/unsere-partner\/"},"modified":"2017-04-21T17:20:24","modified_gmt":"2017-04-21T17:20:24","slug":"unsere-partner","status":"publish","type":"page","link":"https:\/\/www.globalepgs.info\/de\/unsere-partner\/","title":{"rendered":"Unsere Partner"},"content":{"rendered":"<div class=\"col-4\">\n<p><img decoding=\"async\" class=\"img-circle img-responsive\" src=\"http:\/\/www.globalepgs.info\/wp-content\/uploads\/2017\/02\/circles9.png\" alt=\"content_photo\" \/><\/p>\n<p class=\"content\">UNSERE PARTNER<\/p>\n<\/div>\n<div class=\"col-8\">\n<div class=\"content\">\n<p>Global Listings liefert weltweit Daten an \u00fcber 100 TV-Plattformen<\/span><\/p>\n<p>Wir arbeiten mit den bekanntesten Sendern der Branche auf globaler Ebene zusammen und liefern EPGs, die von 6,6 Millionen Lesern in Europa, dem Nahen Osten, Afrika, Asien, Amerika und im asiatisch-pazifischen Raum gelesen werden<\/p>\n<p>EPGs entscheiden dar\u00fcber, ob eine Sendung Erfolg hat oder zum Scheitern verurteilt ist; wenn der Inhalt sich \u201averkauft\u2018, dann wird der Zuschauer sich die Sendung ansehen, wenn nicht, dann wird er weiterschalten<\/p>\n<p>Wir sind Experten darin, die Einschaltquoten f\u00fcr unsere Kunden in den Sendeanstalten zu maximieren, indem wir aufschlussreiche, auff\u00e4llige, technisch fortgeschrittene Datenfl\u00fcsse in der jeweiligen Landessprache und der lokalen Zeit pr\u00e4sentieren<\/p>\n<p>Die Bed\u00fcrfnisse unserer Kunden sind uns besonders wichtig und wir begegnen ihnen mit technischem Fortschritt und hervorragender redaktioneller Arbeit. Unsere skalierbaren L\u00f6sungen verbinden wir mit hochmoderner Technik, um attraktive EPGs zu liefern, die Ihre Zuschauer ansprechen:<\/p>\n<p>&#8230; in ihrem eigenen Zuhause<\/p>\n<p>&#8230; wann immer sie die entsprechende Information ben\u00f6tigen<\/p>\n<p>&#8230; genau dann, wenn sie in der Entscheidungsfindung sind, welche Sendung sie jetzt sehen m\u00f6chten<\/p>\n<p><strong>Unsere Partner:<\/strong><\/p>\n<div style=\"float: left; width: 50%;\">\n<ul>\n<li>Sky (Gro\u00dfbritannien)<\/li>\n<li>Mediaset Premium (Italien)<\/li>\n<li>Nova Group (Rum\u00e4nien)<\/li>\n<li>Freeview (Gro\u00dfbritannien)<\/li>\n<li>Sky (Italien) <\/li>\n<li>Plesul\/Telemedia (Rum\u00e4nien)<\/li>\n<li>Freesat (Gro\u00dfbritannien)<\/li>\n<li>Persidera (Italien)<\/li>\n<li>RCS (Rum\u00e4nien)<\/li>\n<li>Top-Up TV (Gro\u00dfbritannien)<\/li>\n<li>ART (Mittlerer Osten)<\/li>\n<li>RomTelecom (Rum\u00e4nien)<\/li>\n<li>Foxtel (Australien)<\/li>\n<li>Orbit Showtime (Mittlerer Osten)<\/li>\n<li>Sangel Prod (Rum\u00e4nien)<\/li>\n<li>Belgacom (Belgien)<\/li>\n<li>CAIW (Niederlande)<\/li>\n<li>SC Canal S (Rum\u00e4nien)<\/li>\n<li>MaxTV (Kroatien)<\/li>\n<li>Glashart Media (Niederlande)<\/li>\n<li>SC Cuantic (Rum\u00e4nien)<\/li>\n<li>Now (Ferner Osten)<\/li>\n<li>KPN (Niederlande)<\/li>\n<li>SC Gilga (Rum\u00e4nien)<\/li>\n<li>Singtel (Ferner Osten)<\/li>\n<li>Canal Digital (Norwegen)<\/li>\n<li>SC Ines (Rum\u00e4nien)<\/li>\n<li>Starhub (Ferner Osten)<\/li>\n<li>Aster (Polen)<\/li>\n<li>SC Kety Prod (Rum\u00e4nien)<\/li>\n<li>Canal Satellite (Frankreich)<\/li>\n<li>Cyfra+ (Polen)<\/li>\n<li>SC Lumident (Rum\u00e4nien)<\/li>\n<li>KDG (Deutschland)<\/li>\n<li>Cyfrowy Polsat (Polen)<\/li>\n<li>SC Semsat (Rum\u00e4nien)<\/li>\n<li>Nova (Griechenland)<\/li>\n<li>MultiMedia (Polen)<\/li>\n<li>SC Telesat (Rum\u00e4nien)<\/li>\n<li>ONTelecoms (Griechenland)<\/li>\n<li>N (Polen)<\/li>\n<li>SC Toro Media (Rum\u00e4nien)<\/li>\n<li>OTE (Griechenland)<\/li>\n<li>Toya (Polen)<\/li>\n<li>Solpress (Rum\u00e4nien)<\/li>\n<li>Antenna (Ungarn)<\/li>\n<li>Vectra (Polen)<\/li>\n<li>UPC Romania (Rum\u00e4nien)<\/li>\n<li>Digi TV (Ungarn)<\/li>\n<li>UPC (Polen)<\/li>\n<li>NTV (Russland)<\/li>\n<li>Fibernet (Ungarn)<\/li>\n<li>CaboVisao (Portugal)<\/li>\n<li>Platforma HD (Russland)<\/li>\n<li>HelloHD (Ungarn)<\/li>\n<li>ClixSmart (Portugal)<\/li>\n<li>Astra (International)<\/li>\n<li>Sky Germany (Deutschland)<\/li>\n<li>Starmax (Mittlerer Osten)<\/li>\n<li>TeliaSonera (Nordische L\u00e4nder)<\/li>\n<\/ul>\n<\/div>\n<div style=\"float: right; width: 50%;\">\n<ul>\n<li>Virgin (Gro\u00dfbritannien)<\/li>\n<li>Movistar (Spanien)<\/li>\n<li>Vemox (USA)<\/li>\n<li>Echostar (USA)<\/li>\n<li>Vodafone (Portugal)<\/li>\n<li>Vodafone (Spanien)<\/li>\n<li>SBB (Serbien)<\/li>\n<li>HFC (Ungarn)<\/li>\n<li>beIN (Mittlerer Osten)<\/li>\n<li>Amis (Slowenien)<\/li>\n<li>Invitel (Ungarn)<\/li>\n<li>Boxer Teracom (Schweden)<\/li>\n<li>Mobitel (Slowenien)<\/li>\n<li>IP-Park (Ungarn)<\/li>\n<li>Eutelsat Hot Bird (International)<\/li>\n<li>Siol TV (Slowenien)<\/li>\n<li>KS8500 (Ungarn)<\/li>\n<li>GO (Malta)<\/li>\n<li>Tus (Slowenien)<\/li>\n<li>Magyar Telekom (Ungarn)<\/li>\n<li>Zon (Portugal)<\/li>\n<li>MultiChoice (S\u00fcdafrika)<\/li>\n<li>Parisat (Ungarn)<\/li>\n<li>Botu Service (Rum\u00e4nien)<\/li>\n<li>Abertis (Spanien)<\/li>\n<li>PR Tele (Ungarn)<\/li>\n<li>Cable TV Sistem (Rum\u00e4nien)<\/li>\n<li>Digital Plus (Spanien)<\/li>\n<li>R\u00f6szkenet (Ungarn)<\/li>\n<li>Clar Television (Rum\u00e4nien)<\/li>\n<li>ONO (Spanien)<\/li>\n<li>Rubicom (Ungarn)<\/li>\n<li>Dynamic Distribution (Rum\u00e4nien)<\/li>\n<li>Teuve (Spanien)<\/li>\n<li>Szamosnet (Ungarn)<\/li>\n<li>Electrotech Ind (Rum\u00e4nien)<\/li>\n<li>DigiTurk (T\u00fcrkei)<\/li>\n<li>Szarvas (Ungarn)<\/li>\n<li>GMB Computers (Rum\u00e4nien)<\/li>\n<li>DSmart (T\u00fcrkei)<\/li>\n<li>TACell (Ungarn)<\/li>\n<li>Greenzone (Rum\u00e4nien)<\/li>\n<li>Turksat (T\u00fcrkei)<\/li>\n<li>Tarr (Ungarn)<\/li>\n<li>Ideovet Serv (Rum\u00e4nien)<\/li>\n<li>Airtel (Indien)<\/li>\n<li>T-Kabel (Ungarn)<\/li>\n<li>Ines (Rum\u00e4nien)<\/li>\n<li>Sky New Zealand (Neuseeland)<\/li>\n<li>UPC (Ungarn)<\/li>\n<li>Iris ACTV Impex (Rum\u00e4nien)<\/li>\n<li>Azam TV (Tansania)<\/li>\n<li>Vac Varosi (Ungarn)<\/li>\n<li>Lidas Prod (Rum\u00e4nien)<\/li>\n<li>My HD (Dubai)<\/li>\n<li>ViDaNet (Ungarn)<\/li>\n<li>Magnavox (Rum\u00e4nien)<\/li>\n<li>Altibox (Norwegen)<\/li>\n<li>Yes! (Israel)<\/li>\n<li>Medvest (Rum\u00e4nien)<\/li>\n<li>Total Play (Mexiko)<\/li>\n<\/ul>\n<\/div>\n<\/div>\n<\/div>\n","protected":false},"excerpt":{"rendered":"<p>UNSERE PARTNER Global Listings liefert weltweit Daten an \u00fcber 100 TV-Plattformen Wir arbeiten mit den bekanntesten Sendern der Branche auf globaler Ebene zusammen und liefern EPGs, die von 6,6 Millionen Lesern in Europa, dem Nahen Osten, Afrika, Asien, Amerika und im asiatisch-pazifischen Raum gelesen werden EPGs entscheiden dar\u00fcber, ob eine Sendung Erfolg hat oder zum [&hellip;]<\/p>\n","protected":false},"author":1,"featured_media":0,"parent":0,"menu_order":129,"comment_status":"closed","ping_status":"closed","template":"page-epgs_template.php","meta":{"_acf_changed":false,"footnotes":""},"class_list":["post-4889","page","type-page","status-publish","hentry"],"acf":[],"yoast_head":"<!-- This site is optimized with the Yoast SEO plugin v27.4 - https:\/\/yoast.com\/product\/yoast-seo-wordpress\/ -->\n<title>Unsere Partner - Global Listings<\/title>\n<meta name=\"robots\" content=\"index, follow, max-snippet:-1, max-image-preview:large, max-video-preview:-1\" \/>\n<link rel=\"canonical\" href=\"https:\/\/www.globalepgs.info\/de\/unsere-partner\/\" \/>\n<meta property=\"og:locale\" content=\"de_DE\" \/>\n<meta property=\"og:type\" content=\"article\" \/>\n<meta property=\"og:title\" content=\"Unsere Partner - Global Listings\" \/>\n<meta property=\"og:description\" content=\"UNSERE PARTNER Global Listings liefert weltweit Daten an \u00fcber 100 TV-Plattformen Wir arbeiten mit den bekanntesten Sendern der Branche auf globaler Ebene zusammen und liefern EPGs, die von 6,6 Millionen Lesern in Europa, dem Nahen Osten, Afrika, Asien, Amerika und im asiatisch-pazifischen Raum gelesen werden EPGs entscheiden dar\u00fcber, ob eine Sendung Erfolg hat oder zum [&hellip;]\" \/>\n<meta property=\"og:url\" content=\"https:\/\/www.globalepgs.info\/de\/unsere-partner\/\" \/>\n<meta property=\"og:site_name\" content=\"Global Listings\" \/>\n<meta property=\"article:modified_time\" content=\"2017-04-21T17:20:24+00:00\" \/>\n<meta property=\"og:image\" content=\"http:\/\/www.globalepgs.info\/wp-content\/uploads\/2017\/02\/circles9.png\" \/>\n<meta name=\"twitter:card\" content=\"summary_large_image\" \/>\n<meta name=\"twitter:label1\" content=\"Est. reading time\" \/>\n\t<meta name=\"twitter:data1\" content=\"3 minutes\" \/>\n<script type=\"application\/ld+json\" class=\"yoast-schema-graph\">{\"@context\":\"https:\\\/\\\/schema.org\",\"@graph\":[{\"@type\":\"WebPage\",\"@id\":\"https:\\\/\\\/www.globalepgs.info\\\/de\\\/unsere-partner\\\/\",\"url\":\"https:\\\/\\\/www.globalepgs.info\\\/de\\\/unsere-partner\\\/\",\"name\":\"Unsere Partner - Global Listings\",\"isPartOf\":{\"@id\":\"https:\\\/\\\/www.globalepgs.info\\\/es\\\/#website\"},\"primaryImageOfPage\":{\"@id\":\"https:\\\/\\\/www.globalepgs.info\\\/de\\\/unsere-partner\\\/#primaryimage\"},\"image\":{\"@id\":\"https:\\\/\\\/www.globalepgs.info\\\/de\\\/unsere-partner\\\/#primaryimage\"},\"thumbnailUrl\":\"http:\\\/\\\/www.globalepgs.info\\\/wp-content\\\/uploads\\\/2017\\\/02\\\/circles9.png\",\"datePublished\":\"2017-03-18T17:49:10+00:00\",\"dateModified\":\"2017-04-21T17:20:24+00:00\",\"breadcrumb\":{\"@id\":\"https:\\\/\\\/www.globalepgs.info\\\/de\\\/unsere-partner\\\/#breadcrumb\"},\"inLanguage\":\"de-DE\",\"potentialAction\":[{\"@type\":\"ReadAction\",\"target\":[\"https:\\\/\\\/www.globalepgs.info\\\/de\\\/unsere-partner\\\/\"]}]},{\"@type\":\"ImageObject\",\"inLanguage\":\"de-DE\",\"@id\":\"https:\\\/\\\/www.globalepgs.info\\\/de\\\/unsere-partner\\\/#primaryimage\",\"url\":\"http:\\\/\\\/www.globalepgs.info\\\/wp-content\\\/uploads\\\/2017\\\/02\\\/circles9.png\",\"contentUrl\":\"http:\\\/\\\/www.globalepgs.info\\\/wp-content\\\/uploads\\\/2017\\\/02\\\/circles9.png\"},{\"@type\":\"BreadcrumbList\",\"@id\":\"https:\\\/\\\/www.globalepgs.info\\\/de\\\/unsere-partner\\\/#breadcrumb\",\"itemListElement\":[{\"@type\":\"ListItem\",\"position\":1,\"name\":\"Home\",\"item\":\"https:\\\/\\\/www.globalepgs.info\\\/de\\\/\"},{\"@type\":\"ListItem\",\"position\":2,\"name\":\"Unsere Partner\"}]},{\"@type\":\"WebSite\",\"@id\":\"https:\\\/\\\/www.globalepgs.info\\\/es\\\/#website\",\"url\":\"https:\\\/\\\/www.globalepgs.info\\\/es\\\/\",\"name\":\"Global Listings\",\"description\":\"Just another WordPress site\",\"potentialAction\":[{\"@type\":\"SearchAction\",\"target\":{\"@type\":\"EntryPoint\",\"urlTemplate\":\"https:\\\/\\\/www.globalepgs.info\\\/es\\\/?s={search_term_string}\"},\"query-input\":{\"@type\":\"PropertyValueSpecification\",\"valueRequired\":true,\"valueName\":\"search_term_string\"}}],\"inLanguage\":\"de-DE\"}]}<\/script>\n<!-- \/ Yoast SEO plugin. -->","yoast_head_json":{"title":"Unsere Partner - Global Listings","robots":{"index":"index","follow":"follow","max-snippet":"max-snippet:-1","max-image-preview":"max-image-preview:large","max-video-preview":"max-video-preview:-1"},"canonical":"https:\/\/www.globalepgs.info\/de\/unsere-partner\/","og_locale":"de_DE","og_type":"article","og_title":"Unsere Partner - Global Listings","og_description":"UNSERE PARTNER Global Listings liefert weltweit Daten an \u00fcber 100 TV-Plattformen Wir arbeiten mit den bekanntesten Sendern der Branche auf globaler Ebene zusammen und liefern EPGs, die von 6,6 Millionen Lesern in Europa, dem Nahen Osten, Afrika, Asien, Amerika und im asiatisch-pazifischen Raum gelesen werden EPGs entscheiden dar\u00fcber, ob eine Sendung Erfolg hat oder zum [&hellip;]","og_url":"https:\/\/www.globalepgs.info\/de\/unsere-partner\/","og_site_name":"Global Listings","article_modified_time":"2017-04-21T17:20:24+00:00","og_image":[{"url":"http:\/\/www.globalepgs.info\/wp-content\/uploads\/2017\/02\/circles9.png","type":"","width":"","height":""}],"twitter_card":"summary_large_image","twitter_misc":{"Est. reading time":"3 minutes"},"schema":{"@context":"https:\/\/schema.org","@graph":[{"@type":"WebPage","@id":"https:\/\/www.globalepgs.info\/de\/unsere-partner\/","url":"https:\/\/www.globalepgs.info\/de\/unsere-partner\/","name":"Unsere Partner - Global Listings","isPartOf":{"@id":"https:\/\/www.globalepgs.info\/es\/#website"},"primaryImageOfPage":{"@id":"https:\/\/www.globalepgs.info\/de\/unsere-partner\/#primaryimage"},"image":{"@id":"https:\/\/www.globalepgs.info\/de\/unsere-partner\/#primaryimage"},"thumbnailUrl":"http:\/\/www.globalepgs.info\/wp-content\/uploads\/2017\/02\/circles9.png","datePublished":"2017-03-18T17:49:10+00:00","dateModified":"2017-04-21T17:20:24+00:00","breadcrumb":{"@id":"https:\/\/www.globalepgs.info\/de\/unsere-partner\/#breadcrumb"},"inLanguage":"de-DE","potentialAction":[{"@type":"ReadAction","target":["https:\/\/www.globalepgs.info\/de\/unsere-partner\/"]}]},{"@type":"ImageObject","inLanguage":"de-DE","@id":"https:\/\/www.globalepgs.info\/de\/unsere-partner\/#primaryimage","url":"http:\/\/www.globalepgs.info\/wp-content\/uploads\/2017\/02\/circles9.png","contentUrl":"http:\/\/www.globalepgs.info\/wp-content\/uploads\/2017\/02\/circles9.png"},{"@type":"BreadcrumbList","@id":"https:\/\/www.globalepgs.info\/de\/unsere-partner\/#breadcrumb","itemListElement":[{"@type":"ListItem","position":1,"name":"Home","item":"https:\/\/www.globalepgs.info\/de\/"},{"@type":"ListItem","position":2,"name":"Unsere Partner"}]},{"@type":"WebSite","@id":"https:\/\/www.globalepgs.info\/es\/#website","url":"https:\/\/www.globalepgs.info\/es\/","name":"Global Listings","description":"Just another WordPress site","potentialAction":[{"@type":"SearchAction","target":{"@type":"EntryPoint","urlTemplate":"https:\/\/www.globalepgs.info\/es\/?s={search_term_string}"},"query-input":{"@type":"PropertyValueSpecification","valueRequired":true,"valueName":"search_term_string"}}],"inLanguage":"de-DE"}]}},"_links":{"self":[{"href":"https:\/\/www.globalepgs.info\/de\/wp-json\/wp\/v2\/pages\/4889","targetHints":{"allow":["GET"]}}],"collection":[{"href":"https:\/\/www.globalepgs.info\/de\/wp-json\/wp\/v2\/pages"}],"about":[{"href":"https:\/\/www.globalepgs.info\/de\/wp-json\/wp\/v2\/types\/page"}],"author":[{"embeddable":true,"href":"https:\/\/www.globalepgs.info\/de\/wp-json\/wp\/v2\/users\/1"}],"replies":[{"embeddable":true,"href":"https:\/\/www.globalepgs.info\/de\/wp-json\/wp\/v2\/comments?post=4889"}],"version-history":[{"count":0,"href":"https:\/\/www.globalepgs.info\/de\/wp-json\/wp\/v2\/pages\/4889\/revisions"}],"wp:attachment":[{"href":"https:\/\/www.globalepgs.info\/de\/wp-json\/wp\/v2\/media?parent=4889"}],"curies":[{"name":"wp","href":"https:\/\/api.w.org\/{rel}","templated":true}]}}