{"id":4890,"date":"2017-03-18T17:52:08","date_gmt":"2017-03-18T17:52:08","guid":{"rendered":"http:\/\/www.globalepgs.info\/de\/dienstleistungen\/"},"modified":"2017-12-28T17:56:20","modified_gmt":"2017-12-28T17:56:20","slug":"dienstleistungen","status":"publish","type":"page","link":"https:\/\/www.globalepgs.info\/de\/dienstleistungen\/","title":{"rendered":"Dienstleistungen"},"content":{"rendered":"<div class=\"col-4\">\n<p><img decoding=\"async\" class=\"img-circle img-responsive\" src=\"http:\/\/www.globalepgs.info\/app\/uploads\/2017\/02\/circles7.png\" alt=\"\" \/><\/p>\n<p class=\"content\">DIENSTLEISTUNGEN<\/p>\n<\/div>\n<div class=\"col-8\">\n<div class=\"content\">\n<p>Wir liefern die n\u00e4chste Generation von EPGs<\/p>\n<p>Unsere EPG-L\u00f6sungen sind gerade deshalb so ideal, weil sie ganz darauf ausgerichtet sind, die Zuschauer Ihres Senders direkt anzusprechen, damit sie schnell und einfach alle erforderlichen Informationen finden. Und das unabh\u00e4ngig davon, ob sie diese on-demand, \u00fcber lineares Fernsehen oder \u00fcber OTT-Dienste abfragen.<\/p>\n<p>Dank unseres hervorragend ausgebildeten Teams und der dynamischen, in der Branche f\u00fchrenden Technologie sind wir in der Lage, akkurate und Aufmerksamkeit erregende Inhalte zu bieten, um den Zuschauer an Sie zu binden und sicherzustellen, dass diese Ihrem Sender die Treue halten<\/p>\n<p>Global EPGs arbeitet mit TV-Plattformen weltweit auf jedem Kontinent au\u00dfer der Antarktis zusammen (und die kriegen wir auch noch ins Boot!)<\/p>\n<p>Wenn es darum geht, wie weitreichend unsere internationalen EPGs sind, dann sind wir marktf\u00fchrend und absolut vertraut mit den unterschiedlichen Zeitzonen, kulturellen Besonderheiten, alternativen Schrifts\u00e4tzen, Lieferm\u00f6glichkeiten, technischen Voraussetzungen, Lieferzeiten, Metadaten-Anspr\u00fcchen und alle m\u00f6glichen anderen Spezifikationen f\u00fcr die einzelnen Plattformen<\/p>\n<p>Sie k\u00f6nnen sich darauf verlassen, dass wir die richtigen EPG-Daten zur gew\u00fcnschten Zeit im passenden Format und genau dorthin liefern, wie wir das vereinbart haben!<\/p>\n<p>Global EPGs kann die EPGs Ihres Senders auf vielerlei Art und Weise verbessern: <\/p>\n<p><strong>PROGGRAMMBILDER<\/strong><br \/>\nWir f\u00fcgen jeder Beschreibung ein Bild hinzu, das bei Bedarf auf die einzelnen Programmebenen angepasst wird: Auf Serienebene (z. B. Keeping Up With The Kardashians), auf Staffelebene (z. B. Staffel 2) und dann auf die einzelnen Episoden, denen evtl. eigene Episodenbilder zugeordnet werden <\/p>\n<p>Diese Bilder werden in unserer zentralen Datenbank gespeichert und k\u00f6nnen je nach Anforderung der unterschiedlichen TV-Plattformen in unterschiedlichen Gr\u00f6\u00dfen und Aufl\u00f6sungen exportiert werden<\/p>\n<p><strong>SIDELOADING UND STREAMING<\/strong><br \/>\nViele TV-Plattformen bieten inzwischen ma\u00dfgeschneiderte Apps, die es ihren Abonnenten erm\u00f6glichen, Programminhalte zu streamen und vorab aufgezeichnetes Material auf einem anderen Ger\u00e4t wie einem Smartphone oder Tablet anzuzeigen<\/p>\n<p>Dabei m\u00fcssen verschiedene Aspekte beachtet werden, wie z. B. allgemeine Lizenzvereinbarungen bis zur spezifischen Verf\u00fcgbarkeitsdauer einer heruntergeladenen Sendung. Global EPGs unterst\u00fctzt die Sendeanstalten auf ihrem Weg durch dieses potenzielle Minenfeld und liefert dem Sender dann genau die zugeh\u00f6rigen Metadaten, die er ben\u00f6tigt <\/p>\n<p><strong>BEHINDERTENGERECHTE DARSTELLUNG<\/strong><br \/>\nViele Fernsehsender sind inzwischen dazu verpflichtet anzugeben, welche Sendungen f\u00fcr Geh\u00f6rlose untertitelt sind, welche mit Laufschrift arbeiten und bei welchen die Darstellung auf dem Bildschirm in Geb\u00e4rdensprache unterst\u00fctzt wird. Global EPGs arbeitet gemeinsam mit den Sendeanstalten daran, sicherzustellen, dass diesen Anforderungen im EPG korrekt entsprochen wird<\/p>\n<p><strong>SERIES LINKING<\/strong><br \/>\nWir von Global EPGs sind davon \u00fcberzeugt, dass Series Linking eine eigene Kunstform darstellt, und unsere fortschrittliche Technologie bietet die M\u00f6glichkeit, Series Links f\u00fcr mehrere Plattformen zu erstellen, unabh\u00e4ngig davon, welcher Terminierung die einzelnen Sendungen auf den jeweiligen Kan\u00e4len unterliegen<\/p>\n<p>Wir kennen uns aus und befolgen die Regeln f\u00fcr die Titelanpassung, die Verlinkung der Episoden am Ende einer Staffel und die zeitnahe \u00dcberbr\u00fcckung zur n\u00e4chsten Staffel<\/p>\n<p>Unsere EPG-Technologie erm\u00f6glicht es uns auch, Links zwischen Filmen, Episoden und einmalige Formate zu erstellen, die Teil einer Staffel oder eines Stunts darstellen<\/p>\n<p>Gerne schicken wir Ihnen eine Demo zu: <a href=\"mailto:epgs@globallistings.info\">epgs@globallistings.info<\/a><\/p>\n<p><strong>Wir lieben das Fernsehen und Pr\u00e4zision ist unser Gesch\u00e4ft<\/strong><\/p>\n<p>Unsere EPG-L\u00f6sungen verbinden dynamische Inhalte, umfangreiche Metadaten und fortschrittliche Technologie miteinander zu einem die Aufmerksamkeit erregenden TV-Erlebnis f\u00fcr Ihre Zuschauer auf globaler Ebene<\/p>\n<p>Unabh\u00e4ngig davon, ob die Zuschauer Ihres Senders ihre Lieblingssendung im traditionellen Fernsehen anschauen oder die Inhalte streamen (von Life-Sportveranstaltungen \u00fcber Filme bis hin zu Musik, Nachrichtensendungen oder Unterhaltungsshows): Unsere Teams in Gro\u00dfbritannien und rund um die Welt erstellen f\u00fcr Sie dynamische Texte und beschreibende Metadaten, die wir auf die einzelnen Kan\u00e4le anpassen und in der Sprache der Zielregion liefern. Damit sind wir in der Lage, Ihnen eine ma\u00dfgeschneiderte L\u00f6sung zu bieten, die Ihre Zuschauer anspricht und an Ihren Sender bindet<\/p>\n<p>Wir verstehen Pr\u00e4zision wie kein anderer<\/p>\n<p>Unsere Standards in der Redaktion sind marktf\u00fchrend<\/p>\n<p>Unsere technischen Kapazit\u00e4ten erm\u00f6glichen es, die einzelnen Programme und Sendungen der Fernsehsender nahtlos auf mehreren Plattformen darzustellen<\/p>\n<p>Indem wir diese Daten auf Wunsch unseres Kunden erstellen, ihnen den letzten Schliff verleihen und dann liefern, sorgt Global EPGs daf\u00fcr, dass unsere Kunden mit allen erforderlichen Funktonen f\u00fcr die n\u00e4chste Generation von EPGs ausgestattet werden: verbesserte Suchkriterien, Empfehlungsmarketing, Smart Series Linking und so weiter <\/p>\n<p>F\u00fcr das Wachstum und die Beliebtheit eines Senders im hei\u00df umk\u00e4mpften Fernsehgesch\u00e4ft ist die Darstellung der Inhalte von vorrangiger Bedeutung. Unabh\u00e4ngig davon, ob die Inhalte per VOD, OTT oder IPTV geliefert werden: Ihre Zuschauer m\u00fcssen wissen, was gerade l\u00e4uft, und diese Information wird vom EPG vorgegeben<\/p>\n<p>Global EPGs garantiert Ihnen, dass die EPGs Ihres Senders so erstellt werden, dass sie perfekt auf die Anforderungen und Bed\u00fcrfnisse Ihres Zielpublikums abgestimmt sind<\/p>\n<\/div>\n<\/div>\n","protected":false},"excerpt":{"rendered":"<p>DIENSTLEISTUNGEN Wir liefern die n\u00e4chste Generation von EPGs Unsere EPG-L\u00f6sungen sind gerade deshalb so ideal, weil sie ganz darauf ausgerichtet sind, die Zuschauer Ihres Senders direkt anzusprechen, damit sie schnell und einfach alle erforderlichen Informationen finden. Und das unabh\u00e4ngig davon, ob sie diese on-demand, \u00fcber lineares Fernsehen oder \u00fcber OTT-Dienste abfragen. Dank unseres hervorragend ausgebildeten [&hellip;]<\/p>\n","protected":false},"author":1,"featured_media":0,"parent":0,"menu_order":201,"comment_status":"closed","ping_status":"closed","template":"page-epgs_template.php","meta":{"_acf_changed":false,"footnotes":""},"class_list":["post-4890","page","type-page","status-publish","hentry"],"acf":[],"yoast_head":"<!-- This site is optimized with the Yoast SEO plugin v27.3 - https:\/\/yoast.com\/product\/yoast-seo-wordpress\/ -->\n<title>Dienstleistungen - Global Listings<\/title>\n<meta name=\"robots\" content=\"index, follow, max-snippet:-1, max-image-preview:large, max-video-preview:-1\" \/>\n<link rel=\"canonical\" href=\"https:\/\/www.globalepgs.info\/de\/dienstleistungen\/\" \/>\n<meta property=\"og:locale\" content=\"de_DE\" \/>\n<meta property=\"og:type\" content=\"article\" \/>\n<meta property=\"og:title\" content=\"Dienstleistungen - Global Listings\" \/>\n<meta property=\"og:description\" content=\"DIENSTLEISTUNGEN Wir liefern die n\u00e4chste Generation von EPGs Unsere EPG-L\u00f6sungen sind gerade deshalb so ideal, weil sie ganz darauf ausgerichtet sind, die Zuschauer Ihres Senders direkt anzusprechen, damit sie schnell und einfach alle erforderlichen Informationen finden. Und das unabh\u00e4ngig davon, ob sie diese on-demand, \u00fcber lineares Fernsehen oder \u00fcber OTT-Dienste abfragen. Dank unseres hervorragend ausgebildeten [&hellip;]\" \/>\n<meta property=\"og:url\" content=\"https:\/\/www.globalepgs.info\/de\/dienstleistungen\/\" \/>\n<meta property=\"og:site_name\" content=\"Global Listings\" \/>\n<meta property=\"article:modified_time\" content=\"2017-12-28T17:56:20+00:00\" \/>\n<meta property=\"og:image\" content=\"http:\/\/www.globalepgs.info\/app\/uploads\/2017\/02\/circles7.png\" \/>\n<meta name=\"twitter:card\" content=\"summary_large_image\" \/>\n<meta name=\"twitter:label1\" content=\"Est. reading time\" \/>\n\t<meta name=\"twitter:data1\" content=\"4 minutes\" \/>\n<script type=\"application\/ld+json\" class=\"yoast-schema-graph\">{\"@context\":\"https:\\\/\\\/schema.org\",\"@graph\":[{\"@type\":\"WebPage\",\"@id\":\"https:\\\/\\\/www.globalepgs.info\\\/de\\\/dienstleistungen\\\/\",\"url\":\"https:\\\/\\\/www.globalepgs.info\\\/de\\\/dienstleistungen\\\/\",\"name\":\"Dienstleistungen - Global Listings\",\"isPartOf\":{\"@id\":\"https:\\\/\\\/www.globalepgs.info\\\/es\\\/#website\"},\"primaryImageOfPage\":{\"@id\":\"https:\\\/\\\/www.globalepgs.info\\\/de\\\/dienstleistungen\\\/#primaryimage\"},\"image\":{\"@id\":\"https:\\\/\\\/www.globalepgs.info\\\/de\\\/dienstleistungen\\\/#primaryimage\"},\"thumbnailUrl\":\"http:\\\/\\\/www.globalepgs.info\\\/app\\\/uploads\\\/2017\\\/02\\\/circles7.png\",\"datePublished\":\"2017-03-18T17:52:08+00:00\",\"dateModified\":\"2017-12-28T17:56:20+00:00\",\"breadcrumb\":{\"@id\":\"https:\\\/\\\/www.globalepgs.info\\\/de\\\/dienstleistungen\\\/#breadcrumb\"},\"inLanguage\":\"de-DE\",\"potentialAction\":[{\"@type\":\"ReadAction\",\"target\":[\"https:\\\/\\\/www.globalepgs.info\\\/de\\\/dienstleistungen\\\/\"]}]},{\"@type\":\"ImageObject\",\"inLanguage\":\"de-DE\",\"@id\":\"https:\\\/\\\/www.globalepgs.info\\\/de\\\/dienstleistungen\\\/#primaryimage\",\"url\":\"http:\\\/\\\/www.globalepgs.info\\\/app\\\/uploads\\\/2017\\\/02\\\/circles7.png\",\"contentUrl\":\"http:\\\/\\\/www.globalepgs.info\\\/app\\\/uploads\\\/2017\\\/02\\\/circles7.png\"},{\"@type\":\"BreadcrumbList\",\"@id\":\"https:\\\/\\\/www.globalepgs.info\\\/de\\\/dienstleistungen\\\/#breadcrumb\",\"itemListElement\":[{\"@type\":\"ListItem\",\"position\":1,\"name\":\"Home\",\"item\":\"https:\\\/\\\/www.globalepgs.info\\\/de\\\/\"},{\"@type\":\"ListItem\",\"position\":2,\"name\":\"Dienstleistungen\"}]},{\"@type\":\"WebSite\",\"@id\":\"https:\\\/\\\/www.globalepgs.info\\\/es\\\/#website\",\"url\":\"https:\\\/\\\/www.globalepgs.info\\\/es\\\/\",\"name\":\"Global Listings\",\"description\":\"Just another WordPress site\",\"potentialAction\":[{\"@type\":\"SearchAction\",\"target\":{\"@type\":\"EntryPoint\",\"urlTemplate\":\"https:\\\/\\\/www.globalepgs.info\\\/es\\\/?s={search_term_string}\"},\"query-input\":{\"@type\":\"PropertyValueSpecification\",\"valueRequired\":true,\"valueName\":\"search_term_string\"}}],\"inLanguage\":\"de-DE\"}]}<\/script>\n<!-- \/ Yoast SEO plugin. -->","yoast_head_json":{"title":"Dienstleistungen - Global Listings","robots":{"index":"index","follow":"follow","max-snippet":"max-snippet:-1","max-image-preview":"max-image-preview:large","max-video-preview":"max-video-preview:-1"},"canonical":"https:\/\/www.globalepgs.info\/de\/dienstleistungen\/","og_locale":"de_DE","og_type":"article","og_title":"Dienstleistungen - Global Listings","og_description":"DIENSTLEISTUNGEN Wir liefern die n\u00e4chste Generation von EPGs Unsere EPG-L\u00f6sungen sind gerade deshalb so ideal, weil sie ganz darauf ausgerichtet sind, die Zuschauer Ihres Senders direkt anzusprechen, damit sie schnell und einfach alle erforderlichen Informationen finden. Und das unabh\u00e4ngig davon, ob sie diese on-demand, \u00fcber lineares Fernsehen oder \u00fcber OTT-Dienste abfragen. Dank unseres hervorragend ausgebildeten [&hellip;]","og_url":"https:\/\/www.globalepgs.info\/de\/dienstleistungen\/","og_site_name":"Global Listings","article_modified_time":"2017-12-28T17:56:20+00:00","og_image":[{"url":"http:\/\/www.globalepgs.info\/app\/uploads\/2017\/02\/circles7.png","type":"","width":"","height":""}],"twitter_card":"summary_large_image","twitter_misc":{"Est. reading time":"4 minutes"},"schema":{"@context":"https:\/\/schema.org","@graph":[{"@type":"WebPage","@id":"https:\/\/www.globalepgs.info\/de\/dienstleistungen\/","url":"https:\/\/www.globalepgs.info\/de\/dienstleistungen\/","name":"Dienstleistungen - Global Listings","isPartOf":{"@id":"https:\/\/www.globalepgs.info\/es\/#website"},"primaryImageOfPage":{"@id":"https:\/\/www.globalepgs.info\/de\/dienstleistungen\/#primaryimage"},"image":{"@id":"https:\/\/www.globalepgs.info\/de\/dienstleistungen\/#primaryimage"},"thumbnailUrl":"http:\/\/www.globalepgs.info\/app\/uploads\/2017\/02\/circles7.png","datePublished":"2017-03-18T17:52:08+00:00","dateModified":"2017-12-28T17:56:20+00:00","breadcrumb":{"@id":"https:\/\/www.globalepgs.info\/de\/dienstleistungen\/#breadcrumb"},"inLanguage":"de-DE","potentialAction":[{"@type":"ReadAction","target":["https:\/\/www.globalepgs.info\/de\/dienstleistungen\/"]}]},{"@type":"ImageObject","inLanguage":"de-DE","@id":"https:\/\/www.globalepgs.info\/de\/dienstleistungen\/#primaryimage","url":"http:\/\/www.globalepgs.info\/app\/uploads\/2017\/02\/circles7.png","contentUrl":"http:\/\/www.globalepgs.info\/app\/uploads\/2017\/02\/circles7.png"},{"@type":"BreadcrumbList","@id":"https:\/\/www.globalepgs.info\/de\/dienstleistungen\/#breadcrumb","itemListElement":[{"@type":"ListItem","position":1,"name":"Home","item":"https:\/\/www.globalepgs.info\/de\/"},{"@type":"ListItem","position":2,"name":"Dienstleistungen"}]},{"@type":"WebSite","@id":"https:\/\/www.globalepgs.info\/es\/#website","url":"https:\/\/www.globalepgs.info\/es\/","name":"Global Listings","description":"Just another WordPress site","potentialAction":[{"@type":"SearchAction","target":{"@type":"EntryPoint","urlTemplate":"https:\/\/www.globalepgs.info\/es\/?s={search_term_string}"},"query-input":{"@type":"PropertyValueSpecification","valueRequired":true,"valueName":"search_term_string"}}],"inLanguage":"de-DE"}]}},"_links":{"self":[{"href":"https:\/\/www.globalepgs.info\/de\/wp-json\/wp\/v2\/pages\/4890","targetHints":{"allow":["GET"]}}],"collection":[{"href":"https:\/\/www.globalepgs.info\/de\/wp-json\/wp\/v2\/pages"}],"about":[{"href":"https:\/\/www.globalepgs.info\/de\/wp-json\/wp\/v2\/types\/page"}],"author":[{"embeddable":true,"href":"https:\/\/www.globalepgs.info\/de\/wp-json\/wp\/v2\/users\/1"}],"replies":[{"embeddable":true,"href":"https:\/\/www.globalepgs.info\/de\/wp-json\/wp\/v2\/comments?post=4890"}],"version-history":[{"count":0,"href":"https:\/\/www.globalepgs.info\/de\/wp-json\/wp\/v2\/pages\/4890\/revisions"}],"wp:attachment":[{"href":"https:\/\/www.globalepgs.info\/de\/wp-json\/wp\/v2\/media?parent=4890"}],"curies":[{"name":"wp","href":"https:\/\/api.w.org\/{rel}","templated":true}]}}