{"id":4980,"date":"2017-03-20T08:43:32","date_gmt":"2017-03-20T08:43:32","guid":{"rendered":"http:\/\/www.globalepgs.info\/es\/nuestros-socios\/"},"modified":"2017-12-14T19:58:34","modified_gmt":"2017-12-14T19:58:34","slug":"nuestros-socios","status":"publish","type":"page","link":"https:\/\/www.globalepgs.info\/es\/nuestros-socios\/","title":{"rendered":"Nuestros socios"},"content":{"rendered":"<div class=\"col-4\">\n<p><img decoding=\"async\" class=\"img-circle img-responsive\" src=\"http:\/\/globalepgs.info\/app\/uploads\/2017\/02\/circles9.png\" alt=\"content_photo\" \/><\/p>\n<p class=\"content\">NUESTROS SOCIOS<\/p>\n<\/div>\n<div class=\"col-8\">\n<div class=\"content\">\n<p>Global Listings suministra datos EPG a m\u00e1s de 100 plataformas de televisi\u00f3n en todo el mundo<\/p>\n<p>Colaboramos estrechamente con los gigantes de la industria en un \u00e1mbito global. Suministramos datos EPG a 6,6 mil millones de usuarios a trav\u00e9s de las regiones de Europa, Oriente Medio, \u00c1frica, Asia, Am\u00e9rica y Asia Pac\u00edfico<\/p>\n<p>Las EPG pueden potenciar o desprestigiar un programa; si el contenido &#8220;vende&#8221; el espect\u00e1culo, el espectador lo ver\u00e1; pero si no cumplen su cometido, el usuario cambiar\u00e1 de canal<\/p>\n<p>Somos expertos en maximizar los \u00edndices de audiencia de nuestras emisoras cliente realizando transmisiones de datos concisos, perspicaces, llamativos, tecnol\u00f3gicamente avanzados en el idioma y en la zona horaria seleccionados<\/p>\n<p>Somos un socio centrado en el cliente, t\u00e9cnicamente superior y h\u00e1bil desde el punto de vista editorial. Nuestras soluciones expansibles y tecnolog\u00edas de vanguardia se combinan para suministrar las EPG m\u00e1s atrayentes capaces de captar totalmente la atenci\u00f3n de una audiencia de un canal de TV determinado:<\/p>\n<p>\u2026en su casa<\/p>\n<p>\u2026cuando est\u00e1n dispuestos a escuchar los mensajes del canal seleccionado<\/p>\n<p>\u2026en el momento en que han decidido qu\u00e9 canal van a ver<\/p>\n<p><strong>Algunos de nuestros socios de plataformas de TV:<\/strong><\/p>\n<div style=\"float: left;width: 50%\">\n<ul>\n<li>Sky (Reino Unido)<\/li>\n<li>Mediaset Premium (Italia)<\/li>\n<li>Nova Group (Ruman\u00eda)<\/li>\n<li>Freeview (Reino Unido)<\/li>\n<li>Sky (Italia)<\/li>\n<li>Plesul \/ Telemedia (Ruman\u00eda)<\/li>\n<li>Freesat (Reino Unido)<\/li>\n<li>Persidera (Italia)<\/li>\n<li>RCS (Ruman\u00eda)<\/li>\n<li>Top-Up TV (Reino Unido)<\/li>\n<li>ART (Oriente Medio)<\/li>\n<li>RomTelecom (Ruman\u00eda)<\/li>\n<li>Foxtel (Australia)<\/li>\n<li>Orbit Showtime (Oriente Medio)<\/li>\n<li>Sangel Prod (Ruman\u00eda)<\/li>\n<li>Belgacom (B\u00e9lgica)<\/li>\n<li>CAIW (Holanda)<\/li>\n<li>SC Canal S (Ruman\u00eda)<\/li>\n<li>MaxTV (Croacia)<\/li>\n<li>Glashart Media (Holanda)<\/li>\n<li>SC Cuantic (Ruman\u00eda)<\/li>\n<li>Now (Lejano Oriente)<\/li>\n<li>KPN (Holanda)<\/li>\n<li>SC Gilga (Ruman\u00eda)<\/li>\n<li>Singtel (Lejano Oriente)<\/li>\n<li>Canal Digital (Noruega)<\/li>\n<li>SC Ines (Ruman\u00eda)<\/li>\n<li>Starhub (Lejano Oriente)<\/li>\n<li>Aster (Polonia)<\/li>\n<li>SC Kety Prod (Ruman\u00eda)<\/li>\n<li>Canal Satellite (Francia)<\/li>\n<li>Cyfra+ (Polonia)<\/li>\n<li>SC Lumident (Ruman\u00eda)<\/li>\n<li>KDG (Alemania)<\/li>\n<li>Cyfrowy Polsat (Polonia)<\/li>\n<li>SC Semsat (Ruman\u00eda)<\/li>\n<li>Nova (Grecia)<\/li>\n<li>MultiMedia (Polonia)<\/li>\n<li>SC Telesat (Ruman\u00eda)<\/li>\n<li>ONTelecoms (Grecia)<\/li>\n<li>N (Polonia)<\/li>\n<li>SC Toro Media (Ruman\u00eda)<\/li>\n<li>OTE (Grecia)<\/li>\n<li>Toya (Polonia)<\/li>\n<li>Solpress (Ruman\u00eda)<\/li>\n<li>Antenna (Hungr\u00eda)<\/li>\n<li>Vectra (Polonia)<\/li>\n<li>UPC Romania (Ruman\u00eda)<\/li>\n<li>Digi TV (Hungr\u00eda)<\/li>\n<li>UPC (Polonia)<\/li>\n<li>NTV (Rusia)<\/li>\n<li>Fibernet (Hungr\u00eda)<\/li>\n<li>CaboVisao (Portugal)<\/li>\n<li>Platforma HD (Rusia)<\/li>\n<li>HelloHD (Hungr\u00eda)<\/li>\n<li>ClixSmart (Portugal)<\/li>\n<li>Astra (Internacional)<\/li>\n<li>Sky Germany (Alemania)<\/li>\n<li>Starmax (Oriente Medio)<\/li>\n<li>TeliaSonera (Pa\u00edses Escandinavos)<\/li>\n<\/ul>\n<\/div>\n<div style=\"float: right;width: 50%\">\n<ul>\n<li>Virgin (Reino Unido)<\/li>\n<li>Movistar (Espa\u00f1a)<\/li>\n<li>Vemox (EE UU)<\/li>\n<li>Echostar (EE UU)<\/li>\n<li>Vodafone (Portugal)<\/li>\n<li>Vodafone (Espa\u00f1a)<\/li>\n<li>SBB (Serbia)<\/li>\n<li>HFC (Hungr\u00eda)<\/li>\n<li>beIN (Oriente Medio)<\/li>\n<li>Amis (Eslovenia)<\/li>\n<li>Invitel (Hungr\u00eda)<\/li>\n<li>Boxer Teracom (Suecia)<\/li>\n<li>Mobitel (Eslovenia)<\/li>\n<li>IP-Park (Hungr\u00eda)<\/li>\n<li>Eutelsat Hot Bird (Internacional)<\/li>\n<li>Siol TV (Eslovenia)<\/li>\n<li>KS8500 (Hungr\u00eda)<\/li>\n<li>GO (Malta)<\/li>\n<li>Tus (Eslovenia)<\/li>\n<li>Magyar Telekom (Hungr\u00eda)<\/li>\n<li>Zon (Portugal)<\/li>\n<li>MultiChoice (Sud\u00e1frica)<\/li>\n<li>Parisat (Hungr\u00eda)<\/li>\n<li>Botu Service (Ruman\u00eda)<\/li>\n<li>Abertis (Espa\u00f1a)<\/li>\n<li>PR Tele (Hungr\u00eda)<\/li>\n<li>Cable TV Sistem (Ruman\u00eda)<\/li>\n<li>Digital Plus (Espa\u00f1a)<\/li>\n<li>R\u00f6szkenet (Hungr\u00eda)<\/li>\n<li>Clar Television (Ruman\u00eda)<\/li>\n<li>ONO (Espa\u00f1a)<\/li>\n<li>Rubicom (Hungr\u00eda)<\/li>\n<li>Dynamic Distribution (Ruman\u00eda)<\/li>\n<li>Teuve (Espa\u00f1a)<\/li>\n<li>Szamosnet (Hungr\u00eda)<\/li>\n<li>Electrotech Ind (Ruman\u00eda)<\/li>\n<li>DigiTurk (Turqu\u00eda)<\/li>\n<li>Szarvas (Hungr\u00eda)<\/li>\n<li>GMB Computers (Ruman\u00eda)<\/li>\n<li>DSmart (Turqu\u00eda)<\/li>\n<li>TACell (Hungr\u00eda)<\/li>\n<li>Greenzone (Ruman\u00eda)<\/li>\n<li>Turksat (Turqu\u00eda)<\/li>\n<li>Tarr (Hungr\u00eda)<\/li>\n<li>Ideovet Serv (Ruman\u00eda)<\/li>\n<li>Airtel (India)<\/li>\n<li>T-Kabel (Hungr\u00eda)<\/li>\n<li>Ines (Ruman\u00eda)<\/li>\n<li>Sky New Zealand<\/li>\n<li>UPC (Hungr\u00eda)<\/li>\n<li>Iris ACTV Impex (Ruman\u00eda)<\/li>\n<li>Azam TV (Tanzania)<\/li>\n<li>Vac Varosi (Hungr\u00eda)<\/li>\n<li>Lidas Prod (Ruman\u00eda)<\/li>\n<li>My HD (Dubai)<\/li>\n<li>ViDaNet (Hungr\u00eda)<\/li>\n<li>Magnavox (Ruman\u00eda)<\/li>\n<li>Altibox (Noruega)<\/li>\n<li>Yes! (Israel)<\/li>\n<li>Medvest (Ruman\u00eda)<\/li>\n<li>Total Play (M\u00e9xico)<\/li>\n<\/ul>\n<\/div>\n<\/div>\n<\/div>\n","protected":false},"excerpt":{"rendered":"<p>NUESTROS SOCIOS Global Listings suministra datos EPG a m\u00e1s de 100 plataformas de televisi\u00f3n en todo el mundo Colaboramos estrechamente con los gigantes de la industria en un \u00e1mbito global. Suministramos datos EPG a 6,6 mil millones de usuarios a trav\u00e9s de las regiones de Europa, Oriente Medio, \u00c1frica, Asia, Am\u00e9rica y Asia Pac\u00edfico Las [&hellip;]<\/p>\n","protected":false},"author":1,"featured_media":0,"parent":0,"menu_order":129,"comment_status":"closed","ping_status":"closed","template":"page-epgs_template.php","meta":{"_acf_changed":false,"footnotes":""},"class_list":["post-4980","page","type-page","status-publish","hentry"],"acf":[],"yoast_head":"<!-- This site is optimized with the Yoast SEO plugin v27.3 - https:\/\/yoast.com\/product\/yoast-seo-wordpress\/ -->\n<title>Nuestros socios - Global Listings<\/title>\n<meta name=\"robots\" content=\"index, follow, max-snippet:-1, max-image-preview:large, max-video-preview:-1\" \/>\n<link rel=\"canonical\" href=\"https:\/\/www.globalepgs.info\/es\/nuestros-socios\/\" \/>\n<meta property=\"og:locale\" content=\"es_ES\" \/>\n<meta property=\"og:type\" content=\"article\" \/>\n<meta property=\"og:title\" content=\"Nuestros socios - Global Listings\" \/>\n<meta property=\"og:description\" content=\"NUESTROS SOCIOS Global Listings suministra datos EPG a m\u00e1s de 100 plataformas de televisi\u00f3n en todo el mundo Colaboramos estrechamente con los gigantes de la industria en un \u00e1mbito global. Suministramos datos EPG a 6,6 mil millones de usuarios a trav\u00e9s de las regiones de Europa, Oriente Medio, \u00c1frica, Asia, Am\u00e9rica y Asia Pac\u00edfico Las [&hellip;]\" \/>\n<meta property=\"og:url\" content=\"https:\/\/www.globalepgs.info\/es\/nuestros-socios\/\" \/>\n<meta property=\"og:site_name\" content=\"Global Listings\" \/>\n<meta property=\"article:modified_time\" content=\"2017-12-14T19:58:34+00:00\" \/>\n<meta property=\"og:image\" content=\"http:\/\/globalepgs.info\/app\/uploads\/2017\/02\/circles9.png\" \/>\n<meta name=\"twitter:card\" content=\"summary_large_image\" \/>\n<meta name=\"twitter:label1\" content=\"Est. reading time\" \/>\n\t<meta name=\"twitter:data1\" content=\"3 minutes\" \/>\n<script type=\"application\/ld+json\" class=\"yoast-schema-graph\">{\"@context\":\"https:\\\/\\\/schema.org\",\"@graph\":[{\"@type\":\"WebPage\",\"@id\":\"https:\\\/\\\/www.globalepgs.info\\\/es\\\/nuestros-socios\\\/\",\"url\":\"https:\\\/\\\/www.globalepgs.info\\\/es\\\/nuestros-socios\\\/\",\"name\":\"Nuestros socios - Global Listings\",\"isPartOf\":{\"@id\":\"https:\\\/\\\/www.globalepgs.info\\\/es\\\/#website\"},\"primaryImageOfPage\":{\"@id\":\"https:\\\/\\\/www.globalepgs.info\\\/es\\\/nuestros-socios\\\/#primaryimage\"},\"image\":{\"@id\":\"https:\\\/\\\/www.globalepgs.info\\\/es\\\/nuestros-socios\\\/#primaryimage\"},\"thumbnailUrl\":\"http:\\\/\\\/globalepgs.info\\\/app\\\/uploads\\\/2017\\\/02\\\/circles9.png\",\"datePublished\":\"2017-03-20T08:43:32+00:00\",\"dateModified\":\"2017-12-14T19:58:34+00:00\",\"breadcrumb\":{\"@id\":\"https:\\\/\\\/www.globalepgs.info\\\/es\\\/nuestros-socios\\\/#breadcrumb\"},\"inLanguage\":\"es-ES\",\"potentialAction\":[{\"@type\":\"ReadAction\",\"target\":[\"https:\\\/\\\/www.globalepgs.info\\\/es\\\/nuestros-socios\\\/\"]}]},{\"@type\":\"ImageObject\",\"inLanguage\":\"es-ES\",\"@id\":\"https:\\\/\\\/www.globalepgs.info\\\/es\\\/nuestros-socios\\\/#primaryimage\",\"url\":\"http:\\\/\\\/globalepgs.info\\\/app\\\/uploads\\\/2017\\\/02\\\/circles9.png\",\"contentUrl\":\"http:\\\/\\\/globalepgs.info\\\/app\\\/uploads\\\/2017\\\/02\\\/circles9.png\"},{\"@type\":\"BreadcrumbList\",\"@id\":\"https:\\\/\\\/www.globalepgs.info\\\/es\\\/nuestros-socios\\\/#breadcrumb\",\"itemListElement\":[{\"@type\":\"ListItem\",\"position\":1,\"name\":\"Home\",\"item\":\"https:\\\/\\\/www.globalepgs.info\\\/es\\\/\"},{\"@type\":\"ListItem\",\"position\":2,\"name\":\"Nuestros socios\"}]},{\"@type\":\"WebSite\",\"@id\":\"https:\\\/\\\/www.globalepgs.info\\\/es\\\/#website\",\"url\":\"https:\\\/\\\/www.globalepgs.info\\\/es\\\/\",\"name\":\"Global Listings\",\"description\":\"Just another WordPress site\",\"potentialAction\":[{\"@type\":\"SearchAction\",\"target\":{\"@type\":\"EntryPoint\",\"urlTemplate\":\"https:\\\/\\\/www.globalepgs.info\\\/es\\\/?s={search_term_string}\"},\"query-input\":{\"@type\":\"PropertyValueSpecification\",\"valueRequired\":true,\"valueName\":\"search_term_string\"}}],\"inLanguage\":\"es-ES\"}]}<\/script>\n<!-- \/ Yoast SEO plugin. -->","yoast_head_json":{"title":"Nuestros socios - Global Listings","robots":{"index":"index","follow":"follow","max-snippet":"max-snippet:-1","max-image-preview":"max-image-preview:large","max-video-preview":"max-video-preview:-1"},"canonical":"https:\/\/www.globalepgs.info\/es\/nuestros-socios\/","og_locale":"es_ES","og_type":"article","og_title":"Nuestros socios - Global Listings","og_description":"NUESTROS SOCIOS Global Listings suministra datos EPG a m\u00e1s de 100 plataformas de televisi\u00f3n en todo el mundo Colaboramos estrechamente con los gigantes de la industria en un \u00e1mbito global. Suministramos datos EPG a 6,6 mil millones de usuarios a trav\u00e9s de las regiones de Europa, Oriente Medio, \u00c1frica, Asia, Am\u00e9rica y Asia Pac\u00edfico Las [&hellip;]","og_url":"https:\/\/www.globalepgs.info\/es\/nuestros-socios\/","og_site_name":"Global Listings","article_modified_time":"2017-12-14T19:58:34+00:00","og_image":[{"url":"http:\/\/globalepgs.info\/app\/uploads\/2017\/02\/circles9.png","type":"","width":"","height":""}],"twitter_card":"summary_large_image","twitter_misc":{"Est. reading time":"3 minutes"},"schema":{"@context":"https:\/\/schema.org","@graph":[{"@type":"WebPage","@id":"https:\/\/www.globalepgs.info\/es\/nuestros-socios\/","url":"https:\/\/www.globalepgs.info\/es\/nuestros-socios\/","name":"Nuestros socios - Global Listings","isPartOf":{"@id":"https:\/\/www.globalepgs.info\/es\/#website"},"primaryImageOfPage":{"@id":"https:\/\/www.globalepgs.info\/es\/nuestros-socios\/#primaryimage"},"image":{"@id":"https:\/\/www.globalepgs.info\/es\/nuestros-socios\/#primaryimage"},"thumbnailUrl":"http:\/\/globalepgs.info\/app\/uploads\/2017\/02\/circles9.png","datePublished":"2017-03-20T08:43:32+00:00","dateModified":"2017-12-14T19:58:34+00:00","breadcrumb":{"@id":"https:\/\/www.globalepgs.info\/es\/nuestros-socios\/#breadcrumb"},"inLanguage":"es-ES","potentialAction":[{"@type":"ReadAction","target":["https:\/\/www.globalepgs.info\/es\/nuestros-socios\/"]}]},{"@type":"ImageObject","inLanguage":"es-ES","@id":"https:\/\/www.globalepgs.info\/es\/nuestros-socios\/#primaryimage","url":"http:\/\/globalepgs.info\/app\/uploads\/2017\/02\/circles9.png","contentUrl":"http:\/\/globalepgs.info\/app\/uploads\/2017\/02\/circles9.png"},{"@type":"BreadcrumbList","@id":"https:\/\/www.globalepgs.info\/es\/nuestros-socios\/#breadcrumb","itemListElement":[{"@type":"ListItem","position":1,"name":"Home","item":"https:\/\/www.globalepgs.info\/es\/"},{"@type":"ListItem","position":2,"name":"Nuestros socios"}]},{"@type":"WebSite","@id":"https:\/\/www.globalepgs.info\/es\/#website","url":"https:\/\/www.globalepgs.info\/es\/","name":"Global Listings","description":"Just another WordPress site","potentialAction":[{"@type":"SearchAction","target":{"@type":"EntryPoint","urlTemplate":"https:\/\/www.globalepgs.info\/es\/?s={search_term_string}"},"query-input":{"@type":"PropertyValueSpecification","valueRequired":true,"valueName":"search_term_string"}}],"inLanguage":"es-ES"}]}},"_links":{"self":[{"href":"https:\/\/www.globalepgs.info\/es\/wp-json\/wp\/v2\/pages\/4980","targetHints":{"allow":["GET"]}}],"collection":[{"href":"https:\/\/www.globalepgs.info\/es\/wp-json\/wp\/v2\/pages"}],"about":[{"href":"https:\/\/www.globalepgs.info\/es\/wp-json\/wp\/v2\/types\/page"}],"author":[{"embeddable":true,"href":"https:\/\/www.globalepgs.info\/es\/wp-json\/wp\/v2\/users\/1"}],"replies":[{"embeddable":true,"href":"https:\/\/www.globalepgs.info\/es\/wp-json\/wp\/v2\/comments?post=4980"}],"version-history":[{"count":0,"href":"https:\/\/www.globalepgs.info\/es\/wp-json\/wp\/v2\/pages\/4980\/revisions"}],"wp:attachment":[{"href":"https:\/\/www.globalepgs.info\/es\/wp-json\/wp\/v2\/media?parent=4980"}],"curies":[{"name":"wp","href":"https:\/\/api.w.org\/{rel}","templated":true}]}}