{"id":5043,"date":"2017-03-21T20:48:27","date_gmt":"2017-03-21T20:48:27","guid":{"rendered":"http:\/\/www.globalepgs.info\/es\/servicios\/"},"modified":"2017-12-14T20:11:38","modified_gmt":"2017-12-14T20:11:38","slug":"servicios","status":"publish","type":"page","link":"https:\/\/www.globalepgs.info\/es\/servicios\/","title":{"rendered":"Servicios"},"content":{"rendered":"<div class=\"col-4\">\n<p><img decoding=\"async\" class=\"img-circle img-responsive\" src=\"http:\/\/globalepgs.info\/app\/uploads\/2017\/02\/circles7.png\" alt=\"\" \/><\/p>\n<p class=\"content\">SERVICIOS<\/p>\n<\/div>\n<div class=\"col-8\">\n<div class=\"content\">\n<p>Ofrecemos la generaci\u00f3n del futuro de EPG<\/p>\n<p>Nuestras soluciones de EPG son \u00fanicas porque est\u00e1n dise\u00f1adas para dirigir a los espectadores de televisi\u00f3n de nuestros clientes de manera que puedan encontrar y organizar f\u00e1cilmente sus contenidos desde servicios de pago, de televisi\u00f3n lineal o v\u00eda OTT<\/p>\n<p>Gracias a nuestros equipos sumamente h\u00e1biles y a nuestra tecnolog\u00eda din\u00e1mica dirigida a la industria televisiva, somos capaces de proporcionar una experiencia certera y atractiva para captar al espectador y asegurar que terminar\u00e1 amando y confiando en el canal de nuestro cliente<\/p>\n<p>Global EPGs colabora con plataformas de TV en todo el mundo, en todos los continentes, excepto en la Ant\u00e1rtida (\u00a1aunque estamos trabajando para solucionarlo!)<\/p>\n<p>En lo que respecta a nuestra cobertura de datos EPG internacionales, somos l\u00edderes en el mercado y estamos acostumbrados a trabajar con todas las zonas horarias del mundo, sensibilidades culturales, peculiaridades espec\u00edficas, m\u00e9todos de entrega, especificaciones t\u00e9cnicas, plazos de entrega, archivos de metadatos y todas aquellas especificaciones que son exclusivas de cada una de las plataformas<\/p>\n<p>Es crucial para nosotros entregar los datos EPG correctos en el plazo correcto, en el formato correcto y en el destino correcto<\/p>\n<p>Global EPGs puede mejorar los datos EPG de cualquier canal, incluyendo:<\/p>\n<p><strong>IM\u00c1GENES DE PROGRAMAS<\/strong><br \/>\nColocamos im\u00e1genes en cada registro de televisi\u00f3n, ya que pueden ser distintos seg\u00fan el nivel del programa: serie (por ejemplo, Las Kardashian), temporada (por ejemplo, 2\u00aa Temporada) y episodio, y a estos tres niveles se les adjuntar\u00eda sus im\u00e1genes puntuales por separado<\/p>\n<p>Las im\u00e1genes se almacenan en nuestra base de datos central y pueden exportarse con diferentes resoluciones y tama\u00f1os seg\u00fan las especificaciones de cada plataforma de TV<\/p>\n<p><strong>SIDELOADING Y STREAMING<\/strong><br \/>\nCada vez hay m\u00e1s plataformas de TV que ofrecen unas app a medida y que permiten a sus suscriptores transmitir contenido de programas y ver material, grabado anteriormente, en un dispositivo secundario, como un smartphone o una tablet<\/p>\n<p>Existen diversas consideraciones a este respecto, desde derechos y permisos generales hasta la duraci\u00f3n espec\u00edfica de un programa que ha sido descargado por el usuario. Global EPGs ayuda a las emisoras de televisi\u00f3n a navegar por este avispero potencial, y proporciona a la plataforma de TV lo que necesita exactamente en t\u00e9rminos de metadatos asociados<\/p>\n<p><strong>SERVICIOS DE ACCESIBILIDAD<\/strong><br \/>\nSe ha hecho obligatorio para muchos canales de TV indicar qu\u00e9 programas llevan subt\u00edtulos, descripciones de audio o lenguaje de signos en pantalla. Global EPGs colabora con las emisoras de televisi\u00f3n para garantizar que sus compromisos con los servicios de accesibilidad est\u00e1n representados correctamente en las EPG<\/p>\n<p><strong>VINCULACI\u00d3N DE SERIES<\/strong><br \/>\nEn Global EPGs estamos convencidos de que la Vinculaci\u00f3n de series es una forma de arte en s\u00ed misma y de que nuestra tecnolog\u00eda avanzada nos permite crear conexi\u00f3n de series para distintas plataformas, sin importar la hora de emisi\u00f3n de los programas de un canal en particular<\/p>\n<p>Conocemos y respetamos las reglas en lo que se refiere a la exactitud de los t\u00edtulos, a las cadenas de cierre al final de una temporada y a evitar dejar demasiado espacio entre dos episodios vinculados<\/p>\n<p>Nuestra tecnolog\u00eda EPG tambi\u00e9n nos permite crear v\u00ednculos entre pel\u00edculas, episodios y programas puntuales que forman parte de una temporada o recurso publicitario<\/p>\n<p>Si lo desea, nos puede solicitar una demo: <a href=\"mailto:epgs@globallistings.info\">epgs@globallistings.info<\/a><\/p>\n<p><strong>Pasi\u00f3n por la televisi\u00f3n y dedicaci\u00f3n a la precisi\u00f3n<\/strong><\/p>\n<p>Nuestras soluciones de EPG combinan contenido din\u00e1mico, metadatos m\u00faltiples y tecnolog\u00eda avanzada con el fin de suministrar experiencias televisivas sumamente atractivas para la audiencia de nuestras emisoras cliente a escala global<\/p>\n<p>Tanto si los espectadores de un canal de TV ven sus programas favoritos por televisi\u00f3n tradicional o prefieren transmitir su contenido (deportes en directo, pel\u00edculas, m\u00fasica, noticias y entretenimiento) nuestros equipos brit\u00e1nicos e internacionales proporcionan mensajes din\u00e1micos y metadatos descriptivos creados a la medida de cada canal y localizados seg\u00fan la regi\u00f3n, suministrando una soluci\u00f3n personalizada que mantenga las cifras de audiencia de un canal<\/p>\n<p>Nuestros niveles de precisi\u00f3n son insuperables<\/p>\n<p>Nuestra normativa editorial est\u00e1 reconocida por la industria televisiva<\/p>\n<p>Nuestras capacidades t\u00e9cnicas generan contenido de programaci\u00f3n de canales de TV sin igual en \u00e1mbitos multiplataforma<\/p>\n<p>Al crear, conservar y suministrar estos datos en nombre de nuestros clientes, Global EPGs garantiza que nuestros canales socios est\u00e1n totalmente representados por toda la funcionalidad de la generaci\u00f3n del futuro de EPG: opciones de b\u00fasqueda mejoradas, recomendaciones por perfiles sobre preferencias del espectador, vinculaci\u00f3n de series guiada, etc.<\/p>\n<p>Lo que resulta crucial para el crecimiento y popularidad de un canal en el mercado televisivo eternamente competitivo es descubrir contenido, ya sea v\u00eda lineal, VOD, OTT o IPTV, porque los espectadores necesitan saber lo que hay en un canal, y esa informaci\u00f3n est\u00e1 completamente dirigida por el contenido de las EPG<\/p>\n<p>Global EPGs garantiza a nuestros clientes que el contenido EPG de sus canales se generar\u00e1 para cumplir con las expectativas de los espectadores en todo momento<\/p>\n<\/div>\n<\/div>\n","protected":false},"excerpt":{"rendered":"<p>SERVICIOS Ofrecemos la generaci\u00f3n del futuro de EPG Nuestras soluciones de EPG son \u00fanicas porque est\u00e1n dise\u00f1adas para dirigir a los espectadores de televisi\u00f3n de nuestros clientes de manera que puedan encontrar y organizar f\u00e1cilmente sus contenidos desde servicios de pago, de televisi\u00f3n lineal o v\u00eda OTT Gracias a nuestros equipos sumamente h\u00e1biles y a [&hellip;]<\/p>\n","protected":false},"author":1,"featured_media":0,"parent":0,"menu_order":210,"comment_status":"closed","ping_status":"closed","template":"page-epgs_template.php","meta":{"_acf_changed":false,"footnotes":""},"class_list":["post-5043","page","type-page","status-publish","hentry"],"acf":[],"yoast_head":"<!-- This site is optimized with the Yoast SEO plugin v27.4 - https:\/\/yoast.com\/product\/yoast-seo-wordpress\/ -->\n<title>Servicios - Global Listings<\/title>\n<meta name=\"robots\" content=\"index, follow, max-snippet:-1, max-image-preview:large, max-video-preview:-1\" \/>\n<link rel=\"canonical\" href=\"https:\/\/www.globalepgs.info\/es\/servicios\/\" \/>\n<meta property=\"og:locale\" content=\"es_ES\" \/>\n<meta property=\"og:type\" content=\"article\" \/>\n<meta property=\"og:title\" content=\"Servicios - Global Listings\" \/>\n<meta property=\"og:description\" content=\"SERVICIOS Ofrecemos la generaci\u00f3n del futuro de EPG Nuestras soluciones de EPG son \u00fanicas porque est\u00e1n dise\u00f1adas para dirigir a los espectadores de televisi\u00f3n de nuestros clientes de manera que puedan encontrar y organizar f\u00e1cilmente sus contenidos desde servicios de pago, de televisi\u00f3n lineal o v\u00eda OTT Gracias a nuestros equipos sumamente h\u00e1biles y a [&hellip;]\" \/>\n<meta property=\"og:url\" content=\"https:\/\/www.globalepgs.info\/es\/servicios\/\" \/>\n<meta property=\"og:site_name\" content=\"Global Listings\" \/>\n<meta property=\"article:modified_time\" content=\"2017-12-14T20:11:38+00:00\" \/>\n<meta property=\"og:image\" content=\"http:\/\/globalepgs.info\/app\/uploads\/2017\/02\/circles7.png\" \/>\n<meta name=\"twitter:card\" content=\"summary_large_image\" \/>\n<meta name=\"twitter:label1\" content=\"Est. reading time\" \/>\n\t<meta name=\"twitter:data1\" content=\"4 minutes\" \/>\n<script type=\"application\/ld+json\" class=\"yoast-schema-graph\">{\"@context\":\"https:\\\/\\\/schema.org\",\"@graph\":[{\"@type\":\"WebPage\",\"@id\":\"https:\\\/\\\/www.globalepgs.info\\\/es\\\/servicios\\\/\",\"url\":\"https:\\\/\\\/www.globalepgs.info\\\/es\\\/servicios\\\/\",\"name\":\"Servicios - Global Listings\",\"isPartOf\":{\"@id\":\"https:\\\/\\\/www.globalepgs.info\\\/es\\\/#website\"},\"primaryImageOfPage\":{\"@id\":\"https:\\\/\\\/www.globalepgs.info\\\/es\\\/servicios\\\/#primaryimage\"},\"image\":{\"@id\":\"https:\\\/\\\/www.globalepgs.info\\\/es\\\/servicios\\\/#primaryimage\"},\"thumbnailUrl\":\"http:\\\/\\\/globalepgs.info\\\/app\\\/uploads\\\/2017\\\/02\\\/circles7.png\",\"datePublished\":\"2017-03-21T20:48:27+00:00\",\"dateModified\":\"2017-12-14T20:11:38+00:00\",\"breadcrumb\":{\"@id\":\"https:\\\/\\\/www.globalepgs.info\\\/es\\\/servicios\\\/#breadcrumb\"},\"inLanguage\":\"es-ES\",\"potentialAction\":[{\"@type\":\"ReadAction\",\"target\":[\"https:\\\/\\\/www.globalepgs.info\\\/es\\\/servicios\\\/\"]}]},{\"@type\":\"ImageObject\",\"inLanguage\":\"es-ES\",\"@id\":\"https:\\\/\\\/www.globalepgs.info\\\/es\\\/servicios\\\/#primaryimage\",\"url\":\"http:\\\/\\\/globalepgs.info\\\/app\\\/uploads\\\/2017\\\/02\\\/circles7.png\",\"contentUrl\":\"http:\\\/\\\/globalepgs.info\\\/app\\\/uploads\\\/2017\\\/02\\\/circles7.png\"},{\"@type\":\"BreadcrumbList\",\"@id\":\"https:\\\/\\\/www.globalepgs.info\\\/es\\\/servicios\\\/#breadcrumb\",\"itemListElement\":[{\"@type\":\"ListItem\",\"position\":1,\"name\":\"Home\",\"item\":\"https:\\\/\\\/www.globalepgs.info\\\/es\\\/\"},{\"@type\":\"ListItem\",\"position\":2,\"name\":\"Servicios\"}]},{\"@type\":\"WebSite\",\"@id\":\"https:\\\/\\\/www.globalepgs.info\\\/es\\\/#website\",\"url\":\"https:\\\/\\\/www.globalepgs.info\\\/es\\\/\",\"name\":\"Global Listings\",\"description\":\"Just another WordPress site\",\"potentialAction\":[{\"@type\":\"SearchAction\",\"target\":{\"@type\":\"EntryPoint\",\"urlTemplate\":\"https:\\\/\\\/www.globalepgs.info\\\/es\\\/?s={search_term_string}\"},\"query-input\":{\"@type\":\"PropertyValueSpecification\",\"valueRequired\":true,\"valueName\":\"search_term_string\"}}],\"inLanguage\":\"es-ES\"}]}<\/script>\n<!-- \/ Yoast SEO plugin. -->","yoast_head_json":{"title":"Servicios - Global Listings","robots":{"index":"index","follow":"follow","max-snippet":"max-snippet:-1","max-image-preview":"max-image-preview:large","max-video-preview":"max-video-preview:-1"},"canonical":"https:\/\/www.globalepgs.info\/es\/servicios\/","og_locale":"es_ES","og_type":"article","og_title":"Servicios - Global Listings","og_description":"SERVICIOS Ofrecemos la generaci\u00f3n del futuro de EPG Nuestras soluciones de EPG son \u00fanicas porque est\u00e1n dise\u00f1adas para dirigir a los espectadores de televisi\u00f3n de nuestros clientes de manera que puedan encontrar y organizar f\u00e1cilmente sus contenidos desde servicios de pago, de televisi\u00f3n lineal o v\u00eda OTT Gracias a nuestros equipos sumamente h\u00e1biles y a [&hellip;]","og_url":"https:\/\/www.globalepgs.info\/es\/servicios\/","og_site_name":"Global Listings","article_modified_time":"2017-12-14T20:11:38+00:00","og_image":[{"url":"http:\/\/globalepgs.info\/app\/uploads\/2017\/02\/circles7.png","type":"","width":"","height":""}],"twitter_card":"summary_large_image","twitter_misc":{"Est. reading time":"4 minutes"},"schema":{"@context":"https:\/\/schema.org","@graph":[{"@type":"WebPage","@id":"https:\/\/www.globalepgs.info\/es\/servicios\/","url":"https:\/\/www.globalepgs.info\/es\/servicios\/","name":"Servicios - Global Listings","isPartOf":{"@id":"https:\/\/www.globalepgs.info\/es\/#website"},"primaryImageOfPage":{"@id":"https:\/\/www.globalepgs.info\/es\/servicios\/#primaryimage"},"image":{"@id":"https:\/\/www.globalepgs.info\/es\/servicios\/#primaryimage"},"thumbnailUrl":"http:\/\/globalepgs.info\/app\/uploads\/2017\/02\/circles7.png","datePublished":"2017-03-21T20:48:27+00:00","dateModified":"2017-12-14T20:11:38+00:00","breadcrumb":{"@id":"https:\/\/www.globalepgs.info\/es\/servicios\/#breadcrumb"},"inLanguage":"es-ES","potentialAction":[{"@type":"ReadAction","target":["https:\/\/www.globalepgs.info\/es\/servicios\/"]}]},{"@type":"ImageObject","inLanguage":"es-ES","@id":"https:\/\/www.globalepgs.info\/es\/servicios\/#primaryimage","url":"http:\/\/globalepgs.info\/app\/uploads\/2017\/02\/circles7.png","contentUrl":"http:\/\/globalepgs.info\/app\/uploads\/2017\/02\/circles7.png"},{"@type":"BreadcrumbList","@id":"https:\/\/www.globalepgs.info\/es\/servicios\/#breadcrumb","itemListElement":[{"@type":"ListItem","position":1,"name":"Home","item":"https:\/\/www.globalepgs.info\/es\/"},{"@type":"ListItem","position":2,"name":"Servicios"}]},{"@type":"WebSite","@id":"https:\/\/www.globalepgs.info\/es\/#website","url":"https:\/\/www.globalepgs.info\/es\/","name":"Global Listings","description":"Just another WordPress site","potentialAction":[{"@type":"SearchAction","target":{"@type":"EntryPoint","urlTemplate":"https:\/\/www.globalepgs.info\/es\/?s={search_term_string}"},"query-input":{"@type":"PropertyValueSpecification","valueRequired":true,"valueName":"search_term_string"}}],"inLanguage":"es-ES"}]}},"_links":{"self":[{"href":"https:\/\/www.globalepgs.info\/es\/wp-json\/wp\/v2\/pages\/5043","targetHints":{"allow":["GET"]}}],"collection":[{"href":"https:\/\/www.globalepgs.info\/es\/wp-json\/wp\/v2\/pages"}],"about":[{"href":"https:\/\/www.globalepgs.info\/es\/wp-json\/wp\/v2\/types\/page"}],"author":[{"embeddable":true,"href":"https:\/\/www.globalepgs.info\/es\/wp-json\/wp\/v2\/users\/1"}],"replies":[{"embeddable":true,"href":"https:\/\/www.globalepgs.info\/es\/wp-json\/wp\/v2\/comments?post=5043"}],"version-history":[{"count":0,"href":"https:\/\/www.globalepgs.info\/es\/wp-json\/wp\/v2\/pages\/5043\/revisions"}],"wp:attachment":[{"href":"https:\/\/www.globalepgs.info\/es\/wp-json\/wp\/v2\/media?parent=5043"}],"curies":[{"name":"wp","href":"https:\/\/api.w.org\/{rel}","templated":true}]}}