{"id":5002,"date":"2017-03-20T15:55:31","date_gmt":"2017-03-20T15:55:31","guid":{"rendered":"http:\/\/www.globalepgs.info\/et\/oeoepaeevaringsed-elektrooniliste-telekavade-uuendused\/"},"modified":"2017-12-08T14:29:46","modified_gmt":"2017-12-08T14:29:46","slug":"oeoepaeevaringsed-elektrooniliste-telekavade-uuendused","status":"publish","type":"page","link":"https:\/\/www.globalepgs.info\/et\/oeoepaeevaringsed-elektrooniliste-telekavade-uuendused\/","title":{"rendered":"\u00d6\u00f6p\u00e4evaringsed elektrooniliste telekavade uuendused"},"content":{"rendered":"<div class=\"col-4\">\n<p><img decoding=\"async\" class=\"img-circle img-responsive\" src=\"http:\/\/globalepgs.info\/app\/uploads\/2017\/02\/circles8.png\" alt=\"content_photo\" \/><\/p>\n<p class=\"content\">\u00d6\u00f6p\u00e4evaringsed elektrooniliste telekavade uuendused<\/p>\n<\/div>\n<div class=\"col-8\">\n<div class=\"content\">\n<p>Ringh\u00e4\u00e4lingufirmadele, kes vajavad kindlustunnet, et v\u00f5ivad uuendada oma elektroonilisi telekavasid \u00f6\u00f6p\u00e4evaringselt (keset \u00f6\u00f6d v\u00f5i koguni j\u00f5ulup\u00fcha ajal), pakub Global EPGs s\u00fcsteemi AGiLE<br \/>\n(Access Global Listings Everywhere)<\/p>\n<p>AGiLE on meie tellitav\u00a0online-teenus ning \u00e4pp mobiiltelefonidele ja tahvelarvutitele, mis annab ringh\u00e4\u00e4linguklientidele v\u00f5imaluse p\u00e4\u00e4seda sisse \u2013 reaalajas \u2013 oma telekavadesse Global EPGs-i andmebaasis, et teha kiireid muudatusi ja saata \u00e4kilisi elektrooniliste telekavade muudatusi, kindlustades, et teleplatvormi andmed on alati sajaprotsendiliselt t\u00e4psed<\/p>\n<p>Kui soovite demonstratsiooni, et hinnata selle kasulikkust enda seisukohast, palun sisestage allpool oma e-posti aadress ja me v\u00f5tame teiega \u00fchendust<\/p>\n<p>Loomulikult on k\u00e4ep\u00e4rast ka meie enda tiimid, et teha need elektrooniliste telekavade uuendused v\u00e4lgukiirusel, seadmata hetkekski kahtluse alla meie t\u00e4psust, mille poolest me tuntud oleme. On teie enda valida, millise taseme teenust te vajate: kas lahusolevat\/iseseisvat v\u00f5i t\u00e4isteenust, mille eest kannavad hoolt meie tiimid<\/p>\n<\/div>\n<\/div>\n","protected":false},"excerpt":{"rendered":"<p>\u00d6\u00f6p\u00e4evaringsed elektrooniliste telekavade uuendused Ringh\u00e4\u00e4lingufirmadele, kes vajavad kindlustunnet, et v\u00f5ivad uuendada oma elektroonilisi telekavasid \u00f6\u00f6p\u00e4evaringselt (keset \u00f6\u00f6d v\u00f5i koguni j\u00f5ulup\u00fcha ajal), pakub Global EPGs s\u00fcsteemi AGiLE (Access Global Listings Everywhere) AGiLE on meie tellitav\u00a0online-teenus ning \u00e4pp mobiiltelefonidele ja tahvelarvutitele, mis annab ringh\u00e4\u00e4linguklientidele v\u00f5imaluse p\u00e4\u00e4seda sisse \u2013 reaalajas \u2013 oma telekavadesse Global EPGs-i andmebaasis, et teha [&hellip;]<\/p>\n","protected":false},"author":1,"featured_media":0,"parent":0,"menu_order":83,"comment_status":"closed","ping_status":"closed","template":"page-epgs_template.php","meta":{"_acf_changed":false,"footnotes":""},"class_list":["post-5002","page","type-page","status-publish","hentry"],"acf":[],"yoast_head":"<!-- This site is optimized with the Yoast SEO plugin v27.4 - https:\/\/yoast.com\/product\/yoast-seo-wordpress\/ -->\n<title>\u00d6\u00f6p\u00e4evaringsed elektrooniliste telekavade uuendused - Global Listings<\/title>\n<meta name=\"robots\" content=\"index, follow, max-snippet:-1, max-image-preview:large, max-video-preview:-1\" \/>\n<link rel=\"canonical\" href=\"https:\/\/www.globalepgs.info\/et\/oeoepaeevaringsed-elektrooniliste-telekavade-uuendused\/\" \/>\n<meta property=\"og:locale\" content=\"et_EE\" \/>\n<meta property=\"og:type\" content=\"article\" \/>\n<meta property=\"og:title\" content=\"\u00d6\u00f6p\u00e4evaringsed elektrooniliste telekavade uuendused - Global Listings\" \/>\n<meta property=\"og:description\" content=\"\u00d6\u00f6p\u00e4evaringsed elektrooniliste telekavade uuendused Ringh\u00e4\u00e4lingufirmadele, kes vajavad kindlustunnet, et v\u00f5ivad uuendada oma elektroonilisi telekavasid \u00f6\u00f6p\u00e4evaringselt (keset \u00f6\u00f6d v\u00f5i koguni j\u00f5ulup\u00fcha ajal), pakub Global EPGs s\u00fcsteemi AGiLE (Access Global Listings Everywhere) AGiLE on meie tellitav\u00a0online-teenus ning \u00e4pp mobiiltelefonidele ja tahvelarvutitele, mis annab ringh\u00e4\u00e4linguklientidele v\u00f5imaluse p\u00e4\u00e4seda sisse \u2013 reaalajas \u2013 oma telekavadesse Global EPGs-i andmebaasis, et teha [&hellip;]\" \/>\n<meta property=\"og:url\" content=\"https:\/\/www.globalepgs.info\/et\/oeoepaeevaringsed-elektrooniliste-telekavade-uuendused\/\" \/>\n<meta property=\"og:site_name\" content=\"Global Listings\" \/>\n<meta property=\"article:modified_time\" content=\"2017-12-08T14:29:46+00:00\" \/>\n<meta property=\"og:image\" content=\"http:\/\/globalepgs.info\/app\/uploads\/2017\/02\/circles8.png\" \/>\n<meta name=\"twitter:card\" content=\"summary_large_image\" \/>\n<meta name=\"twitter:label1\" content=\"Est. reading time\" \/>\n\t<meta name=\"twitter:data1\" content=\"1 minute\" \/>\n<script type=\"application\/ld+json\" class=\"yoast-schema-graph\">{\"@context\":\"https:\\\/\\\/schema.org\",\"@graph\":[{\"@type\":\"WebPage\",\"@id\":\"https:\\\/\\\/www.globalepgs.info\\\/et\\\/oeoepaeevaringsed-elektrooniliste-telekavade-uuendused\\\/\",\"url\":\"https:\\\/\\\/www.globalepgs.info\\\/et\\\/oeoepaeevaringsed-elektrooniliste-telekavade-uuendused\\\/\",\"name\":\"\u00d6\u00f6p\u00e4evaringsed elektrooniliste telekavade uuendused - Global Listings\",\"isPartOf\":{\"@id\":\"https:\\\/\\\/www.globalepgs.info\\\/es\\\/#website\"},\"primaryImageOfPage\":{\"@id\":\"https:\\\/\\\/www.globalepgs.info\\\/et\\\/oeoepaeevaringsed-elektrooniliste-telekavade-uuendused\\\/#primaryimage\"},\"image\":{\"@id\":\"https:\\\/\\\/www.globalepgs.info\\\/et\\\/oeoepaeevaringsed-elektrooniliste-telekavade-uuendused\\\/#primaryimage\"},\"thumbnailUrl\":\"http:\\\/\\\/globalepgs.info\\\/app\\\/uploads\\\/2017\\\/02\\\/circles8.png\",\"datePublished\":\"2017-03-20T15:55:31+00:00\",\"dateModified\":\"2017-12-08T14:29:46+00:00\",\"breadcrumb\":{\"@id\":\"https:\\\/\\\/www.globalepgs.info\\\/et\\\/oeoepaeevaringsed-elektrooniliste-telekavade-uuendused\\\/#breadcrumb\"},\"inLanguage\":\"et\",\"potentialAction\":[{\"@type\":\"ReadAction\",\"target\":[\"https:\\\/\\\/www.globalepgs.info\\\/et\\\/oeoepaeevaringsed-elektrooniliste-telekavade-uuendused\\\/\"]}]},{\"@type\":\"ImageObject\",\"inLanguage\":\"et\",\"@id\":\"https:\\\/\\\/www.globalepgs.info\\\/et\\\/oeoepaeevaringsed-elektrooniliste-telekavade-uuendused\\\/#primaryimage\",\"url\":\"http:\\\/\\\/globalepgs.info\\\/app\\\/uploads\\\/2017\\\/02\\\/circles8.png\",\"contentUrl\":\"http:\\\/\\\/globalepgs.info\\\/app\\\/uploads\\\/2017\\\/02\\\/circles8.png\"},{\"@type\":\"BreadcrumbList\",\"@id\":\"https:\\\/\\\/www.globalepgs.info\\\/et\\\/oeoepaeevaringsed-elektrooniliste-telekavade-uuendused\\\/#breadcrumb\",\"itemListElement\":[{\"@type\":\"ListItem\",\"position\":1,\"name\":\"Home\",\"item\":\"https:\\\/\\\/www.globalepgs.info\\\/et\\\/\"},{\"@type\":\"ListItem\",\"position\":2,\"name\":\"\u00d6\u00f6p\u00e4evaringsed elektrooniliste telekavade uuendused\"}]},{\"@type\":\"WebSite\",\"@id\":\"https:\\\/\\\/www.globalepgs.info\\\/es\\\/#website\",\"url\":\"https:\\\/\\\/www.globalepgs.info\\\/es\\\/\",\"name\":\"Global Listings\",\"description\":\"Just another WordPress site\",\"potentialAction\":[{\"@type\":\"SearchAction\",\"target\":{\"@type\":\"EntryPoint\",\"urlTemplate\":\"https:\\\/\\\/www.globalepgs.info\\\/es\\\/?s={search_term_string}\"},\"query-input\":{\"@type\":\"PropertyValueSpecification\",\"valueRequired\":true,\"valueName\":\"search_term_string\"}}],\"inLanguage\":\"et\"}]}<\/script>\n<!-- \/ Yoast SEO plugin. -->","yoast_head_json":{"title":"\u00d6\u00f6p\u00e4evaringsed elektrooniliste telekavade uuendused - Global Listings","robots":{"index":"index","follow":"follow","max-snippet":"max-snippet:-1","max-image-preview":"max-image-preview:large","max-video-preview":"max-video-preview:-1"},"canonical":"https:\/\/www.globalepgs.info\/et\/oeoepaeevaringsed-elektrooniliste-telekavade-uuendused\/","og_locale":"et_EE","og_type":"article","og_title":"\u00d6\u00f6p\u00e4evaringsed elektrooniliste telekavade uuendused - Global Listings","og_description":"\u00d6\u00f6p\u00e4evaringsed elektrooniliste telekavade uuendused Ringh\u00e4\u00e4lingufirmadele, kes vajavad kindlustunnet, et v\u00f5ivad uuendada oma elektroonilisi telekavasid \u00f6\u00f6p\u00e4evaringselt (keset \u00f6\u00f6d v\u00f5i koguni j\u00f5ulup\u00fcha ajal), pakub Global EPGs s\u00fcsteemi AGiLE (Access Global Listings Everywhere) AGiLE on meie tellitav\u00a0online-teenus ning \u00e4pp mobiiltelefonidele ja tahvelarvutitele, mis annab ringh\u00e4\u00e4linguklientidele v\u00f5imaluse p\u00e4\u00e4seda sisse \u2013 reaalajas \u2013 oma telekavadesse Global EPGs-i andmebaasis, et teha [&hellip;]","og_url":"https:\/\/www.globalepgs.info\/et\/oeoepaeevaringsed-elektrooniliste-telekavade-uuendused\/","og_site_name":"Global Listings","article_modified_time":"2017-12-08T14:29:46+00:00","og_image":[{"url":"http:\/\/globalepgs.info\/app\/uploads\/2017\/02\/circles8.png","type":"","width":"","height":""}],"twitter_card":"summary_large_image","twitter_misc":{"Est. reading time":"1 minute"},"schema":{"@context":"https:\/\/schema.org","@graph":[{"@type":"WebPage","@id":"https:\/\/www.globalepgs.info\/et\/oeoepaeevaringsed-elektrooniliste-telekavade-uuendused\/","url":"https:\/\/www.globalepgs.info\/et\/oeoepaeevaringsed-elektrooniliste-telekavade-uuendused\/","name":"\u00d6\u00f6p\u00e4evaringsed elektrooniliste telekavade uuendused - Global Listings","isPartOf":{"@id":"https:\/\/www.globalepgs.info\/es\/#website"},"primaryImageOfPage":{"@id":"https:\/\/www.globalepgs.info\/et\/oeoepaeevaringsed-elektrooniliste-telekavade-uuendused\/#primaryimage"},"image":{"@id":"https:\/\/www.globalepgs.info\/et\/oeoepaeevaringsed-elektrooniliste-telekavade-uuendused\/#primaryimage"},"thumbnailUrl":"http:\/\/globalepgs.info\/app\/uploads\/2017\/02\/circles8.png","datePublished":"2017-03-20T15:55:31+00:00","dateModified":"2017-12-08T14:29:46+00:00","breadcrumb":{"@id":"https:\/\/www.globalepgs.info\/et\/oeoepaeevaringsed-elektrooniliste-telekavade-uuendused\/#breadcrumb"},"inLanguage":"et","potentialAction":[{"@type":"ReadAction","target":["https:\/\/www.globalepgs.info\/et\/oeoepaeevaringsed-elektrooniliste-telekavade-uuendused\/"]}]},{"@type":"ImageObject","inLanguage":"et","@id":"https:\/\/www.globalepgs.info\/et\/oeoepaeevaringsed-elektrooniliste-telekavade-uuendused\/#primaryimage","url":"http:\/\/globalepgs.info\/app\/uploads\/2017\/02\/circles8.png","contentUrl":"http:\/\/globalepgs.info\/app\/uploads\/2017\/02\/circles8.png"},{"@type":"BreadcrumbList","@id":"https:\/\/www.globalepgs.info\/et\/oeoepaeevaringsed-elektrooniliste-telekavade-uuendused\/#breadcrumb","itemListElement":[{"@type":"ListItem","position":1,"name":"Home","item":"https:\/\/www.globalepgs.info\/et\/"},{"@type":"ListItem","position":2,"name":"\u00d6\u00f6p\u00e4evaringsed elektrooniliste telekavade uuendused"}]},{"@type":"WebSite","@id":"https:\/\/www.globalepgs.info\/es\/#website","url":"https:\/\/www.globalepgs.info\/es\/","name":"Global Listings","description":"Just another WordPress site","potentialAction":[{"@type":"SearchAction","target":{"@type":"EntryPoint","urlTemplate":"https:\/\/www.globalepgs.info\/es\/?s={search_term_string}"},"query-input":{"@type":"PropertyValueSpecification","valueRequired":true,"valueName":"search_term_string"}}],"inLanguage":"et"}]}},"_links":{"self":[{"href":"https:\/\/www.globalepgs.info\/et\/wp-json\/wp\/v2\/pages\/5002","targetHints":{"allow":["GET"]}}],"collection":[{"href":"https:\/\/www.globalepgs.info\/et\/wp-json\/wp\/v2\/pages"}],"about":[{"href":"https:\/\/www.globalepgs.info\/et\/wp-json\/wp\/v2\/types\/page"}],"author":[{"embeddable":true,"href":"https:\/\/www.globalepgs.info\/et\/wp-json\/wp\/v2\/users\/1"}],"replies":[{"embeddable":true,"href":"https:\/\/www.globalepgs.info\/et\/wp-json\/wp\/v2\/comments?post=5002"}],"version-history":[{"count":0,"href":"https:\/\/www.globalepgs.info\/et\/wp-json\/wp\/v2\/pages\/5002\/revisions"}],"wp:attachment":[{"href":"https:\/\/www.globalepgs.info\/et\/wp-json\/wp\/v2\/media?parent=5002"}],"curies":[{"name":"wp","href":"https:\/\/api.w.org\/{rel}","templated":true}]}}