{"id":5003,"date":"2017-03-20T16:46:28","date_gmt":"2017-03-20T16:46:28","guid":{"rendered":"http:\/\/www.globalepgs.info\/et\/meie-partnerid\/"},"modified":"2017-12-08T14:35:57","modified_gmt":"2017-12-08T14:35:57","slug":"meie-partnerid","status":"publish","type":"page","link":"https:\/\/www.globalepgs.info\/et\/meie-partnerid\/","title":{"rendered":"Meie partnerid"},"content":{"rendered":"<div class=\"col-4\">\n<p><img decoding=\"async\" class=\"img-circle img-responsive\" src=\"http:\/\/globalepgs.info\/app\/uploads\/2017\/02\/circles9.png\" alt=\"content_photo\" \/><\/p>\n<p class=\"content\">MEIE PARTNERID<\/p>\n<\/div>\n<div class=\"col-8\">\n<div class=\"content\">\n<p>Global Listings toimetab elektrooniliste telekavade andmed enam kui sajale teleplatvormile \u00fcle maailma<\/p>\n<p>Tehes koost\u00f6\u00f6d t\u00e4htsamate ja suuremate firmadega globaalsel teleturul, toimetame me klientideni elektroonilised telekavad, mille sihtgrupiks on EMEA, Aasia, Ameerika ja Aasia Vaikse ookeani regioonides kokku 6,6 miljardit inimest<\/p>\n<p>Elektroonilised telekavad v\u00f5ivad programmile kas kasuks tulla v\u00f5i selle rikkuda. Kui nende sisu suudab saadet \u201em\u00fc\u00fca\u201c, siis publik vaatab seda, kui sellega aga m\u00f6\u00f6da panna, h\u00fclgab vaataja teie kanali<\/p>\n<p>Me oleme eksperdid oma ringh\u00e4\u00e4linguklientide vaatajate arvu maksimumini t\u00f5stmises, pakkudes t\u00e4pseid, informatiivseid, pilkup\u00fc\u00fcdvaid ja tehnoloogiliselt heal tasemel andmevooge \u00f5iges keeles ja kohaliku aja j\u00e4rgi<\/p>\n<p>Oleme kliendip\u00f5hine \u00e4ripartner, tehniliselt heal tasemel ja toimetuslikult nutikas. Meie kohandatavad lahendused ja tipptasemel tehnoloogiad suudavad koos pakkuda atraktiivseid elektroonilisi telekavasid, mis paeluvad telekanali publikut t\u00e4ielikult:<\/p>\n<p>\u2026nende enda kodudes<\/p>\n<p>\u2026kui nad on teie s\u00f5numi suhtes vastuv\u00f5tlikud<\/p>\n<p>\u2026t\u00e4pselt sel hetkel, kui nad otsustavad, mida vaadata<\/p>\n<p><strong>Meie partneriteks telemaastikul on n\u00e4iteks:<\/strong><\/p>\n<div style=\"float: left;width: 50%\">\n<ul>\n<li>Sky (Suurbritannia)<\/li>\n<li>Mediaset Premium (Itaalia)<\/li>\n<li>Nova Group (Rumeenia)<\/li>\n<li>Freeview (Suurbritannia)<\/li>\n<li>Sky (Itaalia)<\/li>\n<li>Plesul \/ Telemedia (Rumeenia)<\/li>\n<li>Freesat (Suurbritannia)<\/li>\n<li>Persidera (Itaalia)<\/li>\n<li>RCS (Rumeenia)<\/li>\n<li>Top-Up TV (Suurbritannia)<\/li>\n<li>ART (L\u00e4his-Ida)<\/li>\n<li>RomTelecom (Rumeenia)<\/li>\n<li>Foxtel (Austraalia)<\/li>\n<li>Orbit Showtime (L\u00e4his-Ida)<\/li>\n<li>Sangel Prod (Rumeenia)<\/li>\n<li>Belgacom (Belgia)<\/li>\n<li>CAIW (Holland)<\/li>\n<li>SC Canal S (Rumeenia)<\/li>\n<li>MaxTV (Horvaatia)<\/li>\n<li>Glashart Media (Holland)<\/li>\n<li>SC Cuantic (Rumeenia)<\/li>\n<li>Now (Kaug-Ida)<\/li>\n<li>KPN (Holland)<\/li>\n<li>SC Gilga (Rumeenia)<\/li>\n<li>Singtel (Kaug-Ida)<\/li>\n<li>Canal Digital (Norra)<\/li>\n<li>SC Ines (Rumeenia)<\/li>\n<li>Starhub (Kaug-Ida)<\/li>\n<li>Aster (Poola)<\/li>\n<li>SC Kety Prod (Rumeenia)<\/li>\n<li>Canal Satellite (Prantsusmaa)<\/li>\n<li>Cyfra+ (Poola)<\/li>\n<li>SC Lumident (Rumeenia)<\/li>\n<li>KDG (Saksamaa)<\/li>\n<li>Cyfrowy Polsat (Poola)<\/li>\n<li>SC Semsat (Rumeenia)<\/li>\n<li>Nova (Kreeka)<\/li>\n<li>MultiMedia (Poola)<\/li>\n<li>SC Telesat (Rumeenia)<\/li>\n<li>ONTelecoms (Kreeka)<\/li>\n<li>N (Poola)<\/li>\n<li>SC Toro Media (Rumeenia)<\/li>\n<li>OTE (Kreeka)<\/li>\n<li>Toya (Poola)<\/li>\n<li>Solpress (Rumeenia)<\/li>\n<li>Antenna (Ungari)<\/li>\n<li>Vectra (Poola)<\/li>\n<li>UPC Romania (Rumeenia)<\/li>\n<li>Digi TV (Ungari)<\/li>\n<li>UPC (Poola)<\/li>\n<li>NTV (Venemaa)<\/li>\n<li>Fibernet (Ungari)<\/li>\n<li>CaboVisao (Portugal)<\/li>\n<li>Platforma HD (Venemaa)<\/li>\n<li>HelloHD (Ungari)<\/li>\n<li>ClixSmart (Portugal)<\/li>\n<li>Astra (rahvusvaheline)<\/li>\n<li>Sky Germany (Saksamaa)<\/li>\n<li>Starmax (L\u00e4his-Ida)<\/li>\n<li>TeliaSonera (P\u00f5hjamaad)<\/li>\n<\/ul>\n<\/div>\n<div style=\"float: right;width: 50%\">\n<ul>\n<li>Virgin (Suurbritannia)<\/li>\n<li>Movistar (Hispaania)<\/li>\n<li>Vemox (USA)<\/li>\n<li>Echostar (USA)<\/li>\n<li>Vodafone (Portugal)<\/li>\n<li>Vodafone (Hispaania)<\/li>\n<li>SBB (Serbia)<\/li>\n<li>HFC (Ungari)<\/li>\n<li>beIN (L\u00e4his-Ida)<\/li>\n<li>Amis (Sloveenia)<\/li>\n<li>Invitel (Ungari)<\/li>\n<li>Boxer Teracom (Rootsi)<\/li>\n<li>Mobitel (Sloveenia)<\/li>\n<li>IP-Park (Ungari)<\/li>\n<li>Eutelsat Hot Bird (rahvusvaheline)<\/li>\n<li>Siol TV (Sloveenia)<\/li>\n<li>KS8500 (Ungari)<\/li>\n<li>GO (Malta)<\/li>\n<li>Tus (Sloveenia)<\/li>\n<li>Magyar Telekom (Ungari)<\/li>\n<li>Zon (Portugal)<\/li>\n<li>MultiChoice (L\u00f5una-Aafrika)<\/li>\n<li>Parisat (Ungari)<\/li>\n<li>Botu Service (Rumeenia)<\/li>\n<li>Abertis (Hispaania)<\/li>\n<li>PR Tele (Ungari)<\/li>\n<li>Cable TV Sistem (Rumeenia)<\/li>\n<li>Digital Plus (Hispaania)<\/li>\n<li>R\u00f6szkenet (Ungari)<\/li>\n<li>Clar Television (Rumeenia)<\/li>\n<li>ONO (Hispaania)<\/li>\n<li>Rubicom (Ungari)<\/li>\n<li>Dynamic Distribution (Rumeenia)<\/li>\n<li>Teuve (Hispaania)<\/li>\n<li>Szamosnet (Ungari)<\/li>\n<li>Electrotech Ind (Rumeenia)<\/li>\n<li>DigiTurk (T\u00fcrgi)<\/li>\n<li>Szarvas (Ungari)<\/li>\n<li>GMB Computers (Rumeenia)<\/li>\n<li>DSmart (T\u00fcrgi)<\/li>\n<li>TACell (Ungari)<\/li>\n<li>Greenzone (Rumeenia)<\/li>\n<li>Turksat (T\u00fcrgi)<\/li>\n<li>Tarr (Ungari)<\/li>\n<li>Ideovet Serv (Rumeenia)<\/li>\n<li>Airtel (India)<\/li>\n<li>T-Kabel (Ungari) <\/li>\n<li>Ines (Rumeenia)<\/li>\n<li>Sky New Zealand (Uus-Meremaa)<\/li>\n<li>UPC (Ungari)<\/li>\n<li>Iris ACTV Impex (Rumeenia)<\/li>\n<li>Azam TV (Tansaania)<\/li>\n<li>Vac Varosi (Ungari)<\/li>\n<li>Lidas Prod (Rumeenia)<\/li>\n<li>My HD (Dubai)<\/li>\n<li>ViDaNet (Ungari)<\/li>\n<li>Magnavox (Rumeenia)<\/li>\n<li>Altibox (Norra)<\/li>\n<li>Yes! (Iisrael)<\/li>\n<li>Medvest (Rumeenia)<\/li>\n<li>Total Play (Mehhiko)<\/li>\n<\/ul>\n<\/div>\n<\/div>\n<\/div>\n","protected":false},"excerpt":{"rendered":"<p>MEIE PARTNERID Global Listings toimetab elektrooniliste telekavade andmed enam kui sajale teleplatvormile \u00fcle maailma Tehes koost\u00f6\u00f6d t\u00e4htsamate ja suuremate firmadega globaalsel teleturul, toimetame me klientideni elektroonilised telekavad, mille sihtgrupiks on EMEA, Aasia, Ameerika ja Aasia Vaikse ookeani regioonides kokku 6,6 miljardit inimest Elektroonilised telekavad v\u00f5ivad programmile kas kasuks tulla v\u00f5i selle rikkuda. Kui nende sisu [&hellip;]<\/p>\n","protected":false},"author":1,"featured_media":0,"parent":0,"menu_order":129,"comment_status":"closed","ping_status":"closed","template":"page-epgs_template.php","meta":{"_acf_changed":false,"footnotes":""},"class_list":["post-5003","page","type-page","status-publish","hentry"],"acf":[],"yoast_head":"<!-- This site is optimized with the Yoast SEO plugin v27.4 - https:\/\/yoast.com\/product\/yoast-seo-wordpress\/ -->\n<title>Meie partnerid - Global Listings<\/title>\n<meta name=\"robots\" content=\"index, follow, max-snippet:-1, max-image-preview:large, max-video-preview:-1\" \/>\n<link rel=\"canonical\" href=\"https:\/\/www.globalepgs.info\/et\/meie-partnerid\/\" \/>\n<meta property=\"og:locale\" content=\"et_EE\" \/>\n<meta property=\"og:type\" content=\"article\" \/>\n<meta property=\"og:title\" content=\"Meie partnerid - Global Listings\" \/>\n<meta property=\"og:description\" content=\"MEIE PARTNERID Global Listings toimetab elektrooniliste telekavade andmed enam kui sajale teleplatvormile \u00fcle maailma Tehes koost\u00f6\u00f6d t\u00e4htsamate ja suuremate firmadega globaalsel teleturul, toimetame me klientideni elektroonilised telekavad, mille sihtgrupiks on EMEA, Aasia, Ameerika ja Aasia Vaikse ookeani regioonides kokku 6,6 miljardit inimest Elektroonilised telekavad v\u00f5ivad programmile kas kasuks tulla v\u00f5i selle rikkuda. Kui nende sisu [&hellip;]\" \/>\n<meta property=\"og:url\" content=\"https:\/\/www.globalepgs.info\/et\/meie-partnerid\/\" \/>\n<meta property=\"og:site_name\" content=\"Global Listings\" \/>\n<meta property=\"article:modified_time\" content=\"2017-12-08T14:35:57+00:00\" \/>\n<meta property=\"og:image\" content=\"http:\/\/globalepgs.info\/app\/uploads\/2017\/02\/circles9.png\" \/>\n<meta name=\"twitter:card\" content=\"summary_large_image\" \/>\n<meta name=\"twitter:label1\" content=\"Est. reading time\" \/>\n\t<meta name=\"twitter:data1\" content=\"2 minutes\" \/>\n<script type=\"application\/ld+json\" class=\"yoast-schema-graph\">{\"@context\":\"https:\\\/\\\/schema.org\",\"@graph\":[{\"@type\":\"WebPage\",\"@id\":\"https:\\\/\\\/www.globalepgs.info\\\/et\\\/meie-partnerid\\\/\",\"url\":\"https:\\\/\\\/www.globalepgs.info\\\/et\\\/meie-partnerid\\\/\",\"name\":\"Meie partnerid - Global Listings\",\"isPartOf\":{\"@id\":\"https:\\\/\\\/www.globalepgs.info\\\/es\\\/#website\"},\"primaryImageOfPage\":{\"@id\":\"https:\\\/\\\/www.globalepgs.info\\\/et\\\/meie-partnerid\\\/#primaryimage\"},\"image\":{\"@id\":\"https:\\\/\\\/www.globalepgs.info\\\/et\\\/meie-partnerid\\\/#primaryimage\"},\"thumbnailUrl\":\"http:\\\/\\\/globalepgs.info\\\/app\\\/uploads\\\/2017\\\/02\\\/circles9.png\",\"datePublished\":\"2017-03-20T16:46:28+00:00\",\"dateModified\":\"2017-12-08T14:35:57+00:00\",\"breadcrumb\":{\"@id\":\"https:\\\/\\\/www.globalepgs.info\\\/et\\\/meie-partnerid\\\/#breadcrumb\"},\"inLanguage\":\"et\",\"potentialAction\":[{\"@type\":\"ReadAction\",\"target\":[\"https:\\\/\\\/www.globalepgs.info\\\/et\\\/meie-partnerid\\\/\"]}]},{\"@type\":\"ImageObject\",\"inLanguage\":\"et\",\"@id\":\"https:\\\/\\\/www.globalepgs.info\\\/et\\\/meie-partnerid\\\/#primaryimage\",\"url\":\"http:\\\/\\\/globalepgs.info\\\/app\\\/uploads\\\/2017\\\/02\\\/circles9.png\",\"contentUrl\":\"http:\\\/\\\/globalepgs.info\\\/app\\\/uploads\\\/2017\\\/02\\\/circles9.png\"},{\"@type\":\"BreadcrumbList\",\"@id\":\"https:\\\/\\\/www.globalepgs.info\\\/et\\\/meie-partnerid\\\/#breadcrumb\",\"itemListElement\":[{\"@type\":\"ListItem\",\"position\":1,\"name\":\"Home\",\"item\":\"https:\\\/\\\/www.globalepgs.info\\\/et\\\/\"},{\"@type\":\"ListItem\",\"position\":2,\"name\":\"Meie partnerid\"}]},{\"@type\":\"WebSite\",\"@id\":\"https:\\\/\\\/www.globalepgs.info\\\/es\\\/#website\",\"url\":\"https:\\\/\\\/www.globalepgs.info\\\/es\\\/\",\"name\":\"Global Listings\",\"description\":\"Just another WordPress site\",\"potentialAction\":[{\"@type\":\"SearchAction\",\"target\":{\"@type\":\"EntryPoint\",\"urlTemplate\":\"https:\\\/\\\/www.globalepgs.info\\\/es\\\/?s={search_term_string}\"},\"query-input\":{\"@type\":\"PropertyValueSpecification\",\"valueRequired\":true,\"valueName\":\"search_term_string\"}}],\"inLanguage\":\"et\"}]}<\/script>\n<!-- \/ Yoast SEO plugin. -->","yoast_head_json":{"title":"Meie partnerid - Global Listings","robots":{"index":"index","follow":"follow","max-snippet":"max-snippet:-1","max-image-preview":"max-image-preview:large","max-video-preview":"max-video-preview:-1"},"canonical":"https:\/\/www.globalepgs.info\/et\/meie-partnerid\/","og_locale":"et_EE","og_type":"article","og_title":"Meie partnerid - Global Listings","og_description":"MEIE PARTNERID Global Listings toimetab elektrooniliste telekavade andmed enam kui sajale teleplatvormile \u00fcle maailma Tehes koost\u00f6\u00f6d t\u00e4htsamate ja suuremate firmadega globaalsel teleturul, toimetame me klientideni elektroonilised telekavad, mille sihtgrupiks on EMEA, Aasia, Ameerika ja Aasia Vaikse ookeani regioonides kokku 6,6 miljardit inimest Elektroonilised telekavad v\u00f5ivad programmile kas kasuks tulla v\u00f5i selle rikkuda. Kui nende sisu [&hellip;]","og_url":"https:\/\/www.globalepgs.info\/et\/meie-partnerid\/","og_site_name":"Global Listings","article_modified_time":"2017-12-08T14:35:57+00:00","og_image":[{"url":"http:\/\/globalepgs.info\/app\/uploads\/2017\/02\/circles9.png","type":"","width":"","height":""}],"twitter_card":"summary_large_image","twitter_misc":{"Est. reading time":"2 minutes"},"schema":{"@context":"https:\/\/schema.org","@graph":[{"@type":"WebPage","@id":"https:\/\/www.globalepgs.info\/et\/meie-partnerid\/","url":"https:\/\/www.globalepgs.info\/et\/meie-partnerid\/","name":"Meie partnerid - Global Listings","isPartOf":{"@id":"https:\/\/www.globalepgs.info\/es\/#website"},"primaryImageOfPage":{"@id":"https:\/\/www.globalepgs.info\/et\/meie-partnerid\/#primaryimage"},"image":{"@id":"https:\/\/www.globalepgs.info\/et\/meie-partnerid\/#primaryimage"},"thumbnailUrl":"http:\/\/globalepgs.info\/app\/uploads\/2017\/02\/circles9.png","datePublished":"2017-03-20T16:46:28+00:00","dateModified":"2017-12-08T14:35:57+00:00","breadcrumb":{"@id":"https:\/\/www.globalepgs.info\/et\/meie-partnerid\/#breadcrumb"},"inLanguage":"et","potentialAction":[{"@type":"ReadAction","target":["https:\/\/www.globalepgs.info\/et\/meie-partnerid\/"]}]},{"@type":"ImageObject","inLanguage":"et","@id":"https:\/\/www.globalepgs.info\/et\/meie-partnerid\/#primaryimage","url":"http:\/\/globalepgs.info\/app\/uploads\/2017\/02\/circles9.png","contentUrl":"http:\/\/globalepgs.info\/app\/uploads\/2017\/02\/circles9.png"},{"@type":"BreadcrumbList","@id":"https:\/\/www.globalepgs.info\/et\/meie-partnerid\/#breadcrumb","itemListElement":[{"@type":"ListItem","position":1,"name":"Home","item":"https:\/\/www.globalepgs.info\/et\/"},{"@type":"ListItem","position":2,"name":"Meie partnerid"}]},{"@type":"WebSite","@id":"https:\/\/www.globalepgs.info\/es\/#website","url":"https:\/\/www.globalepgs.info\/es\/","name":"Global Listings","description":"Just another WordPress site","potentialAction":[{"@type":"SearchAction","target":{"@type":"EntryPoint","urlTemplate":"https:\/\/www.globalepgs.info\/es\/?s={search_term_string}"},"query-input":{"@type":"PropertyValueSpecification","valueRequired":true,"valueName":"search_term_string"}}],"inLanguage":"et"}]}},"_links":{"self":[{"href":"https:\/\/www.globalepgs.info\/et\/wp-json\/wp\/v2\/pages\/5003","targetHints":{"allow":["GET"]}}],"collection":[{"href":"https:\/\/www.globalepgs.info\/et\/wp-json\/wp\/v2\/pages"}],"about":[{"href":"https:\/\/www.globalepgs.info\/et\/wp-json\/wp\/v2\/types\/page"}],"author":[{"embeddable":true,"href":"https:\/\/www.globalepgs.info\/et\/wp-json\/wp\/v2\/users\/1"}],"replies":[{"embeddable":true,"href":"https:\/\/www.globalepgs.info\/et\/wp-json\/wp\/v2\/comments?post=5003"}],"version-history":[{"count":0,"href":"https:\/\/www.globalepgs.info\/et\/wp-json\/wp\/v2\/pages\/5003\/revisions"}],"wp:attachment":[{"href":"https:\/\/www.globalepgs.info\/et\/wp-json\/wp\/v2\/media?parent=5003"}],"curies":[{"name":"wp","href":"https:\/\/api.w.org\/{rel}","templated":true}]}}