{"id":5007,"date":"2017-03-20T17:39:19","date_gmt":"2017-03-20T17:39:19","guid":{"rendered":"http:\/\/www.globalepgs.info\/et\/meist\/"},"modified":"2018-01-26T11:17:54","modified_gmt":"2018-01-26T11:17:54","slug":"meist","status":"publish","type":"page","link":"https:\/\/www.globalepgs.info\/et\/meist\/","title":{"rendered":"Meist"},"content":{"rendered":"<div class=\"col-4\">\n<p><img decoding=\"async\" class=\"img-circle img-responsive\" src=\"http:\/\/globalepgs.info\/app\/uploads\/2017\/02\/3.png\" alt=\"content_photo\" \/><\/p>\n<p class=\"content\">MEIST<\/p>\n<\/div>\n<div class=\"col-8\">\n<div class=\"content\">\n<p>Global EPGs on maailma suurim elektrooniliste telekavade pakkuja<\/p>\n<p>Me t\u00f6\u00f6tame igap\u00e4evaselt enam kui saja teleplatvormiga \u2013\u00a0direct-to-home-, IP-televisioon ja tellitavad videoteenused \u2013, pakkudes toimetatud sisu, t\u00e4iustatud metaandmeid ja pildimaterjali ning t\u00f5stes meie ringh\u00e4\u00e4linguklientide vaatajate hulka riikide kaupa<\/p>\n<p>Me toodame rahvusvaheliselt materjali teleplatvormidele, nagu Sky, MultiChoice, UPC, Virgin Media, CanalSat ja Freeview<\/p>\n<p>Elektroonilised telekavad pakuvad n\u00fc\u00fcd rikkalikumat, rohkem t\u00e4iustatud infot, mis v\u00f5imaldab vaataja jaoks interaktiivset kogemust suurema programmide valikuga, mis laieneb tavalistelt teleekraanidelt nutitelefonidesse, tahvelarvutitesse ja arvutimonitoridele. Global EPGs-is teame me t\u00e4pselt, kuidas meie ringh\u00e4\u00e4linguklientide telematerjali publiku vaatamiskommete j\u00e4rgi edastada<\/p>\n<p>Nii ringh\u00e4\u00e4lingufirmad kui ka teleplatvormid soovivad Global EPGs-iga koost\u00f6\u00f6d teha, kuna me pakume kliendip\u00f5hiseid, tehnoloogiliselt tasemel, sujuvaid lahendusi, mis vastavad nende elektrooniliste telekavade n\u00f5uetele<\/p>\n<p>Ja vaatajatele meeldib, mida me teeme, sest me anname neile t\u00e4pselt seda, mida nad teada tahavad, t\u00e4pselt sel hetkel, mil nad otsustavad, mida vaadata<\/p>\n<\/div>\n<\/div>\n","protected":false},"excerpt":{"rendered":"<p>MEIST Global EPGs on maailma suurim elektrooniliste telekavade pakkuja Me t\u00f6\u00f6tame igap\u00e4evaselt enam kui saja teleplatvormiga \u2013\u00a0direct-to-home-, IP-televisioon ja tellitavad videoteenused \u2013, pakkudes toimetatud sisu, t\u00e4iustatud metaandmeid ja pildimaterjali ning t\u00f5stes meie ringh\u00e4\u00e4linguklientide vaatajate hulka riikide kaupa Me toodame rahvusvaheliselt materjali teleplatvormidele, nagu Sky, MultiChoice, UPC, Virgin Media, CanalSat ja Freeview Elektroonilised telekavad pakuvad n\u00fc\u00fcd [&hellip;]<\/p>\n","protected":false},"author":1,"featured_media":0,"parent":0,"menu_order":101,"comment_status":"closed","ping_status":"closed","template":"page-epgs_template.php","meta":{"_acf_changed":false,"footnotes":""},"class_list":["post-5007","page","type-page","status-publish","hentry"],"acf":[],"yoast_head":"<!-- This site is optimized with the Yoast SEO plugin v27.3 - https:\/\/yoast.com\/product\/yoast-seo-wordpress\/ -->\n<title>Meist - Global Listings<\/title>\n<meta name=\"robots\" content=\"index, follow, max-snippet:-1, max-image-preview:large, max-video-preview:-1\" \/>\n<link rel=\"canonical\" href=\"https:\/\/www.globalepgs.info\/et\/meist\/\" \/>\n<meta property=\"og:locale\" content=\"et_EE\" \/>\n<meta property=\"og:type\" content=\"article\" \/>\n<meta property=\"og:title\" content=\"Meist - Global Listings\" \/>\n<meta property=\"og:description\" content=\"MEIST Global EPGs on maailma suurim elektrooniliste telekavade pakkuja Me t\u00f6\u00f6tame igap\u00e4evaselt enam kui saja teleplatvormiga \u2013\u00a0direct-to-home-, IP-televisioon ja tellitavad videoteenused \u2013, pakkudes toimetatud sisu, t\u00e4iustatud metaandmeid ja pildimaterjali ning t\u00f5stes meie ringh\u00e4\u00e4linguklientide vaatajate hulka riikide kaupa Me toodame rahvusvaheliselt materjali teleplatvormidele, nagu Sky, MultiChoice, UPC, Virgin Media, CanalSat ja Freeview Elektroonilised telekavad pakuvad n\u00fc\u00fcd [&hellip;]\" \/>\n<meta property=\"og:url\" content=\"https:\/\/www.globalepgs.info\/et\/meist\/\" \/>\n<meta property=\"og:site_name\" content=\"Global Listings\" \/>\n<meta property=\"article:modified_time\" content=\"2018-01-26T11:17:54+00:00\" \/>\n<meta property=\"og:image\" content=\"http:\/\/globalepgs.info\/app\/uploads\/2017\/02\/3.png\" \/>\n<meta name=\"twitter:card\" content=\"summary_large_image\" \/>\n<meta name=\"twitter:label1\" content=\"Est. reading time\" \/>\n\t<meta name=\"twitter:data1\" content=\"1 minute\" \/>\n<script type=\"application\/ld+json\" class=\"yoast-schema-graph\">{\"@context\":\"https:\\\/\\\/schema.org\",\"@graph\":[{\"@type\":\"WebPage\",\"@id\":\"https:\\\/\\\/www.globalepgs.info\\\/et\\\/meist\\\/\",\"url\":\"https:\\\/\\\/www.globalepgs.info\\\/et\\\/meist\\\/\",\"name\":\"Meist - Global Listings\",\"isPartOf\":{\"@id\":\"https:\\\/\\\/www.globalepgs.info\\\/es\\\/#website\"},\"primaryImageOfPage\":{\"@id\":\"https:\\\/\\\/www.globalepgs.info\\\/et\\\/meist\\\/#primaryimage\"},\"image\":{\"@id\":\"https:\\\/\\\/www.globalepgs.info\\\/et\\\/meist\\\/#primaryimage\"},\"thumbnailUrl\":\"http:\\\/\\\/globalepgs.info\\\/app\\\/uploads\\\/2017\\\/02\\\/3.png\",\"datePublished\":\"2017-03-20T17:39:19+00:00\",\"dateModified\":\"2018-01-26T11:17:54+00:00\",\"breadcrumb\":{\"@id\":\"https:\\\/\\\/www.globalepgs.info\\\/et\\\/meist\\\/#breadcrumb\"},\"inLanguage\":\"et\",\"potentialAction\":[{\"@type\":\"ReadAction\",\"target\":[\"https:\\\/\\\/www.globalepgs.info\\\/et\\\/meist\\\/\"]}]},{\"@type\":\"ImageObject\",\"inLanguage\":\"et\",\"@id\":\"https:\\\/\\\/www.globalepgs.info\\\/et\\\/meist\\\/#primaryimage\",\"url\":\"http:\\\/\\\/globalepgs.info\\\/app\\\/uploads\\\/2017\\\/02\\\/3.png\",\"contentUrl\":\"http:\\\/\\\/globalepgs.info\\\/app\\\/uploads\\\/2017\\\/02\\\/3.png\"},{\"@type\":\"BreadcrumbList\",\"@id\":\"https:\\\/\\\/www.globalepgs.info\\\/et\\\/meist\\\/#breadcrumb\",\"itemListElement\":[{\"@type\":\"ListItem\",\"position\":1,\"name\":\"Home\",\"item\":\"https:\\\/\\\/www.globalepgs.info\\\/et\\\/\"},{\"@type\":\"ListItem\",\"position\":2,\"name\":\"Meist\"}]},{\"@type\":\"WebSite\",\"@id\":\"https:\\\/\\\/www.globalepgs.info\\\/es\\\/#website\",\"url\":\"https:\\\/\\\/www.globalepgs.info\\\/es\\\/\",\"name\":\"Global Listings\",\"description\":\"Just another WordPress site\",\"potentialAction\":[{\"@type\":\"SearchAction\",\"target\":{\"@type\":\"EntryPoint\",\"urlTemplate\":\"https:\\\/\\\/www.globalepgs.info\\\/es\\\/?s={search_term_string}\"},\"query-input\":{\"@type\":\"PropertyValueSpecification\",\"valueRequired\":true,\"valueName\":\"search_term_string\"}}],\"inLanguage\":\"et\"}]}<\/script>\n<!-- \/ Yoast SEO plugin. -->","yoast_head_json":{"title":"Meist - Global Listings","robots":{"index":"index","follow":"follow","max-snippet":"max-snippet:-1","max-image-preview":"max-image-preview:large","max-video-preview":"max-video-preview:-1"},"canonical":"https:\/\/www.globalepgs.info\/et\/meist\/","og_locale":"et_EE","og_type":"article","og_title":"Meist - Global Listings","og_description":"MEIST Global EPGs on maailma suurim elektrooniliste telekavade pakkuja Me t\u00f6\u00f6tame igap\u00e4evaselt enam kui saja teleplatvormiga \u2013\u00a0direct-to-home-, IP-televisioon ja tellitavad videoteenused \u2013, pakkudes toimetatud sisu, t\u00e4iustatud metaandmeid ja pildimaterjali ning t\u00f5stes meie ringh\u00e4\u00e4linguklientide vaatajate hulka riikide kaupa Me toodame rahvusvaheliselt materjali teleplatvormidele, nagu Sky, MultiChoice, UPC, Virgin Media, CanalSat ja Freeview Elektroonilised telekavad pakuvad n\u00fc\u00fcd [&hellip;]","og_url":"https:\/\/www.globalepgs.info\/et\/meist\/","og_site_name":"Global Listings","article_modified_time":"2018-01-26T11:17:54+00:00","og_image":[{"url":"http:\/\/globalepgs.info\/app\/uploads\/2017\/02\/3.png","type":"","width":"","height":""}],"twitter_card":"summary_large_image","twitter_misc":{"Est. reading time":"1 minute"},"schema":{"@context":"https:\/\/schema.org","@graph":[{"@type":"WebPage","@id":"https:\/\/www.globalepgs.info\/et\/meist\/","url":"https:\/\/www.globalepgs.info\/et\/meist\/","name":"Meist - Global Listings","isPartOf":{"@id":"https:\/\/www.globalepgs.info\/es\/#website"},"primaryImageOfPage":{"@id":"https:\/\/www.globalepgs.info\/et\/meist\/#primaryimage"},"image":{"@id":"https:\/\/www.globalepgs.info\/et\/meist\/#primaryimage"},"thumbnailUrl":"http:\/\/globalepgs.info\/app\/uploads\/2017\/02\/3.png","datePublished":"2017-03-20T17:39:19+00:00","dateModified":"2018-01-26T11:17:54+00:00","breadcrumb":{"@id":"https:\/\/www.globalepgs.info\/et\/meist\/#breadcrumb"},"inLanguage":"et","potentialAction":[{"@type":"ReadAction","target":["https:\/\/www.globalepgs.info\/et\/meist\/"]}]},{"@type":"ImageObject","inLanguage":"et","@id":"https:\/\/www.globalepgs.info\/et\/meist\/#primaryimage","url":"http:\/\/globalepgs.info\/app\/uploads\/2017\/02\/3.png","contentUrl":"http:\/\/globalepgs.info\/app\/uploads\/2017\/02\/3.png"},{"@type":"BreadcrumbList","@id":"https:\/\/www.globalepgs.info\/et\/meist\/#breadcrumb","itemListElement":[{"@type":"ListItem","position":1,"name":"Home","item":"https:\/\/www.globalepgs.info\/et\/"},{"@type":"ListItem","position":2,"name":"Meist"}]},{"@type":"WebSite","@id":"https:\/\/www.globalepgs.info\/es\/#website","url":"https:\/\/www.globalepgs.info\/es\/","name":"Global Listings","description":"Just another WordPress site","potentialAction":[{"@type":"SearchAction","target":{"@type":"EntryPoint","urlTemplate":"https:\/\/www.globalepgs.info\/es\/?s={search_term_string}"},"query-input":{"@type":"PropertyValueSpecification","valueRequired":true,"valueName":"search_term_string"}}],"inLanguage":"et"}]}},"_links":{"self":[{"href":"https:\/\/www.globalepgs.info\/et\/wp-json\/wp\/v2\/pages\/5007","targetHints":{"allow":["GET"]}}],"collection":[{"href":"https:\/\/www.globalepgs.info\/et\/wp-json\/wp\/v2\/pages"}],"about":[{"href":"https:\/\/www.globalepgs.info\/et\/wp-json\/wp\/v2\/types\/page"}],"author":[{"embeddable":true,"href":"https:\/\/www.globalepgs.info\/et\/wp-json\/wp\/v2\/users\/1"}],"replies":[{"embeddable":true,"href":"https:\/\/www.globalepgs.info\/et\/wp-json\/wp\/v2\/comments?post=5007"}],"version-history":[{"count":0,"href":"https:\/\/www.globalepgs.info\/et\/wp-json\/wp\/v2\/pages\/5007\/revisions"}],"wp:attachment":[{"href":"https:\/\/www.globalepgs.info\/et\/wp-json\/wp\/v2\/media?parent=5007"}],"curies":[{"name":"wp","href":"https:\/\/api.w.org\/{rel}","templated":true}]}}