{"id":4723,"date":"2017-03-16T10:27:47","date_gmt":"2017-03-16T10:27:47","guid":{"rendered":"http:\/\/www.globalepgs.info\/fi\/etusivu\/"},"modified":"2017-12-07T09:53:42","modified_gmt":"2017-12-07T09:53:42","slug":"etusivu","status":"publish","type":"page","link":"https:\/\/www.globalepgs.info\/fi\/","title":{"rendered":"Etusivu"},"content":{"rendered":"<p class=\"content\">Toimitamme <strong> aikatauluja, kuvauksia, EPG-ohjelmaoppaita, VOD-tietoja <\/strong> ja muita materiaaleja k\u00e4ytt\u00e4m\u00e4ll\u00e4 edistynytt\u00e4 jakeluj\u00e4rjestelm\u00e4\u00e4, johon kuuluu r\u00e4\u00e4t\u00e4l\u00f6ity tuotekohtainen\/kielikohtainen postituslista jokaiselle asiakkaalle heid\u00e4n haluamalleen alueelle<\/p>\n","protected":false},"excerpt":{"rendered":"<p>Toimitamme aikatauluja, kuvauksia, EPG-ohjelmaoppaita, VOD-tietoja ja muita materiaaleja k\u00e4ytt\u00e4m\u00e4ll\u00e4 edistynytt\u00e4 jakeluj\u00e4rjestelm\u00e4\u00e4, johon kuuluu r\u00e4\u00e4t\u00e4l\u00f6ity tuotekohtainen\/kielikohtainen postituslista jokaiselle asiakkaalle heid\u00e4n haluamalleen alueelle<\/p>\n","protected":false},"author":1,"featured_media":0,"parent":0,"menu_order":174,"comment_status":"closed","ping_status":"closed","template":"","meta":{"_acf_changed":false,"footnotes":""},"class_list":["post-4723","page","type-page","status-publish","hentry"],"acf":[],"yoast_head":"<!-- This site is optimized with the Yoast SEO plugin v27.3 - https:\/\/yoast.com\/product\/yoast-seo-wordpress\/ -->\n<title>Welcome to Global EPGs<\/title>\n<meta name=\"description\" content=\"Global EPGs provides Electronic Programme Guides on behalf of the world s leading broadcasters to TV platforms in multiple languages\" \/>\n<meta name=\"robots\" content=\"index, follow, max-snippet:-1, max-image-preview:large, max-video-preview:-1\" \/>\n<link rel=\"canonical\" href=\"https:\/\/www.globalepgs.info\/fi\/\" \/>\n<meta property=\"og:locale\" content=\"fi_FI\" \/>\n<meta property=\"og:type\" content=\"article\" \/>\n<meta property=\"og:title\" content=\"Welcome to Global EPGs\" \/>\n<meta property=\"og:description\" content=\"Global EPGs provides Electronic Programme Guides on behalf of the world s leading broadcasters to TV platforms in multiple languages\" \/>\n<meta property=\"og:url\" content=\"https:\/\/www.globalepgs.info\/fi\/\" \/>\n<meta property=\"og:site_name\" content=\"Global Listings\" \/>\n<meta property=\"article:modified_time\" content=\"2017-12-07T09:53:42+00:00\" \/>\n<meta name=\"twitter:card\" content=\"summary_large_image\" \/>\n<script type=\"application\/ld+json\" class=\"yoast-schema-graph\">{\"@context\":\"https:\\\/\\\/schema.org\",\"@graph\":[{\"@type\":\"WebPage\",\"@id\":\"https:\\\/\\\/www.globalepgs.info\\\/fi\\\/\",\"url\":\"https:\\\/\\\/www.globalepgs.info\\\/fi\\\/\",\"name\":\"Welcome to Global EPGs\",\"isPartOf\":{\"@id\":\"https:\\\/\\\/www.globalepgs.info\\\/es\\\/#website\"},\"datePublished\":\"2017-03-16T10:27:47+00:00\",\"dateModified\":\"2017-12-07T09:53:42+00:00\",\"description\":\"Global EPGs provides Electronic Programme Guides on behalf of the world s leading broadcasters to TV platforms in multiple languages\",\"breadcrumb\":{\"@id\":\"https:\\\/\\\/www.globalepgs.info\\\/fi\\\/#breadcrumb\"},\"inLanguage\":\"fi\",\"potentialAction\":[{\"@type\":\"ReadAction\",\"target\":[\"https:\\\/\\\/www.globalepgs.info\\\/fi\\\/\"]}]},{\"@type\":\"BreadcrumbList\",\"@id\":\"https:\\\/\\\/www.globalepgs.info\\\/fi\\\/#breadcrumb\",\"itemListElement\":[{\"@type\":\"ListItem\",\"position\":1,\"name\":\"Home\",\"item\":\"https:\\\/\\\/www.globalepgs.info\\\/fi\\\/\"},{\"@type\":\"ListItem\",\"position\":2,\"name\":\"Etusivu\"}]},{\"@type\":\"WebSite\",\"@id\":\"https:\\\/\\\/www.globalepgs.info\\\/es\\\/#website\",\"url\":\"https:\\\/\\\/www.globalepgs.info\\\/es\\\/\",\"name\":\"Global Listings\",\"description\":\"Just another WordPress site\",\"potentialAction\":[{\"@type\":\"SearchAction\",\"target\":{\"@type\":\"EntryPoint\",\"urlTemplate\":\"https:\\\/\\\/www.globalepgs.info\\\/es\\\/?s={search_term_string}\"},\"query-input\":{\"@type\":\"PropertyValueSpecification\",\"valueRequired\":true,\"valueName\":\"search_term_string\"}}],\"inLanguage\":\"fi\"}]}<\/script>\n<!-- \/ Yoast SEO plugin. -->","yoast_head_json":{"title":"Welcome to Global EPGs","description":"Global EPGs provides Electronic Programme Guides on behalf of the world s leading broadcasters to TV platforms in multiple languages","robots":{"index":"index","follow":"follow","max-snippet":"max-snippet:-1","max-image-preview":"max-image-preview:large","max-video-preview":"max-video-preview:-1"},"canonical":"https:\/\/www.globalepgs.info\/fi\/","og_locale":"fi_FI","og_type":"article","og_title":"Welcome to Global EPGs","og_description":"Global EPGs provides Electronic Programme Guides on behalf of the world s leading broadcasters to TV platforms in multiple languages","og_url":"https:\/\/www.globalepgs.info\/fi\/","og_site_name":"Global Listings","article_modified_time":"2017-12-07T09:53:42+00:00","twitter_card":"summary_large_image","schema":{"@context":"https:\/\/schema.org","@graph":[{"@type":"WebPage","@id":"https:\/\/www.globalepgs.info\/fi\/","url":"https:\/\/www.globalepgs.info\/fi\/","name":"Welcome to Global EPGs","isPartOf":{"@id":"https:\/\/www.globalepgs.info\/es\/#website"},"datePublished":"2017-03-16T10:27:47+00:00","dateModified":"2017-12-07T09:53:42+00:00","description":"Global EPGs provides Electronic Programme Guides on behalf of the world s leading broadcasters to TV platforms in multiple languages","breadcrumb":{"@id":"https:\/\/www.globalepgs.info\/fi\/#breadcrumb"},"inLanguage":"fi","potentialAction":[{"@type":"ReadAction","target":["https:\/\/www.globalepgs.info\/fi\/"]}]},{"@type":"BreadcrumbList","@id":"https:\/\/www.globalepgs.info\/fi\/#breadcrumb","itemListElement":[{"@type":"ListItem","position":1,"name":"Home","item":"https:\/\/www.globalepgs.info\/fi\/"},{"@type":"ListItem","position":2,"name":"Etusivu"}]},{"@type":"WebSite","@id":"https:\/\/www.globalepgs.info\/es\/#website","url":"https:\/\/www.globalepgs.info\/es\/","name":"Global Listings","description":"Just another WordPress site","potentialAction":[{"@type":"SearchAction","target":{"@type":"EntryPoint","urlTemplate":"https:\/\/www.globalepgs.info\/es\/?s={search_term_string}"},"query-input":{"@type":"PropertyValueSpecification","valueRequired":true,"valueName":"search_term_string"}}],"inLanguage":"fi"}]}},"_links":{"self":[{"href":"https:\/\/www.globalepgs.info\/fi\/wp-json\/wp\/v2\/pages\/4723","targetHints":{"allow":["GET"]}}],"collection":[{"href":"https:\/\/www.globalepgs.info\/fi\/wp-json\/wp\/v2\/pages"}],"about":[{"href":"https:\/\/www.globalepgs.info\/fi\/wp-json\/wp\/v2\/types\/page"}],"author":[{"embeddable":true,"href":"https:\/\/www.globalepgs.info\/fi\/wp-json\/wp\/v2\/users\/1"}],"replies":[{"embeddable":true,"href":"https:\/\/www.globalepgs.info\/fi\/wp-json\/wp\/v2\/comments?post=4723"}],"version-history":[{"count":0,"href":"https:\/\/www.globalepgs.info\/fi\/wp-json\/wp\/v2\/pages\/4723\/revisions"}],"wp:attachment":[{"href":"https:\/\/www.globalepgs.info\/fi\/wp-json\/wp\/v2\/media?parent=4723"}],"curies":[{"name":"wp","href":"https:\/\/api.w.org\/{rel}","templated":true}]}}