{"id":224,"date":"2016-11-25T13:45:29","date_gmt":"2016-11-25T13:45:29","guid":{"rendered":"http:\/\/interiorconsilium.interiorconsilium.127.0.0.1.xip.io\/fr\/?page_id=224"},"modified":"2017-12-18T14:01:36","modified_gmt":"2017-12-18T14:01:36","slug":"home__trashed","status":"publish","type":"page","link":"https:\/\/www.globalepgs.info\/fr\/","title":{"rendered":"Accueil"},"content":{"rendered":"<p class=\"content\">Nous fournissons des <strong>programmes, s\u00e9lections, GEP ou donn\u00e9es VOD <\/strong>et autres contenus \u00e0 l&#8217;aide d&#8217;un syst\u00e8me de distribution \u00e0 la pointe de la technologie, bas\u00e9 sur des listes d&#8217;envoi sur mesure, cibl\u00e9es en fonction de chaque r\u00e9gion sp\u00e9cifique \u00e0 nos clients et de chaque produit\/langue.<\/p>\n","protected":false},"excerpt":{"rendered":"<p>Nous fournissons des programmes, s\u00e9lections, GEP ou donn\u00e9es VOD et autres contenus \u00e0 l&#8217;aide d&#8217;un syst\u00e8me de distribution \u00e0 la pointe de la technologie, bas\u00e9 sur des listes d&#8217;envoi sur mesure, cibl\u00e9es en fonction de chaque r\u00e9gion sp\u00e9cifique \u00e0 nos clients et de chaque produit\/langue.<\/p>\n","protected":false},"author":1,"featured_media":0,"parent":0,"menu_order":165,"comment_status":"closed","ping_status":"closed","template":"","meta":{"_acf_changed":false,"footnotes":""},"class_list":["post-224","page","type-page","status-publish","hentry"],"acf":[],"yoast_head":"<!-- This site is optimized with the Yoast SEO plugin v27.4 - https:\/\/yoast.com\/product\/yoast-seo-wordpress\/ -->\n<title>Welcome to Global EPGs<\/title>\n<meta name=\"description\" content=\"Global EPGs provides Electronic Programme Guides on behalf of the world s leading broadcasters to TV platforms in multiple languages\" \/>\n<meta name=\"robots\" content=\"index, follow, max-snippet:-1, max-image-preview:large, max-video-preview:-1\" \/>\n<link rel=\"canonical\" href=\"https:\/\/www.globalepgs.info\/fr\/\" \/>\n<meta property=\"og:locale\" content=\"fr_FR\" \/>\n<meta property=\"og:type\" content=\"article\" \/>\n<meta property=\"og:title\" content=\"Welcome to Global EPGs\" \/>\n<meta property=\"og:description\" content=\"Global EPGs provides Electronic Programme Guides on behalf of the world s leading broadcasters to TV platforms in multiple languages\" \/>\n<meta property=\"og:url\" content=\"https:\/\/www.globalepgs.info\/fr\/\" \/>\n<meta property=\"og:site_name\" content=\"Global Listings\" \/>\n<meta property=\"article:modified_time\" content=\"2017-12-18T14:01:36+00:00\" \/>\n<meta name=\"twitter:card\" content=\"summary_large_image\" \/>\n<script type=\"application\/ld+json\" class=\"yoast-schema-graph\">{\"@context\":\"https:\\\/\\\/schema.org\",\"@graph\":[{\"@type\":\"WebPage\",\"@id\":\"https:\\\/\\\/www.globalepgs.info\\\/fr\\\/\",\"url\":\"https:\\\/\\\/www.globalepgs.info\\\/fr\\\/\",\"name\":\"Welcome to Global EPGs\",\"isPartOf\":{\"@id\":\"https:\\\/\\\/www.globalepgs.info\\\/es\\\/#website\"},\"datePublished\":\"2016-11-25T13:45:29+00:00\",\"dateModified\":\"2017-12-18T14:01:36+00:00\",\"description\":\"Global EPGs provides Electronic Programme Guides on behalf of the world s leading broadcasters to TV platforms in multiple languages\",\"breadcrumb\":{\"@id\":\"https:\\\/\\\/www.globalepgs.info\\\/fr\\\/#breadcrumb\"},\"inLanguage\":\"fr-FR\",\"potentialAction\":[{\"@type\":\"ReadAction\",\"target\":[\"https:\\\/\\\/www.globalepgs.info\\\/fr\\\/\"]}]},{\"@type\":\"BreadcrumbList\",\"@id\":\"https:\\\/\\\/www.globalepgs.info\\\/fr\\\/#breadcrumb\",\"itemListElement\":[{\"@type\":\"ListItem\",\"position\":1,\"name\":\"Home\",\"item\":\"https:\\\/\\\/www.globalepgs.info\\\/fr\\\/\"},{\"@type\":\"ListItem\",\"position\":2,\"name\":\"Accueil\"}]},{\"@type\":\"WebSite\",\"@id\":\"https:\\\/\\\/www.globalepgs.info\\\/es\\\/#website\",\"url\":\"https:\\\/\\\/www.globalepgs.info\\\/es\\\/\",\"name\":\"Global Listings\",\"description\":\"Just another WordPress site\",\"potentialAction\":[{\"@type\":\"SearchAction\",\"target\":{\"@type\":\"EntryPoint\",\"urlTemplate\":\"https:\\\/\\\/www.globalepgs.info\\\/es\\\/?s={search_term_string}\"},\"query-input\":{\"@type\":\"PropertyValueSpecification\",\"valueRequired\":true,\"valueName\":\"search_term_string\"}}],\"inLanguage\":\"fr-FR\"}]}<\/script>\n<!-- \/ Yoast SEO plugin. -->","yoast_head_json":{"title":"Welcome to Global EPGs","description":"Global EPGs provides Electronic Programme Guides on behalf of the world s leading broadcasters to TV platforms in multiple languages","robots":{"index":"index","follow":"follow","max-snippet":"max-snippet:-1","max-image-preview":"max-image-preview:large","max-video-preview":"max-video-preview:-1"},"canonical":"https:\/\/www.globalepgs.info\/fr\/","og_locale":"fr_FR","og_type":"article","og_title":"Welcome to Global EPGs","og_description":"Global EPGs provides Electronic Programme Guides on behalf of the world s leading broadcasters to TV platforms in multiple languages","og_url":"https:\/\/www.globalepgs.info\/fr\/","og_site_name":"Global Listings","article_modified_time":"2017-12-18T14:01:36+00:00","twitter_card":"summary_large_image","schema":{"@context":"https:\/\/schema.org","@graph":[{"@type":"WebPage","@id":"https:\/\/www.globalepgs.info\/fr\/","url":"https:\/\/www.globalepgs.info\/fr\/","name":"Welcome to Global EPGs","isPartOf":{"@id":"https:\/\/www.globalepgs.info\/es\/#website"},"datePublished":"2016-11-25T13:45:29+00:00","dateModified":"2017-12-18T14:01:36+00:00","description":"Global EPGs provides Electronic Programme Guides on behalf of the world s leading broadcasters to TV platforms in multiple languages","breadcrumb":{"@id":"https:\/\/www.globalepgs.info\/fr\/#breadcrumb"},"inLanguage":"fr-FR","potentialAction":[{"@type":"ReadAction","target":["https:\/\/www.globalepgs.info\/fr\/"]}]},{"@type":"BreadcrumbList","@id":"https:\/\/www.globalepgs.info\/fr\/#breadcrumb","itemListElement":[{"@type":"ListItem","position":1,"name":"Home","item":"https:\/\/www.globalepgs.info\/fr\/"},{"@type":"ListItem","position":2,"name":"Accueil"}]},{"@type":"WebSite","@id":"https:\/\/www.globalepgs.info\/es\/#website","url":"https:\/\/www.globalepgs.info\/es\/","name":"Global Listings","description":"Just another WordPress site","potentialAction":[{"@type":"SearchAction","target":{"@type":"EntryPoint","urlTemplate":"https:\/\/www.globalepgs.info\/es\/?s={search_term_string}"},"query-input":{"@type":"PropertyValueSpecification","valueRequired":true,"valueName":"search_term_string"}}],"inLanguage":"fr-FR"}]}},"_links":{"self":[{"href":"https:\/\/www.globalepgs.info\/fr\/wp-json\/wp\/v2\/pages\/224","targetHints":{"allow":["GET"]}}],"collection":[{"href":"https:\/\/www.globalepgs.info\/fr\/wp-json\/wp\/v2\/pages"}],"about":[{"href":"https:\/\/www.globalepgs.info\/fr\/wp-json\/wp\/v2\/types\/page"}],"author":[{"embeddable":true,"href":"https:\/\/www.globalepgs.info\/fr\/wp-json\/wp\/v2\/users\/1"}],"replies":[{"embeddable":true,"href":"https:\/\/www.globalepgs.info\/fr\/wp-json\/wp\/v2\/comments?post=224"}],"version-history":[{"count":0,"href":"https:\/\/www.globalepgs.info\/fr\/wp-json\/wp\/v2\/pages\/224\/revisions"}],"wp:attachment":[{"href":"https:\/\/www.globalepgs.info\/fr\/wp-json\/wp\/v2\/media?parent=224"}],"curies":[{"name":"wp","href":"https:\/\/api.w.org\/{rel}","templated":true}]}}