{"id":4677,"date":"2017-03-16T07:58:53","date_gmt":"2017-03-16T07:58:53","guid":{"rendered":"http:\/\/www.globalepgs.info\/fr\/services\/"},"modified":"2017-12-18T14:03:52","modified_gmt":"2017-12-18T14:03:52","slug":"services","status":"publish","type":"page","link":"https:\/\/www.globalepgs.info\/fr\/services\/","title":{"rendered":"Services"},"content":{"rendered":"<div class=\"col-4\">\n<p><img decoding=\"async\" class=\"img-circle img-responsive\" src=\"http:\/\/globalepgs.info\/app\/uploads\/2017\/02\/circles7.png\" alt=\"\" \/><\/p>\n<p class=\"content\">SERVICES<\/p>\n<\/div>\n<div class=\"col-8\">\n<div class=\"content\">\n<p>Nous offrons des GEP de derni\u00e8re g\u00e9n\u00e9ration<\/p>\n<p>Nos solutions GEP sont uniques, car con\u00e7ues pour guider les audiences de nos clients t\u00e9l\u00e9diffuseurs, de sorte qu\u2019elles trouvent facilement leurs contenus et y adh\u00e8rent, que leur s\u00e9lection s&#8217;effectue \u00e0 partir de vid\u00e9os \u00e0 la demande, de t\u00e9l\u00e9vision lin\u00e9aire ou de services OTT<\/p>\n<p>Gr\u00e2ce \u00e0 nos \u00e9quipes expertes et \u00e0 notre technologie de pointe particuli\u00e8rement dynamique, nous sommes \u00e0 m\u00eame d&#8217;offrir une exp\u00e9rience \u00e0 la fois pr\u00e9cise et attrayante, apte \u00e0 fid\u00e9liser le t\u00e9l\u00e9spectateur en suscitant son engouement et sa confiance<\/p>\n<p>Global EPGs travaille avec des plateformes de t\u00e9l\u00e9vision du monde entier, sur tous les continents \u00e0 l&#8217;exception de l&#8217;Antarctique (mais nous y travaillons !)<\/p>\n<p>Pour ce qui est de notre couverture des GEP \u00e0 l&#8217;international, nous sommes leaders sur le march\u00e9 gr\u00e2ce \u00e0 notre connaissance approfondie des fuseaux horaires du monde entier, des sensibilit\u00e9s culturelles, des diff\u00e9rents jeux de caract\u00e8res, des m\u00e9thodes de livraison, des sp\u00e9cifications techniques, des d\u00e9lais, des m\u00e9tadonn\u00e9es requises et de toute autre exigence sp\u00e9cifique \u00e0 chaque plate-forme<\/p>\n<p>Mais le plus important, c&#8217;est que nous fournissons les bonnes donn\u00e9es GEP au bon moment, au bon format et au bon endroit\u00a0!<\/p>\n<p>Global EPGs a plus d&#8217;un tour dans son sac pour tirer le meilleur parti des GEP de votre cha\u00eene\u00a0:<\/p>\n<p><strong>IMAGES DU PROGRAMME<\/strong><br \/>\nNous joignons des images \u00e0 tous les enregistrements TV, lesquelles peuvent varier selon le niveau de chaque programme\u00a0: le niveau s\u00e9rie (par ex., L&#8217;Incroyable Famille Kardashian), le niveau saison (par ex., Saison 2), puis les \u00e9pisodes individuels, qui peuvent \u00eatre associ\u00e9s \u00e0 des images issues de l&#8217;\u00e9pisode sp\u00e9cifique<\/p>\n<p>Les images sont stock\u00e9es dans notre base de donn\u00e9es centrale et peuvent \u00eatre export\u00e9es sous diff\u00e9rentes tailles et r\u00e9solutions selon les requ\u00eates de chaque plateforme de t\u00e9l\u00e9vision<\/p>\n<p><strong>SIDELOADING ET DIFFUSION EN TEMPS R\u00c9EL<\/strong><br \/>\nDe nombreuses plateformes de t\u00e9l\u00e9vision proposent aujourd&#8217;hui des applications personnalis\u00e9es qui permettent \u00e0 leurs abonn\u00e9s d&#8217;obtenir la diffusion en temps r\u00e9el d&#8217;un contenu de programme tout en visionnant un mat\u00e9riel d\u00e9j\u00e0 enregistr\u00e9 sur un terminal secondaire tel qu&#8217;un smartphone ou une tablette<\/p>\n<p>Le champ des possibles est immense en la mati\u00e8re, qu&#8217;il s&#8217;agisse de droits de licence ou de dur\u00e9e de disponibilit\u00e9 sp\u00e9cifique au programme t\u00e9l\u00e9charg\u00e9 \u2013 et Global EPGs aide les diffuseurs \u00e0 naviguer dans ce qui pourrait \u00eatre un v\u00e9ritable champ de mine, en fournissant aux plateformes de t\u00e9l\u00e9vision les m\u00e9tadonn\u00e9es associ\u00e9es dont elles ont exactement besoin<\/p>\n<p><strong>SERVICES D&#8217;ACCESSIBILIT\u00c9<\/strong><br \/>\nDe nombreux cha\u00eenes de t\u00e9l\u00e9vision ont d\u00e9sormais l&#8217;obligation d&#8217;indiquer les programmes sous-titr\u00e9s pour les malentendants, ceux qui proposent une description audio ou incluent un interpr\u00e8te en langue des signes. Global EPGs collabore avec les t\u00e9l\u00e9diffuseurs pour veiller \u00e0 ce que leurs engagements en termes de services d&#8217;accessibilit\u00e9 soient correctement repr\u00e9sent\u00e9s dans le GEP<\/p>\n<p><strong>CHA\u00ceNAGE DE S\u00c9RIES<\/strong><br \/>\nGlobal EPGs \u00e9l\u00e8ve le cha\u00eenage de s\u00e9ries au rang d&#8217;art, et notre technologie perfectionn\u00e9e nous permet d&#8217;en cr\u00e9er pour diverses plateformes, quel que soit le mode de diffusion des programmes pr\u00e9vu sur une cha\u00eene<\/p>\n<p>Nous connaissons et appliquons toutes les r\u00e8gles relatives \u00e0 la correspondance des titres, aux bouclages de fin de saison et veillons \u00e0 ne pas laisser un intervalle trop important entre deux \u00e9pisodes li\u00e9s<\/p>\n<p>Notre technologie GEP nous permet \u00e9galement d&#8217;effectuer le cha\u00eenage de films, d&#8217;\u00e9pisodes et de programmes ponctuels qui s&#8217;int\u00e8grent dans une saison ou un \u00e9v\u00e9nement phare<\/p>\n<p>Demandez-nous une d\u00e9mo\u00a0: <a href=\"mailto:epgs@globallistings.info\">epgs@globallistings.info<\/a><\/p>\n<p><strong>Une v\u00e9ritable passion pour la t\u00e9l\u00e9vision et un engagement pour la pr\u00e9cision<\/strong><\/p>\n<p>Nos solutions GEP combinent des contenus dynamiques, des m\u00e9tadonn\u00e9es enrichies et une technologie de pointe pour offrir aux audiences de nos clients t\u00e9l\u00e9diffuseurs des exp\u00e9riences t\u00e9l\u00e9visuelles hautement attrayantes, partout dans le monde<\/p>\n<p>Que les t\u00e9l\u00e9spectateurs d&#8217;une cha\u00eene de t\u00e9l\u00e9vision visionnent leurs \u00e9missions favorites sur t\u00e9l\u00e9vision classique ou choisissent de visionner des contenus par diffusion en temps r\u00e9el \u2013 qu&#8217;il s&#8217;agisse de sport en direct, de films, de musique ou encore d&#8217;actualit\u00e9s et de loisirs \u2013 nos \u00e9quipes bas\u00e9es au Royaume-Uni ou \u00e0 l&#8217;international \u00e9laborent des \u00e9nonc\u00e9s dynamiques et des m\u00e9tadonn\u00e9es descriptives personnalis\u00e9es selon chaque cha\u00eene et localis\u00e9es pour chaque r\u00e9gion, fournissant ainsi la solution sur mesure la plus \u00e0 m\u00eame de susciter l&#8217;int\u00e9r\u00eat et de fid\u00e9liser les audiences<\/p>\n<p>Nos niveaux de pr\u00e9cision sont in\u00e9gal\u00e9s<\/p>\n<p>Nos normes r\u00e9dactionnelles sont r\u00e9put\u00e9es dans le secteur<\/p>\n<p>Nos capacit\u00e9s techniques diffusent les contenus de programmation des cha\u00eenes t\u00e9l\u00e9vis\u00e9es de mani\u00e8re homog\u00e8ne dans un environnement multiplateforme<\/p>\n<p>En cr\u00e9ant, en \u00e9ditant et en diffusant ces donn\u00e9es pour le compte de ses clients, Global EPGs veille \u00e0 ce que ses cha\u00eenes partenaires soient pleinement repr\u00e9sent\u00e9es dans toute l&#8217;\u00e9tendue des fonctionnalit\u00e9s GEP de derni\u00e8re g\u00e9n\u00e9ration\u00a0: fonctions de recherche am\u00e9lior\u00e9es, recommandations en fonction du profilage des go\u00fbts, cha\u00eenage de s\u00e9ries intelligent, etc.<\/p>\n<p>La d\u00e9couverte de contenus est essentielle \u00e0 la croissance et \u00e0 la popularit\u00e9 d&#8217;une cha\u00eene sur le march\u00e9 de plus en plus concurrentiel de la t\u00e9l\u00e9vision. Que ces contenus soient lin\u00e9aires, VOD, OTT ou IPTV, les t\u00e9l\u00e9spectateurs ont besoin de savoir ce qui est diffus\u00e9 sur une cha\u00eene, et ces informations reposent exclusivement sur le contenu du GEP<\/p>\n<p>Avec Global EPGs, vous avez la certitude que les GEP de vos cha\u00eenes seront cr\u00e9\u00e9s sur mesure pour votre audience cible<\/p>\n<\/div>\n<\/div>\n","protected":false},"excerpt":{"rendered":"<p>SERVICES Nous offrons des GEP de derni\u00e8re g\u00e9n\u00e9ration Nos solutions GEP sont uniques, car con\u00e7ues pour guider les audiences de nos clients t\u00e9l\u00e9diffuseurs, de sorte qu\u2019elles trouvent facilement leurs contenus et y adh\u00e8rent, que leur s\u00e9lection s&#8217;effectue \u00e0 partir de vid\u00e9os \u00e0 la demande, de t\u00e9l\u00e9vision lin\u00e9aire ou de services OTT Gr\u00e2ce \u00e0 nos \u00e9quipes [&hellip;]<\/p>\n","protected":false},"author":1,"featured_media":0,"parent":0,"menu_order":204,"comment_status":"closed","ping_status":"closed","template":"page-epgs_template.php","meta":{"_acf_changed":false,"footnotes":""},"class_list":["post-4677","page","type-page","status-publish","hentry"],"acf":[],"yoast_head":"<!-- This site is optimized with the Yoast SEO plugin v27.3 - https:\/\/yoast.com\/product\/yoast-seo-wordpress\/ -->\n<title>Services - Global Listings<\/title>\n<meta name=\"robots\" content=\"index, follow, max-snippet:-1, max-image-preview:large, max-video-preview:-1\" \/>\n<link rel=\"canonical\" href=\"https:\/\/www.globalepgs.info\/fr\/services\/\" \/>\n<meta property=\"og:locale\" content=\"fr_FR\" \/>\n<meta property=\"og:type\" content=\"article\" \/>\n<meta property=\"og:title\" content=\"Services - Global Listings\" \/>\n<meta property=\"og:description\" content=\"SERVICES Nous offrons des GEP de derni\u00e8re g\u00e9n\u00e9ration Nos solutions GEP sont uniques, car con\u00e7ues pour guider les audiences de nos clients t\u00e9l\u00e9diffuseurs, de sorte qu\u2019elles trouvent facilement leurs contenus et y adh\u00e8rent, que leur s\u00e9lection s&#8217;effectue \u00e0 partir de vid\u00e9os \u00e0 la demande, de t\u00e9l\u00e9vision lin\u00e9aire ou de services OTT Gr\u00e2ce \u00e0 nos \u00e9quipes [&hellip;]\" \/>\n<meta property=\"og:url\" content=\"https:\/\/www.globalepgs.info\/fr\/services\/\" \/>\n<meta property=\"og:site_name\" content=\"Global Listings\" \/>\n<meta property=\"article:modified_time\" content=\"2017-12-18T14:03:52+00:00\" \/>\n<meta property=\"og:image\" content=\"http:\/\/globalepgs.info\/app\/uploads\/2017\/02\/circles7.png\" \/>\n<meta name=\"twitter:card\" content=\"summary_large_image\" \/>\n<meta name=\"twitter:label1\" content=\"Est. reading time\" \/>\n\t<meta name=\"twitter:data1\" content=\"5 minutes\" \/>\n<script type=\"application\/ld+json\" class=\"yoast-schema-graph\">{\"@context\":\"https:\\\/\\\/schema.org\",\"@graph\":[{\"@type\":\"WebPage\",\"@id\":\"https:\\\/\\\/www.globalepgs.info\\\/fr\\\/services\\\/\",\"url\":\"https:\\\/\\\/www.globalepgs.info\\\/fr\\\/services\\\/\",\"name\":\"Services - Global Listings\",\"isPartOf\":{\"@id\":\"https:\\\/\\\/www.globalepgs.info\\\/es\\\/#website\"},\"primaryImageOfPage\":{\"@id\":\"https:\\\/\\\/www.globalepgs.info\\\/fr\\\/services\\\/#primaryimage\"},\"image\":{\"@id\":\"https:\\\/\\\/www.globalepgs.info\\\/fr\\\/services\\\/#primaryimage\"},\"thumbnailUrl\":\"http:\\\/\\\/globalepgs.info\\\/app\\\/uploads\\\/2017\\\/02\\\/circles7.png\",\"datePublished\":\"2017-03-16T07:58:53+00:00\",\"dateModified\":\"2017-12-18T14:03:52+00:00\",\"breadcrumb\":{\"@id\":\"https:\\\/\\\/www.globalepgs.info\\\/fr\\\/services\\\/#breadcrumb\"},\"inLanguage\":\"fr-FR\",\"potentialAction\":[{\"@type\":\"ReadAction\",\"target\":[\"https:\\\/\\\/www.globalepgs.info\\\/fr\\\/services\\\/\"]}]},{\"@type\":\"ImageObject\",\"inLanguage\":\"fr-FR\",\"@id\":\"https:\\\/\\\/www.globalepgs.info\\\/fr\\\/services\\\/#primaryimage\",\"url\":\"http:\\\/\\\/globalepgs.info\\\/app\\\/uploads\\\/2017\\\/02\\\/circles7.png\",\"contentUrl\":\"http:\\\/\\\/globalepgs.info\\\/app\\\/uploads\\\/2017\\\/02\\\/circles7.png\"},{\"@type\":\"BreadcrumbList\",\"@id\":\"https:\\\/\\\/www.globalepgs.info\\\/fr\\\/services\\\/#breadcrumb\",\"itemListElement\":[{\"@type\":\"ListItem\",\"position\":1,\"name\":\"Home\",\"item\":\"https:\\\/\\\/www.globalepgs.info\\\/fr\\\/\"},{\"@type\":\"ListItem\",\"position\":2,\"name\":\"Services\"}]},{\"@type\":\"WebSite\",\"@id\":\"https:\\\/\\\/www.globalepgs.info\\\/es\\\/#website\",\"url\":\"https:\\\/\\\/www.globalepgs.info\\\/es\\\/\",\"name\":\"Global Listings\",\"description\":\"Just another WordPress site\",\"potentialAction\":[{\"@type\":\"SearchAction\",\"target\":{\"@type\":\"EntryPoint\",\"urlTemplate\":\"https:\\\/\\\/www.globalepgs.info\\\/es\\\/?s={search_term_string}\"},\"query-input\":{\"@type\":\"PropertyValueSpecification\",\"valueRequired\":true,\"valueName\":\"search_term_string\"}}],\"inLanguage\":\"fr-FR\"}]}<\/script>\n<!-- \/ Yoast SEO plugin. -->","yoast_head_json":{"title":"Services - Global Listings","robots":{"index":"index","follow":"follow","max-snippet":"max-snippet:-1","max-image-preview":"max-image-preview:large","max-video-preview":"max-video-preview:-1"},"canonical":"https:\/\/www.globalepgs.info\/fr\/services\/","og_locale":"fr_FR","og_type":"article","og_title":"Services - Global Listings","og_description":"SERVICES Nous offrons des GEP de derni\u00e8re g\u00e9n\u00e9ration Nos solutions GEP sont uniques, car con\u00e7ues pour guider les audiences de nos clients t\u00e9l\u00e9diffuseurs, de sorte qu\u2019elles trouvent facilement leurs contenus et y adh\u00e8rent, que leur s\u00e9lection s&#8217;effectue \u00e0 partir de vid\u00e9os \u00e0 la demande, de t\u00e9l\u00e9vision lin\u00e9aire ou de services OTT Gr\u00e2ce \u00e0 nos \u00e9quipes [&hellip;]","og_url":"https:\/\/www.globalepgs.info\/fr\/services\/","og_site_name":"Global Listings","article_modified_time":"2017-12-18T14:03:52+00:00","og_image":[{"url":"http:\/\/globalepgs.info\/app\/uploads\/2017\/02\/circles7.png","type":"","width":"","height":""}],"twitter_card":"summary_large_image","twitter_misc":{"Est. reading time":"5 minutes"},"schema":{"@context":"https:\/\/schema.org","@graph":[{"@type":"WebPage","@id":"https:\/\/www.globalepgs.info\/fr\/services\/","url":"https:\/\/www.globalepgs.info\/fr\/services\/","name":"Services - Global Listings","isPartOf":{"@id":"https:\/\/www.globalepgs.info\/es\/#website"},"primaryImageOfPage":{"@id":"https:\/\/www.globalepgs.info\/fr\/services\/#primaryimage"},"image":{"@id":"https:\/\/www.globalepgs.info\/fr\/services\/#primaryimage"},"thumbnailUrl":"http:\/\/globalepgs.info\/app\/uploads\/2017\/02\/circles7.png","datePublished":"2017-03-16T07:58:53+00:00","dateModified":"2017-12-18T14:03:52+00:00","breadcrumb":{"@id":"https:\/\/www.globalepgs.info\/fr\/services\/#breadcrumb"},"inLanguage":"fr-FR","potentialAction":[{"@type":"ReadAction","target":["https:\/\/www.globalepgs.info\/fr\/services\/"]}]},{"@type":"ImageObject","inLanguage":"fr-FR","@id":"https:\/\/www.globalepgs.info\/fr\/services\/#primaryimage","url":"http:\/\/globalepgs.info\/app\/uploads\/2017\/02\/circles7.png","contentUrl":"http:\/\/globalepgs.info\/app\/uploads\/2017\/02\/circles7.png"},{"@type":"BreadcrumbList","@id":"https:\/\/www.globalepgs.info\/fr\/services\/#breadcrumb","itemListElement":[{"@type":"ListItem","position":1,"name":"Home","item":"https:\/\/www.globalepgs.info\/fr\/"},{"@type":"ListItem","position":2,"name":"Services"}]},{"@type":"WebSite","@id":"https:\/\/www.globalepgs.info\/es\/#website","url":"https:\/\/www.globalepgs.info\/es\/","name":"Global Listings","description":"Just another WordPress site","potentialAction":[{"@type":"SearchAction","target":{"@type":"EntryPoint","urlTemplate":"https:\/\/www.globalepgs.info\/es\/?s={search_term_string}"},"query-input":{"@type":"PropertyValueSpecification","valueRequired":true,"valueName":"search_term_string"}}],"inLanguage":"fr-FR"}]}},"_links":{"self":[{"href":"https:\/\/www.globalepgs.info\/fr\/wp-json\/wp\/v2\/pages\/4677","targetHints":{"allow":["GET"]}}],"collection":[{"href":"https:\/\/www.globalepgs.info\/fr\/wp-json\/wp\/v2\/pages"}],"about":[{"href":"https:\/\/www.globalepgs.info\/fr\/wp-json\/wp\/v2\/types\/page"}],"author":[{"embeddable":true,"href":"https:\/\/www.globalepgs.info\/fr\/wp-json\/wp\/v2\/users\/1"}],"replies":[{"embeddable":true,"href":"https:\/\/www.globalepgs.info\/fr\/wp-json\/wp\/v2\/comments?post=4677"}],"version-history":[{"count":0,"href":"https:\/\/www.globalepgs.info\/fr\/wp-json\/wp\/v2\/pages\/4677\/revisions"}],"wp:attachment":[{"href":"https:\/\/www.globalepgs.info\/fr\/wp-json\/wp\/v2\/media?parent=4677"}],"curies":[{"name":"wp","href":"https:\/\/api.w.org\/{rel}","templated":true}]}}