{"id":4289,"date":"2017-03-12T19:30:54","date_gmt":"2017-03-12T19:30:54","guid":{"rendered":"http:\/\/www.globalepgs.info\/hr\/usluge\/"},"modified":"2017-11-28T07:27:39","modified_gmt":"2017-11-28T07:27:39","slug":"usluge","status":"publish","type":"page","link":"https:\/\/www.globalepgs.info\/hr\/usluge\/","title":{"rendered":"Usluge"},"content":{"rendered":"<div class=\"col-4\">\n<p><img decoding=\"async\" class=\"img-circle img-responsive\" src=\"http:\/\/globalepgs.info\/app\/uploads\/2017\/02\/circles7.png\" alt=\"\" \/><\/p>\n<p class=\"content\">USLUGE<\/p>\n<\/div>\n<div class=\"col-8\">\n<div class=\"content\">\n<p>Nudimo najnoviju generaciju elektroni\u010dkih programskih vodi\u010da (EPG)<\/p>\n<p>Na\u0161a EPG rje\u0161enja jedinstvena su jer su osmi\u0161ljena kako bi omogu\u0107ila publici da jednostavno prona\u0111e sadr\u017eaje na\u0161ih klijenata i komunicira s njima, bez obzira na to je li rije\u010d o usluzi na zahtjev, linearnoj televiziji ili OTT servisu<\/p>\n<p>Zahvaljuju\u0107i na\u0161im iznimno iskusnim ekipama i dinami\u010dnoj tehnologiji bez premca u televizijskoj industriji, mo\u017eemo ponuditi precizno i zanimljivo iskustvo kako bismo privukli gledatelje i zajam\u010dili da \u0107e zavoljeti va\u0161 kanal i vjerovati mu<\/p>\n<p>Global EPGs sura\u0111uje s TV platformama iz cijelog svijeta, na svim kontinentima osim Antarktika (a i na tome radimo!)<\/p>\n<p>Kada je rije\u010d o me\u0111unarodnom dosegu na\u0161ih EPG rje\u0161enja, vode\u0107i smo na tr\u017ei\u0161tu i dobro poznajemo vremenske zone, kulturalne osjetljivosti, druga\u010dija pisma, na\u010dine dostave podataka, tehni\u010dke uvjete, rokove, zahtjeve vezane uz metapodatke i najrazli\u010ditije druge zna\u010dajke jedinstvene za svaku platformu<\/p>\n<p>Mo\u017eda i najva\u017enije, to\u010dne EPG podatke isporu\u010dujemo u pravi trenutak, u pravom formatu i na pravo mjesto!<\/p>\n<p>Global EPGs mo\u017ee unaprijediti elektroni\u010dki programski vodi\u010d va\u0161eg kanala na brojne na\u010dine, uklju\u010duju\u0107i:<\/p>\n<p><strong>PROGRAMSKI SLIKOVNI MATERIJAL<\/strong><br \/>\nSvakom TV zapisu pridodajemo i slikovni materijal, koji se mo\u017ee razlikovati za svaku programsku razinu: razinu serije (na primjer, Kardashians), razinu sezone (npr. druga sezona), a zatim i razinu pojedine epizode, koje sve mogu imati svoj zaseban slikovni materijal<\/p>\n<p>Slike su pohranjene u na\u0161oj sredi\u0161njoj bazi podataka te se mogu isporu\u010divati u razli\u010ditim veli\u010dinama i rezolucijama, ovisno o zahtjevima svake TV platforme<\/p>\n<p><strong>GLEDANJE NA DRUGOM ZASLONU\u00a0I STREAMING<\/strong><br \/>\nBrojne TV platforme danas nude i posebne aplikacije koje pretplatnicima omogu\u0107uju streaming TV sadr\u017eaja, kao i gledanje prethodno snimljenog materijala na drugom ure\u0111aju, kao \u0161to je pametni telefon ili tablet<\/p>\n<p>Pritom je potrebno imati na umu brojne specifi\u010dnosti, od op\u0107enitih prava za prikazivanje do razli\u010ditog trajanja dostupnosti preuzetog programa \u2013 a Global EPGs poma\u017ee televizijskim postajama da savladaju to potencijalno minsko polje, dok TV platformama nudi upravo one metapodatke koji su im potrebni<\/p>\n<p><strong>SERVISI ZA POMO\u0106 OSOBAMA S INVALIDITETOM<\/strong><br \/>\nDanas su brojni TV kanali obvezni ozna\u010diti koji programi imaju titlove, koji sadr\u017ee zvu\u010dne opise, a koji na zaslonu uklju\u010duju znakovni jezik za osobe o\u0161te\u0107ena sluha. Global EPGs sura\u0111uje s TV postajama i brine za to da oznake servisa za pomo\u0107 osobama s invaliditetom budu uklju\u010dene u EPG<\/p>\n<p><strong>POVEZIVANJE EPIZODA SERIJA<\/strong><br \/>\nGlobal EPGs smatra da je povezivanje epizoda serija prava umjetnost, a na\u0161a napredna tehnologija omogu\u0107uje nam njihovo povezivanje na vi\u0161e platformi, bez obzira na to kako su programi raspore\u0111eni po pojedinom kanalu<\/p>\n<p>Poznajemo i po\u0161tujemo pravila kada je rije\u010d o podudaranju naslova, zavr\u0161avanju nizova na kraju sezona i ne ostavljanju prevelikog razmaka izme\u0111u dviju povezanih epizoda<\/p>\n<p>Na\u0161a EPG tehnologija omogu\u0107uje nam i stvaranje poveznica izme\u0111u filmova, epizoda i jednokratnih programa koji tvore dio sezone ili posebnog doga\u0111aja<\/p>\n<p>Ako ste zainteresirani za prezentaciju, slobodno nam se javite: <a href=\"mailto:epgs@globallistings.info\">epgs@globallistings.info<\/a><\/p>\n<p><strong>Strast prema televiziji i posve\u0107enost to\u010dnosti<\/strong><\/p>\n<p>Na\u0161a EPG rje\u0161enja povezuju dinami\u010dni sadr\u017eaj, pro\u0161irene metapodatke i naprednu tehnologiju kako bismo ponudili uzbudljiva TV iskustva za publiku svojih klijenata \u2013 i to na globalnoj razini<\/p>\n<p>Bez obzira na to gleda li publika TV kanala svoje omiljene emisije preko tradicionalne televizije ili se odlu\u010duje na streaming programskog sadr\u017eaja \u2013 od sportskih prijenosa do filmova, i od glazbe do vijesti i zabave \u2013 na\u0161i timovi u Velikoj Britaniji i diljem svijeta pobrinut \u0107e se za dinami\u010dne tekstove i opisne metapodatke koji \u0107e biti prilago\u0111eni svakom pojedinom kanalu te lokalizirani za svaku regiju, stvaraju\u0107i jedinstveno rje\u0161enje koje privla\u010di gledatelje te zadr\u017eava njihovu pozornost<\/p>\n<p>Na\u0161a je posve\u0107enost to\u010dnosti bez premca<\/p>\n<p>Na\u0161i uredni\u010dki standardi poznati su u televizijskoj industriji<\/p>\n<p>Na\u0161a tehni\u010dka rje\u0161enja besprijekorno isporu\u010duju programski sadr\u017eaj TV kanala vi\u0161eplatformskim okru\u017eenjima<\/p>\n<p>Stvaraju\u0107i, odr\u017eavaju\u0107i i isporu\u010duju\u0107i podatke u ime svojih klijenata, Global EPGs jam\u010di da \u0107e kanali na\u0161ih partnera biti cjelovito predstavljeni kori\u0161tenjem mogu\u0107nosti najnovije generacije EPG-a: naprednih mogu\u0107nosti tra\u017eenja, preporuka u skladu s profilom osobnog ukusa gledatelja, pametnim povezivanjem epizoda serija itd.<\/p>\n<p>Za rast i popularnost svakog kanala u iznimno konkurentnom TV okru\u017eenju od presudne je va\u017enosti otkrivanje sadr\u017eaja \u2013 bez obzira na to je li rije\u010d o linearnoj televiziji ili videu na zahtjev, o OTT ili IPTV servisu, gledatelji moraju znati \u0161to je u ponudi \u2013 a ta se informacija u potpunosti temelji na sadr\u017eaju EPG-a<\/p>\n<p>S rje\u0161enjima tvrtke Global EPGs mo\u017eete biti sigurni da \u0107e EPG va\u0161eg kanala biti savr\u0161eno prilago\u0111en va\u0161oj ciljanoj publici<\/p>\n<\/div>\n<\/div>\n","protected":false},"excerpt":{"rendered":"<p>USLUGE Nudimo najnoviju generaciju elektroni\u010dkih programskih vodi\u010da (EPG) Na\u0161a EPG rje\u0161enja jedinstvena su jer su osmi\u0161ljena kako bi omogu\u0107ila publici da jednostavno prona\u0111e sadr\u017eaje na\u0161ih klijenata i komunicira s njima, bez obzira na to je li rije\u010d o usluzi na zahtjev, linearnoj televiziji ili OTT servisu Zahvaljuju\u0107i na\u0161im iznimno iskusnim ekipama i dinami\u010dnoj tehnologiji bez [&hellip;]<\/p>\n","protected":false},"author":1,"featured_media":0,"parent":0,"menu_order":214,"comment_status":"closed","ping_status":"closed","template":"page-epgs_template.php","meta":{"_acf_changed":false,"footnotes":""},"class_list":["post-4289","page","type-page","status-publish","hentry"],"acf":[],"yoast_head":"<!-- This site is optimized with the Yoast SEO plugin v27.4 - https:\/\/yoast.com\/product\/yoast-seo-wordpress\/ -->\n<title>Usluge - Global Listings<\/title>\n<meta name=\"robots\" content=\"index, follow, max-snippet:-1, max-image-preview:large, max-video-preview:-1\" \/>\n<link rel=\"canonical\" href=\"https:\/\/www.globalepgs.info\/hr\/usluge\/\" \/>\n<meta property=\"og:locale\" content=\"hr_HR\" \/>\n<meta property=\"og:type\" content=\"article\" \/>\n<meta property=\"og:title\" content=\"Usluge - Global Listings\" \/>\n<meta property=\"og:description\" content=\"USLUGE Nudimo najnoviju generaciju elektroni\u010dkih programskih vodi\u010da (EPG) Na\u0161a EPG rje\u0161enja jedinstvena su jer su osmi\u0161ljena kako bi omogu\u0107ila publici da jednostavno prona\u0111e sadr\u017eaje na\u0161ih klijenata i komunicira s njima, bez obzira na to je li rije\u010d o usluzi na zahtjev, linearnoj televiziji ili OTT servisu Zahvaljuju\u0107i na\u0161im iznimno iskusnim ekipama i dinami\u010dnoj tehnologiji bez [&hellip;]\" \/>\n<meta property=\"og:url\" content=\"https:\/\/www.globalepgs.info\/hr\/usluge\/\" \/>\n<meta property=\"og:site_name\" content=\"Global Listings\" \/>\n<meta property=\"article:modified_time\" content=\"2017-11-28T07:27:39+00:00\" \/>\n<meta property=\"og:image\" content=\"http:\/\/globalepgs.info\/app\/uploads\/2017\/02\/circles7.png\" \/>\n<meta name=\"twitter:card\" content=\"summary_large_image\" \/>\n<meta name=\"twitter:label1\" content=\"Est. reading time\" \/>\n\t<meta name=\"twitter:data1\" content=\"4 minutes\" \/>\n<script type=\"application\/ld+json\" class=\"yoast-schema-graph\">{\"@context\":\"https:\\\/\\\/schema.org\",\"@graph\":[{\"@type\":\"WebPage\",\"@id\":\"https:\\\/\\\/www.globalepgs.info\\\/hr\\\/usluge\\\/\",\"url\":\"https:\\\/\\\/www.globalepgs.info\\\/hr\\\/usluge\\\/\",\"name\":\"Usluge - Global Listings\",\"isPartOf\":{\"@id\":\"https:\\\/\\\/www.globalepgs.info\\\/es\\\/#website\"},\"primaryImageOfPage\":{\"@id\":\"https:\\\/\\\/www.globalepgs.info\\\/hr\\\/usluge\\\/#primaryimage\"},\"image\":{\"@id\":\"https:\\\/\\\/www.globalepgs.info\\\/hr\\\/usluge\\\/#primaryimage\"},\"thumbnailUrl\":\"http:\\\/\\\/globalepgs.info\\\/app\\\/uploads\\\/2017\\\/02\\\/circles7.png\",\"datePublished\":\"2017-03-12T19:30:54+00:00\",\"dateModified\":\"2017-11-28T07:27:39+00:00\",\"breadcrumb\":{\"@id\":\"https:\\\/\\\/www.globalepgs.info\\\/hr\\\/usluge\\\/#breadcrumb\"},\"inLanguage\":\"hr\",\"potentialAction\":[{\"@type\":\"ReadAction\",\"target\":[\"https:\\\/\\\/www.globalepgs.info\\\/hr\\\/usluge\\\/\"]}]},{\"@type\":\"ImageObject\",\"inLanguage\":\"hr\",\"@id\":\"https:\\\/\\\/www.globalepgs.info\\\/hr\\\/usluge\\\/#primaryimage\",\"url\":\"http:\\\/\\\/globalepgs.info\\\/app\\\/uploads\\\/2017\\\/02\\\/circles7.png\",\"contentUrl\":\"http:\\\/\\\/globalepgs.info\\\/app\\\/uploads\\\/2017\\\/02\\\/circles7.png\"},{\"@type\":\"BreadcrumbList\",\"@id\":\"https:\\\/\\\/www.globalepgs.info\\\/hr\\\/usluge\\\/#breadcrumb\",\"itemListElement\":[{\"@type\":\"ListItem\",\"position\":1,\"name\":\"Home\",\"item\":\"https:\\\/\\\/www.globalepgs.info\\\/hr\\\/\"},{\"@type\":\"ListItem\",\"position\":2,\"name\":\"Usluge\"}]},{\"@type\":\"WebSite\",\"@id\":\"https:\\\/\\\/www.globalepgs.info\\\/es\\\/#website\",\"url\":\"https:\\\/\\\/www.globalepgs.info\\\/es\\\/\",\"name\":\"Global Listings\",\"description\":\"Just another WordPress site\",\"potentialAction\":[{\"@type\":\"SearchAction\",\"target\":{\"@type\":\"EntryPoint\",\"urlTemplate\":\"https:\\\/\\\/www.globalepgs.info\\\/es\\\/?s={search_term_string}\"},\"query-input\":{\"@type\":\"PropertyValueSpecification\",\"valueRequired\":true,\"valueName\":\"search_term_string\"}}],\"inLanguage\":\"hr\"}]}<\/script>\n<!-- \/ Yoast SEO plugin. -->","yoast_head_json":{"title":"Usluge - Global Listings","robots":{"index":"index","follow":"follow","max-snippet":"max-snippet:-1","max-image-preview":"max-image-preview:large","max-video-preview":"max-video-preview:-1"},"canonical":"https:\/\/www.globalepgs.info\/hr\/usluge\/","og_locale":"hr_HR","og_type":"article","og_title":"Usluge - Global Listings","og_description":"USLUGE Nudimo najnoviju generaciju elektroni\u010dkih programskih vodi\u010da (EPG) Na\u0161a EPG rje\u0161enja jedinstvena su jer su osmi\u0161ljena kako bi omogu\u0107ila publici da jednostavno prona\u0111e sadr\u017eaje na\u0161ih klijenata i komunicira s njima, bez obzira na to je li rije\u010d o usluzi na zahtjev, linearnoj televiziji ili OTT servisu Zahvaljuju\u0107i na\u0161im iznimno iskusnim ekipama i dinami\u010dnoj tehnologiji bez [&hellip;]","og_url":"https:\/\/www.globalepgs.info\/hr\/usluge\/","og_site_name":"Global Listings","article_modified_time":"2017-11-28T07:27:39+00:00","og_image":[{"url":"http:\/\/globalepgs.info\/app\/uploads\/2017\/02\/circles7.png","type":"","width":"","height":""}],"twitter_card":"summary_large_image","twitter_misc":{"Est. reading time":"4 minutes"},"schema":{"@context":"https:\/\/schema.org","@graph":[{"@type":"WebPage","@id":"https:\/\/www.globalepgs.info\/hr\/usluge\/","url":"https:\/\/www.globalepgs.info\/hr\/usluge\/","name":"Usluge - Global Listings","isPartOf":{"@id":"https:\/\/www.globalepgs.info\/es\/#website"},"primaryImageOfPage":{"@id":"https:\/\/www.globalepgs.info\/hr\/usluge\/#primaryimage"},"image":{"@id":"https:\/\/www.globalepgs.info\/hr\/usluge\/#primaryimage"},"thumbnailUrl":"http:\/\/globalepgs.info\/app\/uploads\/2017\/02\/circles7.png","datePublished":"2017-03-12T19:30:54+00:00","dateModified":"2017-11-28T07:27:39+00:00","breadcrumb":{"@id":"https:\/\/www.globalepgs.info\/hr\/usluge\/#breadcrumb"},"inLanguage":"hr","potentialAction":[{"@type":"ReadAction","target":["https:\/\/www.globalepgs.info\/hr\/usluge\/"]}]},{"@type":"ImageObject","inLanguage":"hr","@id":"https:\/\/www.globalepgs.info\/hr\/usluge\/#primaryimage","url":"http:\/\/globalepgs.info\/app\/uploads\/2017\/02\/circles7.png","contentUrl":"http:\/\/globalepgs.info\/app\/uploads\/2017\/02\/circles7.png"},{"@type":"BreadcrumbList","@id":"https:\/\/www.globalepgs.info\/hr\/usluge\/#breadcrumb","itemListElement":[{"@type":"ListItem","position":1,"name":"Home","item":"https:\/\/www.globalepgs.info\/hr\/"},{"@type":"ListItem","position":2,"name":"Usluge"}]},{"@type":"WebSite","@id":"https:\/\/www.globalepgs.info\/es\/#website","url":"https:\/\/www.globalepgs.info\/es\/","name":"Global Listings","description":"Just another WordPress site","potentialAction":[{"@type":"SearchAction","target":{"@type":"EntryPoint","urlTemplate":"https:\/\/www.globalepgs.info\/es\/?s={search_term_string}"},"query-input":{"@type":"PropertyValueSpecification","valueRequired":true,"valueName":"search_term_string"}}],"inLanguage":"hr"}]}},"_links":{"self":[{"href":"https:\/\/www.globalepgs.info\/hr\/wp-json\/wp\/v2\/pages\/4289","targetHints":{"allow":["GET"]}}],"collection":[{"href":"https:\/\/www.globalepgs.info\/hr\/wp-json\/wp\/v2\/pages"}],"about":[{"href":"https:\/\/www.globalepgs.info\/hr\/wp-json\/wp\/v2\/types\/page"}],"author":[{"embeddable":true,"href":"https:\/\/www.globalepgs.info\/hr\/wp-json\/wp\/v2\/users\/1"}],"replies":[{"embeddable":true,"href":"https:\/\/www.globalepgs.info\/hr\/wp-json\/wp\/v2\/comments?post=4289"}],"version-history":[{"count":0,"href":"https:\/\/www.globalepgs.info\/hr\/wp-json\/wp\/v2\/pages\/4289\/revisions"}],"wp:attachment":[{"href":"https:\/\/www.globalepgs.info\/hr\/wp-json\/wp\/v2\/media?parent=4289"}],"curies":[{"name":"wp","href":"https:\/\/api.w.org\/{rel}","templated":true}]}}