{"id":4365,"date":"2017-03-13T13:48:12","date_gmt":"2017-03-13T13:48:12","guid":{"rendered":"http:\/\/www.globalepgs.info\/hu\/rolunk\/"},"modified":"2017-12-18T11:40:08","modified_gmt":"2017-12-18T11:40:08","slug":"rolunk","status":"publish","type":"page","link":"https:\/\/www.globalepgs.info\/hu\/rolunk\/","title":{"rendered":"R\u00f3lunk"},"content":{"rendered":"<div class=\"col-4\">\n<p><img decoding=\"async\" class=\"img-circle img-responsive\" src=\"http:\/\/globalepgs.info\/app\/uploads\/2017\/02\/3.png\" alt=\"content_photo\" \/><\/p>\n<p class=\"content\">R\u00d3LUNK<\/p>\n<\/div>\n<div class=\"col-8\">\n<div class=\"content\">\n<p>A Global EPGs a vil\u00e1g vezet\u0151 elektronikus m\u0171sor\u00fajs\u00e1g-szolg\u00e1ltat\u00f3ja.<\/p>\n<p>T\u00f6bb mint 100 telev\u00edzi\u00f3s platformmal dolgozunk napi szinten &#8211; bele\u00e9rtve a DTH, IPTV \u00e9s VOD platformokat. C\u00e9g\u00fcnk szerkeszt\u0151i tartalmat, kiemelt metaadatokat \u00e9s k\u00e9peket tesz el\u00e9rhet\u0151v\u00e9, hogy m\u0171sorszolg\u00e1ltat\u00f3 \u00fcgyfeleink sz\u00e1m\u00e1ra min\u00e9l nagyobb k\u00f6z\u00f6ns\u00e9get aktiviz\u00e1ljunk orsz\u00e1gonk\u00e9nt.<\/p>\n<p>Nemzetk\u00f6zi szinten dolgozunk t\u00f6bbek k\u00f6z\u00f6tt olyan c\u00e9gek telev\u00edzi\u00f3s platformjaira, mint a Sky, a MultiChoice, a UPC, a Virgin Media, a CanalSat \u00e9s a Freeview.<\/p>\n<p>Az elektronikus m\u0171sor\u00fajs\u00e1gok ma m\u00e1r t\u00f6bb, gazdagabb inform\u00e1ci\u00f3t tartalmaznak, \u00edgy teszik interakt\u00edvabb\u00e1 a m\u0171sorv\u00e1laszt\u00e1s \u00e9lm\u00e9ny\u00e9t a n\u00e9z\u0151 sz\u00e1m\u00e1ra. Ez az \u00e9lm\u00e9ny m\u00e1r t\u00falmutat a hagyom\u00e1nyos t\u00e9v\u00e9k\u00e9perny\u0151n, \u00e9s el\u00e9rhet\u0151 az okostelefonokon, a tableteken \u00e9s a sz\u00e1m\u00edt\u00f3g\u00e9pek k\u00e9perny\u0151j\u00e9n is. A Global EPGs-n\u00e9l pontosan tudjuk, hogyan t\u00e1laljuk m\u0171sorszolg\u00e1ltat\u00f3 partnereink telev\u00edzi\u00f3s tartalmait \u00fagy, hogy megfelelj\u00fcnk a k\u00f6z\u00f6ns\u00e9g t\u00e9v\u00e9n\u00e9z\u00e9si szok\u00e1sainak.<\/p>\n<p>A Global EPGs-zel m\u0171sorszolg\u00e1ltat\u00f3k \u00e9s t\u00e9v\u00e9s platformok egyar\u00e1nt sz\u00edvesen dolgoznak egy\u00fctt, mivel szem\u00e9lyre szabott, technikailag fejlett, egys\u00e9ges megold\u00e1st k\u00edn\u00e1lunk saj\u00e1t elektronikus m\u0171sor\u00fajs\u00e1gjaik ig\u00e9nyeinek megfelel\u0151en.<\/p>\n<p>\u00c9s a n\u00e9z\u0151k is im\u00e1dj\u00e1k, amit csin\u00e1lunk, mert pontosan azt az inform\u00e1ci\u00f3t bocs\u00e1tjuk rendelkez\u00e9s\u00fckre, amit tudni akarnak, \u00e9s pontosan akkor, amikor d\u00f6nt\u00e9st hoznak arr\u00f3l, mit n\u00e9zzenek meg legk\u00f6zelebb.<\/p>\n<\/div>\n<\/div>\n","protected":false},"excerpt":{"rendered":"<p>R\u00d3LUNK A Global EPGs a vil\u00e1g vezet\u0151 elektronikus m\u0171sor\u00fajs\u00e1g-szolg\u00e1ltat\u00f3ja. T\u00f6bb mint 100 telev\u00edzi\u00f3s platformmal dolgozunk napi szinten &#8211; bele\u00e9rtve a DTH, IPTV \u00e9s VOD platformokat. C\u00e9g\u00fcnk szerkeszt\u0151i tartalmat, kiemelt metaadatokat \u00e9s k\u00e9peket tesz el\u00e9rhet\u0151v\u00e9, hogy m\u0171sorszolg\u00e1ltat\u00f3 \u00fcgyfeleink sz\u00e1m\u00e1ra min\u00e9l nagyobb k\u00f6z\u00f6ns\u00e9get aktiviz\u00e1ljunk orsz\u00e1gonk\u00e9nt. Nemzetk\u00f6zi szinten dolgozunk t\u00f6bbek k\u00f6z\u00f6tt olyan c\u00e9gek telev\u00edzi\u00f3s platformjaira, mint a Sky, [&hellip;]<\/p>\n","protected":false},"author":1,"featured_media":0,"parent":0,"menu_order":103,"comment_status":"closed","ping_status":"closed","template":"page-epgs_template.php","meta":{"_acf_changed":false,"footnotes":""},"class_list":["post-4365","page","type-page","status-publish","hentry"],"acf":[],"yoast_head":"<!-- This site is optimized with the Yoast SEO plugin v27.3 - https:\/\/yoast.com\/product\/yoast-seo-wordpress\/ -->\n<title>R\u00f3lunk - Global Listings<\/title>\n<meta name=\"robots\" content=\"index, follow, max-snippet:-1, max-image-preview:large, max-video-preview:-1\" \/>\n<link rel=\"canonical\" href=\"https:\/\/www.globalepgs.info\/hu\/rolunk\/\" \/>\n<meta property=\"og:locale\" content=\"hu_HU\" \/>\n<meta property=\"og:type\" content=\"article\" \/>\n<meta property=\"og:title\" content=\"R\u00f3lunk - Global Listings\" \/>\n<meta property=\"og:description\" content=\"R\u00d3LUNK A Global EPGs a vil\u00e1g vezet\u0151 elektronikus m\u0171sor\u00fajs\u00e1g-szolg\u00e1ltat\u00f3ja. T\u00f6bb mint 100 telev\u00edzi\u00f3s platformmal dolgozunk napi szinten &#8211; bele\u00e9rtve a DTH, IPTV \u00e9s VOD platformokat. C\u00e9g\u00fcnk szerkeszt\u0151i tartalmat, kiemelt metaadatokat \u00e9s k\u00e9peket tesz el\u00e9rhet\u0151v\u00e9, hogy m\u0171sorszolg\u00e1ltat\u00f3 \u00fcgyfeleink sz\u00e1m\u00e1ra min\u00e9l nagyobb k\u00f6z\u00f6ns\u00e9get aktiviz\u00e1ljunk orsz\u00e1gonk\u00e9nt. Nemzetk\u00f6zi szinten dolgozunk t\u00f6bbek k\u00f6z\u00f6tt olyan c\u00e9gek telev\u00edzi\u00f3s platformjaira, mint a Sky, [&hellip;]\" \/>\n<meta property=\"og:url\" content=\"https:\/\/www.globalepgs.info\/hu\/rolunk\/\" \/>\n<meta property=\"og:site_name\" content=\"Global Listings\" \/>\n<meta property=\"article:modified_time\" content=\"2017-12-18T11:40:08+00:00\" \/>\n<meta property=\"og:image\" content=\"http:\/\/globalepgs.info\/app\/uploads\/2017\/02\/3.png\" \/>\n<meta name=\"twitter:card\" content=\"summary_large_image\" \/>\n<meta name=\"twitter:label1\" content=\"Est. reading time\" \/>\n\t<meta name=\"twitter:data1\" content=\"1 minute\" \/>\n<script type=\"application\/ld+json\" class=\"yoast-schema-graph\">{\"@context\":\"https:\\\/\\\/schema.org\",\"@graph\":[{\"@type\":\"WebPage\",\"@id\":\"https:\\\/\\\/www.globalepgs.info\\\/hu\\\/rolunk\\\/\",\"url\":\"https:\\\/\\\/www.globalepgs.info\\\/hu\\\/rolunk\\\/\",\"name\":\"R\u00f3lunk - Global Listings\",\"isPartOf\":{\"@id\":\"https:\\\/\\\/www.globalepgs.info\\\/es\\\/#website\"},\"primaryImageOfPage\":{\"@id\":\"https:\\\/\\\/www.globalepgs.info\\\/hu\\\/rolunk\\\/#primaryimage\"},\"image\":{\"@id\":\"https:\\\/\\\/www.globalepgs.info\\\/hu\\\/rolunk\\\/#primaryimage\"},\"thumbnailUrl\":\"http:\\\/\\\/globalepgs.info\\\/app\\\/uploads\\\/2017\\\/02\\\/3.png\",\"datePublished\":\"2017-03-13T13:48:12+00:00\",\"dateModified\":\"2017-12-18T11:40:08+00:00\",\"breadcrumb\":{\"@id\":\"https:\\\/\\\/www.globalepgs.info\\\/hu\\\/rolunk\\\/#breadcrumb\"},\"inLanguage\":\"hu-HU\",\"potentialAction\":[{\"@type\":\"ReadAction\",\"target\":[\"https:\\\/\\\/www.globalepgs.info\\\/hu\\\/rolunk\\\/\"]}]},{\"@type\":\"ImageObject\",\"inLanguage\":\"hu-HU\",\"@id\":\"https:\\\/\\\/www.globalepgs.info\\\/hu\\\/rolunk\\\/#primaryimage\",\"url\":\"http:\\\/\\\/globalepgs.info\\\/app\\\/uploads\\\/2017\\\/02\\\/3.png\",\"contentUrl\":\"http:\\\/\\\/globalepgs.info\\\/app\\\/uploads\\\/2017\\\/02\\\/3.png\"},{\"@type\":\"BreadcrumbList\",\"@id\":\"https:\\\/\\\/www.globalepgs.info\\\/hu\\\/rolunk\\\/#breadcrumb\",\"itemListElement\":[{\"@type\":\"ListItem\",\"position\":1,\"name\":\"Home\",\"item\":\"https:\\\/\\\/www.globalepgs.info\\\/hu\\\/\"},{\"@type\":\"ListItem\",\"position\":2,\"name\":\"R\u00f3lunk\"}]},{\"@type\":\"WebSite\",\"@id\":\"https:\\\/\\\/www.globalepgs.info\\\/es\\\/#website\",\"url\":\"https:\\\/\\\/www.globalepgs.info\\\/es\\\/\",\"name\":\"Global Listings\",\"description\":\"Just another WordPress site\",\"potentialAction\":[{\"@type\":\"SearchAction\",\"target\":{\"@type\":\"EntryPoint\",\"urlTemplate\":\"https:\\\/\\\/www.globalepgs.info\\\/es\\\/?s={search_term_string}\"},\"query-input\":{\"@type\":\"PropertyValueSpecification\",\"valueRequired\":true,\"valueName\":\"search_term_string\"}}],\"inLanguage\":\"hu-HU\"}]}<\/script>\n<!-- \/ Yoast SEO plugin. -->","yoast_head_json":{"title":"R\u00f3lunk - Global Listings","robots":{"index":"index","follow":"follow","max-snippet":"max-snippet:-1","max-image-preview":"max-image-preview:large","max-video-preview":"max-video-preview:-1"},"canonical":"https:\/\/www.globalepgs.info\/hu\/rolunk\/","og_locale":"hu_HU","og_type":"article","og_title":"R\u00f3lunk - Global Listings","og_description":"R\u00d3LUNK A Global EPGs a vil\u00e1g vezet\u0151 elektronikus m\u0171sor\u00fajs\u00e1g-szolg\u00e1ltat\u00f3ja. T\u00f6bb mint 100 telev\u00edzi\u00f3s platformmal dolgozunk napi szinten &#8211; bele\u00e9rtve a DTH, IPTV \u00e9s VOD platformokat. C\u00e9g\u00fcnk szerkeszt\u0151i tartalmat, kiemelt metaadatokat \u00e9s k\u00e9peket tesz el\u00e9rhet\u0151v\u00e9, hogy m\u0171sorszolg\u00e1ltat\u00f3 \u00fcgyfeleink sz\u00e1m\u00e1ra min\u00e9l nagyobb k\u00f6z\u00f6ns\u00e9get aktiviz\u00e1ljunk orsz\u00e1gonk\u00e9nt. Nemzetk\u00f6zi szinten dolgozunk t\u00f6bbek k\u00f6z\u00f6tt olyan c\u00e9gek telev\u00edzi\u00f3s platformjaira, mint a Sky, [&hellip;]","og_url":"https:\/\/www.globalepgs.info\/hu\/rolunk\/","og_site_name":"Global Listings","article_modified_time":"2017-12-18T11:40:08+00:00","og_image":[{"url":"http:\/\/globalepgs.info\/app\/uploads\/2017\/02\/3.png","type":"","width":"","height":""}],"twitter_card":"summary_large_image","twitter_misc":{"Est. reading time":"1 minute"},"schema":{"@context":"https:\/\/schema.org","@graph":[{"@type":"WebPage","@id":"https:\/\/www.globalepgs.info\/hu\/rolunk\/","url":"https:\/\/www.globalepgs.info\/hu\/rolunk\/","name":"R\u00f3lunk - Global Listings","isPartOf":{"@id":"https:\/\/www.globalepgs.info\/es\/#website"},"primaryImageOfPage":{"@id":"https:\/\/www.globalepgs.info\/hu\/rolunk\/#primaryimage"},"image":{"@id":"https:\/\/www.globalepgs.info\/hu\/rolunk\/#primaryimage"},"thumbnailUrl":"http:\/\/globalepgs.info\/app\/uploads\/2017\/02\/3.png","datePublished":"2017-03-13T13:48:12+00:00","dateModified":"2017-12-18T11:40:08+00:00","breadcrumb":{"@id":"https:\/\/www.globalepgs.info\/hu\/rolunk\/#breadcrumb"},"inLanguage":"hu-HU","potentialAction":[{"@type":"ReadAction","target":["https:\/\/www.globalepgs.info\/hu\/rolunk\/"]}]},{"@type":"ImageObject","inLanguage":"hu-HU","@id":"https:\/\/www.globalepgs.info\/hu\/rolunk\/#primaryimage","url":"http:\/\/globalepgs.info\/app\/uploads\/2017\/02\/3.png","contentUrl":"http:\/\/globalepgs.info\/app\/uploads\/2017\/02\/3.png"},{"@type":"BreadcrumbList","@id":"https:\/\/www.globalepgs.info\/hu\/rolunk\/#breadcrumb","itemListElement":[{"@type":"ListItem","position":1,"name":"Home","item":"https:\/\/www.globalepgs.info\/hu\/"},{"@type":"ListItem","position":2,"name":"R\u00f3lunk"}]},{"@type":"WebSite","@id":"https:\/\/www.globalepgs.info\/es\/#website","url":"https:\/\/www.globalepgs.info\/es\/","name":"Global Listings","description":"Just another WordPress site","potentialAction":[{"@type":"SearchAction","target":{"@type":"EntryPoint","urlTemplate":"https:\/\/www.globalepgs.info\/es\/?s={search_term_string}"},"query-input":{"@type":"PropertyValueSpecification","valueRequired":true,"valueName":"search_term_string"}}],"inLanguage":"hu-HU"}]}},"_links":{"self":[{"href":"https:\/\/www.globalepgs.info\/hu\/wp-json\/wp\/v2\/pages\/4365","targetHints":{"allow":["GET"]}}],"collection":[{"href":"https:\/\/www.globalepgs.info\/hu\/wp-json\/wp\/v2\/pages"}],"about":[{"href":"https:\/\/www.globalepgs.info\/hu\/wp-json\/wp\/v2\/types\/page"}],"author":[{"embeddable":true,"href":"https:\/\/www.globalepgs.info\/hu\/wp-json\/wp\/v2\/users\/1"}],"replies":[{"embeddable":true,"href":"https:\/\/www.globalepgs.info\/hu\/wp-json\/wp\/v2\/comments?post=4365"}],"version-history":[{"count":0,"href":"https:\/\/www.globalepgs.info\/hu\/wp-json\/wp\/v2\/pages\/4365\/revisions"}],"wp:attachment":[{"href":"https:\/\/www.globalepgs.info\/hu\/wp-json\/wp\/v2\/media?parent=4365"}],"curies":[{"name":"wp","href":"https:\/\/api.w.org\/{rel}","templated":true}]}}