{"id":4393,"date":"2017-03-14T11:12:09","date_gmt":"2017-03-14T11:12:09","guid":{"rendered":"http:\/\/www.globalepgs.info\/hu\/frissitett-epg-k-0-24-ben\/"},"modified":"2017-12-15T22:07:04","modified_gmt":"2017-12-15T22:07:04","slug":"frissitett-epg-k-0-24-ben","status":"publish","type":"page","link":"https:\/\/www.globalepgs.info\/hu\/frissitett-epg-k-0-24-ben\/","title":{"rendered":"Friss\u00edtett EPG-k 0-24-ben"},"content":{"rendered":"<div class=\"col-4\"><img decoding=\"async\" class=\"img-circle img-responsive\" src=\"http:\/\/www.globalepgs.info\/app\/uploads\/2017\/02\/circles8.png\" alt=\"content_photo\" \/><\/p>\n<p class=\"content\">Friss\u00edtett EPG-k 0-24-ben<\/p>\n<\/div>\n<div class=\"col-8\">\n<div class=\"content\">\n<p>Azon m\u0171sorszolg\u00e1ltat\u00f3k sz\u00e1m\u00e1ra, akik biztosan tudni akarj\u00e1k, hogy 0-24-ben tudj\u00e1k friss\u00edteni elektronikus m\u0171sor\u00fajs\u00e1gjaikat (ak\u00e1r az \u00e9jszaka k\u00f6zep\u00e9n vagy kar\u00e1csony napj\u00e1n is) a Global EPGs AGiLE <br \/>(Access Global Listings Everywhere) alkalmaz\u00e1sa a t\u00f6k\u00e9letes v\u00e1laszt\u00e1s.<\/p>\n<p>Az AGiLE c\u00e9g\u00fcnk saj\u00e1t fejleszt\u00e9s\u0171 online szolg\u00e1ltat\u00e1sa \u00e9s mobilapplik\u00e1ci\u00f3ja, mellyel a m\u0171sorszolg\u00e1ltat\u00f3knak lehet\u0151s\u00e9ge ny\u00edlik bel\u00e9pni saj\u00e1t m\u0171sor\u00fajs\u00e1gjukba a Global EPGs adatb\u00e1zis\u00e1ban, \u00e9s v\u00e1ltoztathatnak azon vagy friss\u00edthetik, \u00edgy a t\u00e9v\u00e9s platformon az adatok mindig 100%-ban megb\u00edzhat\u00f3ak lesznek.<\/p>\n<p>Amennyiben szeretn\u00e9 l\u00e1tni, hogyan m\u0171k\u00f6dik ez a rendszer, lent adja meg email-c\u00edm\u00e9t, \u00e9s mi felvessz\u00fck \u00d6nnel a kapcsolatot!<\/p>\n<p>Term\u00e9szetesen saj\u00e1t dolgoz\u00f3ink is b\u00e1rmikor f\u00e9nysebess\u00e9ggel felvezetik az elektronikus m\u0171sor\u00fajs\u00e1gok friss\u00edt\u00e9seit, \u00edgy sosem s\u00e9r\u00fclhet az a megb\u00edzhat\u00f3s\u00e1g, amir\u0151l c\u00e9g\u00fcnket a piacon ismerik. A d\u00f6nt\u00e9s az \u00d6n\u00e9: v\u00e1laszthatja f\u00fcggetlen szolg\u00e1ltat\u00e1sunkat vagy a saj\u00e1t csapataink \u00e1ltal menedzselt end-to-end szolg\u00e1ltat\u00e1sunkat.<\/p>\n<\/div>\n<\/div>\n","protected":false},"excerpt":{"rendered":"<p>Friss\u00edtett EPG-k 0-24-ben Azon m\u0171sorszolg\u00e1ltat\u00f3k sz\u00e1m\u00e1ra, akik biztosan tudni akarj\u00e1k, hogy 0-24-ben tudj\u00e1k friss\u00edteni elektronikus m\u0171sor\u00fajs\u00e1gjaikat (ak\u00e1r az \u00e9jszaka k\u00f6zep\u00e9n vagy kar\u00e1csony napj\u00e1n is) a Global EPGs AGiLE (Access Global Listings Everywhere) alkalmaz\u00e1sa a t\u00f6k\u00e9letes v\u00e1laszt\u00e1s. Az AGiLE c\u00e9g\u00fcnk saj\u00e1t fejleszt\u00e9s\u0171 online szolg\u00e1ltat\u00e1sa \u00e9s mobilapplik\u00e1ci\u00f3ja, mellyel a m\u0171sorszolg\u00e1ltat\u00f3knak lehet\u0151s\u00e9ge ny\u00edlik bel\u00e9pni saj\u00e1t m\u0171sor\u00fajs\u00e1gjukba a Global [&hellip;]<\/p>\n","protected":false},"author":1,"featured_media":0,"parent":0,"menu_order":69,"comment_status":"closed","ping_status":"closed","template":"page-epgs_template.php","meta":{"_acf_changed":false,"footnotes":""},"class_list":["post-4393","page","type-page","status-publish","hentry"],"acf":[],"yoast_head":"<!-- This site is optimized with the Yoast SEO plugin v27.5 - https:\/\/yoast.com\/product\/yoast-seo-wordpress\/ -->\n<title>Friss\u00edtett EPG-k 0-24-ben - Global Listings<\/title>\n<meta name=\"robots\" content=\"index, follow, max-snippet:-1, max-image-preview:large, max-video-preview:-1\" \/>\n<link rel=\"canonical\" href=\"https:\/\/www.globalepgs.info\/hu\/frissitett-epg-k-0-24-ben\/\" \/>\n<meta property=\"og:locale\" content=\"hu_HU\" \/>\n<meta property=\"og:type\" content=\"article\" \/>\n<meta property=\"og:title\" content=\"Friss\u00edtett EPG-k 0-24-ben - Global Listings\" \/>\n<meta property=\"og:description\" content=\"Friss\u00edtett EPG-k 0-24-ben Azon m\u0171sorszolg\u00e1ltat\u00f3k sz\u00e1m\u00e1ra, akik biztosan tudni akarj\u00e1k, hogy 0-24-ben tudj\u00e1k friss\u00edteni elektronikus m\u0171sor\u00fajs\u00e1gjaikat (ak\u00e1r az \u00e9jszaka k\u00f6zep\u00e9n vagy kar\u00e1csony napj\u00e1n is) a Global EPGs AGiLE (Access Global Listings Everywhere) alkalmaz\u00e1sa a t\u00f6k\u00e9letes v\u00e1laszt\u00e1s. Az AGiLE c\u00e9g\u00fcnk saj\u00e1t fejleszt\u00e9s\u0171 online szolg\u00e1ltat\u00e1sa \u00e9s mobilapplik\u00e1ci\u00f3ja, mellyel a m\u0171sorszolg\u00e1ltat\u00f3knak lehet\u0151s\u00e9ge ny\u00edlik bel\u00e9pni saj\u00e1t m\u0171sor\u00fajs\u00e1gjukba a Global [&hellip;]\" \/>\n<meta property=\"og:url\" content=\"https:\/\/www.globalepgs.info\/hu\/frissitett-epg-k-0-24-ben\/\" \/>\n<meta property=\"og:site_name\" content=\"Global Listings\" \/>\n<meta property=\"article:modified_time\" content=\"2017-12-15T22:07:04+00:00\" \/>\n<meta property=\"og:image\" content=\"http:\/\/www.globalepgs.info\/app\/uploads\/2017\/02\/circles8.png\" \/>\n<meta name=\"twitter:card\" content=\"summary_large_image\" \/>\n<meta name=\"twitter:label1\" content=\"Est. reading time\" \/>\n\t<meta name=\"twitter:data1\" content=\"1 minute\" \/>\n<script type=\"application\/ld+json\" class=\"yoast-schema-graph\">{\"@context\":\"https:\\\/\\\/schema.org\",\"@graph\":[{\"@type\":\"WebPage\",\"@id\":\"https:\\\/\\\/www.globalepgs.info\\\/hu\\\/frissitett-epg-k-0-24-ben\\\/\",\"url\":\"https:\\\/\\\/www.globalepgs.info\\\/hu\\\/frissitett-epg-k-0-24-ben\\\/\",\"name\":\"Friss\u00edtett EPG-k 0-24-ben - Global Listings\",\"isPartOf\":{\"@id\":\"https:\\\/\\\/www.globalepgs.info\\\/es\\\/#website\"},\"primaryImageOfPage\":{\"@id\":\"https:\\\/\\\/www.globalepgs.info\\\/hu\\\/frissitett-epg-k-0-24-ben\\\/#primaryimage\"},\"image\":{\"@id\":\"https:\\\/\\\/www.globalepgs.info\\\/hu\\\/frissitett-epg-k-0-24-ben\\\/#primaryimage\"},\"thumbnailUrl\":\"http:\\\/\\\/www.globalepgs.info\\\/app\\\/uploads\\\/2017\\\/02\\\/circles8.png\",\"datePublished\":\"2017-03-14T11:12:09+00:00\",\"dateModified\":\"2017-12-15T22:07:04+00:00\",\"breadcrumb\":{\"@id\":\"https:\\\/\\\/www.globalepgs.info\\\/hu\\\/frissitett-epg-k-0-24-ben\\\/#breadcrumb\"},\"inLanguage\":\"hu-HU\",\"potentialAction\":[{\"@type\":\"ReadAction\",\"target\":[\"https:\\\/\\\/www.globalepgs.info\\\/hu\\\/frissitett-epg-k-0-24-ben\\\/\"]}]},{\"@type\":\"ImageObject\",\"inLanguage\":\"hu-HU\",\"@id\":\"https:\\\/\\\/www.globalepgs.info\\\/hu\\\/frissitett-epg-k-0-24-ben\\\/#primaryimage\",\"url\":\"http:\\\/\\\/www.globalepgs.info\\\/app\\\/uploads\\\/2017\\\/02\\\/circles8.png\",\"contentUrl\":\"http:\\\/\\\/www.globalepgs.info\\\/app\\\/uploads\\\/2017\\\/02\\\/circles8.png\"},{\"@type\":\"BreadcrumbList\",\"@id\":\"https:\\\/\\\/www.globalepgs.info\\\/hu\\\/frissitett-epg-k-0-24-ben\\\/#breadcrumb\",\"itemListElement\":[{\"@type\":\"ListItem\",\"position\":1,\"name\":\"Home\",\"item\":\"https:\\\/\\\/www.globalepgs.info\\\/hu\\\/\"},{\"@type\":\"ListItem\",\"position\":2,\"name\":\"Friss\u00edtett EPG-k 0-24-ben\"}]},{\"@type\":\"WebSite\",\"@id\":\"https:\\\/\\\/www.globalepgs.info\\\/es\\\/#website\",\"url\":\"https:\\\/\\\/www.globalepgs.info\\\/es\\\/\",\"name\":\"Global Listings\",\"description\":\"Just another WordPress site\",\"potentialAction\":[{\"@type\":\"SearchAction\",\"target\":{\"@type\":\"EntryPoint\",\"urlTemplate\":\"https:\\\/\\\/www.globalepgs.info\\\/es\\\/?s={search_term_string}\"},\"query-input\":{\"@type\":\"PropertyValueSpecification\",\"valueRequired\":true,\"valueName\":\"search_term_string\"}}],\"inLanguage\":\"hu-HU\"}]}<\/script>\n<!-- \/ Yoast SEO plugin. -->","yoast_head_json":{"title":"Friss\u00edtett EPG-k 0-24-ben - Global Listings","robots":{"index":"index","follow":"follow","max-snippet":"max-snippet:-1","max-image-preview":"max-image-preview:large","max-video-preview":"max-video-preview:-1"},"canonical":"https:\/\/www.globalepgs.info\/hu\/frissitett-epg-k-0-24-ben\/","og_locale":"hu_HU","og_type":"article","og_title":"Friss\u00edtett EPG-k 0-24-ben - Global Listings","og_description":"Friss\u00edtett EPG-k 0-24-ben Azon m\u0171sorszolg\u00e1ltat\u00f3k sz\u00e1m\u00e1ra, akik biztosan tudni akarj\u00e1k, hogy 0-24-ben tudj\u00e1k friss\u00edteni elektronikus m\u0171sor\u00fajs\u00e1gjaikat (ak\u00e1r az \u00e9jszaka k\u00f6zep\u00e9n vagy kar\u00e1csony napj\u00e1n is) a Global EPGs AGiLE (Access Global Listings Everywhere) alkalmaz\u00e1sa a t\u00f6k\u00e9letes v\u00e1laszt\u00e1s. Az AGiLE c\u00e9g\u00fcnk saj\u00e1t fejleszt\u00e9s\u0171 online szolg\u00e1ltat\u00e1sa \u00e9s mobilapplik\u00e1ci\u00f3ja, mellyel a m\u0171sorszolg\u00e1ltat\u00f3knak lehet\u0151s\u00e9ge ny\u00edlik bel\u00e9pni saj\u00e1t m\u0171sor\u00fajs\u00e1gjukba a Global [&hellip;]","og_url":"https:\/\/www.globalepgs.info\/hu\/frissitett-epg-k-0-24-ben\/","og_site_name":"Global Listings","article_modified_time":"2017-12-15T22:07:04+00:00","og_image":[{"url":"http:\/\/www.globalepgs.info\/app\/uploads\/2017\/02\/circles8.png","type":"","width":"","height":""}],"twitter_card":"summary_large_image","twitter_misc":{"Est. reading time":"1 minute"},"schema":{"@context":"https:\/\/schema.org","@graph":[{"@type":"WebPage","@id":"https:\/\/www.globalepgs.info\/hu\/frissitett-epg-k-0-24-ben\/","url":"https:\/\/www.globalepgs.info\/hu\/frissitett-epg-k-0-24-ben\/","name":"Friss\u00edtett EPG-k 0-24-ben - Global Listings","isPartOf":{"@id":"https:\/\/www.globalepgs.info\/es\/#website"},"primaryImageOfPage":{"@id":"https:\/\/www.globalepgs.info\/hu\/frissitett-epg-k-0-24-ben\/#primaryimage"},"image":{"@id":"https:\/\/www.globalepgs.info\/hu\/frissitett-epg-k-0-24-ben\/#primaryimage"},"thumbnailUrl":"http:\/\/www.globalepgs.info\/app\/uploads\/2017\/02\/circles8.png","datePublished":"2017-03-14T11:12:09+00:00","dateModified":"2017-12-15T22:07:04+00:00","breadcrumb":{"@id":"https:\/\/www.globalepgs.info\/hu\/frissitett-epg-k-0-24-ben\/#breadcrumb"},"inLanguage":"hu-HU","potentialAction":[{"@type":"ReadAction","target":["https:\/\/www.globalepgs.info\/hu\/frissitett-epg-k-0-24-ben\/"]}]},{"@type":"ImageObject","inLanguage":"hu-HU","@id":"https:\/\/www.globalepgs.info\/hu\/frissitett-epg-k-0-24-ben\/#primaryimage","url":"http:\/\/www.globalepgs.info\/app\/uploads\/2017\/02\/circles8.png","contentUrl":"http:\/\/www.globalepgs.info\/app\/uploads\/2017\/02\/circles8.png"},{"@type":"BreadcrumbList","@id":"https:\/\/www.globalepgs.info\/hu\/frissitett-epg-k-0-24-ben\/#breadcrumb","itemListElement":[{"@type":"ListItem","position":1,"name":"Home","item":"https:\/\/www.globalepgs.info\/hu\/"},{"@type":"ListItem","position":2,"name":"Friss\u00edtett EPG-k 0-24-ben"}]},{"@type":"WebSite","@id":"https:\/\/www.globalepgs.info\/es\/#website","url":"https:\/\/www.globalepgs.info\/es\/","name":"Global Listings","description":"Just another WordPress site","potentialAction":[{"@type":"SearchAction","target":{"@type":"EntryPoint","urlTemplate":"https:\/\/www.globalepgs.info\/es\/?s={search_term_string}"},"query-input":{"@type":"PropertyValueSpecification","valueRequired":true,"valueName":"search_term_string"}}],"inLanguage":"hu-HU"}]}},"_links":{"self":[{"href":"https:\/\/www.globalepgs.info\/hu\/wp-json\/wp\/v2\/pages\/4393","targetHints":{"allow":["GET"]}}],"collection":[{"href":"https:\/\/www.globalepgs.info\/hu\/wp-json\/wp\/v2\/pages"}],"about":[{"href":"https:\/\/www.globalepgs.info\/hu\/wp-json\/wp\/v2\/types\/page"}],"author":[{"embeddable":true,"href":"https:\/\/www.globalepgs.info\/hu\/wp-json\/wp\/v2\/users\/1"}],"replies":[{"embeddable":true,"href":"https:\/\/www.globalepgs.info\/hu\/wp-json\/wp\/v2\/comments?post=4393"}],"version-history":[{"count":0,"href":"https:\/\/www.globalepgs.info\/hu\/wp-json\/wp\/v2\/pages\/4393\/revisions"}],"wp:attachment":[{"href":"https:\/\/www.globalepgs.info\/hu\/wp-json\/wp\/v2\/media?parent=4393"}],"curies":[{"name":"wp","href":"https:\/\/api.w.org\/{rel}","templated":true}]}}