{"id":4894,"date":"2017-03-18T23:30:16","date_gmt":"2017-03-18T23:30:16","guid":{"rendered":"http:\/\/www.globalepgs.info\/hu\/szolgaltatasok\/"},"modified":"2018-01-19T17:46:10","modified_gmt":"2018-01-19T17:46:10","slug":"szolgaltatasok","status":"publish","type":"page","link":"https:\/\/www.globalepgs.info\/hu\/szolgaltatasok\/","title":{"rendered":"Szolg\u00e1ltat\u00e1sok"},"content":{"rendered":"<div class=\"col-4\">\n<p><img decoding=\"async\" class=\"img-circle img-responsive\" src=\"http:\/\/www.globalepgs.info\/wp-content\/uploads\/2017\/02\/circles7.png\" alt=\"\" \/><\/p>\n<p class=\"content\">SZOLG\u00c1LTAT\u00c1SOK<\/p>\n<\/div>\n<div class=\"col-8\">\n<div class=\"content\">\n<p>Az EPG-k \u00faj gener\u00e1ci\u00f3j\u00e1t szolg\u00e1ltatjuk <\/p>\n<p>EPG-megold\u00e1saink egyed\u00fcl\u00e1ll\u00f3ak, mivel \u00fagy k\u00e9sz\u00edtett\u00fck el \u0151ket, hogy vezess\u00e9k \u00fcgyfeleink n\u00e9z\u0151it, hogy min\u00e9l k\u00f6nnyebben megtal\u00e1lj\u00e1k, \u00e9s min\u00e9l k\u00f6nnyebben fel tudj\u00e1k haszn\u00e1lni a tartalmaikat, legyen sz\u00f3 on-demand, hagyom\u00e1nyos telev\u00edzi\u00f3s vagy OTT szolg\u00e1ltat\u00e1sokr\u00f3l.<\/p>\n<p>Magasan k\u00e9pzett csapatunknak \u00e9s a dinamikus, piacvezet\u0151 technol\u00f3gi\u00e1nak k\u00f6sz\u00f6nhet\u0151en pontos \u00e9s lebilincsel\u0151 \u00e9lm\u00e9nyt ny\u00fajtunk, amivel megfogjuk a n\u00e9z\u0151t, \u00e9s el\u00e9rj\u00fck, hogy megszeresse \u00fcgyfel\u00fcnk csatorn\u00e1j\u00e1t, \u00e9s ki\u00e9p\u00fclj\u00f6n a csatorna ir\u00e1nti bizalma.<\/p>\n<p>A Global EPGs az eg\u00e9sz vil\u00e1gon dolgozik telev\u00edzi\u00f3s platformokkal, minden egyes kontinensen az Antarktiszt kiv\u00e9ve (de m\u00e1r dolgozunk rajta!)<\/p>\n<p>Ha nemzetk\u00f6zi EPG-kr\u0151l van sz\u00f3, mi vagyunk a piacvezet\u0151k, ismerj\u00fck az id\u0151z\u00f3n\u00e1kat, a kultur\u00e1lis k\u00fcl\u00f6nbs\u00e9geket, az elt\u00e9r\u0151 bet\u0171k\u00e9szletet, a sug\u00e1rz\u00e1si m\u00f3dokat, a technikai felt\u00e9teleket, a hat\u00e1rid\u0151ket, a metaadat ig\u00e9nyeket \u00e9s minden egy\u00e9b, az adott platformra jellemz\u0151 specifik\u00e1ci\u00f3t.<\/p>\n<p>De ami a legfontosabb, mindig a megfelel\u0151 EPG adatokat szolg\u00e1ltatjuk a megfelel\u0151 id\u0151ben, a megfelel\u0151 helyre!<\/p>\n<p>A Global EPGs t\u00f6bbf\u00e9lek\u00e9ppen is k\u00e9pes fejleszteni csatorn\u00e1juk elektronikus m\u0171sor\u00fajs\u00e1gj\u00e1t:<\/p>\n<p><strong>K\u00c9PEK A M\u0170SORB\u00d3L<\/strong><br \/>\nMinden egyes telev\u00edzi\u00f3s adatlaphoz k\u00e9pet csatolunk, ami minden m\u0171sorszinten lehet k\u00fcl\u00f6nb\u00f6z\u0151: a sorozat szintj\u00e9n (p\u00e9ld\u00e1ul: K, mint Kardashian), az \u00e9vad szintj\u00e9n (pl.: 2. \u00e9vad) \u00e9s az egyes r\u00e9szek szintj\u00e9n, vagyis minden egyes r\u00e9szhez k\u00fcl\u00f6n, a r\u00e9szhez kapcsol\u00f3d\u00f3 k\u00e9p ker\u00fclhet.<\/p>\n<p>A k\u00e9peket k\u00f6zponti adatb\u00e1zisunkban t\u00e1roljuk, \u00e9s k\u00fcl\u00f6nb\u00f6z\u0151 m\u00e9retben \u00e9s felbont\u00e1sban tudjuk \u0151ket export\u00e1lni az adott telev\u00edzi\u00f3s platform ig\u00e9nyei szerint.<\/p>\n<p><strong>SIDELOADING &#038; STREAMING<\/strong><br \/>\nMa m\u00e1r sok telev\u00edzi\u00f3s platform aj\u00e1nl olyan szem\u00e9lyre szabhat\u00f3 alkalmaz\u00e1sokat, melyek lehet\u0151v\u00e9 teszik, hogy a feliratkoz\u00f3k az interneten kereszt\u00fcl streamelj\u00e9k a tartalmakat, vagy kor\u00e1bban felvett tartalmat n\u00e9zzenek egy m\u00e1sodlagos eszk\u00f6z\u00f6n, p\u00e9ld\u00e1ul okostelefonon vagy tableten.<\/p>\n<p>Az ilyen esetekben sok mindent figyelembe kell venni az \u00e1ltal\u00e1nos licenszjogokt\u00f3l kezdve a let\u00f6lt\u00f6tt tartalom el\u00e9rhet\u0151s\u00e9g\u00e9nek idej\u00e9ig. A Global EPGs seg\u00edt a szolg\u00e1ltat\u00f3knak t\u00e1j\u00e9koz\u00f3dni ezen az aknamez\u0151n, majd a telev\u00edzi\u00f3s platformokon pontosan azt a metaadatot teszi el\u00e9rhet\u0151v\u00e9, amire sz\u00fcks\u00e9g van.<\/p>\n<p><strong>AKAD\u00c1LYMENTES\u00cdT\u00c9S<\/strong><br \/>\nMa m\u00e1r sok t\u00e9v\u00e9csatorn\u00e1n k\u00f6telez\u0151 jelezni, melyik m\u0171sorokat feliratozz\u00e1k hall\u00e1sk\u00e1rosultaknak, \u00e9s melyekhez tartozik audi\u00f3deszkripci\u00f3 vagy k\u00e9pen l\u00e1that\u00f3 jeltolm\u00e1csol\u00e1s a l\u00e1t\u00e1ss\u00e9r\u00fclteknek. A Global EPGs egy\u00fctt dolgozik a szolg\u00e1ltat\u00f3kkal, hogy biztos\u00edtsa, hogy az akad\u00e1lymentes\u00edt\u00e9s\u00e9rt tett er\u0151fesz\u00edt\u00e9seik megjelennek az elektronikus m\u0171sor\u00fajs\u00e1gban is.<\/p>\n<p><strong>EL\u0150RE PROGRAMOZOTT FELV\u00c9TEL<\/strong><br \/>\nA Global EPGsn\u00e9l hissz\u00fck, hogy az el\u0151re programozott felv\u00e9tel (series linking) k\u00fcl\u00f6n m\u0171v\u00e9szeti forma, \u00e9s fejlett technol\u00f3gi\u00e1nk lehet\u0151v\u00e9 teszi, hogy t\u00f6bb platformon is el\u00e9rhet\u0151 programozott felv\u00e9teli lehet\u0151s\u00e9geket biztos\u00edtsunk, f\u00fcggetlen\u00fcl att\u00f3l, hogyan vannak az adott m\u0171sorok be\u00fctemezve a csatorn\u00e1n.<\/p>\n<p>Ismerj\u00fck \u00e9s betartjuk az \u00f6sszes vonatkoz\u00f3 szab\u00e1lyt, ami a c\u00edmek \u00f6sszhangj\u00e1ra \u00e9s az \u00e9vadz\u00e1r\u00e1sokra vonatkozik, \u00e9s sosem hagyunk t\u00fal hossz\u00fa sz\u00fcnetet k\u00e9t \u00f6sszekapcsol\u00f3d\u00f3 epiz\u00f3d k\u00f6z\u00f6tt.<\/p>\n<p>EPG technol\u00f3gi\u00e1nk azt is lehet\u0151v\u00e9 teszi, hogy \u00f6sszekapcsoljunk olyan filmeket, sorozatepiz\u00f3dokat \u00e9s k\u00fcl\u00f6n\u00e1ll\u00f3 m\u0171sorokat, melyek valamif\u00e9le m\u00f3don egy t\u00e9m\u00e1hoz vagy m\u0171sorhoz kapcsol\u00f3dnak.<\/p>\n<p>Bemutat\u00f3 anyagunkat k\u00e9rje az al\u00e1bbi email-c\u00edmen: <a href=\"mailto:epgs@globallistings.info\">epgs@globallistings.info<\/a><\/p>\n<p><strong>Szenved\u00e9ly\u00fcnk a telev\u00edzi\u00f3, hivat\u00e1sunk a pontoss\u00e1g<\/strong>\u00a0\u00a0<\/p>\n<p>EPG-megold\u00e1sainkban dinamikus tartalom, gazdag metaadatok \u00e9s a fejlett technol\u00f3gia tal\u00e1lkozik, \u00edgy k\u00e9pesek vagyunk lebilincsel\u0151 telev\u00edzi\u00f3s \u00e9lm\u00e9nyt ny\u00fajtani megb\u00edz\u00f3ink k\u00f6z\u00f6ns\u00e9g\u00e9nek glob\u00e1lis szinten.<\/p>\n<p>A csatorna n\u00e9z\u0151i n\u00e9zhetik kedvenc m\u0171soraikat hagyom\u00e1nyos telev\u00edzi\u00f3n vagy streamelhetik a tartalmat, legyen sz\u00f3 \u00e9l\u0151 sportk\u00f6zvet\u00edt\u00e9sr\u0151l, filmr\u0151l, zen\u00e9r\u0151l vagy h\u00edrm\u0171sorr\u00f3l, brit \u00e9s nemzetk\u00f6zi csapatunk mindig dinamikus sz\u00f6vegeket \u00e9s r\u00e9szletes metaadatot biztos\u00edt az egyes csatorna \u00e9s a r\u00e9gi\u00f3 ig\u00e9nyeire szabva. Szem\u00e9lyre szabott megold\u00e1saink biztos megragadj\u00e1k a figyelmet, \u00e9s seg\u00edtenek megtartani a csatorna k\u00f6z\u00f6ns\u00e9g\u00e9t.<\/p>\n<p>Pontoss\u00e1gunk kiemelked\u0151<\/p>\n<p>Szerkeszt\u0151s\u00e9gi alapelveinket az eg\u00e9sz iparban elismerik<\/p>\n<p>Technikai h\u00e1tter\u00fcnkkel gond n\u00e9lk\u00fcl eljuttatjuk a t\u00e9v\u00e9csatorn\u00e1k m\u0171sorokra vonatkoz\u00f3 tartalmait a t\u00f6bbplatformos k\u00f6rnyezetbe<\/p>\n<p>\u00dcgyfeleink anyag\u00e1nak elk\u00e9sz\u00edt\u00e9s\u00e9vel, ellen\u0151rz\u00e9s\u00e9vel \u00e9s szolg\u00e1ltat\u00e1s\u00e1val a Global EPGsn\u00e9l gondoskodunk arr\u00f3l, hogy \u00fcgyfeleink megkapj\u00e1k mindazt, amit az EPGk \u00faj gener\u00e1ci\u00f3ja ny\u00fajtani tud: tov\u00e1bbfejlesztett keres\u00e9si lehet\u0151s\u00e9gek, \u00edzl\u00e9s alapj\u00e1n feldobott javaslatok, okos programozott felv\u00e9tel, stb.<\/p>\n<p>Egy csatorna n\u00f6veked\u00e9s\u00e9nek \u00e9s n\u00e9pszer\u0171s\u00e9g\u00e9nek kulcsa a mai telev\u00edzi\u00f3s piacon a tartalom l\u00e1that\u00f3s\u00e1ga \u00e9s megtal\u00e1lhat\u00f3s\u00e1ga, legyen sz\u00f3 on-demand, OTT vagy IPTV szolg\u00e1ltat\u00e1sr\u00f3l, a n\u00e9z\u0151knek tudnia kell, mi megy az adott csatorn\u00e1n, \u00e9s ezt az inform\u00e1ci\u00f3t kiz\u00e1r\u00f3lag az elektronikus m\u0171sor\u00fajs\u00e1g tartalmazza.<\/p>\n<p>A Global EPGs seg\u00edts\u00e9g\u00e9vel biztosra veheti, hogy csatorn\u00e1ja elektronikus m\u0171sor\u00fajs\u00e1gai t\u00f6k\u00e9letesen megfelelnek majd a c\u00e9lk\u00f6z\u00f6ns\u00e9gnek.<\/p>\n<\/div>\n<\/div>\n","protected":false},"excerpt":{"rendered":"<p>SZOLG\u00c1LTAT\u00c1SOK Az EPG-k \u00faj gener\u00e1ci\u00f3j\u00e1t szolg\u00e1ltatjuk EPG-megold\u00e1saink egyed\u00fcl\u00e1ll\u00f3ak, mivel \u00fagy k\u00e9sz\u00edtett\u00fck el \u0151ket, hogy vezess\u00e9k \u00fcgyfeleink n\u00e9z\u0151it, hogy min\u00e9l k\u00f6nnyebben megtal\u00e1lj\u00e1k, \u00e9s min\u00e9l k\u00f6nnyebben fel tudj\u00e1k haszn\u00e1lni a tartalmaikat, legyen sz\u00f3 on-demand, hagyom\u00e1nyos telev\u00edzi\u00f3s vagy OTT szolg\u00e1ltat\u00e1sokr\u00f3l. Magasan k\u00e9pzett csapatunknak \u00e9s a dinamikus, piacvezet\u0151 technol\u00f3gi\u00e1nak k\u00f6sz\u00f6nhet\u0151en pontos \u00e9s lebilincsel\u0151 \u00e9lm\u00e9nyt ny\u00fajtunk, amivel megfogjuk a n\u00e9z\u0151t, [&hellip;]<\/p>\n","protected":false},"author":1,"featured_media":0,"parent":0,"menu_order":199,"comment_status":"closed","ping_status":"closed","template":"page-epgs_template.php","meta":{"_acf_changed":false,"footnotes":""},"class_list":["post-4894","page","type-page","status-publish","hentry"],"acf":[],"yoast_head":"<!-- This site is optimized with the Yoast SEO plugin v27.4 - https:\/\/yoast.com\/product\/yoast-seo-wordpress\/ -->\n<title>Szolg\u00e1ltat\u00e1sok - Global Listings<\/title>\n<meta name=\"robots\" content=\"index, follow, max-snippet:-1, max-image-preview:large, max-video-preview:-1\" \/>\n<link rel=\"canonical\" href=\"https:\/\/www.globalepgs.info\/hu\/szolgaltatasok\/\" \/>\n<meta property=\"og:locale\" content=\"hu_HU\" \/>\n<meta property=\"og:type\" content=\"article\" \/>\n<meta property=\"og:title\" content=\"Szolg\u00e1ltat\u00e1sok - Global Listings\" \/>\n<meta property=\"og:description\" content=\"SZOLG\u00c1LTAT\u00c1SOK Az EPG-k \u00faj gener\u00e1ci\u00f3j\u00e1t szolg\u00e1ltatjuk EPG-megold\u00e1saink egyed\u00fcl\u00e1ll\u00f3ak, mivel \u00fagy k\u00e9sz\u00edtett\u00fck el \u0151ket, hogy vezess\u00e9k \u00fcgyfeleink n\u00e9z\u0151it, hogy min\u00e9l k\u00f6nnyebben megtal\u00e1lj\u00e1k, \u00e9s min\u00e9l k\u00f6nnyebben fel tudj\u00e1k haszn\u00e1lni a tartalmaikat, legyen sz\u00f3 on-demand, hagyom\u00e1nyos telev\u00edzi\u00f3s vagy OTT szolg\u00e1ltat\u00e1sokr\u00f3l. Magasan k\u00e9pzett csapatunknak \u00e9s a dinamikus, piacvezet\u0151 technol\u00f3gi\u00e1nak k\u00f6sz\u00f6nhet\u0151en pontos \u00e9s lebilincsel\u0151 \u00e9lm\u00e9nyt ny\u00fajtunk, amivel megfogjuk a n\u00e9z\u0151t, [&hellip;]\" \/>\n<meta property=\"og:url\" content=\"https:\/\/www.globalepgs.info\/hu\/szolgaltatasok\/\" \/>\n<meta property=\"og:site_name\" content=\"Global Listings\" \/>\n<meta property=\"article:modified_time\" content=\"2018-01-19T17:46:10+00:00\" \/>\n<meta property=\"og:image\" content=\"http:\/\/www.globalepgs.info\/wp-content\/uploads\/2017\/02\/circles7.png\" \/>\n<meta name=\"twitter:card\" content=\"summary_large_image\" \/>\n<meta name=\"twitter:label1\" content=\"Est. reading time\" \/>\n\t<meta name=\"twitter:data1\" content=\"5 minutes\" \/>\n<script type=\"application\/ld+json\" class=\"yoast-schema-graph\">{\"@context\":\"https:\\\/\\\/schema.org\",\"@graph\":[{\"@type\":\"WebPage\",\"@id\":\"https:\\\/\\\/www.globalepgs.info\\\/hu\\\/szolgaltatasok\\\/\",\"url\":\"https:\\\/\\\/www.globalepgs.info\\\/hu\\\/szolgaltatasok\\\/\",\"name\":\"Szolg\u00e1ltat\u00e1sok - Global Listings\",\"isPartOf\":{\"@id\":\"https:\\\/\\\/www.globalepgs.info\\\/es\\\/#website\"},\"primaryImageOfPage\":{\"@id\":\"https:\\\/\\\/www.globalepgs.info\\\/hu\\\/szolgaltatasok\\\/#primaryimage\"},\"image\":{\"@id\":\"https:\\\/\\\/www.globalepgs.info\\\/hu\\\/szolgaltatasok\\\/#primaryimage\"},\"thumbnailUrl\":\"http:\\\/\\\/www.globalepgs.info\\\/wp-content\\\/uploads\\\/2017\\\/02\\\/circles7.png\",\"datePublished\":\"2017-03-18T23:30:16+00:00\",\"dateModified\":\"2018-01-19T17:46:10+00:00\",\"breadcrumb\":{\"@id\":\"https:\\\/\\\/www.globalepgs.info\\\/hu\\\/szolgaltatasok\\\/#breadcrumb\"},\"inLanguage\":\"hu-HU\",\"potentialAction\":[{\"@type\":\"ReadAction\",\"target\":[\"https:\\\/\\\/www.globalepgs.info\\\/hu\\\/szolgaltatasok\\\/\"]}]},{\"@type\":\"ImageObject\",\"inLanguage\":\"hu-HU\",\"@id\":\"https:\\\/\\\/www.globalepgs.info\\\/hu\\\/szolgaltatasok\\\/#primaryimage\",\"url\":\"http:\\\/\\\/www.globalepgs.info\\\/wp-content\\\/uploads\\\/2017\\\/02\\\/circles7.png\",\"contentUrl\":\"http:\\\/\\\/www.globalepgs.info\\\/wp-content\\\/uploads\\\/2017\\\/02\\\/circles7.png\"},{\"@type\":\"BreadcrumbList\",\"@id\":\"https:\\\/\\\/www.globalepgs.info\\\/hu\\\/szolgaltatasok\\\/#breadcrumb\",\"itemListElement\":[{\"@type\":\"ListItem\",\"position\":1,\"name\":\"Home\",\"item\":\"https:\\\/\\\/www.globalepgs.info\\\/hu\\\/\"},{\"@type\":\"ListItem\",\"position\":2,\"name\":\"Szolg\u00e1ltat\u00e1sok\"}]},{\"@type\":\"WebSite\",\"@id\":\"https:\\\/\\\/www.globalepgs.info\\\/es\\\/#website\",\"url\":\"https:\\\/\\\/www.globalepgs.info\\\/es\\\/\",\"name\":\"Global Listings\",\"description\":\"Just another WordPress site\",\"potentialAction\":[{\"@type\":\"SearchAction\",\"target\":{\"@type\":\"EntryPoint\",\"urlTemplate\":\"https:\\\/\\\/www.globalepgs.info\\\/es\\\/?s={search_term_string}\"},\"query-input\":{\"@type\":\"PropertyValueSpecification\",\"valueRequired\":true,\"valueName\":\"search_term_string\"}}],\"inLanguage\":\"hu-HU\"}]}<\/script>\n<!-- \/ Yoast SEO plugin. -->","yoast_head_json":{"title":"Szolg\u00e1ltat\u00e1sok - Global Listings","robots":{"index":"index","follow":"follow","max-snippet":"max-snippet:-1","max-image-preview":"max-image-preview:large","max-video-preview":"max-video-preview:-1"},"canonical":"https:\/\/www.globalepgs.info\/hu\/szolgaltatasok\/","og_locale":"hu_HU","og_type":"article","og_title":"Szolg\u00e1ltat\u00e1sok - Global Listings","og_description":"SZOLG\u00c1LTAT\u00c1SOK Az EPG-k \u00faj gener\u00e1ci\u00f3j\u00e1t szolg\u00e1ltatjuk EPG-megold\u00e1saink egyed\u00fcl\u00e1ll\u00f3ak, mivel \u00fagy k\u00e9sz\u00edtett\u00fck el \u0151ket, hogy vezess\u00e9k \u00fcgyfeleink n\u00e9z\u0151it, hogy min\u00e9l k\u00f6nnyebben megtal\u00e1lj\u00e1k, \u00e9s min\u00e9l k\u00f6nnyebben fel tudj\u00e1k haszn\u00e1lni a tartalmaikat, legyen sz\u00f3 on-demand, hagyom\u00e1nyos telev\u00edzi\u00f3s vagy OTT szolg\u00e1ltat\u00e1sokr\u00f3l. Magasan k\u00e9pzett csapatunknak \u00e9s a dinamikus, piacvezet\u0151 technol\u00f3gi\u00e1nak k\u00f6sz\u00f6nhet\u0151en pontos \u00e9s lebilincsel\u0151 \u00e9lm\u00e9nyt ny\u00fajtunk, amivel megfogjuk a n\u00e9z\u0151t, [&hellip;]","og_url":"https:\/\/www.globalepgs.info\/hu\/szolgaltatasok\/","og_site_name":"Global Listings","article_modified_time":"2018-01-19T17:46:10+00:00","og_image":[{"url":"http:\/\/www.globalepgs.info\/wp-content\/uploads\/2017\/02\/circles7.png","type":"","width":"","height":""}],"twitter_card":"summary_large_image","twitter_misc":{"Est. reading time":"5 minutes"},"schema":{"@context":"https:\/\/schema.org","@graph":[{"@type":"WebPage","@id":"https:\/\/www.globalepgs.info\/hu\/szolgaltatasok\/","url":"https:\/\/www.globalepgs.info\/hu\/szolgaltatasok\/","name":"Szolg\u00e1ltat\u00e1sok - Global Listings","isPartOf":{"@id":"https:\/\/www.globalepgs.info\/es\/#website"},"primaryImageOfPage":{"@id":"https:\/\/www.globalepgs.info\/hu\/szolgaltatasok\/#primaryimage"},"image":{"@id":"https:\/\/www.globalepgs.info\/hu\/szolgaltatasok\/#primaryimage"},"thumbnailUrl":"http:\/\/www.globalepgs.info\/wp-content\/uploads\/2017\/02\/circles7.png","datePublished":"2017-03-18T23:30:16+00:00","dateModified":"2018-01-19T17:46:10+00:00","breadcrumb":{"@id":"https:\/\/www.globalepgs.info\/hu\/szolgaltatasok\/#breadcrumb"},"inLanguage":"hu-HU","potentialAction":[{"@type":"ReadAction","target":["https:\/\/www.globalepgs.info\/hu\/szolgaltatasok\/"]}]},{"@type":"ImageObject","inLanguage":"hu-HU","@id":"https:\/\/www.globalepgs.info\/hu\/szolgaltatasok\/#primaryimage","url":"http:\/\/www.globalepgs.info\/wp-content\/uploads\/2017\/02\/circles7.png","contentUrl":"http:\/\/www.globalepgs.info\/wp-content\/uploads\/2017\/02\/circles7.png"},{"@type":"BreadcrumbList","@id":"https:\/\/www.globalepgs.info\/hu\/szolgaltatasok\/#breadcrumb","itemListElement":[{"@type":"ListItem","position":1,"name":"Home","item":"https:\/\/www.globalepgs.info\/hu\/"},{"@type":"ListItem","position":2,"name":"Szolg\u00e1ltat\u00e1sok"}]},{"@type":"WebSite","@id":"https:\/\/www.globalepgs.info\/es\/#website","url":"https:\/\/www.globalepgs.info\/es\/","name":"Global Listings","description":"Just another WordPress site","potentialAction":[{"@type":"SearchAction","target":{"@type":"EntryPoint","urlTemplate":"https:\/\/www.globalepgs.info\/es\/?s={search_term_string}"},"query-input":{"@type":"PropertyValueSpecification","valueRequired":true,"valueName":"search_term_string"}}],"inLanguage":"hu-HU"}]}},"_links":{"self":[{"href":"https:\/\/www.globalepgs.info\/hu\/wp-json\/wp\/v2\/pages\/4894","targetHints":{"allow":["GET"]}}],"collection":[{"href":"https:\/\/www.globalepgs.info\/hu\/wp-json\/wp\/v2\/pages"}],"about":[{"href":"https:\/\/www.globalepgs.info\/hu\/wp-json\/wp\/v2\/types\/page"}],"author":[{"embeddable":true,"href":"https:\/\/www.globalepgs.info\/hu\/wp-json\/wp\/v2\/users\/1"}],"replies":[{"embeddable":true,"href":"https:\/\/www.globalepgs.info\/hu\/wp-json\/wp\/v2\/comments?post=4894"}],"version-history":[{"count":0,"href":"https:\/\/www.globalepgs.info\/hu\/wp-json\/wp\/v2\/pages\/4894\/revisions"}],"wp:attachment":[{"href":"https:\/\/www.globalepgs.info\/hu\/wp-json\/wp\/v2\/media?parent=4894"}],"curies":[{"name":"wp","href":"https:\/\/api.w.org\/{rel}","templated":true}]}}