{"id":5015,"date":"2017-03-20T22:07:58","date_gmt":"2017-03-20T22:07:58","guid":{"rendered":"http:\/\/www.globalepgs.info\/it\/chi-siamo\/"},"modified":"2017-11-27T14:28:52","modified_gmt":"2017-11-27T14:28:52","slug":"chi-siamo","status":"publish","type":"page","link":"https:\/\/www.globalepgs.info\/it\/chi-siamo\/","title":{"rendered":"Chi siamo"},"content":{"rendered":"<div class=\"col-4\">\n<p><img decoding=\"async\" class=\"img-circle img-responsive\" src=\"http:\/\/www.globalepgs.info\/app\/uploads\/2017\/02\/3.png\" alt=\"content_photo\" \/><\/p>\n<p class=\"content\">CHI SIAMO<\/p>\n<\/div>\n<div class=\"col-8\">\n<div class=\"content\">\n<p>Global EPGs \u00e8 il leader mondiale nella progettazione di guide TV elettroniche<\/p>\n<p>Lavoriamo quotidianamente con oltre 100 piattaforme televisive \u2013 DTH, IPTV e VOD \u2013 fornendo loro contenuti editoriali, metadati arricchiti e immagini affinch\u00e9 i vari canali di ciascun Paese possano attrarre il maggior numero di spettatori massimizzandone il gradimento<\/p>\n<p>Collaboriamo a livello internazionale con un elevato numero di emittenti, tra cui, ad esempio, Sky, MultiChoice, UPC, Virgin Media, CanalSat e Freeview<\/p>\n<p>Global EPGs \u00e8 ora in grado di offrire informazioni ancor pi\u00f9 ricche ed elaborate che migliorano l&#8217;esperienza interattiva del pubblico regalandogli una scelta di programmi pi\u00f9 vasta e fruibile al di l\u00e0 degli schermi TV tradizionali, estendendosi agli smartphone, ai tablet e ai computer. Qui a Global EPGs sappiamo benissimo come fornire contenuti televisivi che soddisfino i gusti dei telespettatori!<\/p>\n<p>Molte emittenti e piattaforme TV ci scelgono proprio perch\u00e9 le nostre soluzioni volte alla gestione dei loro palinsesti sono tagliate su misura, altamente tecnologiche e monitorate 24 ore su 24<\/p>\n<p>E anche il pubblico ci adora, perch\u00e9 gli diamo esattamente ci\u00f2 che vuole nel preciso istante in cui decide cosa guardare<\/p>\n<\/div>\n<\/div>\n","protected":false},"excerpt":{"rendered":"<p>CHI SIAMO Global EPGs \u00e8 il leader mondiale nella progettazione di guide TV elettroniche Lavoriamo quotidianamente con oltre 100 piattaforme televisive \u2013 DTH, IPTV e VOD \u2013 fornendo loro contenuti editoriali, metadati arricchiti e immagini affinch\u00e9 i vari canali di ciascun Paese possano attrarre il maggior numero di spettatori massimizzandone il gradimento Collaboriamo a livello [&hellip;]<\/p>\n","protected":false},"author":1,"featured_media":0,"parent":0,"menu_order":120,"comment_status":"closed","ping_status":"closed","template":"page-epgs_template.php","meta":{"_acf_changed":false,"footnotes":""},"class_list":["post-5015","page","type-page","status-publish","hentry"],"acf":[],"yoast_head":"<!-- This site is optimized with the Yoast SEO plugin v27.4 - https:\/\/yoast.com\/product\/yoast-seo-wordpress\/ -->\n<title>Chi siamo - Global Listings<\/title>\n<meta name=\"robots\" content=\"index, follow, max-snippet:-1, max-image-preview:large, max-video-preview:-1\" \/>\n<link rel=\"canonical\" href=\"https:\/\/www.globalepgs.info\/it\/chi-siamo\/\" \/>\n<meta property=\"og:locale\" content=\"it_IT\" \/>\n<meta property=\"og:type\" content=\"article\" \/>\n<meta property=\"og:title\" content=\"Chi siamo - Global Listings\" \/>\n<meta property=\"og:description\" content=\"CHI SIAMO Global EPGs \u00e8 il leader mondiale nella progettazione di guide TV elettroniche Lavoriamo quotidianamente con oltre 100 piattaforme televisive \u2013 DTH, IPTV e VOD \u2013 fornendo loro contenuti editoriali, metadati arricchiti e immagini affinch\u00e9 i vari canali di ciascun Paese possano attrarre il maggior numero di spettatori massimizzandone il gradimento Collaboriamo a livello [&hellip;]\" \/>\n<meta property=\"og:url\" content=\"https:\/\/www.globalepgs.info\/it\/chi-siamo\/\" \/>\n<meta property=\"og:site_name\" content=\"Global Listings\" \/>\n<meta property=\"article:modified_time\" content=\"2017-11-27T14:28:52+00:00\" \/>\n<meta property=\"og:image\" content=\"http:\/\/www.globalepgs.info\/app\/uploads\/2017\/02\/3.png\" \/>\n<meta name=\"twitter:card\" content=\"summary_large_image\" \/>\n<meta name=\"twitter:label1\" content=\"Est. reading time\" \/>\n\t<meta name=\"twitter:data1\" content=\"1 minute\" \/>\n<script type=\"application\/ld+json\" class=\"yoast-schema-graph\">{\"@context\":\"https:\\\/\\\/schema.org\",\"@graph\":[{\"@type\":\"WebPage\",\"@id\":\"https:\\\/\\\/www.globalepgs.info\\\/it\\\/chi-siamo\\\/\",\"url\":\"https:\\\/\\\/www.globalepgs.info\\\/it\\\/chi-siamo\\\/\",\"name\":\"Chi siamo - Global Listings\",\"isPartOf\":{\"@id\":\"https:\\\/\\\/www.globalepgs.info\\\/es\\\/#website\"},\"primaryImageOfPage\":{\"@id\":\"https:\\\/\\\/www.globalepgs.info\\\/it\\\/chi-siamo\\\/#primaryimage\"},\"image\":{\"@id\":\"https:\\\/\\\/www.globalepgs.info\\\/it\\\/chi-siamo\\\/#primaryimage\"},\"thumbnailUrl\":\"http:\\\/\\\/www.globalepgs.info\\\/app\\\/uploads\\\/2017\\\/02\\\/3.png\",\"datePublished\":\"2017-03-20T22:07:58+00:00\",\"dateModified\":\"2017-11-27T14:28:52+00:00\",\"breadcrumb\":{\"@id\":\"https:\\\/\\\/www.globalepgs.info\\\/it\\\/chi-siamo\\\/#breadcrumb\"},\"inLanguage\":\"it-IT\",\"potentialAction\":[{\"@type\":\"ReadAction\",\"target\":[\"https:\\\/\\\/www.globalepgs.info\\\/it\\\/chi-siamo\\\/\"]}]},{\"@type\":\"ImageObject\",\"inLanguage\":\"it-IT\",\"@id\":\"https:\\\/\\\/www.globalepgs.info\\\/it\\\/chi-siamo\\\/#primaryimage\",\"url\":\"http:\\\/\\\/www.globalepgs.info\\\/app\\\/uploads\\\/2017\\\/02\\\/3.png\",\"contentUrl\":\"http:\\\/\\\/www.globalepgs.info\\\/app\\\/uploads\\\/2017\\\/02\\\/3.png\"},{\"@type\":\"BreadcrumbList\",\"@id\":\"https:\\\/\\\/www.globalepgs.info\\\/it\\\/chi-siamo\\\/#breadcrumb\",\"itemListElement\":[{\"@type\":\"ListItem\",\"position\":1,\"name\":\"Home\",\"item\":\"https:\\\/\\\/www.globalepgs.info\\\/it\\\/\"},{\"@type\":\"ListItem\",\"position\":2,\"name\":\"Chi siamo\"}]},{\"@type\":\"WebSite\",\"@id\":\"https:\\\/\\\/www.globalepgs.info\\\/es\\\/#website\",\"url\":\"https:\\\/\\\/www.globalepgs.info\\\/es\\\/\",\"name\":\"Global Listings\",\"description\":\"Just another WordPress site\",\"potentialAction\":[{\"@type\":\"SearchAction\",\"target\":{\"@type\":\"EntryPoint\",\"urlTemplate\":\"https:\\\/\\\/www.globalepgs.info\\\/es\\\/?s={search_term_string}\"},\"query-input\":{\"@type\":\"PropertyValueSpecification\",\"valueRequired\":true,\"valueName\":\"search_term_string\"}}],\"inLanguage\":\"it-IT\"}]}<\/script>\n<!-- \/ Yoast SEO plugin. -->","yoast_head_json":{"title":"Chi siamo - Global Listings","robots":{"index":"index","follow":"follow","max-snippet":"max-snippet:-1","max-image-preview":"max-image-preview:large","max-video-preview":"max-video-preview:-1"},"canonical":"https:\/\/www.globalepgs.info\/it\/chi-siamo\/","og_locale":"it_IT","og_type":"article","og_title":"Chi siamo - Global Listings","og_description":"CHI SIAMO Global EPGs \u00e8 il leader mondiale nella progettazione di guide TV elettroniche Lavoriamo quotidianamente con oltre 100 piattaforme televisive \u2013 DTH, IPTV e VOD \u2013 fornendo loro contenuti editoriali, metadati arricchiti e immagini affinch\u00e9 i vari canali di ciascun Paese possano attrarre il maggior numero di spettatori massimizzandone il gradimento Collaboriamo a livello [&hellip;]","og_url":"https:\/\/www.globalepgs.info\/it\/chi-siamo\/","og_site_name":"Global Listings","article_modified_time":"2017-11-27T14:28:52+00:00","og_image":[{"url":"http:\/\/www.globalepgs.info\/app\/uploads\/2017\/02\/3.png","type":"","width":"","height":""}],"twitter_card":"summary_large_image","twitter_misc":{"Est. reading time":"1 minute"},"schema":{"@context":"https:\/\/schema.org","@graph":[{"@type":"WebPage","@id":"https:\/\/www.globalepgs.info\/it\/chi-siamo\/","url":"https:\/\/www.globalepgs.info\/it\/chi-siamo\/","name":"Chi siamo - Global Listings","isPartOf":{"@id":"https:\/\/www.globalepgs.info\/es\/#website"},"primaryImageOfPage":{"@id":"https:\/\/www.globalepgs.info\/it\/chi-siamo\/#primaryimage"},"image":{"@id":"https:\/\/www.globalepgs.info\/it\/chi-siamo\/#primaryimage"},"thumbnailUrl":"http:\/\/www.globalepgs.info\/app\/uploads\/2017\/02\/3.png","datePublished":"2017-03-20T22:07:58+00:00","dateModified":"2017-11-27T14:28:52+00:00","breadcrumb":{"@id":"https:\/\/www.globalepgs.info\/it\/chi-siamo\/#breadcrumb"},"inLanguage":"it-IT","potentialAction":[{"@type":"ReadAction","target":["https:\/\/www.globalepgs.info\/it\/chi-siamo\/"]}]},{"@type":"ImageObject","inLanguage":"it-IT","@id":"https:\/\/www.globalepgs.info\/it\/chi-siamo\/#primaryimage","url":"http:\/\/www.globalepgs.info\/app\/uploads\/2017\/02\/3.png","contentUrl":"http:\/\/www.globalepgs.info\/app\/uploads\/2017\/02\/3.png"},{"@type":"BreadcrumbList","@id":"https:\/\/www.globalepgs.info\/it\/chi-siamo\/#breadcrumb","itemListElement":[{"@type":"ListItem","position":1,"name":"Home","item":"https:\/\/www.globalepgs.info\/it\/"},{"@type":"ListItem","position":2,"name":"Chi siamo"}]},{"@type":"WebSite","@id":"https:\/\/www.globalepgs.info\/es\/#website","url":"https:\/\/www.globalepgs.info\/es\/","name":"Global Listings","description":"Just another WordPress site","potentialAction":[{"@type":"SearchAction","target":{"@type":"EntryPoint","urlTemplate":"https:\/\/www.globalepgs.info\/es\/?s={search_term_string}"},"query-input":{"@type":"PropertyValueSpecification","valueRequired":true,"valueName":"search_term_string"}}],"inLanguage":"it-IT"}]}},"_links":{"self":[{"href":"https:\/\/www.globalepgs.info\/it\/wp-json\/wp\/v2\/pages\/5015","targetHints":{"allow":["GET"]}}],"collection":[{"href":"https:\/\/www.globalepgs.info\/it\/wp-json\/wp\/v2\/pages"}],"about":[{"href":"https:\/\/www.globalepgs.info\/it\/wp-json\/wp\/v2\/types\/page"}],"author":[{"embeddable":true,"href":"https:\/\/www.globalepgs.info\/it\/wp-json\/wp\/v2\/users\/1"}],"replies":[{"embeddable":true,"href":"https:\/\/www.globalepgs.info\/it\/wp-json\/wp\/v2\/comments?post=5015"}],"version-history":[{"count":0,"href":"https:\/\/www.globalepgs.info\/it\/wp-json\/wp\/v2\/pages\/5015\/revisions"}],"wp:attachment":[{"href":"https:\/\/www.globalepgs.info\/it\/wp-json\/wp\/v2\/media?parent=5015"}],"curies":[{"name":"wp","href":"https:\/\/api.w.org\/{rel}","templated":true}]}}