{"id":5016,"date":"2017-03-20T22:09:24","date_gmt":"2017-03-20T22:09:24","guid":{"rendered":"http:\/\/www.globalepgs.info\/it\/i-nostri-servizi\/"},"modified":"2017-04-21T17:57:21","modified_gmt":"2017-04-21T17:57:21","slug":"i-nostri-servizi","status":"publish","type":"page","link":"https:\/\/www.globalepgs.info\/it\/i-nostri-servizi\/","title":{"rendered":"I nostri servizi"},"content":{"rendered":"<div class=\"col-4\">\n<p><img decoding=\"async\" class=\"img-circle img-responsive\" src=\"http:\/\/www.globalepgs.info\/wp-content\/uploads\/2017\/02\/circles7.png\" alt=\"\" \/><\/p>\n<p class=\"content\">I NOSTRI SERVIZI<\/p>\n<\/div>\n<div class=\"col-8\">\n<div class=\"content\">\n<p>Il nostro obiettivo \u00e8 produrre guide TV elettroniche di ultima generazione<\/p>\n<p>Le soluzioni da noi elaborate sono uniche proprio perch\u00e9 progettate su misura per i telespettatori delle emittenti con cui collaboriamo, affinch\u00e9 possano fruire di contenuti di altissima qualit\u00e0 e costantemente a disposizione, che si tratti di servizi on-demand, lineari oppure OTT<\/p>\n<p>Grazie ai nostri esperti professionisti e a dinamiche tecnologie all&#8217;avanguardia, facciamo in modo che l&#8217;esperienza interattiva del pubblico risulti perfetta e coinvolgente, promuovendo la sua fidelizzazione nei confronti dei canali nostri clienti<\/p>\n<p>Global EPGs lavora con le piattaforme televisive di tutto il mondo e di tutti i Paesi, a parte forse l&#8217;Antartide (ma niente paura, ci stiamo lavorando!)<\/p>\n<p>Quando si parla della creazione di guide TV elettroniche a livello internazionale, noi siamo davvero i leader indiscussi del settore! Siamo sempre informati sui vari fusi orari e abbiamo un&#8217;approfondita conoscenza delle culture specifiche di ogni Paese, dei diversi tipi di scrittura esistenti, dei metodi di fornitura, delle specifiche tecniche, delle scadenze, dei metadati e di tutte le altre esigenze particolari che possono variare da piattaforma a piattaforma<\/p>\n<p>Forniamo i dati EPG giusti al momento giusto, nel formato giusto e nel posto giusto!<\/p>\n<p>Global EPGs migliora i palinsesti dei vostri canali in svariati modi:<\/p>\n<p><b>IMMAGINI<\/b><br \/>\nForniamo immagini per ogni tipo di programma TV e adatte a tutti i livelli: alla serie in generale (ad esempio Keeping Up With The Kardashians), al numero di stagione (ad esempio Seconda Stagione) e ai singoli episodi, tutti con le proprie foto specifiche<\/p>\n<p>Le immagini vengono immagazzinate nel nostro database centrale e possono essere esportate in qualunque dimensione e risoluzione a seconda delle richieste di ciascuna piattaforma<\/p>\n<p><strong>MULTIMEDIA e STREAMING<\/strong><br \/>\nAttualmente, numerose piattaforme offrono applicazioni <em>ad hoc<\/em>\u00a0che permettono agli abbonati di visualizzare i contenuti in streaming e di rivedersi materiali registrati in precedenza su un apparecchio secondario come uno smartphone o un tablet<\/p>\n<p>Tuttavia, ci sono molte regole da rispettare &#8211; dai diritti di licenza generici alla durata specifica di un programma scaricato &#8211; ma Global EPGs \u00e8 perfettamente in grado di aiutare le emittenti a uscire da questi potenziali campi minati fornendo tutto il necessario in termini di metadati associati<\/p>\n<p><strong>SERVIZI DI ACCESSO\u00a0<\/strong><br \/>\nPer numerosi canali televisivi \u00e8 ormai obbligatorio segnalare i programmi sottotitolati per i non udenti, quelli audiodescritti e quelli con scritte in sovrimpressione. Global EPGs collabora con loro affinch\u00e9 i palinsesti rispettino correttamente queste normative<\/p>\n<p><b>COLLEGAMENTI TRA PROGRAMMI\u00a0<\/b><br \/>\nAlla Global EPGs sappiamo perfettamente che il collegamento tra programmi \u00e8 una forma d&#8217;arte molto particolare, ma le nostre tecnologie avanzate ci permettono di effettuare questo procedimento su varie piattaforme qualunque sia il palinsesto originario<\/p>\n<p>Quando si tratta di scegliere il titolo giusto, tirare le somme alla fine di una stagione e non lasciare troppo spazio tra due episodi collegati, non si scherza!<\/p>\n<p>Le nostre particolari tecnologie ci permettono inoltre di creare collegamenti tra film, episodi e contenuti speciali di una stagione o di una pubblicit\u00e0<\/p>\n<p>Contattateci liberamente per una dimostrazione gratuita scrivendo a:\u00a0<a href=\"mailto:epgs@globallistings.info\">epgs@globallistings.info<\/a><\/p>\n<p><strong>Una grande passione per la TV e un&#8217;accurata attenzione ai dettagli\u00a0<\/strong><\/p>\n<p>Le nostre soluzioni EPG costituiscono un perfetto mix di contenuti dinamici, metadati arricchiti e tecnologie avanzate volto a regalare una favolosa esperienza interattiva ai telespettatori di tutte le emittenti su scala globale<\/p>\n<p>Che il pubblico scelga di guardarsi i programmi preferiti su uno schermo televisivo tradizionale oppure opti per lo streaming su un altro apparecchio \u2013 dagli eventi sportivi in diretta ai film o dalla musica alle notizie e all&#8217;intrattenimento &#8211; i nostri esperti locali e internazionali sanno redigere testi brillanti, fornire metadati descrittivi su misura per ciascun canale e tradurli per qualsiasi zona. Si tratta quindi di soluzioni altamente personalizzate che fidelizzano al massimo i telespettatori<\/p>\n<p>Il nostro livello di accuratezza non \u00e8 secondo a nessuno<\/p>\n<p>I nostri standard editoriali sono leader nel settore<\/p>\n<p>Le nostre competenze tecniche forniscono contenuti monitorati 24 ore su 24 a livello multimediale<\/p>\n<p>Creando, curando e gestendo questi dati per conto dei nostri clienti, ci assicuriamo che le emittenti siano ben rappresentate per tutte le funzionalit\u00e0 delle EPG di nuova generazione: modalit\u00e0 di ricerca potenziate, suggerimenti basati sui gusti, collegamenti intelligenti tra programmi e cos\u00ec via<\/p>\n<p>In un mercato altamente e costantemente competitivo come quello televisivo, un elemento essenziale per la crescita e la popolarit\u00e0 di un canale \u00e8 la scoperta dei contenuti. Che si tratti di servizi lineari, VOD, OTT o IPTV, i telespettatori devono sapere cosa trasmetta un&#8217;emittente in un dato momento, e tali informazioni vengono totalmente fornite dai contenuti delle guide TV elettroniche<\/p>\n<p>Grazie a Global EPGs avrete la certezza che i palinsesti dei vostri canali vengano creati perfettamente su misura per il pubblico<\/p>\n<\/div>\n<\/div>\n","protected":false},"excerpt":{"rendered":"<p>I NOSTRI SERVIZI Il nostro obiettivo \u00e8 produrre guide TV elettroniche di ultima generazione Le soluzioni da noi elaborate sono uniche proprio perch\u00e9 progettate su misura per i telespettatori delle emittenti con cui collaboriamo, affinch\u00e9 possano fruire di contenuti di altissima qualit\u00e0 e costantemente a disposizione, che si tratti di servizi on-demand, lineari oppure OTT [&hellip;]<\/p>\n","protected":false},"author":1,"featured_media":0,"parent":0,"menu_order":221,"comment_status":"closed","ping_status":"closed","template":"page-epgs_template.php","meta":{"_acf_changed":false,"footnotes":""},"class_list":["post-5016","page","type-page","status-publish","hentry"],"acf":[],"yoast_head":"<!-- This site is optimized with the Yoast SEO plugin v27.3 - https:\/\/yoast.com\/product\/yoast-seo-wordpress\/ -->\n<title>I nostri servizi - Global Listings<\/title>\n<meta name=\"robots\" content=\"index, follow, max-snippet:-1, max-image-preview:large, max-video-preview:-1\" \/>\n<link rel=\"canonical\" href=\"https:\/\/www.globalepgs.info\/it\/i-nostri-servizi\/\" \/>\n<meta property=\"og:locale\" content=\"it_IT\" \/>\n<meta property=\"og:type\" content=\"article\" \/>\n<meta property=\"og:title\" content=\"I nostri servizi - Global Listings\" \/>\n<meta property=\"og:description\" content=\"I NOSTRI SERVIZI Il nostro obiettivo \u00e8 produrre guide TV elettroniche di ultima generazione Le soluzioni da noi elaborate sono uniche proprio perch\u00e9 progettate su misura per i telespettatori delle emittenti con cui collaboriamo, affinch\u00e9 possano fruire di contenuti di altissima qualit\u00e0 e costantemente a disposizione, che si tratti di servizi on-demand, lineari oppure OTT [&hellip;]\" \/>\n<meta property=\"og:url\" content=\"https:\/\/www.globalepgs.info\/it\/i-nostri-servizi\/\" \/>\n<meta property=\"og:site_name\" content=\"Global Listings\" \/>\n<meta property=\"article:modified_time\" content=\"2017-04-21T17:57:21+00:00\" \/>\n<meta property=\"og:image\" content=\"http:\/\/www.globalepgs.info\/wp-content\/uploads\/2017\/02\/circles7.png\" \/>\n<meta name=\"twitter:card\" content=\"summary_large_image\" \/>\n<meta name=\"twitter:label1\" content=\"Est. reading time\" \/>\n\t<meta name=\"twitter:data1\" content=\"4 minutes\" \/>\n<script type=\"application\/ld+json\" class=\"yoast-schema-graph\">{\"@context\":\"https:\\\/\\\/schema.org\",\"@graph\":[{\"@type\":\"WebPage\",\"@id\":\"https:\\\/\\\/www.globalepgs.info\\\/it\\\/i-nostri-servizi\\\/\",\"url\":\"https:\\\/\\\/www.globalepgs.info\\\/it\\\/i-nostri-servizi\\\/\",\"name\":\"I nostri servizi - Global Listings\",\"isPartOf\":{\"@id\":\"https:\\\/\\\/www.globalepgs.info\\\/es\\\/#website\"},\"primaryImageOfPage\":{\"@id\":\"https:\\\/\\\/www.globalepgs.info\\\/it\\\/i-nostri-servizi\\\/#primaryimage\"},\"image\":{\"@id\":\"https:\\\/\\\/www.globalepgs.info\\\/it\\\/i-nostri-servizi\\\/#primaryimage\"},\"thumbnailUrl\":\"http:\\\/\\\/www.globalepgs.info\\\/wp-content\\\/uploads\\\/2017\\\/02\\\/circles7.png\",\"datePublished\":\"2017-03-20T22:09:24+00:00\",\"dateModified\":\"2017-04-21T17:57:21+00:00\",\"breadcrumb\":{\"@id\":\"https:\\\/\\\/www.globalepgs.info\\\/it\\\/i-nostri-servizi\\\/#breadcrumb\"},\"inLanguage\":\"it-IT\",\"potentialAction\":[{\"@type\":\"ReadAction\",\"target\":[\"https:\\\/\\\/www.globalepgs.info\\\/it\\\/i-nostri-servizi\\\/\"]}]},{\"@type\":\"ImageObject\",\"inLanguage\":\"it-IT\",\"@id\":\"https:\\\/\\\/www.globalepgs.info\\\/it\\\/i-nostri-servizi\\\/#primaryimage\",\"url\":\"http:\\\/\\\/www.globalepgs.info\\\/wp-content\\\/uploads\\\/2017\\\/02\\\/circles7.png\",\"contentUrl\":\"http:\\\/\\\/www.globalepgs.info\\\/wp-content\\\/uploads\\\/2017\\\/02\\\/circles7.png\"},{\"@type\":\"BreadcrumbList\",\"@id\":\"https:\\\/\\\/www.globalepgs.info\\\/it\\\/i-nostri-servizi\\\/#breadcrumb\",\"itemListElement\":[{\"@type\":\"ListItem\",\"position\":1,\"name\":\"Home\",\"item\":\"https:\\\/\\\/www.globalepgs.info\\\/it\\\/\"},{\"@type\":\"ListItem\",\"position\":2,\"name\":\"I nostri servizi\"}]},{\"@type\":\"WebSite\",\"@id\":\"https:\\\/\\\/www.globalepgs.info\\\/es\\\/#website\",\"url\":\"https:\\\/\\\/www.globalepgs.info\\\/es\\\/\",\"name\":\"Global Listings\",\"description\":\"Just another WordPress site\",\"potentialAction\":[{\"@type\":\"SearchAction\",\"target\":{\"@type\":\"EntryPoint\",\"urlTemplate\":\"https:\\\/\\\/www.globalepgs.info\\\/es\\\/?s={search_term_string}\"},\"query-input\":{\"@type\":\"PropertyValueSpecification\",\"valueRequired\":true,\"valueName\":\"search_term_string\"}}],\"inLanguage\":\"it-IT\"}]}<\/script>\n<!-- \/ Yoast SEO plugin. -->","yoast_head_json":{"title":"I nostri servizi - Global Listings","robots":{"index":"index","follow":"follow","max-snippet":"max-snippet:-1","max-image-preview":"max-image-preview:large","max-video-preview":"max-video-preview:-1"},"canonical":"https:\/\/www.globalepgs.info\/it\/i-nostri-servizi\/","og_locale":"it_IT","og_type":"article","og_title":"I nostri servizi - Global Listings","og_description":"I NOSTRI SERVIZI Il nostro obiettivo \u00e8 produrre guide TV elettroniche di ultima generazione Le soluzioni da noi elaborate sono uniche proprio perch\u00e9 progettate su misura per i telespettatori delle emittenti con cui collaboriamo, affinch\u00e9 possano fruire di contenuti di altissima qualit\u00e0 e costantemente a disposizione, che si tratti di servizi on-demand, lineari oppure OTT [&hellip;]","og_url":"https:\/\/www.globalepgs.info\/it\/i-nostri-servizi\/","og_site_name":"Global Listings","article_modified_time":"2017-04-21T17:57:21+00:00","og_image":[{"url":"http:\/\/www.globalepgs.info\/wp-content\/uploads\/2017\/02\/circles7.png","type":"","width":"","height":""}],"twitter_card":"summary_large_image","twitter_misc":{"Est. reading time":"4 minutes"},"schema":{"@context":"https:\/\/schema.org","@graph":[{"@type":"WebPage","@id":"https:\/\/www.globalepgs.info\/it\/i-nostri-servizi\/","url":"https:\/\/www.globalepgs.info\/it\/i-nostri-servizi\/","name":"I nostri servizi - Global Listings","isPartOf":{"@id":"https:\/\/www.globalepgs.info\/es\/#website"},"primaryImageOfPage":{"@id":"https:\/\/www.globalepgs.info\/it\/i-nostri-servizi\/#primaryimage"},"image":{"@id":"https:\/\/www.globalepgs.info\/it\/i-nostri-servizi\/#primaryimage"},"thumbnailUrl":"http:\/\/www.globalepgs.info\/wp-content\/uploads\/2017\/02\/circles7.png","datePublished":"2017-03-20T22:09:24+00:00","dateModified":"2017-04-21T17:57:21+00:00","breadcrumb":{"@id":"https:\/\/www.globalepgs.info\/it\/i-nostri-servizi\/#breadcrumb"},"inLanguage":"it-IT","potentialAction":[{"@type":"ReadAction","target":["https:\/\/www.globalepgs.info\/it\/i-nostri-servizi\/"]}]},{"@type":"ImageObject","inLanguage":"it-IT","@id":"https:\/\/www.globalepgs.info\/it\/i-nostri-servizi\/#primaryimage","url":"http:\/\/www.globalepgs.info\/wp-content\/uploads\/2017\/02\/circles7.png","contentUrl":"http:\/\/www.globalepgs.info\/wp-content\/uploads\/2017\/02\/circles7.png"},{"@type":"BreadcrumbList","@id":"https:\/\/www.globalepgs.info\/it\/i-nostri-servizi\/#breadcrumb","itemListElement":[{"@type":"ListItem","position":1,"name":"Home","item":"https:\/\/www.globalepgs.info\/it\/"},{"@type":"ListItem","position":2,"name":"I nostri servizi"}]},{"@type":"WebSite","@id":"https:\/\/www.globalepgs.info\/es\/#website","url":"https:\/\/www.globalepgs.info\/es\/","name":"Global Listings","description":"Just another WordPress site","potentialAction":[{"@type":"SearchAction","target":{"@type":"EntryPoint","urlTemplate":"https:\/\/www.globalepgs.info\/es\/?s={search_term_string}"},"query-input":{"@type":"PropertyValueSpecification","valueRequired":true,"valueName":"search_term_string"}}],"inLanguage":"it-IT"}]}},"_links":{"self":[{"href":"https:\/\/www.globalepgs.info\/it\/wp-json\/wp\/v2\/pages\/5016","targetHints":{"allow":["GET"]}}],"collection":[{"href":"https:\/\/www.globalepgs.info\/it\/wp-json\/wp\/v2\/pages"}],"about":[{"href":"https:\/\/www.globalepgs.info\/it\/wp-json\/wp\/v2\/types\/page"}],"author":[{"embeddable":true,"href":"https:\/\/www.globalepgs.info\/it\/wp-json\/wp\/v2\/users\/1"}],"replies":[{"embeddable":true,"href":"https:\/\/www.globalepgs.info\/it\/wp-json\/wp\/v2\/comments?post=5016"}],"version-history":[{"count":0,"href":"https:\/\/www.globalepgs.info\/it\/wp-json\/wp\/v2\/pages\/5016\/revisions"}],"wp:attachment":[{"href":"https:\/\/www.globalepgs.info\/it\/wp-json\/wp\/v2\/media?parent=5016"}],"curies":[{"name":"wp","href":"https:\/\/api.w.org\/{rel}","templated":true}]}}