{"id":5041,"date":"2017-03-21T17:17:25","date_gmt":"2017-03-21T17:17:25","guid":{"rendered":"http:\/\/www.globalepgs.info\/lv\/sazinieties-ar-mums\/"},"modified":"2017-04-19T17:16:45","modified_gmt":"2017-04-19T17:16:45","slug":"sazinieties-ar-mums","status":"publish","type":"page","link":"https:\/\/www.globalepgs.info\/lv\/sazinieties-ar-mums\/","title":{"rendered":"Sazinieties ar mums"},"content":{"rendered":"<div class=\"col-6\">\n<p>L\u016bdzu, ievadiet \u0161\u0101du inform\u0101ciju un noklik\u0161\u0137iniet uz pogas, lai nos\u016bt\u012btu tekstu Global EPGs (*nor\u0101da oblig\u0101tu lauku):<\/p>\n\n<div class=\"wpcf7 no-js\" id=\"wpcf7-f1147-o1\" lang=\"en-US\" dir=\"ltr\" data-wpcf7-id=\"1147\">\n<div class=\"screen-reader-response\"><p role=\"status\" aria-live=\"polite\" aria-atomic=\"true\"><\/p> <ul><\/ul><\/div>\n<form action=\"\/lv\/wp-json\/wp\/v2\/pages\/5041#wpcf7-f1147-o1\" method=\"post\" class=\"wpcf7-form init\" aria-label=\"Contact form\" novalidate=\"novalidate\" data-status=\"init\">\n<fieldset class=\"hidden-fields-container\"><input type=\"hidden\" name=\"_wpcf7\" value=\"1147\" \/><input type=\"hidden\" name=\"_wpcf7_version\" value=\"6.1.5\" \/><input type=\"hidden\" name=\"_wpcf7_locale\" value=\"en_US\" \/><input type=\"hidden\" name=\"_wpcf7_unit_tag\" value=\"wpcf7-f1147-o1\" \/><input type=\"hidden\" name=\"_wpcf7_container_post\" value=\"0\" \/><input type=\"hidden\" name=\"_wpcf7_posted_data_hash\" value=\"\" \/>\n<\/fieldset>\n<p><label><span class=\"wpcf7-form-control-wrap\" data-name=\"your-company\"><input size=\"40\" maxlength=\"400\" class=\"wpcf7-form-control wpcf7-text\" aria-invalid=\"false\" placeholder=\"Company\" value=\"\" type=\"text\" name=\"your-company\" \/><\/span><\/label>\n<\/p>\n<p><label><span class=\"wpcf7-form-control-wrap\" data-name=\"your-name\"><input size=\"40\" maxlength=\"400\" class=\"wpcf7-form-control wpcf7-text wpcf7-validates-as-required\" aria-required=\"true\" aria-invalid=\"false\" placeholder=\"Name*\" value=\"\" type=\"text\" name=\"your-name\" \/><\/span><\/label>\n<\/p>\n<p><label><span class=\"wpcf7-form-control-wrap\" data-name=\"your-email\"><input size=\"40\" maxlength=\"400\" class=\"wpcf7-form-control wpcf7-email wpcf7-validates-as-required wpcf7-text wpcf7-validates-as-email y2008\" aria-required=\"true\" aria-invalid=\"false\" placeholder=\"Email*\" value=\"\" type=\"email\" name=\"your-email\" \/><\/span><\/label>\n<\/p>\n<p><label><span class=\"wpcf7-form-control-wrap\" data-name=\"your-tel\"><input size=\"40\" maxlength=\"400\" class=\"wpcf7-form-control wpcf7-tel wpcf7-text wpcf7-validates-as-tel\" aria-invalid=\"false\" placeholder=\"Phone\" value=\"\" type=\"tel\" name=\"your-tel\" \/><\/span><\/label>\n<\/p>\n<p><label><span class=\"wpcf7-form-control-wrap\" data-name=\"your-message\"><textarea cols=\"40\" rows=\"10\" maxlength=\"2000\" class=\"wpcf7-form-control wpcf7-textarea\" aria-invalid=\"false\" placeholder=\"Message\" name=\"your-message\"><\/textarea><\/span><\/label>\n<\/p>\n<p><input class=\"wpcf7-form-control wpcf7-submit has-spinner\" type=\"submit\" value=\"Send\" \/>\n<\/p><div class=\"wpcf7-response-output\" aria-hidden=\"true\"><\/div>\n<\/form>\n<\/div>\n\n<\/div>\n","protected":false},"excerpt":{"rendered":"<p>L\u016bdzu, ievadiet \u0161\u0101du inform\u0101ciju un noklik\u0161\u0137iniet uz pogas, lai nos\u016bt\u012btu tekstu Global EPGs (*nor\u0101da oblig\u0101tu lauku):<\/p>\n","protected":false},"author":1,"featured_media":0,"parent":0,"menu_order":31,"comment_status":"closed","ping_status":"closed","template":"page-contactus.php","meta":{"_acf_changed":false,"footnotes":""},"class_list":["post-5041","page","type-page","status-publish","hentry"],"acf":[],"yoast_head":"<!-- This site is optimized with the Yoast SEO plugin v27.3 - https:\/\/yoast.com\/product\/yoast-seo-wordpress\/ -->\n<title>Sazinieties ar mums - Global Listings<\/title>\n<meta name=\"robots\" content=\"index, follow, max-snippet:-1, max-image-preview:large, max-video-preview:-1\" \/>\n<link rel=\"canonical\" href=\"https:\/\/www.globalepgs.info\/lv\/sazinieties-ar-mums\/\" \/>\n<meta property=\"og:locale\" content=\"lv_LV\" \/>\n<meta property=\"og:type\" content=\"article\" \/>\n<meta property=\"og:title\" content=\"Sazinieties ar mums - Global Listings\" \/>\n<meta property=\"og:description\" content=\"L\u016bdzu, ievadiet \u0161\u0101du inform\u0101ciju un noklik\u0161\u0137iniet uz pogas, lai nos\u016bt\u012btu tekstu Global EPGs (*nor\u0101da oblig\u0101tu lauku):\" \/>\n<meta property=\"og:url\" content=\"https:\/\/www.globalepgs.info\/lv\/sazinieties-ar-mums\/\" \/>\n<meta property=\"og:site_name\" content=\"Global Listings\" \/>\n<meta property=\"article:modified_time\" content=\"2017-04-19T17:16:45+00:00\" \/>\n<meta name=\"twitter:card\" content=\"summary_large_image\" \/>\n<script type=\"application\/ld+json\" class=\"yoast-schema-graph\">{\"@context\":\"https:\\\/\\\/schema.org\",\"@graph\":[{\"@type\":\"WebPage\",\"@id\":\"https:\\\/\\\/www.globalepgs.info\\\/lv\\\/sazinieties-ar-mums\\\/\",\"url\":\"https:\\\/\\\/www.globalepgs.info\\\/lv\\\/sazinieties-ar-mums\\\/\",\"name\":\"Sazinieties ar mums - Global Listings\",\"isPartOf\":{\"@id\":\"https:\\\/\\\/www.globalepgs.info\\\/es\\\/#website\"},\"datePublished\":\"2017-03-21T17:17:25+00:00\",\"dateModified\":\"2017-04-19T17:16:45+00:00\",\"breadcrumb\":{\"@id\":\"https:\\\/\\\/www.globalepgs.info\\\/lv\\\/sazinieties-ar-mums\\\/#breadcrumb\"},\"inLanguage\":\"lv\",\"potentialAction\":[{\"@type\":\"ReadAction\",\"target\":[\"https:\\\/\\\/www.globalepgs.info\\\/lv\\\/sazinieties-ar-mums\\\/\"]}]},{\"@type\":\"BreadcrumbList\",\"@id\":\"https:\\\/\\\/www.globalepgs.info\\\/lv\\\/sazinieties-ar-mums\\\/#breadcrumb\",\"itemListElement\":[{\"@type\":\"ListItem\",\"position\":1,\"name\":\"Home\",\"item\":\"https:\\\/\\\/www.globalepgs.info\\\/lv\\\/\"},{\"@type\":\"ListItem\",\"position\":2,\"name\":\"Sazinieties ar mums\"}]},{\"@type\":\"WebSite\",\"@id\":\"https:\\\/\\\/www.globalepgs.info\\\/es\\\/#website\",\"url\":\"https:\\\/\\\/www.globalepgs.info\\\/es\\\/\",\"name\":\"Global Listings\",\"description\":\"Just another WordPress site\",\"potentialAction\":[{\"@type\":\"SearchAction\",\"target\":{\"@type\":\"EntryPoint\",\"urlTemplate\":\"https:\\\/\\\/www.globalepgs.info\\\/es\\\/?s={search_term_string}\"},\"query-input\":{\"@type\":\"PropertyValueSpecification\",\"valueRequired\":true,\"valueName\":\"search_term_string\"}}],\"inLanguage\":\"lv\"}]}<\/script>\n<!-- \/ Yoast SEO plugin. -->","yoast_head_json":{"title":"Sazinieties ar mums - Global Listings","robots":{"index":"index","follow":"follow","max-snippet":"max-snippet:-1","max-image-preview":"max-image-preview:large","max-video-preview":"max-video-preview:-1"},"canonical":"https:\/\/www.globalepgs.info\/lv\/sazinieties-ar-mums\/","og_locale":"lv_LV","og_type":"article","og_title":"Sazinieties ar mums - Global Listings","og_description":"L\u016bdzu, ievadiet \u0161\u0101du inform\u0101ciju un noklik\u0161\u0137iniet uz pogas, lai nos\u016bt\u012btu tekstu Global EPGs (*nor\u0101da oblig\u0101tu lauku):","og_url":"https:\/\/www.globalepgs.info\/lv\/sazinieties-ar-mums\/","og_site_name":"Global Listings","article_modified_time":"2017-04-19T17:16:45+00:00","twitter_card":"summary_large_image","schema":{"@context":"https:\/\/schema.org","@graph":[{"@type":"WebPage","@id":"https:\/\/www.globalepgs.info\/lv\/sazinieties-ar-mums\/","url":"https:\/\/www.globalepgs.info\/lv\/sazinieties-ar-mums\/","name":"Sazinieties ar mums - Global Listings","isPartOf":{"@id":"https:\/\/www.globalepgs.info\/es\/#website"},"datePublished":"2017-03-21T17:17:25+00:00","dateModified":"2017-04-19T17:16:45+00:00","breadcrumb":{"@id":"https:\/\/www.globalepgs.info\/lv\/sazinieties-ar-mums\/#breadcrumb"},"inLanguage":"lv","potentialAction":[{"@type":"ReadAction","target":["https:\/\/www.globalepgs.info\/lv\/sazinieties-ar-mums\/"]}]},{"@type":"BreadcrumbList","@id":"https:\/\/www.globalepgs.info\/lv\/sazinieties-ar-mums\/#breadcrumb","itemListElement":[{"@type":"ListItem","position":1,"name":"Home","item":"https:\/\/www.globalepgs.info\/lv\/"},{"@type":"ListItem","position":2,"name":"Sazinieties ar mums"}]},{"@type":"WebSite","@id":"https:\/\/www.globalepgs.info\/es\/#website","url":"https:\/\/www.globalepgs.info\/es\/","name":"Global Listings","description":"Just another WordPress site","potentialAction":[{"@type":"SearchAction","target":{"@type":"EntryPoint","urlTemplate":"https:\/\/www.globalepgs.info\/es\/?s={search_term_string}"},"query-input":{"@type":"PropertyValueSpecification","valueRequired":true,"valueName":"search_term_string"}}],"inLanguage":"lv"}]}},"_links":{"self":[{"href":"https:\/\/www.globalepgs.info\/lv\/wp-json\/wp\/v2\/pages\/5041","targetHints":{"allow":["GET"]}}],"collection":[{"href":"https:\/\/www.globalepgs.info\/lv\/wp-json\/wp\/v2\/pages"}],"about":[{"href":"https:\/\/www.globalepgs.info\/lv\/wp-json\/wp\/v2\/types\/page"}],"author":[{"embeddable":true,"href":"https:\/\/www.globalepgs.info\/lv\/wp-json\/wp\/v2\/users\/1"}],"replies":[{"embeddable":true,"href":"https:\/\/www.globalepgs.info\/lv\/wp-json\/wp\/v2\/comments?post=5041"}],"version-history":[{"count":0,"href":"https:\/\/www.globalepgs.info\/lv\/wp-json\/wp\/v2\/pages\/5041\/revisions"}],"wp:attachment":[{"href":"https:\/\/www.globalepgs.info\/lv\/wp-json\/wp\/v2\/media?parent=5041"}],"curies":[{"name":"wp","href":"https:\/\/api.w.org\/{rel}","templated":true}]}}