{"id":5063,"date":"2017-03-22T19:22:41","date_gmt":"2017-03-22T19:22:41","guid":{"rendered":"http:\/\/www.globalepgs.info\/lv\/pakalpojumi\/"},"modified":"2017-11-30T03:33:05","modified_gmt":"2017-11-30T03:33:05","slug":"pakalpojumi","status":"publish","type":"page","link":"https:\/\/www.globalepgs.info\/lv\/pakalpojumi\/","title":{"rendered":"Pakalpojumi"},"content":{"rendered":"<div class=\"col-4\">\n<p><img decoding=\"async\" class=\"img-circle img-responsive\" src=\"http:\/\/globalepgs.info\/app\/uploads\/2017\/02\/circles7.png\" alt=\"\" \/><\/p>\n<p class=\"content\">PAKALPOJUMI<\/p>\n<\/div>\n<div class=\"col-8\">\n<div class=\"content\">\n<p>M\u0113s pied\u0101v\u0101jam n\u0101kam\u0101s paaudzes elektronisk\u0101s raid\u012bjumu programmas (ERP)<\/p>\n<p>M\u016bsu ERP risin\u0101jumi ir unik\u0101li, jo tie ir izstr\u0101d\u0101ti t\u0101, lai m\u016bsu TV klientu auditorija var\u0113tu vienk\u0101r\u0161i atrast un izmantot programmu saturu, neatkar\u012bgi no t\u0101, vai skat\u0101s video-p\u0113c-piepras\u012bjuma, line\u0101ro TV vai OTT pakalpojumus<\/p>\n<p>Pateicoties augsti kvalific\u0113taj\u0101m komand\u0101m un dinamiskajai, nozares vado\u0161\u0101s tehnolo\u0123ijas izmanto\u0161anai, m\u0113s varam sniegt prec\u012bzu un izmantojamu risin\u0101jumu, radot pa\u013c\u0101v\u012bbu skat\u012bt\u0101jos un garant\u0113jot, ka skat\u012bt\u0101jiem iepatiksies j\u016bsu kan\u0101ls un vi\u0146i tam uztic\u0113sies<\/p>\n<p>Global EPGs str\u0101d\u0101 ar TV platform\u0101m vis\u0101 pasaul\u0113, visos kontinentos, neskaitot Antarkt\u012bdu (bet m\u0113s apsveram\u00a0\u0161o domu!)<\/p>\n<p>Attiec\u012bb\u0101 uz starptautisku ERP aptveram\u012bbu m\u0113s esam tirgus l\u012bderis un p\u0101rzin\u0101m pasaules laika zonas, kult\u016bras \u012bpatn\u012bbas, at\u0161\u0137ir\u012bgas rakstz\u012bmju kopas, pieg\u0101des metodes, tehnisk\u0101s specifik\u0101cijas, termi\u0146us, metadatu pras\u012bbas un visa veida p\u0101r\u0113j\u0101s specifik\u0101cijas, kuras katrai platformai ir unik\u0101las<\/p>\n<p>Un, kas vissvar\u012bg\u0101k, m\u0113s sniedzam pareizo ERP inform\u0101ciju pareizaj\u0101 laik\u0101, pareizaj\u0101 form\u0101t\u0101 un pareizaj\u0101 viet\u0101!<\/p>\n<p>Global EPGs var uzlabot j\u016bsu kan\u0101la ERP daudzos veidos, kuru starp\u0101 ir:<\/p>\n<p><strong>PROGRAMMAS ATT\u0112LI<\/strong><br \/>\nM\u0113s pievienojam att\u0113lus katram TV ierakstam, un tie var at\u0161\u0137irties katram programmas l\u012bmenim: seri\u0101la\/raid\u012bjuma l\u012bmen\u012b (piem\u0113ram, Keeping Up With The Kardashians), sezonas l\u012bmen\u012b (piem\u0113ram, 2. sezona) un atsevi\u0161\u0137u s\u0113riju\/epizo\u017eu l\u012bmen\u012b \u2013 visiem \u0161iem l\u012bme\u0146iem var pie\u0161\u0137ir atsevi\u0161\u0137us epizodiskus att\u0113lus<\/p>\n<p>Att\u0113lus saglab\u0101 m\u016bsu centr\u0101laj\u0101 datu b\u0101z\u0113, un tos var eksport\u0113t da\u017e\u0101dos izm\u0113ros un iz\u0161\u0137irtsp\u0113j\u0101 saska\u0146\u0101 ar katras TV platformas pras\u012bb\u0101m<\/p>\n<p><strong>BLAKUSIEL\u0100DE UN STRAUM\u0112\u0160ANA<\/strong><br \/>\nDaudzas TV platformas m\u016bsdien\u0101s pied\u0101v\u0101 piel\u0101gotas lietotnes, kuras abon\u0113t\u0101jiem \u013cauj straum\u0113t programmas saturu un skat\u012bties iepriek\u0161 ierakst\u012btu materi\u0101lu papildu ier\u012bc\u0113, piem\u0113ram, viedt\u0101lrun\u012b vai plan\u0161etdator\u0101<\/p>\n<p>Tam ir j\u0101\u0146em v\u0113r\u0101 visa veida faktori, tostarp visp\u0101r\u0113jas licenc\u0113\u0161anas ties\u012bbas t\u0101pat k\u0101 konkr\u0113tais pieejam\u012bbas ilgums lejupiel\u0101d\u0113tajai programmai. Global EPGs pal\u012bdz raidorganiz\u0101cij\u0101m p\u0101rvietoties pa \u0161o iesp\u0113jamo m\u012bnu lauku, p\u0113c tam sniedz TV platformai tie\u0161i to, kas nepiecie\u0161ams, attiec\u012bb\u0101 uz saist\u012btajiem metadatiem<\/p>\n<p><strong>PIEK\u013bUVES PAKALPOJUMI<\/strong><br \/>\n\u0160obr\u012bd ir oblig\u0101ti daudziem TV kan\u0101liem nor\u0101d\u012bt, kur\u0101m programm\u0101m ir subtitri v\u0101jdzird\u012bg\u0101m person\u0101m, kur\u0101m ir audio apraksts un kur\u0101m ir surdotulkojums. Global EPGs sadarbojas ar raidorganiz\u0101cij\u0101m, lai nodro\u0161in\u0101tu, ka ERP pareizi nor\u0101da piek\u013cuves pakalpojumu iesp\u0113jas<\/p>\n<p><strong>S\u0112RIJU SASAISTE<\/strong><br \/>\nGlobal EPG tic, ka s\u0113riju sasaiste pati par sevi ir m\u0101kslas veids, un m\u016bsu progres\u012bv\u0101 tehnolo\u0123ija \u013cauj izveidot s\u0113riju sasaisti vair\u0101k\u0101m platform\u0101m, neskatoties uz to, k\u0101 ir sapl\u0101notas kan\u0101la programmas<\/p>\n<p>M\u0113s p\u0101rzin\u0101m visus noteikumus par nosaukumu saska\u0146o\u0161anu, nosl\u0113guma saist\u012bbu sezonas beig\u0101s un p\u0101r\u0101k lielas atstarpes nepie\u013cau\u0161anu starp div\u0101m sasaist\u012bt\u0101m s\u0113rij\u0101m\/epizod\u0113m<\/p>\n<p>M\u016bsu ERP tehnolo\u0123ija ar\u012b \u013cauj izveidot sasaisti starp film\u0101m, epizod\u0113m un atsevi\u0161\u0137\u0101m programm\u0101m, kuras ir sezonas vai programmas da\u013cas<\/p>\n<p>Sazinieties ar mums demonstr\u0101cijai: <a href=\"mailto:epgs@globallistings.info\">epgs@globallistings.info<\/a><\/p>\n<p><strong>Aizrau\u0161an\u0101s ar TV un precizit\u0101tes garantija<\/strong><\/p>\n<p>M\u016bsu ERP risin\u0101jumi apvieno dinamisku saturu, bag\u0101t\u012bgus metadatus un progres\u012bvo tehnolo\u0123iju, kas kop\u0101 sniedz \u012bpa\u0161i iesaisto\u0161u TV pieredzi m\u016bsu klientu\u2013raidorganiz\u0101ciju auditorijai, un tas notiek glob\u0101l\u0101 m\u0113rog\u0101<\/p>\n<p>Neskatoties uz to, vai TV kan\u0101la auditorija skat\u0101s iem\u012b\u013cotos raid\u012bjumus tradicion\u0101laj\u0101 TV vai nolemj straum\u0113t saturu, kur\u0161 ietver visu iesp\u0113jamo \u2013 sporta tie\u0161raides\u00a0vai filmas, vai m\u016bziku, k\u0101 ar\u012b zi\u0146as un izklaidi \u2013 m\u016bsu komandas Apvienotaj\u0101 Karalist\u0113 un cit\u0101s valst\u012bs rada dinamiskus tekstus un apraksto\u0161us metadatus, kuri ir personaliz\u0113ti katram kan\u0101lam un lokaliz\u0113ti katram re\u0123ionam, sniedzot piel\u0101gotus risin\u0101jumus, kuri pavisam noteikti piesaist\u012bs uzman\u012bbu un saglab\u0101s kan\u0101la skat\u012bt\u0101ju auditoriju<\/p>\n<p>Neviens nevar ar mums sacensties precizit\u0101t\u0113<\/p>\n<p>Nozar\u0113 m\u0113s esam slaveni ar redakcion\u0101lajiem standartiem<\/p>\n<p>M\u016bsu tehnisk\u0101s iesp\u0113jas \u013cauj sagatavot visaptvero\u0161u TV kan\u0101la programmas saturu vair\u0101ku platformu videi<\/p>\n<p>Izveidojot, p\u0101rraugot un pieg\u0101d\u0101jot \u0161os datus m\u016bsu klientu v\u0101rd\u0101, Global EPGs garant\u0113, ka kan\u0101liem ir piln\u012bb\u0101 izmantotas visas funkcijas, kuras piem\u012bt n\u0101kam\u0101s paaudzes ERP: papla\u0161in\u0101tas mekl\u0113\u0161anas iesp\u0113jas, ieteikumi saska\u0146\u0101 ar izv\u0113\u013cu profilu, vied\u0101 s\u0113riju sasaiste utt.<\/p>\n<p>Kan\u0101la izaugsmei un popularit\u0101tei arvien pieaugo\u0161\u0101 konkurenc\u0113 TV tirg\u016b \u013coti svar\u012bga ir satura atkl\u0101\u0161ana. Iz\u0146\u0113mums nav ne video-p\u0113c-piepras\u012bjuma, ne OTT pakalpojumi, ne IPTV \u2013 skat\u012bt\u0101jiem ir j\u0101zina, ko kan\u0101ls pied\u0101v\u0101, un \u0161\u0101du inform\u0101ciju sniedz tikai ERP saturs<\/p>\n<p>Sadarbojoties ar Global EPGs, j\u016bs b\u016bsiet p\u0101rliecin\u0101ti, ka kan\u0101la ERP tiks izveidotas ide\u0101li atbilsto\u0161as m\u0113r\u0137a auditorijai<\/p>\n<\/div>\n<\/div>\n","protected":false},"excerpt":{"rendered":"<p>PAKALPOJUMI M\u0113s pied\u0101v\u0101jam n\u0101kam\u0101s paaudzes elektronisk\u0101s raid\u012bjumu programmas (ERP) M\u016bsu ERP risin\u0101jumi ir unik\u0101li, jo tie ir izstr\u0101d\u0101ti t\u0101, lai m\u016bsu TV klientu auditorija var\u0113tu vienk\u0101r\u0161i atrast un izmantot programmu saturu, neatkar\u012bgi no t\u0101, vai skat\u0101s video-p\u0113c-piepras\u012bjuma, line\u0101ro TV vai OTT pakalpojumus Pateicoties augsti kvalific\u0113taj\u0101m komand\u0101m un dinamiskajai, nozares vado\u0161\u0101s tehnolo\u0123ijas izmanto\u0161anai, m\u0113s varam sniegt [&hellip;]<\/p>\n","protected":false},"author":1,"featured_media":0,"parent":0,"menu_order":223,"comment_status":"closed","ping_status":"closed","template":"page-epgs_template.php","meta":{"_acf_changed":false,"footnotes":""},"class_list":["post-5063","page","type-page","status-publish","hentry"],"acf":[],"yoast_head":"<!-- This site is optimized with the Yoast SEO plugin v27.3 - https:\/\/yoast.com\/product\/yoast-seo-wordpress\/ -->\n<title>Pakalpojumi - Global Listings<\/title>\n<meta name=\"robots\" content=\"index, follow, max-snippet:-1, max-image-preview:large, max-video-preview:-1\" \/>\n<link rel=\"canonical\" href=\"https:\/\/www.globalepgs.info\/lv\/pakalpojumi\/\" \/>\n<meta property=\"og:locale\" content=\"lv_LV\" \/>\n<meta property=\"og:type\" content=\"article\" \/>\n<meta property=\"og:title\" content=\"Pakalpojumi - Global Listings\" \/>\n<meta property=\"og:description\" content=\"PAKALPOJUMI M\u0113s pied\u0101v\u0101jam n\u0101kam\u0101s paaudzes elektronisk\u0101s raid\u012bjumu programmas (ERP) M\u016bsu ERP risin\u0101jumi ir unik\u0101li, jo tie ir izstr\u0101d\u0101ti t\u0101, lai m\u016bsu TV klientu auditorija var\u0113tu vienk\u0101r\u0161i atrast un izmantot programmu saturu, neatkar\u012bgi no t\u0101, vai skat\u0101s video-p\u0113c-piepras\u012bjuma, line\u0101ro TV vai OTT pakalpojumus Pateicoties augsti kvalific\u0113taj\u0101m komand\u0101m un dinamiskajai, nozares vado\u0161\u0101s tehnolo\u0123ijas izmanto\u0161anai, m\u0113s varam sniegt [&hellip;]\" \/>\n<meta property=\"og:url\" content=\"https:\/\/www.globalepgs.info\/lv\/pakalpojumi\/\" \/>\n<meta property=\"og:site_name\" content=\"Global Listings\" \/>\n<meta property=\"article:modified_time\" content=\"2017-11-30T03:33:05+00:00\" \/>\n<meta property=\"og:image\" content=\"http:\/\/globalepgs.info\/app\/uploads\/2017\/02\/circles7.png\" \/>\n<meta name=\"twitter:card\" content=\"summary_large_image\" \/>\n<meta name=\"twitter:label1\" content=\"Est. reading time\" \/>\n\t<meta name=\"twitter:data1\" content=\"5 minutes\" \/>\n<script type=\"application\/ld+json\" class=\"yoast-schema-graph\">{\"@context\":\"https:\\\/\\\/schema.org\",\"@graph\":[{\"@type\":\"WebPage\",\"@id\":\"https:\\\/\\\/www.globalepgs.info\\\/lv\\\/pakalpojumi\\\/\",\"url\":\"https:\\\/\\\/www.globalepgs.info\\\/lv\\\/pakalpojumi\\\/\",\"name\":\"Pakalpojumi - Global Listings\",\"isPartOf\":{\"@id\":\"https:\\\/\\\/www.globalepgs.info\\\/es\\\/#website\"},\"primaryImageOfPage\":{\"@id\":\"https:\\\/\\\/www.globalepgs.info\\\/lv\\\/pakalpojumi\\\/#primaryimage\"},\"image\":{\"@id\":\"https:\\\/\\\/www.globalepgs.info\\\/lv\\\/pakalpojumi\\\/#primaryimage\"},\"thumbnailUrl\":\"http:\\\/\\\/globalepgs.info\\\/app\\\/uploads\\\/2017\\\/02\\\/circles7.png\",\"datePublished\":\"2017-03-22T19:22:41+00:00\",\"dateModified\":\"2017-11-30T03:33:05+00:00\",\"breadcrumb\":{\"@id\":\"https:\\\/\\\/www.globalepgs.info\\\/lv\\\/pakalpojumi\\\/#breadcrumb\"},\"inLanguage\":\"lv\",\"potentialAction\":[{\"@type\":\"ReadAction\",\"target\":[\"https:\\\/\\\/www.globalepgs.info\\\/lv\\\/pakalpojumi\\\/\"]}]},{\"@type\":\"ImageObject\",\"inLanguage\":\"lv\",\"@id\":\"https:\\\/\\\/www.globalepgs.info\\\/lv\\\/pakalpojumi\\\/#primaryimage\",\"url\":\"http:\\\/\\\/globalepgs.info\\\/app\\\/uploads\\\/2017\\\/02\\\/circles7.png\",\"contentUrl\":\"http:\\\/\\\/globalepgs.info\\\/app\\\/uploads\\\/2017\\\/02\\\/circles7.png\"},{\"@type\":\"BreadcrumbList\",\"@id\":\"https:\\\/\\\/www.globalepgs.info\\\/lv\\\/pakalpojumi\\\/#breadcrumb\",\"itemListElement\":[{\"@type\":\"ListItem\",\"position\":1,\"name\":\"Home\",\"item\":\"https:\\\/\\\/www.globalepgs.info\\\/lv\\\/\"},{\"@type\":\"ListItem\",\"position\":2,\"name\":\"Pakalpojumi\"}]},{\"@type\":\"WebSite\",\"@id\":\"https:\\\/\\\/www.globalepgs.info\\\/es\\\/#website\",\"url\":\"https:\\\/\\\/www.globalepgs.info\\\/es\\\/\",\"name\":\"Global Listings\",\"description\":\"Just another WordPress site\",\"potentialAction\":[{\"@type\":\"SearchAction\",\"target\":{\"@type\":\"EntryPoint\",\"urlTemplate\":\"https:\\\/\\\/www.globalepgs.info\\\/es\\\/?s={search_term_string}\"},\"query-input\":{\"@type\":\"PropertyValueSpecification\",\"valueRequired\":true,\"valueName\":\"search_term_string\"}}],\"inLanguage\":\"lv\"}]}<\/script>\n<!-- \/ Yoast SEO plugin. -->","yoast_head_json":{"title":"Pakalpojumi - Global Listings","robots":{"index":"index","follow":"follow","max-snippet":"max-snippet:-1","max-image-preview":"max-image-preview:large","max-video-preview":"max-video-preview:-1"},"canonical":"https:\/\/www.globalepgs.info\/lv\/pakalpojumi\/","og_locale":"lv_LV","og_type":"article","og_title":"Pakalpojumi - Global Listings","og_description":"PAKALPOJUMI M\u0113s pied\u0101v\u0101jam n\u0101kam\u0101s paaudzes elektronisk\u0101s raid\u012bjumu programmas (ERP) M\u016bsu ERP risin\u0101jumi ir unik\u0101li, jo tie ir izstr\u0101d\u0101ti t\u0101, lai m\u016bsu TV klientu auditorija var\u0113tu vienk\u0101r\u0161i atrast un izmantot programmu saturu, neatkar\u012bgi no t\u0101, vai skat\u0101s video-p\u0113c-piepras\u012bjuma, line\u0101ro TV vai OTT pakalpojumus Pateicoties augsti kvalific\u0113taj\u0101m komand\u0101m un dinamiskajai, nozares vado\u0161\u0101s tehnolo\u0123ijas izmanto\u0161anai, m\u0113s varam sniegt [&hellip;]","og_url":"https:\/\/www.globalepgs.info\/lv\/pakalpojumi\/","og_site_name":"Global Listings","article_modified_time":"2017-11-30T03:33:05+00:00","og_image":[{"url":"http:\/\/globalepgs.info\/app\/uploads\/2017\/02\/circles7.png","type":"","width":"","height":""}],"twitter_card":"summary_large_image","twitter_misc":{"Est. reading time":"5 minutes"},"schema":{"@context":"https:\/\/schema.org","@graph":[{"@type":"WebPage","@id":"https:\/\/www.globalepgs.info\/lv\/pakalpojumi\/","url":"https:\/\/www.globalepgs.info\/lv\/pakalpojumi\/","name":"Pakalpojumi - Global Listings","isPartOf":{"@id":"https:\/\/www.globalepgs.info\/es\/#website"},"primaryImageOfPage":{"@id":"https:\/\/www.globalepgs.info\/lv\/pakalpojumi\/#primaryimage"},"image":{"@id":"https:\/\/www.globalepgs.info\/lv\/pakalpojumi\/#primaryimage"},"thumbnailUrl":"http:\/\/globalepgs.info\/app\/uploads\/2017\/02\/circles7.png","datePublished":"2017-03-22T19:22:41+00:00","dateModified":"2017-11-30T03:33:05+00:00","breadcrumb":{"@id":"https:\/\/www.globalepgs.info\/lv\/pakalpojumi\/#breadcrumb"},"inLanguage":"lv","potentialAction":[{"@type":"ReadAction","target":["https:\/\/www.globalepgs.info\/lv\/pakalpojumi\/"]}]},{"@type":"ImageObject","inLanguage":"lv","@id":"https:\/\/www.globalepgs.info\/lv\/pakalpojumi\/#primaryimage","url":"http:\/\/globalepgs.info\/app\/uploads\/2017\/02\/circles7.png","contentUrl":"http:\/\/globalepgs.info\/app\/uploads\/2017\/02\/circles7.png"},{"@type":"BreadcrumbList","@id":"https:\/\/www.globalepgs.info\/lv\/pakalpojumi\/#breadcrumb","itemListElement":[{"@type":"ListItem","position":1,"name":"Home","item":"https:\/\/www.globalepgs.info\/lv\/"},{"@type":"ListItem","position":2,"name":"Pakalpojumi"}]},{"@type":"WebSite","@id":"https:\/\/www.globalepgs.info\/es\/#website","url":"https:\/\/www.globalepgs.info\/es\/","name":"Global Listings","description":"Just another WordPress site","potentialAction":[{"@type":"SearchAction","target":{"@type":"EntryPoint","urlTemplate":"https:\/\/www.globalepgs.info\/es\/?s={search_term_string}"},"query-input":{"@type":"PropertyValueSpecification","valueRequired":true,"valueName":"search_term_string"}}],"inLanguage":"lv"}]}},"_links":{"self":[{"href":"https:\/\/www.globalepgs.info\/lv\/wp-json\/wp\/v2\/pages\/5063","targetHints":{"allow":["GET"]}}],"collection":[{"href":"https:\/\/www.globalepgs.info\/lv\/wp-json\/wp\/v2\/pages"}],"about":[{"href":"https:\/\/www.globalepgs.info\/lv\/wp-json\/wp\/v2\/types\/page"}],"author":[{"embeddable":true,"href":"https:\/\/www.globalepgs.info\/lv\/wp-json\/wp\/v2\/users\/1"}],"replies":[{"embeddable":true,"href":"https:\/\/www.globalepgs.info\/lv\/wp-json\/wp\/v2\/comments?post=5063"}],"version-history":[{"count":0,"href":"https:\/\/www.globalepgs.info\/lv\/wp-json\/wp\/v2\/pages\/5063\/revisions"}],"wp:attachment":[{"href":"https:\/\/www.globalepgs.info\/lv\/wp-json\/wp\/v2\/media?parent=5063"}],"curies":[{"name":"wp","href":"https:\/\/api.w.org\/{rel}","templated":true}]}}