{"id":5068,"date":"2017-03-23T12:54:40","date_gmt":"2017-03-23T12:54:40","guid":{"rendered":"http:\/\/www.globalepgs.info\/nb\/epg-oppdateringer-24-7\/"},"modified":"2017-04-21T18:02:41","modified_gmt":"2017-04-21T18:02:41","slug":"epg-oppdateringer-24-7","status":"publish","type":"page","link":"https:\/\/www.globalepgs.info\/nb\/epg-oppdateringer-24-7\/","title":{"rendered":"EPG-oppdateringer 24-7"},"content":{"rendered":"<div class=\"col-4\">\n<p><img decoding=\"async\" class=\"img-circle img-responsive\" src=\"http:\/\/www.globalepgs.info\/wp-content\/uploads\/2017\/02\/circles8.png\" alt=\"content_photo\" \/><\/p>\n<p class=\"content\">EPG-oppdateringer 24-7<\/p>\n<\/div>\n<div class=\"col-8\">\n<div class=\"content\">\n<p>For medieselskaper som vil v\u00e6re sikre p\u00e5 at de kan oppdatere den elektroniske programguiden n\u00e5r som helst (midt p\u00e5 natten eller selv p\u00e5 julaften) tilbyr Global EPGs tjenesten AGiLE<br \/>\n(Access Global Listings Everywhere)<\/p>\n<p>AGiLE kan brukes over nettet eller med appen til mobil og nettbrett slik at kundene enkelt kan klikke seg inn p\u00e5 programoversiktene sine i Global EPGs database for \u00e5 gj\u00f8re endringer og oppdatere den elektroniske programguiden s\u00e5 informasjonen er 100 % n\u00f8yaktig<\/p>\n<p>Om dere \u00f8nsker en demonstrasjon, kan dere fylle ut e-postadressen nedenfor &#8211; og s\u00e5 tar vi kontakt<\/p>\n<p>I tillegg st\u00e5r v\u00e5re team parat til \u00e5 oppdatere EPG-ene p\u00e5 et blunk, uten at det g\u00e5r utover kvaliteten vi er kjent for. Dere st\u00e5r fritt til \u00e5 velge hvilket produkt dere foretrekker; en frittst\u00e5ende l\u00f8sning eller at v\u00e5re team leverer en komplett tjeneste<\/p>\n<\/div>\n<\/div>\n","protected":false},"excerpt":{"rendered":"<p>EPG-oppdateringer 24-7 For medieselskaper som vil v\u00e6re sikre p\u00e5 at de kan oppdatere den elektroniske programguiden n\u00e5r som helst (midt p\u00e5 natten eller selv p\u00e5 julaften) tilbyr Global EPGs tjenesten AGiLE (Access Global Listings Everywhere) AGiLE kan brukes over nettet eller med appen til mobil og nettbrett slik at kundene enkelt kan klikke seg inn [&hellip;]<\/p>\n","protected":false},"author":1,"featured_media":0,"parent":0,"menu_order":89,"comment_status":"closed","ping_status":"closed","template":"page-epgs_template.php","meta":{"_acf_changed":false,"footnotes":""},"class_list":["post-5068","page","type-page","status-publish","hentry"],"acf":[],"yoast_head":"<!-- This site is optimized with the Yoast SEO plugin v27.3 - https:\/\/yoast.com\/product\/yoast-seo-wordpress\/ -->\n<title>EPG-oppdateringer 24-7 - Global Listings<\/title>\n<meta name=\"robots\" content=\"index, follow, max-snippet:-1, max-image-preview:large, max-video-preview:-1\" \/>\n<link rel=\"canonical\" href=\"https:\/\/www.globalepgs.info\/nb\/epg-oppdateringer-24-7\/\" \/>\n<meta property=\"og:locale\" content=\"nb_NO\" \/>\n<meta property=\"og:type\" content=\"article\" \/>\n<meta property=\"og:title\" content=\"EPG-oppdateringer 24-7 - Global Listings\" \/>\n<meta property=\"og:description\" content=\"EPG-oppdateringer 24-7 For medieselskaper som vil v\u00e6re sikre p\u00e5 at de kan oppdatere den elektroniske programguiden n\u00e5r som helst (midt p\u00e5 natten eller selv p\u00e5 julaften) tilbyr Global EPGs tjenesten AGiLE (Access Global Listings Everywhere) AGiLE kan brukes over nettet eller med appen til mobil og nettbrett slik at kundene enkelt kan klikke seg inn [&hellip;]\" \/>\n<meta property=\"og:url\" content=\"https:\/\/www.globalepgs.info\/nb\/epg-oppdateringer-24-7\/\" \/>\n<meta property=\"og:site_name\" content=\"Global Listings\" \/>\n<meta property=\"article:modified_time\" content=\"2017-04-21T18:02:41+00:00\" \/>\n<meta property=\"og:image\" content=\"http:\/\/www.globalepgs.info\/wp-content\/uploads\/2017\/02\/circles8.png\" \/>\n<meta name=\"twitter:card\" content=\"summary_large_image\" \/>\n<meta name=\"twitter:label1\" content=\"Est. reading time\" \/>\n\t<meta name=\"twitter:data1\" content=\"1 minute\" \/>\n<script type=\"application\/ld+json\" class=\"yoast-schema-graph\">{\"@context\":\"https:\\\/\\\/schema.org\",\"@graph\":[{\"@type\":\"WebPage\",\"@id\":\"https:\\\/\\\/www.globalepgs.info\\\/nb\\\/epg-oppdateringer-24-7\\\/\",\"url\":\"https:\\\/\\\/www.globalepgs.info\\\/nb\\\/epg-oppdateringer-24-7\\\/\",\"name\":\"EPG-oppdateringer 24-7 - Global Listings\",\"isPartOf\":{\"@id\":\"https:\\\/\\\/www.globalepgs.info\\\/es\\\/#website\"},\"primaryImageOfPage\":{\"@id\":\"https:\\\/\\\/www.globalepgs.info\\\/nb\\\/epg-oppdateringer-24-7\\\/#primaryimage\"},\"image\":{\"@id\":\"https:\\\/\\\/www.globalepgs.info\\\/nb\\\/epg-oppdateringer-24-7\\\/#primaryimage\"},\"thumbnailUrl\":\"http:\\\/\\\/www.globalepgs.info\\\/wp-content\\\/uploads\\\/2017\\\/02\\\/circles8.png\",\"datePublished\":\"2017-03-23T12:54:40+00:00\",\"dateModified\":\"2017-04-21T18:02:41+00:00\",\"breadcrumb\":{\"@id\":\"https:\\\/\\\/www.globalepgs.info\\\/nb\\\/epg-oppdateringer-24-7\\\/#breadcrumb\"},\"inLanguage\":\"nb-NO\",\"potentialAction\":[{\"@type\":\"ReadAction\",\"target\":[\"https:\\\/\\\/www.globalepgs.info\\\/nb\\\/epg-oppdateringer-24-7\\\/\"]}]},{\"@type\":\"ImageObject\",\"inLanguage\":\"nb-NO\",\"@id\":\"https:\\\/\\\/www.globalepgs.info\\\/nb\\\/epg-oppdateringer-24-7\\\/#primaryimage\",\"url\":\"http:\\\/\\\/www.globalepgs.info\\\/wp-content\\\/uploads\\\/2017\\\/02\\\/circles8.png\",\"contentUrl\":\"http:\\\/\\\/www.globalepgs.info\\\/wp-content\\\/uploads\\\/2017\\\/02\\\/circles8.png\"},{\"@type\":\"BreadcrumbList\",\"@id\":\"https:\\\/\\\/www.globalepgs.info\\\/nb\\\/epg-oppdateringer-24-7\\\/#breadcrumb\",\"itemListElement\":[{\"@type\":\"ListItem\",\"position\":1,\"name\":\"Home\",\"item\":\"https:\\\/\\\/www.globalepgs.info\\\/nb\\\/\"},{\"@type\":\"ListItem\",\"position\":2,\"name\":\"EPG-oppdateringer 24-7\"}]},{\"@type\":\"WebSite\",\"@id\":\"https:\\\/\\\/www.globalepgs.info\\\/es\\\/#website\",\"url\":\"https:\\\/\\\/www.globalepgs.info\\\/es\\\/\",\"name\":\"Global Listings\",\"description\":\"Just another WordPress site\",\"potentialAction\":[{\"@type\":\"SearchAction\",\"target\":{\"@type\":\"EntryPoint\",\"urlTemplate\":\"https:\\\/\\\/www.globalepgs.info\\\/es\\\/?s={search_term_string}\"},\"query-input\":{\"@type\":\"PropertyValueSpecification\",\"valueRequired\":true,\"valueName\":\"search_term_string\"}}],\"inLanguage\":\"nb-NO\"}]}<\/script>\n<!-- \/ Yoast SEO plugin. -->","yoast_head_json":{"title":"EPG-oppdateringer 24-7 - Global Listings","robots":{"index":"index","follow":"follow","max-snippet":"max-snippet:-1","max-image-preview":"max-image-preview:large","max-video-preview":"max-video-preview:-1"},"canonical":"https:\/\/www.globalepgs.info\/nb\/epg-oppdateringer-24-7\/","og_locale":"nb_NO","og_type":"article","og_title":"EPG-oppdateringer 24-7 - Global Listings","og_description":"EPG-oppdateringer 24-7 For medieselskaper som vil v\u00e6re sikre p\u00e5 at de kan oppdatere den elektroniske programguiden n\u00e5r som helst (midt p\u00e5 natten eller selv p\u00e5 julaften) tilbyr Global EPGs tjenesten AGiLE (Access Global Listings Everywhere) AGiLE kan brukes over nettet eller med appen til mobil og nettbrett slik at kundene enkelt kan klikke seg inn [&hellip;]","og_url":"https:\/\/www.globalepgs.info\/nb\/epg-oppdateringer-24-7\/","og_site_name":"Global Listings","article_modified_time":"2017-04-21T18:02:41+00:00","og_image":[{"url":"http:\/\/www.globalepgs.info\/wp-content\/uploads\/2017\/02\/circles8.png","type":"","width":"","height":""}],"twitter_card":"summary_large_image","twitter_misc":{"Est. reading time":"1 minute"},"schema":{"@context":"https:\/\/schema.org","@graph":[{"@type":"WebPage","@id":"https:\/\/www.globalepgs.info\/nb\/epg-oppdateringer-24-7\/","url":"https:\/\/www.globalepgs.info\/nb\/epg-oppdateringer-24-7\/","name":"EPG-oppdateringer 24-7 - Global Listings","isPartOf":{"@id":"https:\/\/www.globalepgs.info\/es\/#website"},"primaryImageOfPage":{"@id":"https:\/\/www.globalepgs.info\/nb\/epg-oppdateringer-24-7\/#primaryimage"},"image":{"@id":"https:\/\/www.globalepgs.info\/nb\/epg-oppdateringer-24-7\/#primaryimage"},"thumbnailUrl":"http:\/\/www.globalepgs.info\/wp-content\/uploads\/2017\/02\/circles8.png","datePublished":"2017-03-23T12:54:40+00:00","dateModified":"2017-04-21T18:02:41+00:00","breadcrumb":{"@id":"https:\/\/www.globalepgs.info\/nb\/epg-oppdateringer-24-7\/#breadcrumb"},"inLanguage":"nb-NO","potentialAction":[{"@type":"ReadAction","target":["https:\/\/www.globalepgs.info\/nb\/epg-oppdateringer-24-7\/"]}]},{"@type":"ImageObject","inLanguage":"nb-NO","@id":"https:\/\/www.globalepgs.info\/nb\/epg-oppdateringer-24-7\/#primaryimage","url":"http:\/\/www.globalepgs.info\/wp-content\/uploads\/2017\/02\/circles8.png","contentUrl":"http:\/\/www.globalepgs.info\/wp-content\/uploads\/2017\/02\/circles8.png"},{"@type":"BreadcrumbList","@id":"https:\/\/www.globalepgs.info\/nb\/epg-oppdateringer-24-7\/#breadcrumb","itemListElement":[{"@type":"ListItem","position":1,"name":"Home","item":"https:\/\/www.globalepgs.info\/nb\/"},{"@type":"ListItem","position":2,"name":"EPG-oppdateringer 24-7"}]},{"@type":"WebSite","@id":"https:\/\/www.globalepgs.info\/es\/#website","url":"https:\/\/www.globalepgs.info\/es\/","name":"Global Listings","description":"Just another WordPress site","potentialAction":[{"@type":"SearchAction","target":{"@type":"EntryPoint","urlTemplate":"https:\/\/www.globalepgs.info\/es\/?s={search_term_string}"},"query-input":{"@type":"PropertyValueSpecification","valueRequired":true,"valueName":"search_term_string"}}],"inLanguage":"nb-NO"}]}},"_links":{"self":[{"href":"https:\/\/www.globalepgs.info\/nb\/wp-json\/wp\/v2\/pages\/5068","targetHints":{"allow":["GET"]}}],"collection":[{"href":"https:\/\/www.globalepgs.info\/nb\/wp-json\/wp\/v2\/pages"}],"about":[{"href":"https:\/\/www.globalepgs.info\/nb\/wp-json\/wp\/v2\/types\/page"}],"author":[{"embeddable":true,"href":"https:\/\/www.globalepgs.info\/nb\/wp-json\/wp\/v2\/users\/1"}],"replies":[{"embeddable":true,"href":"https:\/\/www.globalepgs.info\/nb\/wp-json\/wp\/v2\/comments?post=5068"}],"version-history":[{"count":0,"href":"https:\/\/www.globalepgs.info\/nb\/wp-json\/wp\/v2\/pages\/5068\/revisions"}],"wp:attachment":[{"href":"https:\/\/www.globalepgs.info\/nb\/wp-json\/wp\/v2\/media?parent=5068"}],"curies":[{"name":"wp","href":"https:\/\/api.w.org\/{rel}","templated":true}]}}