{"id":5070,"date":"2017-03-23T14:17:47","date_gmt":"2017-03-23T14:17:47","guid":{"rendered":"http:\/\/www.globalepgs.info\/nb\/om-oss\/"},"modified":"2017-04-21T18:02:05","modified_gmt":"2017-04-21T18:02:05","slug":"om-oss","status":"publish","type":"page","link":"https:\/\/www.globalepgs.info\/nb\/om-oss\/","title":{"rendered":"Om oss"},"content":{"rendered":"<div class=\"col-4\">\n<p><img decoding=\"async\" class=\"img-circle img-responsive\" src=\"http:\/\/www.globalepgs.info\/wp-content\/uploads\/2017\/02\/3.png\" alt=\"content_photo\" \/><\/p>\n<p class=\"content\">OM OSS<\/p>\n<\/div>\n<div class=\"col-8\">\n<div class=\"content\">\n<p>Global EPGs er verdensledende p\u00e5 elektroniske programguider<\/p>\n<p>Vi jobber med over 100 TV-plattformer hver eneste dag, satellitt-TV, IPTV og VOD, og leverer innhold, metadata og bilder som styrker seertallene til v\u00e5re TV-kunder, tilpasset til hvert enkelt land<\/p>\n<p>Vi har internasjonale samarbeidspartnere som Sky, MultiChoice, UPC, Virgin Media, CanalSat og Freeview for \u00e5 nevne noen<\/p>\n<p>EPG-ene gir forbedret informasjon i en tid der seerne f\u00e5r et stadig st\u00f8rre utvalg og programinnholdet forflytter seg fra de tradisjonelle TV-skjermene og til mobil, nettbrett og PC. Global EPGs vet hvordan TV-kanalene kan presentere sitt innhold p\u00e5 best mulig m\u00e5te i forhold til seernes nye vaner<\/p>\n<p>Hos Global EPGs f\u00e5r medieselskaper og TV-leverand\u00f8rer en teknisk avansert l\u00f8sning som er tilpasset deres behov<\/p>\n<p>Seerne setter stor pris p\u00e5 at vi leverer den informasjonen de er ute etter n\u00e5r de skal bestemme seg for hva de skal se p\u00e5<\/p>\n<\/div>\n<\/div>\n","protected":false},"excerpt":{"rendered":"<p>OM OSS Global EPGs er verdensledende p\u00e5 elektroniske programguider Vi jobber med over 100 TV-plattformer hver eneste dag, satellitt-TV, IPTV og VOD, og leverer innhold, metadata og bilder som styrker seertallene til v\u00e5re TV-kunder, tilpasset til hvert enkelt land Vi har internasjonale samarbeidspartnere som Sky, MultiChoice, UPC, Virgin Media, CanalSat og Freeview for \u00e5 nevne [&hellip;]<\/p>\n","protected":false},"author":1,"featured_media":0,"parent":0,"menu_order":123,"comment_status":"closed","ping_status":"closed","template":"page-epgs_template.php","meta":{"_acf_changed":false,"footnotes":""},"class_list":["post-5070","page","type-page","status-publish","hentry"],"acf":[],"yoast_head":"<!-- This site is optimized with the Yoast SEO plugin v27.3 - https:\/\/yoast.com\/product\/yoast-seo-wordpress\/ -->\n<title>Om oss - Global Listings<\/title>\n<meta name=\"robots\" content=\"index, follow, max-snippet:-1, max-image-preview:large, max-video-preview:-1\" \/>\n<link rel=\"canonical\" href=\"https:\/\/www.globalepgs.info\/nb\/om-oss\/\" \/>\n<meta property=\"og:locale\" content=\"nb_NO\" \/>\n<meta property=\"og:type\" content=\"article\" \/>\n<meta property=\"og:title\" content=\"Om oss - Global Listings\" \/>\n<meta property=\"og:description\" content=\"OM OSS Global EPGs er verdensledende p\u00e5 elektroniske programguider Vi jobber med over 100 TV-plattformer hver eneste dag, satellitt-TV, IPTV og VOD, og leverer innhold, metadata og bilder som styrker seertallene til v\u00e5re TV-kunder, tilpasset til hvert enkelt land Vi har internasjonale samarbeidspartnere som Sky, MultiChoice, UPC, Virgin Media, CanalSat og Freeview for \u00e5 nevne [&hellip;]\" \/>\n<meta property=\"og:url\" content=\"https:\/\/www.globalepgs.info\/nb\/om-oss\/\" \/>\n<meta property=\"og:site_name\" content=\"Global Listings\" \/>\n<meta property=\"article:modified_time\" content=\"2017-04-21T18:02:05+00:00\" \/>\n<meta property=\"og:image\" content=\"http:\/\/www.globalepgs.info\/wp-content\/uploads\/2017\/02\/3.png\" \/>\n<meta name=\"twitter:card\" content=\"summary_large_image\" \/>\n<meta name=\"twitter:label1\" content=\"Est. reading time\" \/>\n\t<meta name=\"twitter:data1\" content=\"1 minute\" \/>\n<script type=\"application\/ld+json\" class=\"yoast-schema-graph\">{\"@context\":\"https:\\\/\\\/schema.org\",\"@graph\":[{\"@type\":\"WebPage\",\"@id\":\"https:\\\/\\\/www.globalepgs.info\\\/nb\\\/om-oss\\\/\",\"url\":\"https:\\\/\\\/www.globalepgs.info\\\/nb\\\/om-oss\\\/\",\"name\":\"Om oss - Global Listings\",\"isPartOf\":{\"@id\":\"https:\\\/\\\/www.globalepgs.info\\\/es\\\/#website\"},\"primaryImageOfPage\":{\"@id\":\"https:\\\/\\\/www.globalepgs.info\\\/nb\\\/om-oss\\\/#primaryimage\"},\"image\":{\"@id\":\"https:\\\/\\\/www.globalepgs.info\\\/nb\\\/om-oss\\\/#primaryimage\"},\"thumbnailUrl\":\"http:\\\/\\\/www.globalepgs.info\\\/wp-content\\\/uploads\\\/2017\\\/02\\\/3.png\",\"datePublished\":\"2017-03-23T14:17:47+00:00\",\"dateModified\":\"2017-04-21T18:02:05+00:00\",\"breadcrumb\":{\"@id\":\"https:\\\/\\\/www.globalepgs.info\\\/nb\\\/om-oss\\\/#breadcrumb\"},\"inLanguage\":\"nb-NO\",\"potentialAction\":[{\"@type\":\"ReadAction\",\"target\":[\"https:\\\/\\\/www.globalepgs.info\\\/nb\\\/om-oss\\\/\"]}]},{\"@type\":\"ImageObject\",\"inLanguage\":\"nb-NO\",\"@id\":\"https:\\\/\\\/www.globalepgs.info\\\/nb\\\/om-oss\\\/#primaryimage\",\"url\":\"http:\\\/\\\/www.globalepgs.info\\\/wp-content\\\/uploads\\\/2017\\\/02\\\/3.png\",\"contentUrl\":\"http:\\\/\\\/www.globalepgs.info\\\/wp-content\\\/uploads\\\/2017\\\/02\\\/3.png\"},{\"@type\":\"BreadcrumbList\",\"@id\":\"https:\\\/\\\/www.globalepgs.info\\\/nb\\\/om-oss\\\/#breadcrumb\",\"itemListElement\":[{\"@type\":\"ListItem\",\"position\":1,\"name\":\"Home\",\"item\":\"https:\\\/\\\/www.globalepgs.info\\\/nb\\\/\"},{\"@type\":\"ListItem\",\"position\":2,\"name\":\"Om oss\"}]},{\"@type\":\"WebSite\",\"@id\":\"https:\\\/\\\/www.globalepgs.info\\\/es\\\/#website\",\"url\":\"https:\\\/\\\/www.globalepgs.info\\\/es\\\/\",\"name\":\"Global Listings\",\"description\":\"Just another WordPress site\",\"potentialAction\":[{\"@type\":\"SearchAction\",\"target\":{\"@type\":\"EntryPoint\",\"urlTemplate\":\"https:\\\/\\\/www.globalepgs.info\\\/es\\\/?s={search_term_string}\"},\"query-input\":{\"@type\":\"PropertyValueSpecification\",\"valueRequired\":true,\"valueName\":\"search_term_string\"}}],\"inLanguage\":\"nb-NO\"}]}<\/script>\n<!-- \/ Yoast SEO plugin. -->","yoast_head_json":{"title":"Om oss - Global Listings","robots":{"index":"index","follow":"follow","max-snippet":"max-snippet:-1","max-image-preview":"max-image-preview:large","max-video-preview":"max-video-preview:-1"},"canonical":"https:\/\/www.globalepgs.info\/nb\/om-oss\/","og_locale":"nb_NO","og_type":"article","og_title":"Om oss - Global Listings","og_description":"OM OSS Global EPGs er verdensledende p\u00e5 elektroniske programguider Vi jobber med over 100 TV-plattformer hver eneste dag, satellitt-TV, IPTV og VOD, og leverer innhold, metadata og bilder som styrker seertallene til v\u00e5re TV-kunder, tilpasset til hvert enkelt land Vi har internasjonale samarbeidspartnere som Sky, MultiChoice, UPC, Virgin Media, CanalSat og Freeview for \u00e5 nevne [&hellip;]","og_url":"https:\/\/www.globalepgs.info\/nb\/om-oss\/","og_site_name":"Global Listings","article_modified_time":"2017-04-21T18:02:05+00:00","og_image":[{"url":"http:\/\/www.globalepgs.info\/wp-content\/uploads\/2017\/02\/3.png","type":"","width":"","height":""}],"twitter_card":"summary_large_image","twitter_misc":{"Est. reading time":"1 minute"},"schema":{"@context":"https:\/\/schema.org","@graph":[{"@type":"WebPage","@id":"https:\/\/www.globalepgs.info\/nb\/om-oss\/","url":"https:\/\/www.globalepgs.info\/nb\/om-oss\/","name":"Om oss - Global Listings","isPartOf":{"@id":"https:\/\/www.globalepgs.info\/es\/#website"},"primaryImageOfPage":{"@id":"https:\/\/www.globalepgs.info\/nb\/om-oss\/#primaryimage"},"image":{"@id":"https:\/\/www.globalepgs.info\/nb\/om-oss\/#primaryimage"},"thumbnailUrl":"http:\/\/www.globalepgs.info\/wp-content\/uploads\/2017\/02\/3.png","datePublished":"2017-03-23T14:17:47+00:00","dateModified":"2017-04-21T18:02:05+00:00","breadcrumb":{"@id":"https:\/\/www.globalepgs.info\/nb\/om-oss\/#breadcrumb"},"inLanguage":"nb-NO","potentialAction":[{"@type":"ReadAction","target":["https:\/\/www.globalepgs.info\/nb\/om-oss\/"]}]},{"@type":"ImageObject","inLanguage":"nb-NO","@id":"https:\/\/www.globalepgs.info\/nb\/om-oss\/#primaryimage","url":"http:\/\/www.globalepgs.info\/wp-content\/uploads\/2017\/02\/3.png","contentUrl":"http:\/\/www.globalepgs.info\/wp-content\/uploads\/2017\/02\/3.png"},{"@type":"BreadcrumbList","@id":"https:\/\/www.globalepgs.info\/nb\/om-oss\/#breadcrumb","itemListElement":[{"@type":"ListItem","position":1,"name":"Home","item":"https:\/\/www.globalepgs.info\/nb\/"},{"@type":"ListItem","position":2,"name":"Om oss"}]},{"@type":"WebSite","@id":"https:\/\/www.globalepgs.info\/es\/#website","url":"https:\/\/www.globalepgs.info\/es\/","name":"Global Listings","description":"Just another WordPress site","potentialAction":[{"@type":"SearchAction","target":{"@type":"EntryPoint","urlTemplate":"https:\/\/www.globalepgs.info\/es\/?s={search_term_string}"},"query-input":{"@type":"PropertyValueSpecification","valueRequired":true,"valueName":"search_term_string"}}],"inLanguage":"nb-NO"}]}},"_links":{"self":[{"href":"https:\/\/www.globalepgs.info\/nb\/wp-json\/wp\/v2\/pages\/5070","targetHints":{"allow":["GET"]}}],"collection":[{"href":"https:\/\/www.globalepgs.info\/nb\/wp-json\/wp\/v2\/pages"}],"about":[{"href":"https:\/\/www.globalepgs.info\/nb\/wp-json\/wp\/v2\/types\/page"}],"author":[{"embeddable":true,"href":"https:\/\/www.globalepgs.info\/nb\/wp-json\/wp\/v2\/users\/1"}],"replies":[{"embeddable":true,"href":"https:\/\/www.globalepgs.info\/nb\/wp-json\/wp\/v2\/comments?post=5070"}],"version-history":[{"count":0,"href":"https:\/\/www.globalepgs.info\/nb\/wp-json\/wp\/v2\/pages\/5070\/revisions"}],"wp:attachment":[{"href":"https:\/\/www.globalepgs.info\/nb\/wp-json\/wp\/v2\/media?parent=5070"}],"curies":[{"name":"wp","href":"https:\/\/api.w.org\/{rel}","templated":true}]}}