{"id":5072,"date":"2017-03-23T15:11:06","date_gmt":"2017-03-23T15:11:06","guid":{"rendered":"http:\/\/www.globalepgs.info\/nb\/tjenester\/"},"modified":"2017-04-21T18:02:24","modified_gmt":"2017-04-21T18:02:24","slug":"tjenester","status":"publish","type":"page","link":"https:\/\/www.globalepgs.info\/nb\/tjenester\/","title":{"rendered":"Tjenester"},"content":{"rendered":"<div class=\"col-4\">\n<p><img decoding=\"async\" class=\"img-circle img-responsive\" src=\"http:\/\/www.globalepgs.info\/wp-content\/uploads\/2017\/02\/circles7.png\" alt=\"\" \/><\/p>\n<p class=\"content\">TJENESTER<\/p>\n<\/div>\n<div class=\"col-8\">\n<div class=\"content\">\n<p>Vi tilbyr det beste innen elektroniske programguider (EPG)<\/p>\n<p>V\u00e5re EPG-l\u00f8sninger gj\u00f8r det enkelt for TV-seerne \u00e5 finne fram i programutvalget, enten det er i et fastsatt sendeskjema, VOD eller OTT-tjenester<\/p>\n<p>Med dyktige medarbeidere og fleksibel teknologi kan vi levere en god og n\u00f8yaktig tjeneste som\u00a0viser seerne at kanalen er til \u00e5 stole p\u00e5<\/p>\n<p>Global EPGs samarbeider med mange TV-leverand\u00f8rer over hele verden, p\u00e5 alle kontinenter bortsett fra Antarktis \u00a0(men vi jobber med saken!)<\/p>\n<p>Som markedsleder p\u00e5 elektroniske programguider, er vi kjent med de ulike tidssonene, kulturelle forskjeller, ulike alfabeter, leveransemetoder, tekniske krav, tidsfrister, metadata og andre spesifikasjoner knyttet til plattformen<\/p>\n<p>Vi leverer\u00a0EPG-data til rett tid, i riktig format og p\u00e5 rett sted!<\/p>\n<p>Global EPGs kan forbedre din kanals elektroniske programguider p\u00e5 mange m\u00e5ter:<\/p>\n<p><strong>PROGRAMBILDER<\/strong><br \/>\nVi knytter bilder til hver TV-fil. Dette kan v\u00e6re p\u00e5 serieniv\u00e5 og sesongniv\u00e5 (&#8220;Keeping Up With The Kardashians&#8221;, &#8216;sesong 2&#8217;) eller per episode, der man kan ha hvert sitt episodebilde<\/p>\n<p>Bildene lagres i en sentral database, og de kan eksporteres i ulike st\u00f8rrelser og oppl\u00f8sninger avhengig av hva TV-plattformen krever<\/p>\n<p><strong>SIDELASTING &amp; STR\u00d8MMING<\/strong><br \/>\nMange TV-plattformer har egne apper slik at abonnentene kan str\u00f8mme innholdet og se arkivmateriale p\u00e5 andre enheter, som mobil eller nettbrett<\/p>\n<p>Her finnes det mange hensyn \u00e5 ta, fra lisensrettigheter til hvor lenge et nedlastet program skal v\u00e6re tilgjengelig. Global EPGs kan hjelpe kundene med disse utfordringene og gi TV-plattformene akkurat det de trenger n\u00e5r det gjelder metadata<\/p>\n<p><strong>TILGANGSTJENESTER<\/strong><br \/>\nMange TV-kanaler er p\u00e5lagt \u00e5 vise hvilke programmer som er tekstet for h\u00f8rselshemmede, hvilke programmer som f\u00e5r lyder beskrevet og hvilke som har tegnspr\u00e5k. Global EPGs samarbeider tett med TV-leverand\u00f8rene slik at dette blir fremstilt p\u00e5 en god m\u00e5te i EPG-ene<\/p>\n<p><b>SERIEOPPTAK<\/b><br \/>\nGlobal EPGs vet hvor viktig og nyttig serieopptak kan v\u00e6re, og med avansert teknologi er vi i stand til \u00e5 knytte programmene sammen p\u00e5 ulike plattformer uansett n\u00e5r de vises<\/p>\n<p>Vi vet hvordan man matcher titlene slik at serieopptaket blir gjennomf\u00f8rt p\u00e5 en god m\u00e5te uten at noen episoder mangler<\/p>\n<p>Med v\u00e5r EPG-teknologi kan man ogs\u00e5 knytte sammen filmer, episoder og spesialprogrammer i en serie<\/p>\n<p>Be gjerne om en demonstrasjon: <a href=\"mailto:epgs@globallistings.info\">epgs@globallistings.info<\/a><\/p>\n<p><strong>En forkj\u00e6rlighet for TV-mediet og fokus p\u00e5 n\u00f8yaktighet<\/strong><\/p>\n<p>Gjennom EPG-l\u00f8sningene kombineres innhold, metadata og avansert teknologi slik at seere over hele verden skal f\u00e5 en god opplevelse av TV-plattformen<\/p>\n<p>Enten kanalens seere f\u00f8lger favorittprogrammene p\u00e5 en vanlig TV eller str\u00f8mmer innholdet, fra idrett til film, musikk, nyheter &amp; underholdning, s\u00e5 leverer v\u00e5re britiske og internasjonale medarbeidere metadata som er spesialtilpasset til den aktuelle kanalen og lokalisert i henhold til region. Dermed f\u00e5r man en optimal l\u00f8sning for \u00e5 holde p\u00e5 seerne og \u00f8ke kanalens popularitet<\/p>\n<p>Vi har fokus p\u00e5 presisjon og n\u00f8yaktighet i alle ledd<\/p>\n<p>Vi er kjent for \u00e5 holde en h\u00f8y standard<\/p>\n<p>Vi har tekniske l\u00f8sninger som gj\u00f8r oss i stand til \u00e5 levere TV-kanalenes programinnhold til flere plattformer<\/p>\n<p>Gjennom \u00e5 produsere og levere innhold p\u00e5 vegne av kundene s\u00f8rger Global EPGs for at TV-kanalene involveres i den elektroniske programguiden: med avanserte s\u00f8k, anbefalinger, serieopptak osv.<\/p>\n<p>For at en kanal skal vokse og f\u00e5 flere seere i et krevende TV-marked er det viktig \u00e5 n\u00e5 ut med innholdet til seerne. Enten det er tradisjonelle plattformer,\u00a0VOD, OTT eller IPTV, s\u00e5 m\u00e5 seerne kunne vite hva som vises p\u00e5 kanalen, og den informasjonen leveres gjennom EPG-en<\/p>\n<p>Med Global\u00a0EPGs kan dere v\u00e6re trygge p\u00e5 at kanalens elektroniske programguide er tilpasset til m\u00e5lgruppen<\/p>\n<\/div>\n<\/div>\n","protected":false},"excerpt":{"rendered":"<p>TJENESTER Vi tilbyr det beste innen elektroniske programguider (EPG) V\u00e5re EPG-l\u00f8sninger gj\u00f8r det enkelt for TV-seerne \u00e5 finne fram i programutvalget, enten det er i et fastsatt sendeskjema, VOD eller OTT-tjenester Med dyktige medarbeidere og fleksibel teknologi kan vi levere en god og n\u00f8yaktig tjeneste som\u00a0viser seerne at kanalen er til \u00e5 stole p\u00e5 Global [&hellip;]<\/p>\n","protected":false},"author":1,"featured_media":0,"parent":0,"menu_order":224,"comment_status":"closed","ping_status":"closed","template":"page-epgs_template.php","meta":{"_acf_changed":false,"footnotes":""},"class_list":["post-5072","page","type-page","status-publish","hentry"],"acf":[],"yoast_head":"<!-- This site is optimized with the Yoast SEO plugin v27.5 - https:\/\/yoast.com\/product\/yoast-seo-wordpress\/ -->\n<title>Tjenester - Global Listings<\/title>\n<meta name=\"robots\" content=\"index, follow, max-snippet:-1, max-image-preview:large, max-video-preview:-1\" \/>\n<link rel=\"canonical\" href=\"https:\/\/www.globalepgs.info\/nb\/tjenester\/\" \/>\n<meta property=\"og:locale\" content=\"nb_NO\" \/>\n<meta property=\"og:type\" content=\"article\" \/>\n<meta property=\"og:title\" content=\"Tjenester - Global Listings\" \/>\n<meta property=\"og:description\" content=\"TJENESTER Vi tilbyr det beste innen elektroniske programguider (EPG) V\u00e5re EPG-l\u00f8sninger gj\u00f8r det enkelt for TV-seerne \u00e5 finne fram i programutvalget, enten det er i et fastsatt sendeskjema, VOD eller OTT-tjenester Med dyktige medarbeidere og fleksibel teknologi kan vi levere en god og n\u00f8yaktig tjeneste som\u00a0viser seerne at kanalen er til \u00e5 stole p\u00e5 Global [&hellip;]\" \/>\n<meta property=\"og:url\" content=\"https:\/\/www.globalepgs.info\/nb\/tjenester\/\" \/>\n<meta property=\"og:site_name\" content=\"Global Listings\" \/>\n<meta property=\"article:modified_time\" content=\"2017-04-21T18:02:24+00:00\" \/>\n<meta property=\"og:image\" content=\"http:\/\/www.globalepgs.info\/wp-content\/uploads\/2017\/02\/circles7.png\" \/>\n<meta name=\"twitter:card\" content=\"summary_large_image\" \/>\n<meta name=\"twitter:label1\" content=\"Est. reading time\" \/>\n\t<meta name=\"twitter:data1\" content=\"3 minutes\" \/>\n<script type=\"application\/ld+json\" class=\"yoast-schema-graph\">{\"@context\":\"https:\\\/\\\/schema.org\",\"@graph\":[{\"@type\":\"WebPage\",\"@id\":\"https:\\\/\\\/www.globalepgs.info\\\/nb\\\/tjenester\\\/\",\"url\":\"https:\\\/\\\/www.globalepgs.info\\\/nb\\\/tjenester\\\/\",\"name\":\"Tjenester - Global Listings\",\"isPartOf\":{\"@id\":\"https:\\\/\\\/www.globalepgs.info\\\/es\\\/#website\"},\"primaryImageOfPage\":{\"@id\":\"https:\\\/\\\/www.globalepgs.info\\\/nb\\\/tjenester\\\/#primaryimage\"},\"image\":{\"@id\":\"https:\\\/\\\/www.globalepgs.info\\\/nb\\\/tjenester\\\/#primaryimage\"},\"thumbnailUrl\":\"http:\\\/\\\/www.globalepgs.info\\\/wp-content\\\/uploads\\\/2017\\\/02\\\/circles7.png\",\"datePublished\":\"2017-03-23T15:11:06+00:00\",\"dateModified\":\"2017-04-21T18:02:24+00:00\",\"breadcrumb\":{\"@id\":\"https:\\\/\\\/www.globalepgs.info\\\/nb\\\/tjenester\\\/#breadcrumb\"},\"inLanguage\":\"nb-NO\",\"potentialAction\":[{\"@type\":\"ReadAction\",\"target\":[\"https:\\\/\\\/www.globalepgs.info\\\/nb\\\/tjenester\\\/\"]}]},{\"@type\":\"ImageObject\",\"inLanguage\":\"nb-NO\",\"@id\":\"https:\\\/\\\/www.globalepgs.info\\\/nb\\\/tjenester\\\/#primaryimage\",\"url\":\"http:\\\/\\\/www.globalepgs.info\\\/wp-content\\\/uploads\\\/2017\\\/02\\\/circles7.png\",\"contentUrl\":\"http:\\\/\\\/www.globalepgs.info\\\/wp-content\\\/uploads\\\/2017\\\/02\\\/circles7.png\"},{\"@type\":\"BreadcrumbList\",\"@id\":\"https:\\\/\\\/www.globalepgs.info\\\/nb\\\/tjenester\\\/#breadcrumb\",\"itemListElement\":[{\"@type\":\"ListItem\",\"position\":1,\"name\":\"Home\",\"item\":\"https:\\\/\\\/www.globalepgs.info\\\/nb\\\/\"},{\"@type\":\"ListItem\",\"position\":2,\"name\":\"Tjenester\"}]},{\"@type\":\"WebSite\",\"@id\":\"https:\\\/\\\/www.globalepgs.info\\\/es\\\/#website\",\"url\":\"https:\\\/\\\/www.globalepgs.info\\\/es\\\/\",\"name\":\"Global Listings\",\"description\":\"Just another WordPress site\",\"potentialAction\":[{\"@type\":\"SearchAction\",\"target\":{\"@type\":\"EntryPoint\",\"urlTemplate\":\"https:\\\/\\\/www.globalepgs.info\\\/es\\\/?s={search_term_string}\"},\"query-input\":{\"@type\":\"PropertyValueSpecification\",\"valueRequired\":true,\"valueName\":\"search_term_string\"}}],\"inLanguage\":\"nb-NO\"}]}<\/script>\n<!-- \/ Yoast SEO plugin. -->","yoast_head_json":{"title":"Tjenester - Global Listings","robots":{"index":"index","follow":"follow","max-snippet":"max-snippet:-1","max-image-preview":"max-image-preview:large","max-video-preview":"max-video-preview:-1"},"canonical":"https:\/\/www.globalepgs.info\/nb\/tjenester\/","og_locale":"nb_NO","og_type":"article","og_title":"Tjenester - Global Listings","og_description":"TJENESTER Vi tilbyr det beste innen elektroniske programguider (EPG) V\u00e5re EPG-l\u00f8sninger gj\u00f8r det enkelt for TV-seerne \u00e5 finne fram i programutvalget, enten det er i et fastsatt sendeskjema, VOD eller OTT-tjenester Med dyktige medarbeidere og fleksibel teknologi kan vi levere en god og n\u00f8yaktig tjeneste som\u00a0viser seerne at kanalen er til \u00e5 stole p\u00e5 Global [&hellip;]","og_url":"https:\/\/www.globalepgs.info\/nb\/tjenester\/","og_site_name":"Global Listings","article_modified_time":"2017-04-21T18:02:24+00:00","og_image":[{"url":"http:\/\/www.globalepgs.info\/wp-content\/uploads\/2017\/02\/circles7.png","type":"","width":"","height":""}],"twitter_card":"summary_large_image","twitter_misc":{"Est. reading time":"3 minutes"},"schema":{"@context":"https:\/\/schema.org","@graph":[{"@type":"WebPage","@id":"https:\/\/www.globalepgs.info\/nb\/tjenester\/","url":"https:\/\/www.globalepgs.info\/nb\/tjenester\/","name":"Tjenester - Global Listings","isPartOf":{"@id":"https:\/\/www.globalepgs.info\/es\/#website"},"primaryImageOfPage":{"@id":"https:\/\/www.globalepgs.info\/nb\/tjenester\/#primaryimage"},"image":{"@id":"https:\/\/www.globalepgs.info\/nb\/tjenester\/#primaryimage"},"thumbnailUrl":"http:\/\/www.globalepgs.info\/wp-content\/uploads\/2017\/02\/circles7.png","datePublished":"2017-03-23T15:11:06+00:00","dateModified":"2017-04-21T18:02:24+00:00","breadcrumb":{"@id":"https:\/\/www.globalepgs.info\/nb\/tjenester\/#breadcrumb"},"inLanguage":"nb-NO","potentialAction":[{"@type":"ReadAction","target":["https:\/\/www.globalepgs.info\/nb\/tjenester\/"]}]},{"@type":"ImageObject","inLanguage":"nb-NO","@id":"https:\/\/www.globalepgs.info\/nb\/tjenester\/#primaryimage","url":"http:\/\/www.globalepgs.info\/wp-content\/uploads\/2017\/02\/circles7.png","contentUrl":"http:\/\/www.globalepgs.info\/wp-content\/uploads\/2017\/02\/circles7.png"},{"@type":"BreadcrumbList","@id":"https:\/\/www.globalepgs.info\/nb\/tjenester\/#breadcrumb","itemListElement":[{"@type":"ListItem","position":1,"name":"Home","item":"https:\/\/www.globalepgs.info\/nb\/"},{"@type":"ListItem","position":2,"name":"Tjenester"}]},{"@type":"WebSite","@id":"https:\/\/www.globalepgs.info\/es\/#website","url":"https:\/\/www.globalepgs.info\/es\/","name":"Global Listings","description":"Just another WordPress site","potentialAction":[{"@type":"SearchAction","target":{"@type":"EntryPoint","urlTemplate":"https:\/\/www.globalepgs.info\/es\/?s={search_term_string}"},"query-input":{"@type":"PropertyValueSpecification","valueRequired":true,"valueName":"search_term_string"}}],"inLanguage":"nb-NO"}]}},"_links":{"self":[{"href":"https:\/\/www.globalepgs.info\/nb\/wp-json\/wp\/v2\/pages\/5072","targetHints":{"allow":["GET"]}}],"collection":[{"href":"https:\/\/www.globalepgs.info\/nb\/wp-json\/wp\/v2\/pages"}],"about":[{"href":"https:\/\/www.globalepgs.info\/nb\/wp-json\/wp\/v2\/types\/page"}],"author":[{"embeddable":true,"href":"https:\/\/www.globalepgs.info\/nb\/wp-json\/wp\/v2\/users\/1"}],"replies":[{"embeddable":true,"href":"https:\/\/www.globalepgs.info\/nb\/wp-json\/wp\/v2\/comments?post=5072"}],"version-history":[{"count":0,"href":"https:\/\/www.globalepgs.info\/nb\/wp-json\/wp\/v2\/pages\/5072\/revisions"}],"wp:attachment":[{"href":"https:\/\/www.globalepgs.info\/nb\/wp-json\/wp\/v2\/media?parent=5072"}],"curies":[{"name":"wp","href":"https:\/\/api.w.org\/{rel}","templated":true}]}}