{"id":4486,"date":"2017-03-14T20:47:36","date_gmt":"2017-03-14T20:47:36","guid":{"rendered":"http:\/\/www.globalepgs.info\/pl\/aktualizacje-epg-24-godziny-na-dobe\/"},"modified":"2017-12-10T07:30:28","modified_gmt":"2017-12-10T07:30:28","slug":"aktualizacje-epg-24-godziny-na-dobe","status":"publish","type":"page","link":"https:\/\/www.globalepgs.info\/pl\/aktualizacje-epg-24-godziny-na-dobe\/","title":{"rendered":"Aktualizacje EPG 24 godziny na dob\u0119"},"content":{"rendered":"<div class=\"col-4\">\n<p><img decoding=\"async\" class=\"img-circle img-responsive\" src=\"http:\/\/globalepgs.info\/app\/uploads\/2017\/02\/circles8.png\" alt=\"content_photo\" \/><\/p>\n<p class=\"content\">Aktualizacje EPG 24 godziny na dob\u0119<\/p>\n<\/div>\n<div class=\"col-8\">\n<div class=\"content\">\n<p>Dla nadawc\u00f3w, kt\u00f3rzy wymagaj\u0105 absolutnej pewno\u015bci, \u017ce aktualizacje EPG s\u0105 mo\u017cliwe 24 godziny na dob\u0119 (w \u015brodku nocy lub te\u017c nawet w \u015bwi\u0119to Bo\u017cego Narodzenia), Global EPGs oferuje AGiLE: Access Global Listings Everywhere (dost\u0119p do Global Listings z ca\u0142ego \u015bwiata).<br \/>\nAGiLE jest nasz\u0105 us\u0142ug\u0105 na zam\u00f3wienie, jak r\u00f3wnie\u017c aplikacj\u0105 na telefon lub tablet umo\u017cliwiaj\u0105c\u0105 nadawcom dost\u0119p \u2014 na \u017cywo \u2014 do ich program\u00f3w nadawczych w bazie danych Global EPGs oraz wprowadzanie pilnych zmian lub wysy\u0142anie nag\u0142ych aktualizacji programowych, dzi\u0119ki czemu mog\u0105 mie\u0107 pewno\u015b\u0107, \u017ce ich platforma telewizyjna dzia\u0142a zawsze w 100% poprawnie.<\/p>\n<p>Je\u017celi chcesz pozna\u0107 mo\u017cliwo\u015bci tej aplikacji, wpisz poni\u017cej sw\u00f3j adres email, a my skontaktujemy si\u0119 z Tob\u0105.<\/p>\n<p>Nasze zespo\u0142y s\u0105 w pe\u0142nej gotowo\u015bci do\u00a0przeprowadzania aktualizacji programowych w tempie \u015bwiat\u0142a, bez \u017cadnych negatywnych efekt\u00f3w pod wzgl\u0119dem jako\u015bci \u2014 sta\u0142o si\u0119 to ju\u017c znakiem rozpoznawczym naszej firmy. Wyb\u00f3r zakresu us\u0142ug nale\u017cy do Ciebie: samodzielna aplikacja lub kompletny zakres us\u0142ug obs\u0142ugiwanych przez nasze zespo\u0142y.<\/p>\n<\/div>\n<\/div>\n","protected":false},"excerpt":{"rendered":"<p>Aktualizacje EPG 24 godziny na dob\u0119 Dla nadawc\u00f3w, kt\u00f3rzy wymagaj\u0105 absolutnej pewno\u015bci, \u017ce aktualizacje EPG s\u0105 mo\u017cliwe 24 godziny na dob\u0119 (w \u015brodku nocy lub te\u017c nawet w \u015bwi\u0119to Bo\u017cego Narodzenia), Global EPGs oferuje AGiLE: Access Global Listings Everywhere (dost\u0119p do Global Listings z ca\u0142ego \u015bwiata). AGiLE jest nasz\u0105 us\u0142ug\u0105 na zam\u00f3wienie, jak r\u00f3wnie\u017c aplikacj\u0105 [&hellip;]<\/p>\n","protected":false},"author":1,"featured_media":0,"parent":0,"menu_order":79,"comment_status":"closed","ping_status":"closed","template":"page-epgs_template.php","meta":{"_acf_changed":false,"footnotes":""},"class_list":["post-4486","page","type-page","status-publish","hentry"],"acf":[],"yoast_head":"<!-- This site is optimized with the Yoast SEO plugin v27.4 - https:\/\/yoast.com\/product\/yoast-seo-wordpress\/ -->\n<title>Aktualizacje EPG 24 godziny na dob\u0119 - Global Listings<\/title>\n<meta name=\"robots\" content=\"index, follow, max-snippet:-1, max-image-preview:large, max-video-preview:-1\" \/>\n<link rel=\"canonical\" href=\"https:\/\/www.globalepgs.info\/pl\/aktualizacje-epg-24-godziny-na-dobe\/\" \/>\n<meta property=\"og:locale\" content=\"pl_PL\" \/>\n<meta property=\"og:type\" content=\"article\" \/>\n<meta property=\"og:title\" content=\"Aktualizacje EPG 24 godziny na dob\u0119 - Global Listings\" \/>\n<meta property=\"og:description\" content=\"Aktualizacje EPG 24 godziny na dob\u0119 Dla nadawc\u00f3w, kt\u00f3rzy wymagaj\u0105 absolutnej pewno\u015bci, \u017ce aktualizacje EPG s\u0105 mo\u017cliwe 24 godziny na dob\u0119 (w \u015brodku nocy lub te\u017c nawet w \u015bwi\u0119to Bo\u017cego Narodzenia), Global EPGs oferuje AGiLE: Access Global Listings Everywhere (dost\u0119p do Global Listings z ca\u0142ego \u015bwiata). AGiLE jest nasz\u0105 us\u0142ug\u0105 na zam\u00f3wienie, jak r\u00f3wnie\u017c aplikacj\u0105 [&hellip;]\" \/>\n<meta property=\"og:url\" content=\"https:\/\/www.globalepgs.info\/pl\/aktualizacje-epg-24-godziny-na-dobe\/\" \/>\n<meta property=\"og:site_name\" content=\"Global Listings\" \/>\n<meta property=\"article:modified_time\" content=\"2017-12-10T07:30:28+00:00\" \/>\n<meta property=\"og:image\" content=\"http:\/\/globalepgs.info\/app\/uploads\/2017\/02\/circles8.png\" \/>\n<meta name=\"twitter:card\" content=\"summary_large_image\" \/>\n<meta name=\"twitter:label1\" content=\"Est. reading time\" \/>\n\t<meta name=\"twitter:data1\" content=\"1 minute\" \/>\n<script type=\"application\/ld+json\" class=\"yoast-schema-graph\">{\"@context\":\"https:\\\/\\\/schema.org\",\"@graph\":[{\"@type\":\"WebPage\",\"@id\":\"https:\\\/\\\/www.globalepgs.info\\\/pl\\\/aktualizacje-epg-24-godziny-na-dobe\\\/\",\"url\":\"https:\\\/\\\/www.globalepgs.info\\\/pl\\\/aktualizacje-epg-24-godziny-na-dobe\\\/\",\"name\":\"Aktualizacje EPG 24 godziny na dob\u0119 - Global Listings\",\"isPartOf\":{\"@id\":\"https:\\\/\\\/www.globalepgs.info\\\/es\\\/#website\"},\"primaryImageOfPage\":{\"@id\":\"https:\\\/\\\/www.globalepgs.info\\\/pl\\\/aktualizacje-epg-24-godziny-na-dobe\\\/#primaryimage\"},\"image\":{\"@id\":\"https:\\\/\\\/www.globalepgs.info\\\/pl\\\/aktualizacje-epg-24-godziny-na-dobe\\\/#primaryimage\"},\"thumbnailUrl\":\"http:\\\/\\\/globalepgs.info\\\/app\\\/uploads\\\/2017\\\/02\\\/circles8.png\",\"datePublished\":\"2017-03-14T20:47:36+00:00\",\"dateModified\":\"2017-12-10T07:30:28+00:00\",\"breadcrumb\":{\"@id\":\"https:\\\/\\\/www.globalepgs.info\\\/pl\\\/aktualizacje-epg-24-godziny-na-dobe\\\/#breadcrumb\"},\"inLanguage\":\"pl-PL\",\"potentialAction\":[{\"@type\":\"ReadAction\",\"target\":[\"https:\\\/\\\/www.globalepgs.info\\\/pl\\\/aktualizacje-epg-24-godziny-na-dobe\\\/\"]}]},{\"@type\":\"ImageObject\",\"inLanguage\":\"pl-PL\",\"@id\":\"https:\\\/\\\/www.globalepgs.info\\\/pl\\\/aktualizacje-epg-24-godziny-na-dobe\\\/#primaryimage\",\"url\":\"http:\\\/\\\/globalepgs.info\\\/app\\\/uploads\\\/2017\\\/02\\\/circles8.png\",\"contentUrl\":\"http:\\\/\\\/globalepgs.info\\\/app\\\/uploads\\\/2017\\\/02\\\/circles8.png\"},{\"@type\":\"BreadcrumbList\",\"@id\":\"https:\\\/\\\/www.globalepgs.info\\\/pl\\\/aktualizacje-epg-24-godziny-na-dobe\\\/#breadcrumb\",\"itemListElement\":[{\"@type\":\"ListItem\",\"position\":1,\"name\":\"Home\",\"item\":\"https:\\\/\\\/www.globalepgs.info\\\/pl\\\/\"},{\"@type\":\"ListItem\",\"position\":2,\"name\":\"Aktualizacje EPG 24 godziny na dob\u0119\"}]},{\"@type\":\"WebSite\",\"@id\":\"https:\\\/\\\/www.globalepgs.info\\\/es\\\/#website\",\"url\":\"https:\\\/\\\/www.globalepgs.info\\\/es\\\/\",\"name\":\"Global Listings\",\"description\":\"Just another WordPress site\",\"potentialAction\":[{\"@type\":\"SearchAction\",\"target\":{\"@type\":\"EntryPoint\",\"urlTemplate\":\"https:\\\/\\\/www.globalepgs.info\\\/es\\\/?s={search_term_string}\"},\"query-input\":{\"@type\":\"PropertyValueSpecification\",\"valueRequired\":true,\"valueName\":\"search_term_string\"}}],\"inLanguage\":\"pl-PL\"}]}<\/script>\n<!-- \/ Yoast SEO plugin. -->","yoast_head_json":{"title":"Aktualizacje EPG 24 godziny na dob\u0119 - Global Listings","robots":{"index":"index","follow":"follow","max-snippet":"max-snippet:-1","max-image-preview":"max-image-preview:large","max-video-preview":"max-video-preview:-1"},"canonical":"https:\/\/www.globalepgs.info\/pl\/aktualizacje-epg-24-godziny-na-dobe\/","og_locale":"pl_PL","og_type":"article","og_title":"Aktualizacje EPG 24 godziny na dob\u0119 - Global Listings","og_description":"Aktualizacje EPG 24 godziny na dob\u0119 Dla nadawc\u00f3w, kt\u00f3rzy wymagaj\u0105 absolutnej pewno\u015bci, \u017ce aktualizacje EPG s\u0105 mo\u017cliwe 24 godziny na dob\u0119 (w \u015brodku nocy lub te\u017c nawet w \u015bwi\u0119to Bo\u017cego Narodzenia), Global EPGs oferuje AGiLE: Access Global Listings Everywhere (dost\u0119p do Global Listings z ca\u0142ego \u015bwiata). AGiLE jest nasz\u0105 us\u0142ug\u0105 na zam\u00f3wienie, jak r\u00f3wnie\u017c aplikacj\u0105 [&hellip;]","og_url":"https:\/\/www.globalepgs.info\/pl\/aktualizacje-epg-24-godziny-na-dobe\/","og_site_name":"Global Listings","article_modified_time":"2017-12-10T07:30:28+00:00","og_image":[{"url":"http:\/\/globalepgs.info\/app\/uploads\/2017\/02\/circles8.png","type":"","width":"","height":""}],"twitter_card":"summary_large_image","twitter_misc":{"Est. reading time":"1 minute"},"schema":{"@context":"https:\/\/schema.org","@graph":[{"@type":"WebPage","@id":"https:\/\/www.globalepgs.info\/pl\/aktualizacje-epg-24-godziny-na-dobe\/","url":"https:\/\/www.globalepgs.info\/pl\/aktualizacje-epg-24-godziny-na-dobe\/","name":"Aktualizacje EPG 24 godziny na dob\u0119 - Global Listings","isPartOf":{"@id":"https:\/\/www.globalepgs.info\/es\/#website"},"primaryImageOfPage":{"@id":"https:\/\/www.globalepgs.info\/pl\/aktualizacje-epg-24-godziny-na-dobe\/#primaryimage"},"image":{"@id":"https:\/\/www.globalepgs.info\/pl\/aktualizacje-epg-24-godziny-na-dobe\/#primaryimage"},"thumbnailUrl":"http:\/\/globalepgs.info\/app\/uploads\/2017\/02\/circles8.png","datePublished":"2017-03-14T20:47:36+00:00","dateModified":"2017-12-10T07:30:28+00:00","breadcrumb":{"@id":"https:\/\/www.globalepgs.info\/pl\/aktualizacje-epg-24-godziny-na-dobe\/#breadcrumb"},"inLanguage":"pl-PL","potentialAction":[{"@type":"ReadAction","target":["https:\/\/www.globalepgs.info\/pl\/aktualizacje-epg-24-godziny-na-dobe\/"]}]},{"@type":"ImageObject","inLanguage":"pl-PL","@id":"https:\/\/www.globalepgs.info\/pl\/aktualizacje-epg-24-godziny-na-dobe\/#primaryimage","url":"http:\/\/globalepgs.info\/app\/uploads\/2017\/02\/circles8.png","contentUrl":"http:\/\/globalepgs.info\/app\/uploads\/2017\/02\/circles8.png"},{"@type":"BreadcrumbList","@id":"https:\/\/www.globalepgs.info\/pl\/aktualizacje-epg-24-godziny-na-dobe\/#breadcrumb","itemListElement":[{"@type":"ListItem","position":1,"name":"Home","item":"https:\/\/www.globalepgs.info\/pl\/"},{"@type":"ListItem","position":2,"name":"Aktualizacje EPG 24 godziny na dob\u0119"}]},{"@type":"WebSite","@id":"https:\/\/www.globalepgs.info\/es\/#website","url":"https:\/\/www.globalepgs.info\/es\/","name":"Global Listings","description":"Just another WordPress site","potentialAction":[{"@type":"SearchAction","target":{"@type":"EntryPoint","urlTemplate":"https:\/\/www.globalepgs.info\/es\/?s={search_term_string}"},"query-input":{"@type":"PropertyValueSpecification","valueRequired":true,"valueName":"search_term_string"}}],"inLanguage":"pl-PL"}]}},"_links":{"self":[{"href":"https:\/\/www.globalepgs.info\/pl\/wp-json\/wp\/v2\/pages\/4486","targetHints":{"allow":["GET"]}}],"collection":[{"href":"https:\/\/www.globalepgs.info\/pl\/wp-json\/wp\/v2\/pages"}],"about":[{"href":"https:\/\/www.globalepgs.info\/pl\/wp-json\/wp\/v2\/types\/page"}],"author":[{"embeddable":true,"href":"https:\/\/www.globalepgs.info\/pl\/wp-json\/wp\/v2\/users\/1"}],"replies":[{"embeddable":true,"href":"https:\/\/www.globalepgs.info\/pl\/wp-json\/wp\/v2\/comments?post=4486"}],"version-history":[{"count":0,"href":"https:\/\/www.globalepgs.info\/pl\/wp-json\/wp\/v2\/pages\/4486\/revisions"}],"wp:attachment":[{"href":"https:\/\/www.globalepgs.info\/pl\/wp-json\/wp\/v2\/media?parent=4486"}],"curies":[{"name":"wp","href":"https:\/\/api.w.org\/{rel}","templated":true}]}}