{"id":4488,"date":"2017-03-14T21:09:03","date_gmt":"2017-03-14T21:09:03","guid":{"rendered":"http:\/\/www.globalepgs.info\/pl\/o-nas\/"},"modified":"2017-12-10T07:36:15","modified_gmt":"2017-12-10T07:36:15","slug":"o-nas","status":"publish","type":"page","link":"https:\/\/www.globalepgs.info\/pl\/o-nas\/","title":{"rendered":"O nas"},"content":{"rendered":"<div class=\"col-4\">\n<p><img decoding=\"async\" class=\"img-circle img-responsive\" src=\"http:\/\/globalepgs.info\/app\/uploads\/2017\/02\/3.png\" alt=\"content_photo\" \/><\/p>\n<p class=\"content\">O NAS<\/p>\n<\/div>\n<div class=\"col-8\">\n<div class=\"content\">\n<p>Global EPGs to \u015bwiatowy lider us\u0142ug EPG<\/p>\n<p>Na co dzie\u0144 wsp\u00f3\u0142pracuje z nami ponad 100 platform telewizyjnych \u2014 DTH, IPTV oraz VOD. Dostarczamy im tre\u015bci edytorskie, usprawnione metadane oraz obrazy, kt\u00f3re wp\u0142ywaj\u0105 na maksymalizacj\u0119 liczby widz\u00f3w dla naszych klient\u00f3w, indywidualnie dla ka\u017cdego kraju.Dostarczamy us\u0142ugi mi\u0119dzynarodowe dla platform telewizyjnych, takich jak Sky, MultiChoice, UPC, Virgin Media, CanalSat, Freeview, oraz wielu innych.<\/p>\n<p>Programy EPG dostarczaj\u0105 obecnie bogatsze, ulepszone informacje, kt\u00f3re zapewniaj\u0105 interaktywne do\u015bwiadczenia z wi\u0119kszym wyborem program\u00f3w dla widz\u00f3w. Nie ograniczaj\u0105 si\u0119 one do tradycyjnych program\u00f3w telewizyjnych\u00a0i s\u0105 przeznaczone r\u00f3wnie\u017c na smartfony, tablety oraz ekrany komputer\u00f3w. W Global EPGs wiemy dok\u0142adnie, w jaki spos\u00f3b dostarcza\u0107 tre\u015bci telewizyjne naszych klient\u00f3w, aby trafi\u0107 w upodobania widz\u00f3w.<\/p>\n<p>Zar\u00f3wno nadawcy jak i platformy telewizyjne chc\u0105 wsp\u00f3\u0142pracowa\u0107 z Global EPGs, poniewa\u017c dostarczamy zindywidualizowane, zaawansowane technologicznie oraz bezb\u0142\u0119dne rozwi\u0105zania zgodne z ich wymaganiami.<\/p>\n<p>Co wi\u0119cej, widzowie kochaj\u0105 to, co robimy, poniewa\u017c dostarczamy im dok\u0142adnie to, co chc\u0105 ogl\u0105da\u0107, dok\u0142adnie w\u00a0chwili, w kt\u00f3rej zastanawiaj\u0105 si\u0119 co obejrze\u0107.<\/p>\n<\/div>\n<\/div>\n","protected":false},"excerpt":{"rendered":"<p>O NAS Global EPGs to \u015bwiatowy lider us\u0142ug EPG Na co dzie\u0144 wsp\u00f3\u0142pracuje z nami ponad 100 platform telewizyjnych \u2014 DTH, IPTV oraz VOD. Dostarczamy im tre\u015bci edytorskie, usprawnione metadane oraz obrazy, kt\u00f3re wp\u0142ywaj\u0105 na maksymalizacj\u0119 liczby widz\u00f3w dla naszych klient\u00f3w, indywidualnie dla ka\u017cdego kraju.Dostarczamy us\u0142ugi mi\u0119dzynarodowe dla platform telewizyjnych, takich jak Sky, MultiChoice, UPC, [&hellip;]<\/p>\n","protected":false},"author":1,"featured_media":0,"parent":0,"menu_order":113,"comment_status":"closed","ping_status":"closed","template":"page-epgs_template.php","meta":{"_acf_changed":false,"footnotes":""},"class_list":["post-4488","page","type-page","status-publish","hentry"],"acf":[],"yoast_head":"<!-- This site is optimized with the Yoast SEO plugin v27.3 - https:\/\/yoast.com\/product\/yoast-seo-wordpress\/ -->\n<title>O nas - Global Listings<\/title>\n<meta name=\"robots\" content=\"index, follow, max-snippet:-1, max-image-preview:large, max-video-preview:-1\" \/>\n<link rel=\"canonical\" href=\"https:\/\/www.globalepgs.info\/pl\/o-nas\/\" \/>\n<meta property=\"og:locale\" content=\"pl_PL\" \/>\n<meta property=\"og:type\" content=\"article\" \/>\n<meta property=\"og:title\" content=\"O nas - Global Listings\" \/>\n<meta property=\"og:description\" content=\"O NAS Global EPGs to \u015bwiatowy lider us\u0142ug EPG Na co dzie\u0144 wsp\u00f3\u0142pracuje z nami ponad 100 platform telewizyjnych \u2014 DTH, IPTV oraz VOD. Dostarczamy im tre\u015bci edytorskie, usprawnione metadane oraz obrazy, kt\u00f3re wp\u0142ywaj\u0105 na maksymalizacj\u0119 liczby widz\u00f3w dla naszych klient\u00f3w, indywidualnie dla ka\u017cdego kraju.Dostarczamy us\u0142ugi mi\u0119dzynarodowe dla platform telewizyjnych, takich jak Sky, MultiChoice, UPC, [&hellip;]\" \/>\n<meta property=\"og:url\" content=\"https:\/\/www.globalepgs.info\/pl\/o-nas\/\" \/>\n<meta property=\"og:site_name\" content=\"Global Listings\" \/>\n<meta property=\"article:modified_time\" content=\"2017-12-10T07:36:15+00:00\" \/>\n<meta property=\"og:image\" content=\"http:\/\/globalepgs.info\/app\/uploads\/2017\/02\/3.png\" \/>\n<meta name=\"twitter:card\" content=\"summary_large_image\" \/>\n<meta name=\"twitter:label1\" content=\"Est. reading time\" \/>\n\t<meta name=\"twitter:data1\" content=\"1 minute\" \/>\n<script type=\"application\/ld+json\" class=\"yoast-schema-graph\">{\"@context\":\"https:\\\/\\\/schema.org\",\"@graph\":[{\"@type\":\"WebPage\",\"@id\":\"https:\\\/\\\/www.globalepgs.info\\\/pl\\\/o-nas\\\/\",\"url\":\"https:\\\/\\\/www.globalepgs.info\\\/pl\\\/o-nas\\\/\",\"name\":\"O nas - Global Listings\",\"isPartOf\":{\"@id\":\"https:\\\/\\\/www.globalepgs.info\\\/es\\\/#website\"},\"primaryImageOfPage\":{\"@id\":\"https:\\\/\\\/www.globalepgs.info\\\/pl\\\/o-nas\\\/#primaryimage\"},\"image\":{\"@id\":\"https:\\\/\\\/www.globalepgs.info\\\/pl\\\/o-nas\\\/#primaryimage\"},\"thumbnailUrl\":\"http:\\\/\\\/globalepgs.info\\\/app\\\/uploads\\\/2017\\\/02\\\/3.png\",\"datePublished\":\"2017-03-14T21:09:03+00:00\",\"dateModified\":\"2017-12-10T07:36:15+00:00\",\"breadcrumb\":{\"@id\":\"https:\\\/\\\/www.globalepgs.info\\\/pl\\\/o-nas\\\/#breadcrumb\"},\"inLanguage\":\"pl-PL\",\"potentialAction\":[{\"@type\":\"ReadAction\",\"target\":[\"https:\\\/\\\/www.globalepgs.info\\\/pl\\\/o-nas\\\/\"]}]},{\"@type\":\"ImageObject\",\"inLanguage\":\"pl-PL\",\"@id\":\"https:\\\/\\\/www.globalepgs.info\\\/pl\\\/o-nas\\\/#primaryimage\",\"url\":\"http:\\\/\\\/globalepgs.info\\\/app\\\/uploads\\\/2017\\\/02\\\/3.png\",\"contentUrl\":\"http:\\\/\\\/globalepgs.info\\\/app\\\/uploads\\\/2017\\\/02\\\/3.png\"},{\"@type\":\"BreadcrumbList\",\"@id\":\"https:\\\/\\\/www.globalepgs.info\\\/pl\\\/o-nas\\\/#breadcrumb\",\"itemListElement\":[{\"@type\":\"ListItem\",\"position\":1,\"name\":\"Home\",\"item\":\"https:\\\/\\\/www.globalepgs.info\\\/pl\\\/\"},{\"@type\":\"ListItem\",\"position\":2,\"name\":\"O nas\"}]},{\"@type\":\"WebSite\",\"@id\":\"https:\\\/\\\/www.globalepgs.info\\\/es\\\/#website\",\"url\":\"https:\\\/\\\/www.globalepgs.info\\\/es\\\/\",\"name\":\"Global Listings\",\"description\":\"Just another WordPress site\",\"potentialAction\":[{\"@type\":\"SearchAction\",\"target\":{\"@type\":\"EntryPoint\",\"urlTemplate\":\"https:\\\/\\\/www.globalepgs.info\\\/es\\\/?s={search_term_string}\"},\"query-input\":{\"@type\":\"PropertyValueSpecification\",\"valueRequired\":true,\"valueName\":\"search_term_string\"}}],\"inLanguage\":\"pl-PL\"}]}<\/script>\n<!-- \/ Yoast SEO plugin. -->","yoast_head_json":{"title":"O nas - Global Listings","robots":{"index":"index","follow":"follow","max-snippet":"max-snippet:-1","max-image-preview":"max-image-preview:large","max-video-preview":"max-video-preview:-1"},"canonical":"https:\/\/www.globalepgs.info\/pl\/o-nas\/","og_locale":"pl_PL","og_type":"article","og_title":"O nas - Global Listings","og_description":"O NAS Global EPGs to \u015bwiatowy lider us\u0142ug EPG Na co dzie\u0144 wsp\u00f3\u0142pracuje z nami ponad 100 platform telewizyjnych \u2014 DTH, IPTV oraz VOD. Dostarczamy im tre\u015bci edytorskie, usprawnione metadane oraz obrazy, kt\u00f3re wp\u0142ywaj\u0105 na maksymalizacj\u0119 liczby widz\u00f3w dla naszych klient\u00f3w, indywidualnie dla ka\u017cdego kraju.Dostarczamy us\u0142ugi mi\u0119dzynarodowe dla platform telewizyjnych, takich jak Sky, MultiChoice, UPC, [&hellip;]","og_url":"https:\/\/www.globalepgs.info\/pl\/o-nas\/","og_site_name":"Global Listings","article_modified_time":"2017-12-10T07:36:15+00:00","og_image":[{"url":"http:\/\/globalepgs.info\/app\/uploads\/2017\/02\/3.png","type":"","width":"","height":""}],"twitter_card":"summary_large_image","twitter_misc":{"Est. reading time":"1 minute"},"schema":{"@context":"https:\/\/schema.org","@graph":[{"@type":"WebPage","@id":"https:\/\/www.globalepgs.info\/pl\/o-nas\/","url":"https:\/\/www.globalepgs.info\/pl\/o-nas\/","name":"O nas - Global Listings","isPartOf":{"@id":"https:\/\/www.globalepgs.info\/es\/#website"},"primaryImageOfPage":{"@id":"https:\/\/www.globalepgs.info\/pl\/o-nas\/#primaryimage"},"image":{"@id":"https:\/\/www.globalepgs.info\/pl\/o-nas\/#primaryimage"},"thumbnailUrl":"http:\/\/globalepgs.info\/app\/uploads\/2017\/02\/3.png","datePublished":"2017-03-14T21:09:03+00:00","dateModified":"2017-12-10T07:36:15+00:00","breadcrumb":{"@id":"https:\/\/www.globalepgs.info\/pl\/o-nas\/#breadcrumb"},"inLanguage":"pl-PL","potentialAction":[{"@type":"ReadAction","target":["https:\/\/www.globalepgs.info\/pl\/o-nas\/"]}]},{"@type":"ImageObject","inLanguage":"pl-PL","@id":"https:\/\/www.globalepgs.info\/pl\/o-nas\/#primaryimage","url":"http:\/\/globalepgs.info\/app\/uploads\/2017\/02\/3.png","contentUrl":"http:\/\/globalepgs.info\/app\/uploads\/2017\/02\/3.png"},{"@type":"BreadcrumbList","@id":"https:\/\/www.globalepgs.info\/pl\/o-nas\/#breadcrumb","itemListElement":[{"@type":"ListItem","position":1,"name":"Home","item":"https:\/\/www.globalepgs.info\/pl\/"},{"@type":"ListItem","position":2,"name":"O nas"}]},{"@type":"WebSite","@id":"https:\/\/www.globalepgs.info\/es\/#website","url":"https:\/\/www.globalepgs.info\/es\/","name":"Global Listings","description":"Just another WordPress site","potentialAction":[{"@type":"SearchAction","target":{"@type":"EntryPoint","urlTemplate":"https:\/\/www.globalepgs.info\/es\/?s={search_term_string}"},"query-input":{"@type":"PropertyValueSpecification","valueRequired":true,"valueName":"search_term_string"}}],"inLanguage":"pl-PL"}]}},"_links":{"self":[{"href":"https:\/\/www.globalepgs.info\/pl\/wp-json\/wp\/v2\/pages\/4488","targetHints":{"allow":["GET"]}}],"collection":[{"href":"https:\/\/www.globalepgs.info\/pl\/wp-json\/wp\/v2\/pages"}],"about":[{"href":"https:\/\/www.globalepgs.info\/pl\/wp-json\/wp\/v2\/types\/page"}],"author":[{"embeddable":true,"href":"https:\/\/www.globalepgs.info\/pl\/wp-json\/wp\/v2\/users\/1"}],"replies":[{"embeddable":true,"href":"https:\/\/www.globalepgs.info\/pl\/wp-json\/wp\/v2\/comments?post=4488"}],"version-history":[{"count":0,"href":"https:\/\/www.globalepgs.info\/pl\/wp-json\/wp\/v2\/pages\/4488\/revisions"}],"wp:attachment":[{"href":"https:\/\/www.globalepgs.info\/pl\/wp-json\/wp\/v2\/media?parent=4488"}],"curies":[{"name":"wp","href":"https:\/\/api.w.org\/{rel}","templated":true}]}}