{"id":4490,"date":"2017-03-14T21:50:08","date_gmt":"2017-03-14T21:50:08","guid":{"rendered":"http:\/\/www.globalepgs.info\/pl\/uslugi\/"},"modified":"2017-12-10T07:33:49","modified_gmt":"2017-12-10T07:33:49","slug":"uslugi","status":"publish","type":"page","link":"https:\/\/www.globalepgs.info\/pl\/uslugi\/","title":{"rendered":"Us\u0142ugi"},"content":{"rendered":"<div class=\"col-4\">\n<p><img decoding=\"async\" class=\"img-circle img-responsive\" src=\"http:\/\/globalepgs.info\/app\/uploads\/2017\/02\/circles7.png\" alt=\"\" \/><\/p>\n<p class=\"content\">US\u0141UGI<\/p>\n<\/div>\n<div class=\"col-8\">\n<div class=\"content\">\n<p>Oferujemy now\u0105 generacj\u0119 program\u00f3w EPG<\/p>\n<p>Nasze rozwi\u0105zania EPG s\u0105 jedyne w swoim rodzaju, poniewa\u017c powstaj\u0105\u00a0w celu kierowania widowni\u0105 naszych klient\u00f3w tak, aby mogli oni \u0142atwo znale\u017a\u0107 upragnione tre\u015bci oraz cieszy\u0107 si\u0119 nimi bez wzgl\u0119du na to, czy korzystaj\u0105 z telewizji\u00a0na \u017c\u0105danie, standardowej telewizji, czy us\u0142ug OTT.<\/p>\n<p>Dzi\u0119ki naszym wyspecjalizowanym zespo\u0142om pracownik\u00f3w oraz dynamicznej, wiod\u0105cej na rynku technologii, mo\u017cemy dostarcza\u0107 widzom wyj\u0105tkowe do\u015bwiadczenia oraz by\u0107 pewni, \u017ce wr\u00f3c\u0105 do nas ze wzgl\u0119du na zaufanie oraz sympati\u0119, kt\u00f3rymi nas darz\u0105.<\/p>\n<p>Global EPGs\u00a0wsp\u00f3\u0142pracuje z platformami telewizyjnymi na ca\u0142ym \u015bwiecie, na ka\u017cdym kontynencie poza Antarktyk\u0105 (ale pracujemy nad tym!).<\/p>\n<p>Jeste\u015bmy liderem na rynku mi\u0119dzynarodowym. Nie s\u0105 nam obce r\u00f3\u017cnice stref czasowych, r\u00f3\u017cnice kulturowe, znaki z r\u00f3\u017cnych alfabet\u00f3w, metody dostawcze, specyfikacje techniczne, terminy, wymagania dotycz\u0105ce metadanych oraz wszelkie inne specyfikacje indywidualnych platform.<\/p>\n<p>A przede wszystkim, dostarczamy odpowiednie dane EPG, w odpowiednim czasie, w odpowiednim formacie oraz w odpowiednim miejscu!<\/p>\n<p>Global EPGs mo\u017ce ulepszy\u0107 Twoje programy EPG na wiele r\u00f3\u017cnych sposob\u00f3w, uwzgl\u0119dniaj\u0105c:<\/p>\n<p><strong>OBRAZY PROGRAMOWE<br \/>\n<\/strong>Do ka\u017cdego nagrania telewizyjnego za\u0142\u0105czamy obrazy, kt\u00f3re mog\u0105 r\u00f3\u017cni\u0107 si\u0119 w zale\u017cno\u015bci od poziomu programowego: serial (np.: Z kamer\u0105 u Kardashian\u00f3w), sezon (np.: Sezon 2), lub indywidualne odcinki, z kt\u00f3rych ka\u017cdy mo\u017ce mie\u0107 swoje w\u0142asne, indywidualne obrazy.<\/p>\n<p>Obrazy s\u0105 przechowywane w naszej centralnej bazie danych i mog\u0105 by\u0107 eksportowane w r\u00f3\u017cnych rozmiarach i rozdzielczo\u015bciach, zgodnie z potrzebami ka\u017cdej platformy telewizyjnej.<\/p>\n<p><strong>SIDELOADING I STREAMING<\/strong><br \/>\nWiele platform telewizyjnych oferuje obecnie zindywidualizowane aplikacje, kt\u00f3re umo\u017cliwiaj\u0105 subskrybentom ogl\u0105danie program\u00f3w na \u017cyczenie za po\u015brednictwem\u00a0Internetu, jak r\u00f3wnie\u017c ogl\u0105danie uprzednio nagranych materia\u0142\u00f3w na innym urz\u0105dzeniu, takim jak smartfon lub tablet.<\/p>\n<p>Jest wiele element\u00f3w, kt\u00f3re wymagaj\u0105 przy tym uwagi:\u00a0od og\u00f3lnych praw licencyjnch do konkretnego terminu dost\u0119pno\u015bci \u015bci\u0105gn\u0119tego programu. Global EPGs u\u0142atwia dostawcom nawigacj\u0119 przez to potencjalne pole minowe oraz dostarcza platformom telewizyjnym tego, czego dok\u0142adnie potrzebuj\u0105\u00a0w zakresie powi\u0105zanych metadanych.<\/p>\n<p><strong>US\u0141UGI DOST\u0118PU<\/strong><br \/>\nObecnie na wielu kana\u0142ach obowi\u0105zkowe jest oznaczenie, kt\u00f3re programy maj\u0105 napisy dla nies\u0142ysz\u0105cych, kt\u00f3re maj\u0105 autodeskrypcj\u0119, a w kt\u00f3rych u\u017cywany jest j\u0119zyk migowy. Global EPGs wsp\u00f3\u0142pracuje z nadawcami, aby zagwarantowa\u0107, \u017ce ich zobowi\u0105zania zwi\u0105zane z us\u0142ugami dost\u0119pu s\u0105 poprawnie reprezentowane w programach EPG.<\/p>\n<p><strong>SERIES LINKING<\/strong><br \/>\nW Global EPGs\u00a0wierzymy, \u017ce funkcjonalno\u015b\u0107 nagrywania wszystkich odcink\u00f3w serialu i \u0142\u0105czenie ich w jedn\u0105 ca\u0142o\u015b\u0107 (Series Linking) jest sztuk\u0105 sam\u0105 w sobie, a nasza zaawansowana technologia pozwala nam na udost\u0119pnienie tej funkcji na wielu platformach, bez wzgl\u0119du na to, o kt\u00f3rej godzinie nadawane s\u0105 poszczeg\u00f3lne programy.<\/p>\n<p>Znamy i trzymamy si\u0119 wszystkich zasad dotycz\u0105cych dopasowywania tytu\u0142\u00f3w, monta\u017cy ko\u0144cz\u0105cych sezony oraz eliminowania zbyt d\u0142ugich przerw pomi\u0119dzy odcinkami.<\/p>\n<p>Nasza technologia EPG umo\u017cliwia nam r\u00f3wnie\u017c \u0142\u0105czenie film\u00f3w, odcink\u00f3w, lub jednorazowych program\u00f3w b\u0119d\u0105cych cz\u0119\u015bci\u0105 sezonu.<\/p>\n<p>Z ch\u0119ci\u0105 to zademonstrujemy. Skontaktuj si\u0119 z nami pod adresem:\u00a0<a href=\"mailto:epgs@globallistings.info\">epgs@globallistings.info<\/a><\/p>\n<p><strong>Pasja do telewizji oraz dba\u0142o\u015b\u0107 o precyzyj\u0119<br \/>\n<\/strong><\/p>\n<p>Nasze rozwi\u0105zania EPG stanowi\u0105 po\u0142\u0105czenie dynamicznych tre\u015bci, bogatych metadanych oraz zaawansowanej technologii umo\u017cliwiaj\u0105cej dostarczanie wyj\u0105tkowych do\u015bwiadcze\u0144 dla widz\u00f3w naszych klient\u00f3w na skal\u0119 \u015bwiatow\u0105.<\/p>\n<p>Bez wzgl\u0119du na to, czy widzowie kana\u0142u telewizyjnego ogl\u0105daj\u0105 sw\u00f3j ulubiony program za po\u015brednictwem tradycyjnej telewizji, czy wybieraj\u0105 transmisj\u0119 na \u017cyczenie za po\u015brednictwem Internetu \u2014 od sport\u00f3w na \u017cywo, film\u00f3w, lub muzyki, po wiadomo\u015bci i rozrywk\u0119 \u2014 nasze zespo\u0142y w Wielkiej Brytanii oraz w innych krajach na ca\u0142ym \u015bwiecie dostarczaj\u0105 dynamicznych s\u0142\u00f3w kluczowych oraz szczeg\u00f3\u0142owych metadanych, spersonalizowanych dla ka\u017cdego kana\u0142u oraz zlokalizowanych dla ka\u017cdego regionu. Gwarantuje to zindywidualizowane rozwi\u0105zania przyci\u0105gaj\u0105ce wzrok widz\u00f3w ka\u017cdego kana\u0142u.<\/p>\n<p>Nasz poziom precyzyjno\u015bci nie ma sobie r\u00f3wnych.<\/p>\n<p>Nasze standardy redakcyjne s\u0105 powszechnie znane na rynku.<\/p>\n<p>Nasze mo\u017cliwo\u015bci technologiczne bezb\u0142\u0119dnie dostarczaj\u0105 tre\u015bci programowe kana\u0142\u00f3w telewizyjnych do \u015brodowisk wieloplatformowych.<\/p>\n<p>Poprzez tworzenie, zarz\u0105dzanie, a tak\u017ce dostarczanie tych danych w imieniu naszych klient\u00f3w, Global EPGs gwarantuje, \u017ce nasi partnerzy mog\u0105 w pe\u0142ni korzysta\u0107 z\u00a0funkcjonalno\u015bci program\u00f3w EPG najnowszej generacji: ulepszonych mo\u017cliwo\u015bci wyszukiwania, rekomendacji profili zgodnych z upodobaniami, inteligentnej opcji Series Linking, itd.<\/p>\n<p>Odkrywanie tre\u015bci to element o najwi\u0119kszym znaczeniu dla wzrostu popularno\u015bci kana\u0142\u00f3w na konkurencyjnym rynku telewizyjnym \u2014 bez wzgl\u0119du na to, czy jest to telewizja tradycyjna, VOD, OTT, czy IPTV, widzowie chc\u0105 wiedzie\u0107, co dzieje si\u0119 na danym kanale, a informacje te zale\u017c\u0105\u00a0w pe\u0142ni od\u00a0tre\u015bci program\u00f3w EPG.<\/p>\n<p>Wsp\u00f3\u0142pracuj\u0105c z Global EPGs masz pewno\u015b\u0107, \u017ce programy EPG Twoich kana\u0142\u00f3w b\u0119d\u0105 spersonalizowane w taki spos\u00f3b, aby idealnie spe\u0142nia\u0107\u00a0potrzeby Twoich widz\u00f3w.<\/p>\n<\/div>\n<\/div>\n","protected":false},"excerpt":{"rendered":"<p>US\u0141UGI Oferujemy now\u0105 generacj\u0119 program\u00f3w EPG Nasze rozwi\u0105zania EPG s\u0105 jedyne w swoim rodzaju, poniewa\u017c powstaj\u0105\u00a0w celu kierowania widowni\u0105 naszych klient\u00f3w tak, aby mogli oni \u0142atwo znale\u017a\u0107 upragnione tre\u015bci oraz cieszy\u0107 si\u0119 nimi bez wzgl\u0119du na to, czy korzystaj\u0105 z telewizji\u00a0na \u017c\u0105danie, standardowej telewizji, czy us\u0142ug OTT. Dzi\u0119ki naszym wyspecjalizowanym zespo\u0142om pracownik\u00f3w oraz dynamicznej, wiod\u0105cej [&hellip;]<\/p>\n","protected":false},"author":1,"featured_media":0,"parent":0,"menu_order":216,"comment_status":"closed","ping_status":"closed","template":"page-epgs_template.php","meta":{"_acf_changed":false,"footnotes":""},"class_list":["post-4490","page","type-page","status-publish","hentry"],"acf":[],"yoast_head":"<!-- This site is optimized with the Yoast SEO plugin v27.5 - https:\/\/yoast.com\/product\/yoast-seo-wordpress\/ -->\n<title>Us\u0142ugi - Global Listings<\/title>\n<meta name=\"robots\" content=\"index, follow, max-snippet:-1, max-image-preview:large, max-video-preview:-1\" \/>\n<link rel=\"canonical\" href=\"https:\/\/www.globalepgs.info\/pl\/uslugi\/\" \/>\n<meta property=\"og:locale\" content=\"pl_PL\" \/>\n<meta property=\"og:type\" content=\"article\" \/>\n<meta property=\"og:title\" content=\"Us\u0142ugi - Global Listings\" \/>\n<meta property=\"og:description\" content=\"US\u0141UGI Oferujemy now\u0105 generacj\u0119 program\u00f3w EPG Nasze rozwi\u0105zania EPG s\u0105 jedyne w swoim rodzaju, poniewa\u017c powstaj\u0105\u00a0w celu kierowania widowni\u0105 naszych klient\u00f3w tak, aby mogli oni \u0142atwo znale\u017a\u0107 upragnione tre\u015bci oraz cieszy\u0107 si\u0119 nimi bez wzgl\u0119du na to, czy korzystaj\u0105 z telewizji\u00a0na \u017c\u0105danie, standardowej telewizji, czy us\u0142ug OTT. Dzi\u0119ki naszym wyspecjalizowanym zespo\u0142om pracownik\u00f3w oraz dynamicznej, wiod\u0105cej [&hellip;]\" \/>\n<meta property=\"og:url\" content=\"https:\/\/www.globalepgs.info\/pl\/uslugi\/\" \/>\n<meta property=\"og:site_name\" content=\"Global Listings\" \/>\n<meta property=\"article:modified_time\" content=\"2017-12-10T07:33:49+00:00\" \/>\n<meta property=\"og:image\" content=\"http:\/\/globalepgs.info\/app\/uploads\/2017\/02\/circles7.png\" \/>\n<meta name=\"twitter:card\" content=\"summary_large_image\" \/>\n<meta name=\"twitter:label1\" content=\"Est. reading time\" \/>\n\t<meta name=\"twitter:data1\" content=\"4 minutes\" \/>\n<script type=\"application\/ld+json\" class=\"yoast-schema-graph\">{\"@context\":\"https:\\\/\\\/schema.org\",\"@graph\":[{\"@type\":\"WebPage\",\"@id\":\"https:\\\/\\\/www.globalepgs.info\\\/pl\\\/uslugi\\\/\",\"url\":\"https:\\\/\\\/www.globalepgs.info\\\/pl\\\/uslugi\\\/\",\"name\":\"Us\u0142ugi - Global Listings\",\"isPartOf\":{\"@id\":\"https:\\\/\\\/www.globalepgs.info\\\/es\\\/#website\"},\"primaryImageOfPage\":{\"@id\":\"https:\\\/\\\/www.globalepgs.info\\\/pl\\\/uslugi\\\/#primaryimage\"},\"image\":{\"@id\":\"https:\\\/\\\/www.globalepgs.info\\\/pl\\\/uslugi\\\/#primaryimage\"},\"thumbnailUrl\":\"http:\\\/\\\/globalepgs.info\\\/app\\\/uploads\\\/2017\\\/02\\\/circles7.png\",\"datePublished\":\"2017-03-14T21:50:08+00:00\",\"dateModified\":\"2017-12-10T07:33:49+00:00\",\"breadcrumb\":{\"@id\":\"https:\\\/\\\/www.globalepgs.info\\\/pl\\\/uslugi\\\/#breadcrumb\"},\"inLanguage\":\"pl-PL\",\"potentialAction\":[{\"@type\":\"ReadAction\",\"target\":[\"https:\\\/\\\/www.globalepgs.info\\\/pl\\\/uslugi\\\/\"]}]},{\"@type\":\"ImageObject\",\"inLanguage\":\"pl-PL\",\"@id\":\"https:\\\/\\\/www.globalepgs.info\\\/pl\\\/uslugi\\\/#primaryimage\",\"url\":\"http:\\\/\\\/globalepgs.info\\\/app\\\/uploads\\\/2017\\\/02\\\/circles7.png\",\"contentUrl\":\"http:\\\/\\\/globalepgs.info\\\/app\\\/uploads\\\/2017\\\/02\\\/circles7.png\"},{\"@type\":\"BreadcrumbList\",\"@id\":\"https:\\\/\\\/www.globalepgs.info\\\/pl\\\/uslugi\\\/#breadcrumb\",\"itemListElement\":[{\"@type\":\"ListItem\",\"position\":1,\"name\":\"Home\",\"item\":\"https:\\\/\\\/www.globalepgs.info\\\/pl\\\/\"},{\"@type\":\"ListItem\",\"position\":2,\"name\":\"Us\u0142ugi\"}]},{\"@type\":\"WebSite\",\"@id\":\"https:\\\/\\\/www.globalepgs.info\\\/es\\\/#website\",\"url\":\"https:\\\/\\\/www.globalepgs.info\\\/es\\\/\",\"name\":\"Global Listings\",\"description\":\"Just another WordPress site\",\"potentialAction\":[{\"@type\":\"SearchAction\",\"target\":{\"@type\":\"EntryPoint\",\"urlTemplate\":\"https:\\\/\\\/www.globalepgs.info\\\/es\\\/?s={search_term_string}\"},\"query-input\":{\"@type\":\"PropertyValueSpecification\",\"valueRequired\":true,\"valueName\":\"search_term_string\"}}],\"inLanguage\":\"pl-PL\"}]}<\/script>\n<!-- \/ Yoast SEO plugin. -->","yoast_head_json":{"title":"Us\u0142ugi - Global Listings","robots":{"index":"index","follow":"follow","max-snippet":"max-snippet:-1","max-image-preview":"max-image-preview:large","max-video-preview":"max-video-preview:-1"},"canonical":"https:\/\/www.globalepgs.info\/pl\/uslugi\/","og_locale":"pl_PL","og_type":"article","og_title":"Us\u0142ugi - Global Listings","og_description":"US\u0141UGI Oferujemy now\u0105 generacj\u0119 program\u00f3w EPG Nasze rozwi\u0105zania EPG s\u0105 jedyne w swoim rodzaju, poniewa\u017c powstaj\u0105\u00a0w celu kierowania widowni\u0105 naszych klient\u00f3w tak, aby mogli oni \u0142atwo znale\u017a\u0107 upragnione tre\u015bci oraz cieszy\u0107 si\u0119 nimi bez wzgl\u0119du na to, czy korzystaj\u0105 z telewizji\u00a0na \u017c\u0105danie, standardowej telewizji, czy us\u0142ug OTT. Dzi\u0119ki naszym wyspecjalizowanym zespo\u0142om pracownik\u00f3w oraz dynamicznej, wiod\u0105cej [&hellip;]","og_url":"https:\/\/www.globalepgs.info\/pl\/uslugi\/","og_site_name":"Global Listings","article_modified_time":"2017-12-10T07:33:49+00:00","og_image":[{"url":"http:\/\/globalepgs.info\/app\/uploads\/2017\/02\/circles7.png","type":"","width":"","height":""}],"twitter_card":"summary_large_image","twitter_misc":{"Est. reading time":"4 minutes"},"schema":{"@context":"https:\/\/schema.org","@graph":[{"@type":"WebPage","@id":"https:\/\/www.globalepgs.info\/pl\/uslugi\/","url":"https:\/\/www.globalepgs.info\/pl\/uslugi\/","name":"Us\u0142ugi - Global Listings","isPartOf":{"@id":"https:\/\/www.globalepgs.info\/es\/#website"},"primaryImageOfPage":{"@id":"https:\/\/www.globalepgs.info\/pl\/uslugi\/#primaryimage"},"image":{"@id":"https:\/\/www.globalepgs.info\/pl\/uslugi\/#primaryimage"},"thumbnailUrl":"http:\/\/globalepgs.info\/app\/uploads\/2017\/02\/circles7.png","datePublished":"2017-03-14T21:50:08+00:00","dateModified":"2017-12-10T07:33:49+00:00","breadcrumb":{"@id":"https:\/\/www.globalepgs.info\/pl\/uslugi\/#breadcrumb"},"inLanguage":"pl-PL","potentialAction":[{"@type":"ReadAction","target":["https:\/\/www.globalepgs.info\/pl\/uslugi\/"]}]},{"@type":"ImageObject","inLanguage":"pl-PL","@id":"https:\/\/www.globalepgs.info\/pl\/uslugi\/#primaryimage","url":"http:\/\/globalepgs.info\/app\/uploads\/2017\/02\/circles7.png","contentUrl":"http:\/\/globalepgs.info\/app\/uploads\/2017\/02\/circles7.png"},{"@type":"BreadcrumbList","@id":"https:\/\/www.globalepgs.info\/pl\/uslugi\/#breadcrumb","itemListElement":[{"@type":"ListItem","position":1,"name":"Home","item":"https:\/\/www.globalepgs.info\/pl\/"},{"@type":"ListItem","position":2,"name":"Us\u0142ugi"}]},{"@type":"WebSite","@id":"https:\/\/www.globalepgs.info\/es\/#website","url":"https:\/\/www.globalepgs.info\/es\/","name":"Global Listings","description":"Just another WordPress site","potentialAction":[{"@type":"SearchAction","target":{"@type":"EntryPoint","urlTemplate":"https:\/\/www.globalepgs.info\/es\/?s={search_term_string}"},"query-input":{"@type":"PropertyValueSpecification","valueRequired":true,"valueName":"search_term_string"}}],"inLanguage":"pl-PL"}]}},"_links":{"self":[{"href":"https:\/\/www.globalepgs.info\/pl\/wp-json\/wp\/v2\/pages\/4490","targetHints":{"allow":["GET"]}}],"collection":[{"href":"https:\/\/www.globalepgs.info\/pl\/wp-json\/wp\/v2\/pages"}],"about":[{"href":"https:\/\/www.globalepgs.info\/pl\/wp-json\/wp\/v2\/types\/page"}],"author":[{"embeddable":true,"href":"https:\/\/www.globalepgs.info\/pl\/wp-json\/wp\/v2\/users\/1"}],"replies":[{"embeddable":true,"href":"https:\/\/www.globalepgs.info\/pl\/wp-json\/wp\/v2\/comments?post=4490"}],"version-history":[{"count":0,"href":"https:\/\/www.globalepgs.info\/pl\/wp-json\/wp\/v2\/pages\/4490\/revisions"}],"wp:attachment":[{"href":"https:\/\/www.globalepgs.info\/pl\/wp-json\/wp\/v2\/media?parent=4490"}],"curies":[{"name":"wp","href":"https:\/\/api.w.org\/{rel}","templated":true}]}}