{"id":4829,"date":"2017-03-17T01:10:13","date_gmt":"2017-03-17T01:10:13","guid":{"rendered":"http:\/\/www.globalepgs.info\/pt-pt\/os-nossos-parceiros\/"},"modified":"2017-12-19T11:04:48","modified_gmt":"2017-12-19T11:04:48","slug":"os-nossos-parceiros","status":"publish","type":"page","link":"https:\/\/www.globalepgs.info\/pt-pt\/os-nossos-parceiros\/","title":{"rendered":"Os Nossos Parceiros"},"content":{"rendered":"<div class=\"col-4\">\n<p><img decoding=\"async\" class=\"img-circle img-responsive\" src=\"http:\/\/globalepgs.info\/app\/uploads\/2017\/02\/circles9.png\" alt=\"content_photo\" \/><\/p>\n<p class=\"content\">OS NOSSOS PARCEIROS<\/p>\n<\/div>\n<div class=\"col-8\">\n<div class=\"content\">\n<p>A Global Listings faculta dados de EPG a mais de 100 plataformas televisivas em todo o mundo.<\/p>\n<p>Trabalhando em parceria com os gigantes desta ind\u00fastria, numa escala global, disponibilizamos EPGs com um alcance de 6,6 bili\u00f5es de telespetadores na Europa, M\u00e9dio Oriente, \u00c1frica, \u00c1sia, Am\u00e9ricas e nas regi\u00f5es da \u00c1sia-Pac\u00edfico.<\/p>\n<p>Os EPGs podem ditar o sucesso ou o fracasso de um programa. Se o conte\u00fado \u201cvender\u201d o programa, este ter\u00e1 espetadores, mas, se n\u00e3o for bom, o telespetador n\u00e3o ter\u00e1 interesse no seu canal.<\/p>\n<p>Somos especialistas em maximizar a <em>share<\/em> de audi\u00eancia para os nossos clientes emissores, disponibilizando<em> streams<\/em> de dados precisos, esclarecedores, cativantes e tecnologicamente avan\u00e7ados, na l\u00edngua certa e no fuso hor\u00e1rio local.<\/p>\n<p>Somos um parceiro de neg\u00f3cios focado no cliente, tecnicamente avan\u00e7ado e perspicaz em termos editoriais. Conjugamos as nossas solu\u00e7\u00f5es expans\u00edveis e tecnologias avan\u00e7adas para proporcionar EPGs apelativos que captem espetadores para um canal de TV:<\/p>\n<p>\u2026 nos seus lares<\/p>\n<p>\u2026 quando est\u00e3o recetivos \u00e0s suas mensagens<\/p>\n<p>\u2026 no preciso momento em que querem decidir o que v\u00e3o ver.<\/p>\n<p><strong>Os nossos Parceiros de Plataformas Televisivas incluem:<\/strong><\/p>\n<div style=\"float: left;width: 50%\">\n<ul>\n<li>Sky (Reino Unido)<\/li>\n<li>Mediaset Premium (It\u00e1lia)<\/li>\n<li>Nova Group (Rom\u00e9nia)<\/li>\n<li>Freeview (Reino Unido)<\/li>\n<li>Sky (It\u00e1lia)<\/li>\n<li>Plesul \/ Telemedia (Rom\u00e9nia)<\/li>\n<li>Freesat (Reino Unido)<\/li>\n<li>Persidera (It\u00e1lia)<\/li>\n<li>RCS (Rom\u00e9nia)<\/li>\n<li>Top-Up TV (Reino Unido)<\/li>\n<li>ART (M\u00e9dio Oriente)<\/li>\n<li>RomTelecom (Rom\u00e9nia)<\/li>\n<li>Foxtel (Austr\u00e1lia)<\/li>\n<li>Orbit Showtime (M\u00e9dio Oriente)<\/li>\n<li>Sangel Prod (Rom\u00e9nia)<\/li>\n<li>Belgacom (B\u00e9lgica)<\/li>\n<li>CAIW (Pa\u00edses Baixos)<\/li>\n<li>SC Canal S (Rom\u00e9nia)<\/li>\n<li>MaxTV (Cro\u00e1cia)<\/li>\n<li>Glashart Media (Pa\u00edses Baixos)<\/li>\n<li>SC Cuantic (Rom\u00e9nia)<\/li>\n<li>Now (Extremo Oriente)<\/li>\n<li>KPN (Pa\u00edses Baixos)<\/li>\n<li>SC Gilga (Rom\u00e9nia)<\/li>\n<li>Singtel (Extremo Oriente)<\/li>\n<li>Canal Digital (Noruega)<\/li>\n<li>SC Ines (Rom\u00e9nia)<\/li>\n<li>Starhub (Extremo Oriente)<\/li>\n<li>Aster (Pol\u00f3nia)<\/li>\n<li>SC Kety Prod (Rom\u00e9nia)<\/li>\n<li>Canal Satellite (Fran\u00e7a)<\/li>\n<li>Cyfra+ (Pol\u00f3nia)<\/li>\n<li>SC Lumident (Rom\u00e9nia)<\/li>\n<li>KDG (Alemanha)<\/li>\n<li>Cyfrowy Polsat (Pol\u00f3nia)<\/li>\n<li>SC Semsat (Rom\u00e9nia)<\/li>\n<li>Nova (Gr\u00e9cia)<\/li>\n<li>MultiMedia (Pol\u00f3nia)<\/li>\n<li>SC Telesat (Rom\u00e9nia)<\/li>\n<li>ONTelecoms (Gr\u00e9cia)<\/li>\n<li>N (Pol\u00f3nia)<\/li>\n<li>SC Toro Media (Rom\u00e9nia)<\/li>\n<li>OTE (Gr\u00e9cia)<\/li>\n<li>Toya (Pol\u00f3nia)<\/li>\n<li>Solpress (Rom\u00e9nia)<\/li>\n<li>Antenna (Hungria)<\/li>\n<li>Vectra (Pol\u00f3nia)<\/li>\n<li>UPC Rom\u00e9nia (Rom\u00e9nia)<\/li>\n<li>Digi TV (Hungria)<\/li>\n<li>UPC (Pol\u00f3nia)<\/li>\n<li>NTV (R\u00fassia)<\/li>\n<li>Fibernet (Hungria)<\/li>\n<li>Cabovis\u00e3o (Portugal)<\/li>\n<li>Platforma HD (R\u00fassia)<\/li>\n<li>HelloHD (Hungria)<\/li>\n<li>ClixSmart (Portugal)<\/li>\n<li>Astra (Internacional)<\/li>\n<li>Sky Alemanha (Alemanha)<\/li>\n<li>Starmax (M\u00e9dio Oriente)<\/li>\n<li>TeliaSonera (Pa\u00edses N\u00f3rdicos)<\/li>\n<\/ul>\n<\/div>\n<div style=\"float: right;width: 50%\">\n<ul>\n<li>Virgin (REINO UNIDO)<\/li>\n<li>Movistar (Espanha)<\/li>\n<li>Vemox (EUA)<\/li>\n<li>Echostar (EUA)<\/li>\n<li>Vodafone (Portugal)<\/li>\n<li>Vodafone (Espanha)<\/li>\n<li>SBB (S\u00e9rvia)<\/li>\n<li>HFC (Hungria)<\/li>\n<li>beIN (M\u00e9dio Oriente)<\/li>\n<li>Amis (Eslov\u00e9nia)<\/li>\n<li>Invitel (Hungria)<\/li>\n<li>Boxer Teracom (Su\u00e9cia)<\/li>\n<li>Mobitel (Eslov\u00e9nia)<\/li>\n<li>IP-Park (Hungria)<\/li>\n<li>Eutelsat Hot Bird (Internacional)<\/li>\n<li>Siol TV (Eslov\u00e9nia)<\/li>\n<li>KS8500 (Hungria)<\/li>\n<li>GO (Malta)<\/li>\n<li>Tus (Eslov\u00e9nia)<\/li>\n<li>Magyar Telekom (Hungria)<\/li>\n<li>Zon (Portugal)<\/li>\n<li>MultiChoice (\u00c1frica do Sul)<\/li>\n<li>Parisat (Hungria)<\/li>\n<li>Botu Service (Rom\u00e9nia)<\/li>\n<li>Abertis (Espanha)<\/li>\n<li>PR Tele (Hungria)<\/li>\n<li>Cable TV Sistem (Rom\u00e9nia)<\/li>\n<li>Digital Plus (Espanha)<\/li>\n<li>R\u00f6szkenet (Hungria)<\/li>\n<li>Clar Television (Rom\u00e9nia)<\/li>\n<li>ONO (Espanha)<\/li>\n<li>Rubicom (Hungria)<\/li>\n<li>Dynamic Distribution (Rom\u00e9nia)<\/li>\n<li>Teuve (Espanha)<\/li>\n<li>Szamosnet (Hungria)<\/li>\n<li>Electrotech Ind (Rom\u00e9nia)<\/li>\n<li>DigiTurk (Turquia)<\/li>\n<li>Szarvas (Hungria)<\/li>\n<li>GMB Computers (Rom\u00e9nia)<\/li>\n<li>DSmart (Turquia)<\/li>\n<li>TACell (Hungria)<\/li>\n<li>Greenzone (Rom\u00e9nia)<\/li>\n<li>Turksat (Turquia)<\/li>\n<li>Tarr (Hungria)<\/li>\n<li>Ideovet Serv (Rom\u00e9nia)<\/li>\n<li>Airtel (India)<\/li>\n<li>T-Kabel (Hungria)<\/li>\n<li>Ines (Rom\u00e9nia)<\/li>\n<li>Sky New Zealand<\/li>\n<li>UPC (Hungria)<\/li>\n<li>Iris ACTV Impex (Rom\u00e9nia)<\/li>\n<li>Azam TV (Tanz\u00e2nia)<\/li>\n<li>Vac Varosi (Hungria)<\/li>\n<li>Lidas Prod (Rom\u00e9nia)<\/li>\n<li>My HD (Dubai)<\/li>\n<li>ViDaNet (Hungria)<\/li>\n<li>Magnavox (Rom\u00e9nia)<\/li>\n<li>Altibox (Noruega)<\/li>\n<li>Yes! (Israel)<\/li>\n<li>Medvest (Rom\u00e9nia)<\/li>\n<li>Total Play (M\u00e9xico)<\/li>\n<\/ul>\n<\/div>\n<\/div>\n<\/div>\n","protected":false},"excerpt":{"rendered":"<p>OS NOSSOS PARCEIROS A Global Listings faculta dados de EPG a mais de 100 plataformas televisivas em todo o mundo. Trabalhando em parceria com os gigantes desta ind\u00fastria, numa escala global, disponibilizamos EPGs com um alcance de 6,6 bili\u00f5es de telespetadores na Europa, M\u00e9dio Oriente, \u00c1frica, \u00c1sia, Am\u00e9ricas e nas regi\u00f5es da \u00c1sia-Pac\u00edfico. Os EPGs [&hellip;]<\/p>\n","protected":false},"author":1,"featured_media":0,"parent":0,"menu_order":129,"comment_status":"closed","ping_status":"closed","template":"page-epgs_template.php","meta":{"_acf_changed":false,"footnotes":""},"class_list":["post-4829","page","type-page","status-publish","hentry"],"acf":[],"yoast_head":"<!-- This site is optimized with the Yoast SEO plugin v27.5 - https:\/\/yoast.com\/product\/yoast-seo-wordpress\/ -->\n<title>Os Nossos Parceiros - Global Listings<\/title>\n<meta name=\"robots\" content=\"index, follow, max-snippet:-1, max-image-preview:large, max-video-preview:-1\" \/>\n<link rel=\"canonical\" href=\"https:\/\/www.globalepgs.info\/pt-pt\/os-nossos-parceiros\/\" \/>\n<meta property=\"og:locale\" content=\"pt_PT\" \/>\n<meta property=\"og:type\" content=\"article\" \/>\n<meta property=\"og:title\" content=\"Os Nossos Parceiros - Global Listings\" \/>\n<meta property=\"og:description\" content=\"OS NOSSOS PARCEIROS A Global Listings faculta dados de EPG a mais de 100 plataformas televisivas em todo o mundo. Trabalhando em parceria com os gigantes desta ind\u00fastria, numa escala global, disponibilizamos EPGs com um alcance de 6,6 bili\u00f5es de telespetadores na Europa, M\u00e9dio Oriente, \u00c1frica, \u00c1sia, Am\u00e9ricas e nas regi\u00f5es da \u00c1sia-Pac\u00edfico. Os EPGs [&hellip;]\" \/>\n<meta property=\"og:url\" content=\"https:\/\/www.globalepgs.info\/pt-pt\/os-nossos-parceiros\/\" \/>\n<meta property=\"og:site_name\" content=\"Global Listings\" \/>\n<meta property=\"article:modified_time\" content=\"2017-12-19T11:04:48+00:00\" \/>\n<meta property=\"og:image\" content=\"http:\/\/globalepgs.info\/app\/uploads\/2017\/02\/circles9.png\" \/>\n<meta name=\"twitter:card\" content=\"summary_large_image\" \/>\n<meta name=\"twitter:label1\" content=\"Est. reading time\" \/>\n\t<meta name=\"twitter:data1\" content=\"3 minutes\" \/>\n<script type=\"application\/ld+json\" class=\"yoast-schema-graph\">{\"@context\":\"https:\\\/\\\/schema.org\",\"@graph\":[{\"@type\":\"WebPage\",\"@id\":\"https:\\\/\\\/www.globalepgs.info\\\/pt-pt\\\/os-nossos-parceiros\\\/\",\"url\":\"https:\\\/\\\/www.globalepgs.info\\\/pt-pt\\\/os-nossos-parceiros\\\/\",\"name\":\"Os Nossos Parceiros - Global Listings\",\"isPartOf\":{\"@id\":\"https:\\\/\\\/www.globalepgs.info\\\/es\\\/#website\"},\"primaryImageOfPage\":{\"@id\":\"https:\\\/\\\/www.globalepgs.info\\\/pt-pt\\\/os-nossos-parceiros\\\/#primaryimage\"},\"image\":{\"@id\":\"https:\\\/\\\/www.globalepgs.info\\\/pt-pt\\\/os-nossos-parceiros\\\/#primaryimage\"},\"thumbnailUrl\":\"http:\\\/\\\/globalepgs.info\\\/app\\\/uploads\\\/2017\\\/02\\\/circles9.png\",\"datePublished\":\"2017-03-17T01:10:13+00:00\",\"dateModified\":\"2017-12-19T11:04:48+00:00\",\"breadcrumb\":{\"@id\":\"https:\\\/\\\/www.globalepgs.info\\\/pt-pt\\\/os-nossos-parceiros\\\/#breadcrumb\"},\"inLanguage\":\"pt-PT\",\"potentialAction\":[{\"@type\":\"ReadAction\",\"target\":[\"https:\\\/\\\/www.globalepgs.info\\\/pt-pt\\\/os-nossos-parceiros\\\/\"]}]},{\"@type\":\"ImageObject\",\"inLanguage\":\"pt-PT\",\"@id\":\"https:\\\/\\\/www.globalepgs.info\\\/pt-pt\\\/os-nossos-parceiros\\\/#primaryimage\",\"url\":\"http:\\\/\\\/globalepgs.info\\\/app\\\/uploads\\\/2017\\\/02\\\/circles9.png\",\"contentUrl\":\"http:\\\/\\\/globalepgs.info\\\/app\\\/uploads\\\/2017\\\/02\\\/circles9.png\"},{\"@type\":\"BreadcrumbList\",\"@id\":\"https:\\\/\\\/www.globalepgs.info\\\/pt-pt\\\/os-nossos-parceiros\\\/#breadcrumb\",\"itemListElement\":[{\"@type\":\"ListItem\",\"position\":1,\"name\":\"Home\",\"item\":\"https:\\\/\\\/www.globalepgs.info\\\/pt-pt\\\/\"},{\"@type\":\"ListItem\",\"position\":2,\"name\":\"Os Nossos Parceiros\"}]},{\"@type\":\"WebSite\",\"@id\":\"https:\\\/\\\/www.globalepgs.info\\\/es\\\/#website\",\"url\":\"https:\\\/\\\/www.globalepgs.info\\\/es\\\/\",\"name\":\"Global Listings\",\"description\":\"Just another WordPress site\",\"potentialAction\":[{\"@type\":\"SearchAction\",\"target\":{\"@type\":\"EntryPoint\",\"urlTemplate\":\"https:\\\/\\\/www.globalepgs.info\\\/es\\\/?s={search_term_string}\"},\"query-input\":{\"@type\":\"PropertyValueSpecification\",\"valueRequired\":true,\"valueName\":\"search_term_string\"}}],\"inLanguage\":\"pt-PT\"}]}<\/script>\n<!-- \/ Yoast SEO plugin. -->","yoast_head_json":{"title":"Os Nossos Parceiros - Global Listings","robots":{"index":"index","follow":"follow","max-snippet":"max-snippet:-1","max-image-preview":"max-image-preview:large","max-video-preview":"max-video-preview:-1"},"canonical":"https:\/\/www.globalepgs.info\/pt-pt\/os-nossos-parceiros\/","og_locale":"pt_PT","og_type":"article","og_title":"Os Nossos Parceiros - Global Listings","og_description":"OS NOSSOS PARCEIROS A Global Listings faculta dados de EPG a mais de 100 plataformas televisivas em todo o mundo. Trabalhando em parceria com os gigantes desta ind\u00fastria, numa escala global, disponibilizamos EPGs com um alcance de 6,6 bili\u00f5es de telespetadores na Europa, M\u00e9dio Oriente, \u00c1frica, \u00c1sia, Am\u00e9ricas e nas regi\u00f5es da \u00c1sia-Pac\u00edfico. Os EPGs [&hellip;]","og_url":"https:\/\/www.globalepgs.info\/pt-pt\/os-nossos-parceiros\/","og_site_name":"Global Listings","article_modified_time":"2017-12-19T11:04:48+00:00","og_image":[{"url":"http:\/\/globalepgs.info\/app\/uploads\/2017\/02\/circles9.png","type":"","width":"","height":""}],"twitter_card":"summary_large_image","twitter_misc":{"Est. reading time":"3 minutes"},"schema":{"@context":"https:\/\/schema.org","@graph":[{"@type":"WebPage","@id":"https:\/\/www.globalepgs.info\/pt-pt\/os-nossos-parceiros\/","url":"https:\/\/www.globalepgs.info\/pt-pt\/os-nossos-parceiros\/","name":"Os Nossos Parceiros - Global Listings","isPartOf":{"@id":"https:\/\/www.globalepgs.info\/es\/#website"},"primaryImageOfPage":{"@id":"https:\/\/www.globalepgs.info\/pt-pt\/os-nossos-parceiros\/#primaryimage"},"image":{"@id":"https:\/\/www.globalepgs.info\/pt-pt\/os-nossos-parceiros\/#primaryimage"},"thumbnailUrl":"http:\/\/globalepgs.info\/app\/uploads\/2017\/02\/circles9.png","datePublished":"2017-03-17T01:10:13+00:00","dateModified":"2017-12-19T11:04:48+00:00","breadcrumb":{"@id":"https:\/\/www.globalepgs.info\/pt-pt\/os-nossos-parceiros\/#breadcrumb"},"inLanguage":"pt-PT","potentialAction":[{"@type":"ReadAction","target":["https:\/\/www.globalepgs.info\/pt-pt\/os-nossos-parceiros\/"]}]},{"@type":"ImageObject","inLanguage":"pt-PT","@id":"https:\/\/www.globalepgs.info\/pt-pt\/os-nossos-parceiros\/#primaryimage","url":"http:\/\/globalepgs.info\/app\/uploads\/2017\/02\/circles9.png","contentUrl":"http:\/\/globalepgs.info\/app\/uploads\/2017\/02\/circles9.png"},{"@type":"BreadcrumbList","@id":"https:\/\/www.globalepgs.info\/pt-pt\/os-nossos-parceiros\/#breadcrumb","itemListElement":[{"@type":"ListItem","position":1,"name":"Home","item":"https:\/\/www.globalepgs.info\/pt-pt\/"},{"@type":"ListItem","position":2,"name":"Os Nossos Parceiros"}]},{"@type":"WebSite","@id":"https:\/\/www.globalepgs.info\/es\/#website","url":"https:\/\/www.globalepgs.info\/es\/","name":"Global Listings","description":"Just another WordPress site","potentialAction":[{"@type":"SearchAction","target":{"@type":"EntryPoint","urlTemplate":"https:\/\/www.globalepgs.info\/es\/?s={search_term_string}"},"query-input":{"@type":"PropertyValueSpecification","valueRequired":true,"valueName":"search_term_string"}}],"inLanguage":"pt-PT"}]}},"_links":{"self":[{"href":"https:\/\/www.globalepgs.info\/pt-pt\/wp-json\/wp\/v2\/pages\/4829","targetHints":{"allow":["GET"]}}],"collection":[{"href":"https:\/\/www.globalepgs.info\/pt-pt\/wp-json\/wp\/v2\/pages"}],"about":[{"href":"https:\/\/www.globalepgs.info\/pt-pt\/wp-json\/wp\/v2\/types\/page"}],"author":[{"embeddable":true,"href":"https:\/\/www.globalepgs.info\/pt-pt\/wp-json\/wp\/v2\/users\/1"}],"replies":[{"embeddable":true,"href":"https:\/\/www.globalepgs.info\/pt-pt\/wp-json\/wp\/v2\/comments?post=4829"}],"version-history":[{"count":0,"href":"https:\/\/www.globalepgs.info\/pt-pt\/wp-json\/wp\/v2\/pages\/4829\/revisions"}],"wp:attachment":[{"href":"https:\/\/www.globalepgs.info\/pt-pt\/wp-json\/wp\/v2\/media?parent=4829"}],"curies":[{"name":"wp","href":"https:\/\/api.w.org\/{rel}","templated":true}]}}