{"id":5023,"date":"2017-03-21T07:11:29","date_gmt":"2017-03-21T07:11:29","guid":{"rendered":"http:\/\/www.globalepgs.info\/ro\/actualizari-permanente-ale-ghidurilor-tv-in-format-electronic\/"},"modified":"2017-12-13T07:22:52","modified_gmt":"2017-12-13T07:22:52","slug":"actualizari-permanente-ale-ghidurilor-tv-in-format-electronic","status":"publish","type":"page","link":"https:\/\/www.globalepgs.info\/ro\/actualizari-permanente-ale-ghidurilor-tv-in-format-electronic\/","title":{"rendered":"Actualiz\u0103ri permanente ale ghidurilor TV \u00een format electronic"},"content":{"rendered":"<div class=\"col-4\">\n<p><img decoding=\"async\" class=\"img-circle img-responsive\" src=\"http:\/\/globalepgs.info\/app\/uploads\/2017\/02\/circles8.png\" alt=\"content_photo\" \/><\/p>\n<p class=\"content\">Actualiz\u0103ri permanente ale ghidurilor TV \u00een format electronic<\/p>\n<\/div>\n<div class=\"col-8\">\n<div class=\"content\">\n<p>Difuzorilor c\u0103rora trebuie s\u0103 li se ofer\u0103 garan\u0163ia c\u0103 \u00ee\u015fi pot actualiza \u00een permanen\u0163\u0103 ghidurile TV \u00een format electronic (la miezul nop\u0163ii sau chiar \u00een ziua de Cr\u0103ciun), Global EPGs le pune la dispozi\u0163ie AGiLE<br \/>\n(Access Global Listings Everywhere).<\/p>\n<p>AGiLE este serviciul \u015fi aplica\u0163ia noastr\u0103 online adaptat\u0103, pentru mobile \u015fi tablete, prin intermediul c\u0103rora difuzorii pot accesa &#8211; pe loc &#8211; programele lor TV din baza de date Global EPGs pentru a efectua modific\u0103ri urgente \u015fi pentru a se asigura c\u0103 platforma lor TV online este mereu 100% adecvat\u0103.<\/p>\n<p>Dac\u0103 dori\u0163i un demo al acestei aplica\u0163ii, pentru compania dumneavoastr\u0103, v\u0103 rug\u0103m s\u0103 v\u0103 introduce\u0163i mai jos adresa de e-mail \u015fi v\u0103 vom contacta.<\/p>\n<p>Desigur, \u015fi echipele noastre sunt disponibile pentru a efectua acele actualiz\u0103ri ale ghidurilor TV \u00een format electronic, extrem de rapid, f\u0103r\u0103 a face compromisuri \u00een privin\u0163a calit\u0103\u0163ii pentru care suntem renumi\u0163i \u00een domeniu. Pute\u0163i opta pentru nivelul de servicii pe care \u00eel dori\u0163i: solu\u0163ii independente sau servicii gestionate de echipele noastre.<\/p>\n<\/div>\n<\/div>\n","protected":false},"excerpt":{"rendered":"<p>Actualiz\u0103ri permanente ale ghidurilor TV \u00een format electronic Difuzorilor c\u0103rora trebuie s\u0103 li se ofer\u0103 garan\u0163ia c\u0103 \u00ee\u015fi pot actualiza \u00een permanen\u0163\u0103 ghidurile TV \u00een format electronic (la miezul nop\u0163ii sau chiar \u00een ziua de Cr\u0103ciun), Global EPGs le pune la dispozi\u0163ie AGiLE (Access Global Listings Everywhere). AGiLE este serviciul \u015fi aplica\u0163ia noastr\u0103 online adaptat\u0103, [&hellip;]<\/p>\n","protected":false},"author":1,"featured_media":0,"parent":0,"menu_order":87,"comment_status":"closed","ping_status":"closed","template":"page-epgs_template.php","meta":{"_acf_changed":false,"footnotes":""},"class_list":["post-5023","page","type-page","status-publish","hentry"],"acf":[],"yoast_head":"<!-- This site is optimized with the Yoast SEO plugin v27.4 - https:\/\/yoast.com\/product\/yoast-seo-wordpress\/ -->\n<title>Actualiz\u0103ri permanente ale ghidurilor TV \u00een format electronic - Global Listings<\/title>\n<meta name=\"robots\" content=\"index, follow, max-snippet:-1, max-image-preview:large, max-video-preview:-1\" \/>\n<link rel=\"canonical\" href=\"https:\/\/www.globalepgs.info\/ro\/actualizari-permanente-ale-ghidurilor-tv-in-format-electronic\/\" \/>\n<meta property=\"og:locale\" content=\"ro_RO\" \/>\n<meta property=\"og:type\" content=\"article\" \/>\n<meta property=\"og:title\" content=\"Actualiz\u0103ri permanente ale ghidurilor TV \u00een format electronic - Global Listings\" \/>\n<meta property=\"og:description\" content=\"Actualiz\u0103ri permanente ale ghidurilor TV \u00een format electronic Difuzorilor c\u0103rora trebuie s\u0103 li se ofer\u0103 garan\u0163ia c\u0103 \u00ee\u015fi pot actualiza \u00een permanen\u0163\u0103 ghidurile TV \u00een format electronic (la miezul nop\u0163ii sau chiar \u00een ziua de Cr\u0103ciun), Global EPGs le pune la dispozi\u0163ie AGiLE (Access Global Listings Everywhere). AGiLE este serviciul \u015fi aplica\u0163ia noastr\u0103 online adaptat\u0103, [&hellip;]\" \/>\n<meta property=\"og:url\" content=\"https:\/\/www.globalepgs.info\/ro\/actualizari-permanente-ale-ghidurilor-tv-in-format-electronic\/\" \/>\n<meta property=\"og:site_name\" content=\"Global Listings\" \/>\n<meta property=\"article:modified_time\" content=\"2017-12-13T07:22:52+00:00\" \/>\n<meta property=\"og:image\" content=\"http:\/\/globalepgs.info\/app\/uploads\/2017\/02\/circles8.png\" \/>\n<meta name=\"twitter:card\" content=\"summary_large_image\" \/>\n<meta name=\"twitter:label1\" content=\"Est. reading time\" \/>\n\t<meta name=\"twitter:data1\" content=\"1 minute\" \/>\n<script type=\"application\/ld+json\" class=\"yoast-schema-graph\">{\"@context\":\"https:\\\/\\\/schema.org\",\"@graph\":[{\"@type\":\"WebPage\",\"@id\":\"https:\\\/\\\/www.globalepgs.info\\\/ro\\\/actualizari-permanente-ale-ghidurilor-tv-in-format-electronic\\\/\",\"url\":\"https:\\\/\\\/www.globalepgs.info\\\/ro\\\/actualizari-permanente-ale-ghidurilor-tv-in-format-electronic\\\/\",\"name\":\"Actualiz\u0103ri permanente ale ghidurilor TV \u00een format electronic - Global Listings\",\"isPartOf\":{\"@id\":\"https:\\\/\\\/www.globalepgs.info\\\/es\\\/#website\"},\"primaryImageOfPage\":{\"@id\":\"https:\\\/\\\/www.globalepgs.info\\\/ro\\\/actualizari-permanente-ale-ghidurilor-tv-in-format-electronic\\\/#primaryimage\"},\"image\":{\"@id\":\"https:\\\/\\\/www.globalepgs.info\\\/ro\\\/actualizari-permanente-ale-ghidurilor-tv-in-format-electronic\\\/#primaryimage\"},\"thumbnailUrl\":\"http:\\\/\\\/globalepgs.info\\\/app\\\/uploads\\\/2017\\\/02\\\/circles8.png\",\"datePublished\":\"2017-03-21T07:11:29+00:00\",\"dateModified\":\"2017-12-13T07:22:52+00:00\",\"breadcrumb\":{\"@id\":\"https:\\\/\\\/www.globalepgs.info\\\/ro\\\/actualizari-permanente-ale-ghidurilor-tv-in-format-electronic\\\/#breadcrumb\"},\"inLanguage\":\"ro-RO\",\"potentialAction\":[{\"@type\":\"ReadAction\",\"target\":[\"https:\\\/\\\/www.globalepgs.info\\\/ro\\\/actualizari-permanente-ale-ghidurilor-tv-in-format-electronic\\\/\"]}]},{\"@type\":\"ImageObject\",\"inLanguage\":\"ro-RO\",\"@id\":\"https:\\\/\\\/www.globalepgs.info\\\/ro\\\/actualizari-permanente-ale-ghidurilor-tv-in-format-electronic\\\/#primaryimage\",\"url\":\"http:\\\/\\\/globalepgs.info\\\/app\\\/uploads\\\/2017\\\/02\\\/circles8.png\",\"contentUrl\":\"http:\\\/\\\/globalepgs.info\\\/app\\\/uploads\\\/2017\\\/02\\\/circles8.png\"},{\"@type\":\"BreadcrumbList\",\"@id\":\"https:\\\/\\\/www.globalepgs.info\\\/ro\\\/actualizari-permanente-ale-ghidurilor-tv-in-format-electronic\\\/#breadcrumb\",\"itemListElement\":[{\"@type\":\"ListItem\",\"position\":1,\"name\":\"Home\",\"item\":\"https:\\\/\\\/www.globalepgs.info\\\/ro\\\/\"},{\"@type\":\"ListItem\",\"position\":2,\"name\":\"Actualiz\u0103ri permanente ale ghidurilor TV \u00een format electronic\"}]},{\"@type\":\"WebSite\",\"@id\":\"https:\\\/\\\/www.globalepgs.info\\\/es\\\/#website\",\"url\":\"https:\\\/\\\/www.globalepgs.info\\\/es\\\/\",\"name\":\"Global Listings\",\"description\":\"Just another WordPress site\",\"potentialAction\":[{\"@type\":\"SearchAction\",\"target\":{\"@type\":\"EntryPoint\",\"urlTemplate\":\"https:\\\/\\\/www.globalepgs.info\\\/es\\\/?s={search_term_string}\"},\"query-input\":{\"@type\":\"PropertyValueSpecification\",\"valueRequired\":true,\"valueName\":\"search_term_string\"}}],\"inLanguage\":\"ro-RO\"}]}<\/script>\n<!-- \/ Yoast SEO plugin. -->","yoast_head_json":{"title":"Actualiz\u0103ri permanente ale ghidurilor TV \u00een format electronic - Global Listings","robots":{"index":"index","follow":"follow","max-snippet":"max-snippet:-1","max-image-preview":"max-image-preview:large","max-video-preview":"max-video-preview:-1"},"canonical":"https:\/\/www.globalepgs.info\/ro\/actualizari-permanente-ale-ghidurilor-tv-in-format-electronic\/","og_locale":"ro_RO","og_type":"article","og_title":"Actualiz\u0103ri permanente ale ghidurilor TV \u00een format electronic - Global Listings","og_description":"Actualiz\u0103ri permanente ale ghidurilor TV \u00een format electronic Difuzorilor c\u0103rora trebuie s\u0103 li se ofer\u0103 garan\u0163ia c\u0103 \u00ee\u015fi pot actualiza \u00een permanen\u0163\u0103 ghidurile TV \u00een format electronic (la miezul nop\u0163ii sau chiar \u00een ziua de Cr\u0103ciun), Global EPGs le pune la dispozi\u0163ie AGiLE (Access Global Listings Everywhere). AGiLE este serviciul \u015fi aplica\u0163ia noastr\u0103 online adaptat\u0103, [&hellip;]","og_url":"https:\/\/www.globalepgs.info\/ro\/actualizari-permanente-ale-ghidurilor-tv-in-format-electronic\/","og_site_name":"Global Listings","article_modified_time":"2017-12-13T07:22:52+00:00","og_image":[{"url":"http:\/\/globalepgs.info\/app\/uploads\/2017\/02\/circles8.png","type":"","width":"","height":""}],"twitter_card":"summary_large_image","twitter_misc":{"Est. reading time":"1 minute"},"schema":{"@context":"https:\/\/schema.org","@graph":[{"@type":"WebPage","@id":"https:\/\/www.globalepgs.info\/ro\/actualizari-permanente-ale-ghidurilor-tv-in-format-electronic\/","url":"https:\/\/www.globalepgs.info\/ro\/actualizari-permanente-ale-ghidurilor-tv-in-format-electronic\/","name":"Actualiz\u0103ri permanente ale ghidurilor TV \u00een format electronic - Global Listings","isPartOf":{"@id":"https:\/\/www.globalepgs.info\/es\/#website"},"primaryImageOfPage":{"@id":"https:\/\/www.globalepgs.info\/ro\/actualizari-permanente-ale-ghidurilor-tv-in-format-electronic\/#primaryimage"},"image":{"@id":"https:\/\/www.globalepgs.info\/ro\/actualizari-permanente-ale-ghidurilor-tv-in-format-electronic\/#primaryimage"},"thumbnailUrl":"http:\/\/globalepgs.info\/app\/uploads\/2017\/02\/circles8.png","datePublished":"2017-03-21T07:11:29+00:00","dateModified":"2017-12-13T07:22:52+00:00","breadcrumb":{"@id":"https:\/\/www.globalepgs.info\/ro\/actualizari-permanente-ale-ghidurilor-tv-in-format-electronic\/#breadcrumb"},"inLanguage":"ro-RO","potentialAction":[{"@type":"ReadAction","target":["https:\/\/www.globalepgs.info\/ro\/actualizari-permanente-ale-ghidurilor-tv-in-format-electronic\/"]}]},{"@type":"ImageObject","inLanguage":"ro-RO","@id":"https:\/\/www.globalepgs.info\/ro\/actualizari-permanente-ale-ghidurilor-tv-in-format-electronic\/#primaryimage","url":"http:\/\/globalepgs.info\/app\/uploads\/2017\/02\/circles8.png","contentUrl":"http:\/\/globalepgs.info\/app\/uploads\/2017\/02\/circles8.png"},{"@type":"BreadcrumbList","@id":"https:\/\/www.globalepgs.info\/ro\/actualizari-permanente-ale-ghidurilor-tv-in-format-electronic\/#breadcrumb","itemListElement":[{"@type":"ListItem","position":1,"name":"Home","item":"https:\/\/www.globalepgs.info\/ro\/"},{"@type":"ListItem","position":2,"name":"Actualiz\u0103ri permanente ale ghidurilor TV \u00een format electronic"}]},{"@type":"WebSite","@id":"https:\/\/www.globalepgs.info\/es\/#website","url":"https:\/\/www.globalepgs.info\/es\/","name":"Global Listings","description":"Just another WordPress site","potentialAction":[{"@type":"SearchAction","target":{"@type":"EntryPoint","urlTemplate":"https:\/\/www.globalepgs.info\/es\/?s={search_term_string}"},"query-input":{"@type":"PropertyValueSpecification","valueRequired":true,"valueName":"search_term_string"}}],"inLanguage":"ro-RO"}]}},"_links":{"self":[{"href":"https:\/\/www.globalepgs.info\/ro\/wp-json\/wp\/v2\/pages\/5023","targetHints":{"allow":["GET"]}}],"collection":[{"href":"https:\/\/www.globalepgs.info\/ro\/wp-json\/wp\/v2\/pages"}],"about":[{"href":"https:\/\/www.globalepgs.info\/ro\/wp-json\/wp\/v2\/types\/page"}],"author":[{"embeddable":true,"href":"https:\/\/www.globalepgs.info\/ro\/wp-json\/wp\/v2\/users\/1"}],"replies":[{"embeddable":true,"href":"https:\/\/www.globalepgs.info\/ro\/wp-json\/wp\/v2\/comments?post=5023"}],"version-history":[{"count":0,"href":"https:\/\/www.globalepgs.info\/ro\/wp-json\/wp\/v2\/pages\/5023\/revisions"}],"wp:attachment":[{"href":"https:\/\/www.globalepgs.info\/ro\/wp-json\/wp\/v2\/media?parent=5023"}],"curies":[{"name":"wp","href":"https:\/\/api.w.org\/{rel}","templated":true}]}}