{"id":5024,"date":"2017-03-21T07:31:02","date_gmt":"2017-03-21T07:31:02","guid":{"rendered":"http:\/\/www.globalepgs.info\/ro\/partenerii-nostri\/"},"modified":"2017-12-13T07:24:41","modified_gmt":"2017-12-13T07:24:41","slug":"partenerii-nostri","status":"publish","type":"page","link":"https:\/\/www.globalepgs.info\/ro\/partenerii-nostri\/","title":{"rendered":"Partenerii no\u015ftri"},"content":{"rendered":"<div class=\"col-4\">\n<p><img decoding=\"async\" class=\"img-circle img-responsive\" src=\"http:\/\/globalepgs.info\/app\/uploads\/2017\/02\/circles9.png\" alt=\"content_photo\" \/><\/p>\n<p class=\"content\">PARTENERII NO\u015eTRI<\/p>\n<\/div>\n<div class=\"col-8\">\n<div class=\"content\">\n<p>Global Listings furnizeaz\u0103 informa\u0163ii pentru ghiduri de programe TV \u00een format electronic pentru peste 100 de platforme de televiziune din \u00eentreaga lume.<\/p>\n<p>Colabor\u00e2nd cu principalii gigan\u0163i din industrie, la scar\u0103 global\u0103, furniz\u0103m ghiduri de programe de televiziune care au o audien\u0163\u0103 de 6.6 miliarde, \u00een Europa, Orientul Mijlociu, Asia, America de Nord, America de Sud \u015fi regiunea Asia-Pacific.<\/p>\n<p>Ghidurile de programe TV \u00een format electronic pot influen\u0163a succesul sau e\u015fecul unei emisiuni; dac\u0103 respectivul con\u0163inut &#8220;vinde&#8221; emisiunea, telespectatorul o va urm\u0103ri; dac\u0103 prezentarea emisiunii nu este bine formulat\u0103, telespectatorul v\u0103 va evita canalul.<\/p>\n<p>Suntem exper\u0163i \u00een maximizarea audien\u0163ei pentru clien\u0163ii no\u015ftri difuzori, oferind informa\u0163ii corecte, inteligente, atractive, avansate din punct de vedere tehnologic, \u00een limba respectiv\u0103 \u015fi \u00een respectivul fus orar.<\/p>\n<p>Suntem un partener de afaceri axat pe client, dispunem de dot\u0103ri tehnice avansate \u015fi de inventivitate editorial\u0103. Solu\u0163iile noastre adaptate \u015fi tehnologiile ultramoderne garanteaz\u0103 faptul c\u0103 oferim ghiduri de programe TV \u00een format electronic care atrag \u00een mod eficient aten\u0163ia publicului unui canal TV:<\/p>\n<p>\u2026la ei acas\u0103<\/p>\n<p>\u2026c\u00e2nd sunt receptivi la mesajele dumneavoastr\u0103<\/p>\n<p>\u2026chiar \u00een momentul \u00een care decid ce anume s\u0103 vizioneze<\/p>\n<p><strong>Printre platformele TV partenere ale noastre se num\u0103r\u0103:<\/strong><\/p>\n<div style=\"float: left;width: 50%\">\n<ul>\n<li>Sky (Marea Britanie)<\/li>\n<li>Mediaset Premium (Italia)<\/li>\n<li>Nova Group (Rom\u00e2nia)<\/li>\n<li>Freeview (Marea Britanie)<\/li>\n<li>Sky (Italia)<\/li>\n<li>Plesul \/ Telemedia (Rom\u00e2nia)<\/li>\n<li>Freesat (Marea Britanie)<\/li>\n<li>Persidera (Italia)<\/li>\n<li>RCS (Rom\u00e2nia)<\/li>\n<li>Top-Up TV (Marea Britanie)<\/li>\n<li>ART (Orientul Mijlociu)<\/li>\n<li>RomTelecom (Rom\u00e2nia)<\/li>\n<li>Foxtel (Australia)<\/li>\n<li>Orbit Showtime (Orientul Mijlociu)<\/li>\n<li>Sangel Prod (Rom\u00e2nia)<\/li>\n<li>Belgacom (Belgia)<\/li>\n<li>CAIW (Olanda)<\/li>\n<li>SC Canal S (Rom\u00e2nia)<\/li>\n<li>MaxTV (Croa\u0163ia)<\/li>\n<li>Glashart Media (Olanda)<\/li>\n<li>SC Cuantic (Rom\u00e2nia)<\/li>\n<li>Now (Orientul \u00cendep\u0103rtat)<\/li>\n<li>KPN (Olanda)<\/li>\n<li>SC Gilga (Rom\u00e2nia)<\/li>\n<li>Singtel (Orientul \u00cendep\u0103rtat)<\/li>\n<li>Canal Digital (Norvegia)<\/li>\n<li>SC Ines (Rom\u00e2nia)<\/li>\n<li>Starhub (Orientul \u00cendep\u0103rtat)<\/li>\n<li>Aster (Polonia)<\/li>\n<li>SC Kety Prod (Rom\u00e2nia)<\/li>\n<li>Canal Satellite (Fran\u0163a)<\/li>\n<li>Cyfra+ (Polonia)<\/li>\n<li>SC Lumident (Rom\u00e2nia)<\/li>\n<li>KDG (Germania)<\/li>\n<li>Cyfrowy Polsat (Polonia)<\/li>\n<li>SC Semsat (Rom\u0103nia)<\/li>\n<li>Nova (Grecia)<\/li>\n<li>MultiMedia (Polonia)<\/li>\n<li>SC Telesat (Rom\u00e2nia)<\/li>\n<li>ONTelecoms (Grecia)<\/li>\n<li>N (Polonia)<\/li>\n<li>SC Toro Media (Rom\u00e2nia)<\/li>\n<li>OTE (Grecia)<\/li>\n<li>Toya (Polonia)<\/li>\n<li>Solpress (Rom\u00e2nia)<\/li>\n<li>Antenna (Ungaria)<\/li>\n<li>Vectra (Polonia)<\/li>\n<li>UPC Romania (Rom\u00e2nia)<\/li>\n<li>Digi TV (Ungaria)<\/li>\n<li>UPC (Polonia)<\/li>\n<li>NTV (Rusia)<\/li>\n<li>Fibernet (Ungaria)<\/li>\n<li>CaboVisao (Portugalia)<\/li>\n<li>Platforma HD (Rusia)<\/li>\n<li>HelloHD (Ungaria)<\/li>\n<li>ClixSmart (Portugalia)<\/li>\n<li>Astra (Interna\u0163ional)<\/li>\n<li>Sky Germany (Germania)<\/li>\n<li>Starmax (Orientul Mijlociu)<\/li>\n<li>TeliaSonera (\u0163\u0103rile nordice)<\/li>\n<\/ul>\n<\/div>\n<div style=\"float: right;width: 50%\">\n<ul>\n<li>Virgin (Marea Britanie)<\/li>\n<li>Movistar (Spania)<\/li>\n<li>Vemox (SUA)<\/li>\n<li>Echostar (SUA)<\/li>\n<li>Vodafone (Portugalia)<\/li>\n<li>Vodafone (Spania)<\/li>\n<li>SBB (Serbia)<\/li>\n<li>HFC (Ungaria)<\/li>\n<li>beIN (Orientul Mijlociu)<\/li>\n<li>Amis (Slovenia)<\/li>\n<li>Invitel (Ungaria)<\/li>\n<li>Boxer Teracom (Suedia)<\/li>\n<li>Mobitel (Slovenia)<\/li>\n<li>IP-Park (Ungaria)<\/li>\n<li>Eutelsat Hot Bird (Interna\u0163ional)<\/li>\n<li>Siol TV (Slovenia)<\/li>\n<li>KS8500 (Ungaria)<\/li>\n<li>GO (Malta)<\/li>\n<li>Tus (Slovenia)<\/li>\n<li>Magyar Telekom (Ungaria)<\/li>\n<li>Zon (Portugalia)<\/li>\n<li>MultiChoice (Africa de Sud)<\/li>\n<li>Parisat (Ungaria)<\/li>\n<li>Botu Service (Rom\u00e2nia)<\/li>\n<li>Abertis (Spania)<\/li>\n<li>PR Tele (Ungaria)<\/li>\n<li>Cable TV Sistem (Rom\u00e2nia)<\/li>\n<li>Digital Plus (Spain)<\/li>\n<li>R\u00f6szkenet (Hungary)<\/li>\n<li>Clar Television (Romania)<\/li>\n<li>ONO (Spania)<\/li>\n<li>Rubicom (Ungaria)<\/li>\n<li>Dynamic Distribution (Rom\u00e2nia)<\/li>\n<li>Teuve (Spania)<\/li>\n<li>Szamosnet (Ungaria)<\/li>\n<li>Electrotech Ind (Rom\u00e2nia)<\/li>\n<li>DigiTurk (Turcia)<\/li>\n<li>Szarvas (Ungaria)<\/li>\n<li>GMB Computers (Rom\u00e2nia)<\/li>\n<li>DSmart (Turcia)<\/li>\n<li>TACell (Ungaria)<\/li>\n<li>Greenzone (Rom\u00e2nia)<\/li>\n<li>Turksat (Turcia)<\/li>\n<li>Tarr (Ungaria)<\/li>\n<li>Ideovet Serv (Rom\u00e2nia)<\/li>\n<li>Airtel (India)<\/li>\n<li>T-Kabel (Ungaria)<\/li>\n<li>Ines (Rom\u00e2nia)<\/li>\n<li>Sky New Zealand<\/li>\n<li>UPC (Ungaria)<\/li>\n<li>Iris ACTV Impex (Rom\u00e2nia)<\/li>\n<li>Azam TV (Tanzania)<\/li>\n<li>Vac Varosi (Ungaria)<\/li>\n<li>Lidas Prod (Rom\u00e2nia)<\/li>\n<li>My HD (Dubai)<\/li>\n<li>ViDaNet (Ungaria)<\/li>\n<li>Magnavox (Rom\u00e2nia)<\/li>\n<li>Altibox (Norvegia)<\/li>\n<li>Yes! (Israel)<\/li>\n<li>Medvest (Rom\u00e2nia)<\/li>\n<li>Total Play (Mexic)<\/li>\n<\/ul>\n<\/div>\n<\/div>\n<\/div>\n","protected":false},"excerpt":{"rendered":"<p>PARTENERII NO\u015eTRI Global Listings furnizeaz\u0103 informa\u0163ii pentru ghiduri de programe TV \u00een format electronic pentru peste 100 de platforme de televiziune din \u00eentreaga lume. Colabor\u00e2nd cu principalii gigan\u0163i din industrie, la scar\u0103 global\u0103, furniz\u0103m ghiduri de programe de televiziune care au o audien\u0163\u0103 de 6.6 miliarde, \u00een Europa, Orientul Mijlociu, Asia, America de Nord, America [&hellip;]<\/p>\n","protected":false},"author":1,"featured_media":0,"parent":0,"menu_order":129,"comment_status":"closed","ping_status":"closed","template":"page-epgs_template.php","meta":{"_acf_changed":false,"footnotes":""},"class_list":["post-5024","page","type-page","status-publish","hentry"],"acf":[],"yoast_head":"<!-- This site is optimized with the Yoast SEO plugin v27.3 - https:\/\/yoast.com\/product\/yoast-seo-wordpress\/ -->\n<title>Partenerii no\u015ftri - Global Listings<\/title>\n<meta name=\"robots\" content=\"index, follow, max-snippet:-1, max-image-preview:large, max-video-preview:-1\" \/>\n<link rel=\"canonical\" href=\"https:\/\/www.globalepgs.info\/ro\/partenerii-nostri\/\" \/>\n<meta property=\"og:locale\" content=\"ro_RO\" \/>\n<meta property=\"og:type\" content=\"article\" \/>\n<meta property=\"og:title\" content=\"Partenerii no\u015ftri - Global Listings\" \/>\n<meta property=\"og:description\" content=\"PARTENERII NO\u015eTRI Global Listings furnizeaz\u0103 informa\u0163ii pentru ghiduri de programe TV \u00een format electronic pentru peste 100 de platforme de televiziune din \u00eentreaga lume. Colabor\u00e2nd cu principalii gigan\u0163i din industrie, la scar\u0103 global\u0103, furniz\u0103m ghiduri de programe de televiziune care au o audien\u0163\u0103 de 6.6 miliarde, \u00een Europa, Orientul Mijlociu, Asia, America de Nord, America [&hellip;]\" \/>\n<meta property=\"og:url\" content=\"https:\/\/www.globalepgs.info\/ro\/partenerii-nostri\/\" \/>\n<meta property=\"og:site_name\" content=\"Global Listings\" \/>\n<meta property=\"article:modified_time\" content=\"2017-12-13T07:24:41+00:00\" \/>\n<meta property=\"og:image\" content=\"http:\/\/globalepgs.info\/app\/uploads\/2017\/02\/circles9.png\" \/>\n<meta name=\"twitter:card\" content=\"summary_large_image\" \/>\n<meta name=\"twitter:label1\" content=\"Est. reading time\" \/>\n\t<meta name=\"twitter:data1\" content=\"3 minutes\" \/>\n<script type=\"application\/ld+json\" class=\"yoast-schema-graph\">{\"@context\":\"https:\\\/\\\/schema.org\",\"@graph\":[{\"@type\":\"WebPage\",\"@id\":\"https:\\\/\\\/www.globalepgs.info\\\/ro\\\/partenerii-nostri\\\/\",\"url\":\"https:\\\/\\\/www.globalepgs.info\\\/ro\\\/partenerii-nostri\\\/\",\"name\":\"Partenerii no\u015ftri - Global Listings\",\"isPartOf\":{\"@id\":\"https:\\\/\\\/www.globalepgs.info\\\/es\\\/#website\"},\"primaryImageOfPage\":{\"@id\":\"https:\\\/\\\/www.globalepgs.info\\\/ro\\\/partenerii-nostri\\\/#primaryimage\"},\"image\":{\"@id\":\"https:\\\/\\\/www.globalepgs.info\\\/ro\\\/partenerii-nostri\\\/#primaryimage\"},\"thumbnailUrl\":\"http:\\\/\\\/globalepgs.info\\\/app\\\/uploads\\\/2017\\\/02\\\/circles9.png\",\"datePublished\":\"2017-03-21T07:31:02+00:00\",\"dateModified\":\"2017-12-13T07:24:41+00:00\",\"breadcrumb\":{\"@id\":\"https:\\\/\\\/www.globalepgs.info\\\/ro\\\/partenerii-nostri\\\/#breadcrumb\"},\"inLanguage\":\"ro-RO\",\"potentialAction\":[{\"@type\":\"ReadAction\",\"target\":[\"https:\\\/\\\/www.globalepgs.info\\\/ro\\\/partenerii-nostri\\\/\"]}]},{\"@type\":\"ImageObject\",\"inLanguage\":\"ro-RO\",\"@id\":\"https:\\\/\\\/www.globalepgs.info\\\/ro\\\/partenerii-nostri\\\/#primaryimage\",\"url\":\"http:\\\/\\\/globalepgs.info\\\/app\\\/uploads\\\/2017\\\/02\\\/circles9.png\",\"contentUrl\":\"http:\\\/\\\/globalepgs.info\\\/app\\\/uploads\\\/2017\\\/02\\\/circles9.png\"},{\"@type\":\"BreadcrumbList\",\"@id\":\"https:\\\/\\\/www.globalepgs.info\\\/ro\\\/partenerii-nostri\\\/#breadcrumb\",\"itemListElement\":[{\"@type\":\"ListItem\",\"position\":1,\"name\":\"Home\",\"item\":\"https:\\\/\\\/www.globalepgs.info\\\/ro\\\/\"},{\"@type\":\"ListItem\",\"position\":2,\"name\":\"Partenerii no\u015ftri\"}]},{\"@type\":\"WebSite\",\"@id\":\"https:\\\/\\\/www.globalepgs.info\\\/es\\\/#website\",\"url\":\"https:\\\/\\\/www.globalepgs.info\\\/es\\\/\",\"name\":\"Global Listings\",\"description\":\"Just another WordPress site\",\"potentialAction\":[{\"@type\":\"SearchAction\",\"target\":{\"@type\":\"EntryPoint\",\"urlTemplate\":\"https:\\\/\\\/www.globalepgs.info\\\/es\\\/?s={search_term_string}\"},\"query-input\":{\"@type\":\"PropertyValueSpecification\",\"valueRequired\":true,\"valueName\":\"search_term_string\"}}],\"inLanguage\":\"ro-RO\"}]}<\/script>\n<!-- \/ Yoast SEO plugin. -->","yoast_head_json":{"title":"Partenerii no\u015ftri - Global Listings","robots":{"index":"index","follow":"follow","max-snippet":"max-snippet:-1","max-image-preview":"max-image-preview:large","max-video-preview":"max-video-preview:-1"},"canonical":"https:\/\/www.globalepgs.info\/ro\/partenerii-nostri\/","og_locale":"ro_RO","og_type":"article","og_title":"Partenerii no\u015ftri - Global Listings","og_description":"PARTENERII NO\u015eTRI Global Listings furnizeaz\u0103 informa\u0163ii pentru ghiduri de programe TV \u00een format electronic pentru peste 100 de platforme de televiziune din \u00eentreaga lume. Colabor\u00e2nd cu principalii gigan\u0163i din industrie, la scar\u0103 global\u0103, furniz\u0103m ghiduri de programe de televiziune care au o audien\u0163\u0103 de 6.6 miliarde, \u00een Europa, Orientul Mijlociu, Asia, America de Nord, America [&hellip;]","og_url":"https:\/\/www.globalepgs.info\/ro\/partenerii-nostri\/","og_site_name":"Global Listings","article_modified_time":"2017-12-13T07:24:41+00:00","og_image":[{"url":"http:\/\/globalepgs.info\/app\/uploads\/2017\/02\/circles9.png","type":"","width":"","height":""}],"twitter_card":"summary_large_image","twitter_misc":{"Est. reading time":"3 minutes"},"schema":{"@context":"https:\/\/schema.org","@graph":[{"@type":"WebPage","@id":"https:\/\/www.globalepgs.info\/ro\/partenerii-nostri\/","url":"https:\/\/www.globalepgs.info\/ro\/partenerii-nostri\/","name":"Partenerii no\u015ftri - Global Listings","isPartOf":{"@id":"https:\/\/www.globalepgs.info\/es\/#website"},"primaryImageOfPage":{"@id":"https:\/\/www.globalepgs.info\/ro\/partenerii-nostri\/#primaryimage"},"image":{"@id":"https:\/\/www.globalepgs.info\/ro\/partenerii-nostri\/#primaryimage"},"thumbnailUrl":"http:\/\/globalepgs.info\/app\/uploads\/2017\/02\/circles9.png","datePublished":"2017-03-21T07:31:02+00:00","dateModified":"2017-12-13T07:24:41+00:00","breadcrumb":{"@id":"https:\/\/www.globalepgs.info\/ro\/partenerii-nostri\/#breadcrumb"},"inLanguage":"ro-RO","potentialAction":[{"@type":"ReadAction","target":["https:\/\/www.globalepgs.info\/ro\/partenerii-nostri\/"]}]},{"@type":"ImageObject","inLanguage":"ro-RO","@id":"https:\/\/www.globalepgs.info\/ro\/partenerii-nostri\/#primaryimage","url":"http:\/\/globalepgs.info\/app\/uploads\/2017\/02\/circles9.png","contentUrl":"http:\/\/globalepgs.info\/app\/uploads\/2017\/02\/circles9.png"},{"@type":"BreadcrumbList","@id":"https:\/\/www.globalepgs.info\/ro\/partenerii-nostri\/#breadcrumb","itemListElement":[{"@type":"ListItem","position":1,"name":"Home","item":"https:\/\/www.globalepgs.info\/ro\/"},{"@type":"ListItem","position":2,"name":"Partenerii no\u015ftri"}]},{"@type":"WebSite","@id":"https:\/\/www.globalepgs.info\/es\/#website","url":"https:\/\/www.globalepgs.info\/es\/","name":"Global Listings","description":"Just another WordPress site","potentialAction":[{"@type":"SearchAction","target":{"@type":"EntryPoint","urlTemplate":"https:\/\/www.globalepgs.info\/es\/?s={search_term_string}"},"query-input":{"@type":"PropertyValueSpecification","valueRequired":true,"valueName":"search_term_string"}}],"inLanguage":"ro-RO"}]}},"_links":{"self":[{"href":"https:\/\/www.globalepgs.info\/ro\/wp-json\/wp\/v2\/pages\/5024","targetHints":{"allow":["GET"]}}],"collection":[{"href":"https:\/\/www.globalepgs.info\/ro\/wp-json\/wp\/v2\/pages"}],"about":[{"href":"https:\/\/www.globalepgs.info\/ro\/wp-json\/wp\/v2\/types\/page"}],"author":[{"embeddable":true,"href":"https:\/\/www.globalepgs.info\/ro\/wp-json\/wp\/v2\/users\/1"}],"replies":[{"embeddable":true,"href":"https:\/\/www.globalepgs.info\/ro\/wp-json\/wp\/v2\/comments?post=5024"}],"version-history":[{"count":0,"href":"https:\/\/www.globalepgs.info\/ro\/wp-json\/wp\/v2\/pages\/5024\/revisions"}],"wp:attachment":[{"href":"https:\/\/www.globalepgs.info\/ro\/wp-json\/wp\/v2\/media?parent=5024"}],"curies":[{"name":"wp","href":"https:\/\/api.w.org\/{rel}","templated":true}]}}