{"id":5025,"date":"2017-03-21T07:33:22","date_gmt":"2017-03-21T07:33:22","guid":{"rendered":"http:\/\/www.globalepgs.info\/ro\/cine-suntem\/"},"modified":"2017-12-13T07:28:31","modified_gmt":"2017-12-13T07:28:31","slug":"cine-suntem","status":"publish","type":"page","link":"https:\/\/www.globalepgs.info\/ro\/cine-suntem\/","title":{"rendered":"Cine suntem"},"content":{"rendered":"<div class=\"col-4\">\n<p><img decoding=\"async\" class=\"img-circle img-responsive\" src=\"http:\/\/globalepgs.info\/app\/uploads\/2017\/02\/3.png\" alt=\"content_photo\" \/><\/p>\n<p class=\"content\">CINE SUNTEM<\/p>\n<\/div>\n<div class=\"col-8\">\n<div class=\"content\">\n<p>Global EPGs este lider la nivel mondial de con\u0163inuturi de programe TV \u00een format electronic.<\/p>\n<p>Colabor\u0103m zi de zi cu peste 100 de platforme de televiziune &#8211; DTH, IPTV \u015fi VOD &#8211; oferind con\u0163inut editorial, date suplimentare ample \u015fi imagini care s\u0103 amplifice \u015fi s\u0103 maximizeze publicul clien\u0163ilor no\u015ftri difuzori, \u00een fiecare \u0163ar\u0103 \u00een parte.<\/p>\n<p>Punem la dispozi\u0163ie con\u0163inuturi la nivel interna\u0163ional pentru platforme de televiziune printre care se num\u0103r\u0103 Sky, MultiChoice, UPC, Virgin Media, CanalSat \u015fi Freeview, acestea fiind doar c\u00e2teva.<\/p>\n<p>Programele TV \u00een format electronic ofer\u0103 \u00een prezent informa\u0163ii mai detaliate, care permit o experien\u0163\u0103 interactiv\u0103, cu posibilit\u0103\u0163i mai vaste de alegere pentru privitor, care dep\u0103\u015fesc ecranele TV tradi\u0163ionale, extinz\u00e2ndu-se la smartphone-uri, tablete \u015fi ecranele calculatoarele. Global EpGs \u015ftie exact cum s\u0103 livreze con\u0163inutul TV al clien\u0163ilor no\u015ftri difuzori, pentru a satisface obiceiurile de vizionare ale publicului.<\/p>\n<p>At\u00e2t companiile difuzoare, c\u00e2t \u015fi platformele de televiziune vor s\u0103 colaboreze cu Global EPGs, deoarece noi oferim o solu\u0163ie adaptat\u0103, expert\u0103 din punct de vedere tehnologic, impecabil\u0103, care le satisface cerin\u0163ele privind programele de televiziune \u00een format electronic.<\/p>\n<p>Iar publicul iube\u015fte ceea ce facem, deoarece le oferim exact ceea ce vor s\u0103 \u015ftie, chiar \u00een momentul \u00een care decid ce anume vor s\u0103 urm\u0103reasc\u0103.<\/p>\n<\/div>\n<\/div>\n","protected":false},"excerpt":{"rendered":"<p>CINE SUNTEM Global EPGs este lider la nivel mondial de con\u0163inuturi de programe TV \u00een format electronic. Colabor\u0103m zi de zi cu peste 100 de platforme de televiziune &#8211; DTH, IPTV \u015fi VOD &#8211; oferind con\u0163inut editorial, date suplimentare ample \u015fi imagini care s\u0103 amplifice \u015fi s\u0103 maximizeze publicul clien\u0163ilor no\u015ftri difuzori, \u00een fiecare \u0163ar\u0103 [&hellip;]<\/p>\n","protected":false},"author":1,"featured_media":0,"parent":0,"menu_order":121,"comment_status":"closed","ping_status":"closed","template":"page-epgs_template.php","meta":{"_acf_changed":false,"footnotes":""},"class_list":["post-5025","page","type-page","status-publish","hentry"],"acf":[],"yoast_head":"<!-- This site is optimized with the Yoast SEO plugin v27.4 - https:\/\/yoast.com\/product\/yoast-seo-wordpress\/ -->\n<title>Cine suntem - Global Listings<\/title>\n<meta name=\"robots\" content=\"index, follow, max-snippet:-1, max-image-preview:large, max-video-preview:-1\" \/>\n<link rel=\"canonical\" href=\"https:\/\/www.globalepgs.info\/ro\/cine-suntem\/\" \/>\n<meta property=\"og:locale\" content=\"ro_RO\" \/>\n<meta property=\"og:type\" content=\"article\" \/>\n<meta property=\"og:title\" content=\"Cine suntem - Global Listings\" \/>\n<meta property=\"og:description\" content=\"CINE SUNTEM Global EPGs este lider la nivel mondial de con\u0163inuturi de programe TV \u00een format electronic. Colabor\u0103m zi de zi cu peste 100 de platforme de televiziune &#8211; DTH, IPTV \u015fi VOD &#8211; oferind con\u0163inut editorial, date suplimentare ample \u015fi imagini care s\u0103 amplifice \u015fi s\u0103 maximizeze publicul clien\u0163ilor no\u015ftri difuzori, \u00een fiecare \u0163ar\u0103 [&hellip;]\" \/>\n<meta property=\"og:url\" content=\"https:\/\/www.globalepgs.info\/ro\/cine-suntem\/\" \/>\n<meta property=\"og:site_name\" content=\"Global Listings\" \/>\n<meta property=\"article:modified_time\" content=\"2017-12-13T07:28:31+00:00\" \/>\n<meta property=\"og:image\" content=\"http:\/\/globalepgs.info\/app\/uploads\/2017\/02\/3.png\" \/>\n<meta name=\"twitter:card\" content=\"summary_large_image\" \/>\n<meta name=\"twitter:label1\" content=\"Est. reading time\" \/>\n\t<meta name=\"twitter:data1\" content=\"1 minute\" \/>\n<script type=\"application\/ld+json\" class=\"yoast-schema-graph\">{\"@context\":\"https:\\\/\\\/schema.org\",\"@graph\":[{\"@type\":\"WebPage\",\"@id\":\"https:\\\/\\\/www.globalepgs.info\\\/ro\\\/cine-suntem\\\/\",\"url\":\"https:\\\/\\\/www.globalepgs.info\\\/ro\\\/cine-suntem\\\/\",\"name\":\"Cine suntem - Global Listings\",\"isPartOf\":{\"@id\":\"https:\\\/\\\/www.globalepgs.info\\\/es\\\/#website\"},\"primaryImageOfPage\":{\"@id\":\"https:\\\/\\\/www.globalepgs.info\\\/ro\\\/cine-suntem\\\/#primaryimage\"},\"image\":{\"@id\":\"https:\\\/\\\/www.globalepgs.info\\\/ro\\\/cine-suntem\\\/#primaryimage\"},\"thumbnailUrl\":\"http:\\\/\\\/globalepgs.info\\\/app\\\/uploads\\\/2017\\\/02\\\/3.png\",\"datePublished\":\"2017-03-21T07:33:22+00:00\",\"dateModified\":\"2017-12-13T07:28:31+00:00\",\"breadcrumb\":{\"@id\":\"https:\\\/\\\/www.globalepgs.info\\\/ro\\\/cine-suntem\\\/#breadcrumb\"},\"inLanguage\":\"ro-RO\",\"potentialAction\":[{\"@type\":\"ReadAction\",\"target\":[\"https:\\\/\\\/www.globalepgs.info\\\/ro\\\/cine-suntem\\\/\"]}]},{\"@type\":\"ImageObject\",\"inLanguage\":\"ro-RO\",\"@id\":\"https:\\\/\\\/www.globalepgs.info\\\/ro\\\/cine-suntem\\\/#primaryimage\",\"url\":\"http:\\\/\\\/globalepgs.info\\\/app\\\/uploads\\\/2017\\\/02\\\/3.png\",\"contentUrl\":\"http:\\\/\\\/globalepgs.info\\\/app\\\/uploads\\\/2017\\\/02\\\/3.png\"},{\"@type\":\"BreadcrumbList\",\"@id\":\"https:\\\/\\\/www.globalepgs.info\\\/ro\\\/cine-suntem\\\/#breadcrumb\",\"itemListElement\":[{\"@type\":\"ListItem\",\"position\":1,\"name\":\"Home\",\"item\":\"https:\\\/\\\/www.globalepgs.info\\\/ro\\\/\"},{\"@type\":\"ListItem\",\"position\":2,\"name\":\"Cine suntem\"}]},{\"@type\":\"WebSite\",\"@id\":\"https:\\\/\\\/www.globalepgs.info\\\/es\\\/#website\",\"url\":\"https:\\\/\\\/www.globalepgs.info\\\/es\\\/\",\"name\":\"Global Listings\",\"description\":\"Just another WordPress site\",\"potentialAction\":[{\"@type\":\"SearchAction\",\"target\":{\"@type\":\"EntryPoint\",\"urlTemplate\":\"https:\\\/\\\/www.globalepgs.info\\\/es\\\/?s={search_term_string}\"},\"query-input\":{\"@type\":\"PropertyValueSpecification\",\"valueRequired\":true,\"valueName\":\"search_term_string\"}}],\"inLanguage\":\"ro-RO\"}]}<\/script>\n<!-- \/ Yoast SEO plugin. -->","yoast_head_json":{"title":"Cine suntem - Global Listings","robots":{"index":"index","follow":"follow","max-snippet":"max-snippet:-1","max-image-preview":"max-image-preview:large","max-video-preview":"max-video-preview:-1"},"canonical":"https:\/\/www.globalepgs.info\/ro\/cine-suntem\/","og_locale":"ro_RO","og_type":"article","og_title":"Cine suntem - Global Listings","og_description":"CINE SUNTEM Global EPGs este lider la nivel mondial de con\u0163inuturi de programe TV \u00een format electronic. Colabor\u0103m zi de zi cu peste 100 de platforme de televiziune &#8211; DTH, IPTV \u015fi VOD &#8211; oferind con\u0163inut editorial, date suplimentare ample \u015fi imagini care s\u0103 amplifice \u015fi s\u0103 maximizeze publicul clien\u0163ilor no\u015ftri difuzori, \u00een fiecare \u0163ar\u0103 [&hellip;]","og_url":"https:\/\/www.globalepgs.info\/ro\/cine-suntem\/","og_site_name":"Global Listings","article_modified_time":"2017-12-13T07:28:31+00:00","og_image":[{"url":"http:\/\/globalepgs.info\/app\/uploads\/2017\/02\/3.png","type":"","width":"","height":""}],"twitter_card":"summary_large_image","twitter_misc":{"Est. reading time":"1 minute"},"schema":{"@context":"https:\/\/schema.org","@graph":[{"@type":"WebPage","@id":"https:\/\/www.globalepgs.info\/ro\/cine-suntem\/","url":"https:\/\/www.globalepgs.info\/ro\/cine-suntem\/","name":"Cine suntem - Global Listings","isPartOf":{"@id":"https:\/\/www.globalepgs.info\/es\/#website"},"primaryImageOfPage":{"@id":"https:\/\/www.globalepgs.info\/ro\/cine-suntem\/#primaryimage"},"image":{"@id":"https:\/\/www.globalepgs.info\/ro\/cine-suntem\/#primaryimage"},"thumbnailUrl":"http:\/\/globalepgs.info\/app\/uploads\/2017\/02\/3.png","datePublished":"2017-03-21T07:33:22+00:00","dateModified":"2017-12-13T07:28:31+00:00","breadcrumb":{"@id":"https:\/\/www.globalepgs.info\/ro\/cine-suntem\/#breadcrumb"},"inLanguage":"ro-RO","potentialAction":[{"@type":"ReadAction","target":["https:\/\/www.globalepgs.info\/ro\/cine-suntem\/"]}]},{"@type":"ImageObject","inLanguage":"ro-RO","@id":"https:\/\/www.globalepgs.info\/ro\/cine-suntem\/#primaryimage","url":"http:\/\/globalepgs.info\/app\/uploads\/2017\/02\/3.png","contentUrl":"http:\/\/globalepgs.info\/app\/uploads\/2017\/02\/3.png"},{"@type":"BreadcrumbList","@id":"https:\/\/www.globalepgs.info\/ro\/cine-suntem\/#breadcrumb","itemListElement":[{"@type":"ListItem","position":1,"name":"Home","item":"https:\/\/www.globalepgs.info\/ro\/"},{"@type":"ListItem","position":2,"name":"Cine suntem"}]},{"@type":"WebSite","@id":"https:\/\/www.globalepgs.info\/es\/#website","url":"https:\/\/www.globalepgs.info\/es\/","name":"Global Listings","description":"Just another WordPress site","potentialAction":[{"@type":"SearchAction","target":{"@type":"EntryPoint","urlTemplate":"https:\/\/www.globalepgs.info\/es\/?s={search_term_string}"},"query-input":{"@type":"PropertyValueSpecification","valueRequired":true,"valueName":"search_term_string"}}],"inLanguage":"ro-RO"}]}},"_links":{"self":[{"href":"https:\/\/www.globalepgs.info\/ro\/wp-json\/wp\/v2\/pages\/5025","targetHints":{"allow":["GET"]}}],"collection":[{"href":"https:\/\/www.globalepgs.info\/ro\/wp-json\/wp\/v2\/pages"}],"about":[{"href":"https:\/\/www.globalepgs.info\/ro\/wp-json\/wp\/v2\/types\/page"}],"author":[{"embeddable":true,"href":"https:\/\/www.globalepgs.info\/ro\/wp-json\/wp\/v2\/users\/1"}],"replies":[{"embeddable":true,"href":"https:\/\/www.globalepgs.info\/ro\/wp-json\/wp\/v2\/comments?post=5025"}],"version-history":[{"count":0,"href":"https:\/\/www.globalepgs.info\/ro\/wp-json\/wp\/v2\/pages\/5025\/revisions"}],"wp:attachment":[{"href":"https:\/\/www.globalepgs.info\/ro\/wp-json\/wp\/v2\/media?parent=5025"}],"curies":[{"name":"wp","href":"https:\/\/api.w.org\/{rel}","templated":true}]}}