{"id":5026,"date":"2017-03-21T08:17:50","date_gmt":"2017-03-21T08:17:50","guid":{"rendered":"http:\/\/www.globalepgs.info\/ro\/servicii\/"},"modified":"2017-12-14T05:53:48","modified_gmt":"2017-12-14T05:53:48","slug":"servicii","status":"publish","type":"page","link":"https:\/\/www.globalepgs.info\/ro\/servicii\/","title":{"rendered":"SERVICII"},"content":{"rendered":"<div class=\"col-4\">\n<p><img decoding=\"async\" class=\"img-circle img-responsive\" src=\"http:\/\/globalepgs.info\/app\/uploads\/2017\/02\/circles7.png\" alt=\"\" \/><\/p>\n<p class=\"content\">SERVICII<\/p>\n<\/div>\n<div class=\"col-8\">\n<div class=\"content\">\n<p>Oferim urm\u0103toarea genera\u0163ie de ghiduri TV \u00een format electronic.<\/p>\n<p>Solu\u0163iile noastre pentru ghidurile TV \u00een format electronic sunt unice, deoarece sunt concepute astfel \u00eenc\u00e2t s\u0103 ghideze audien\u0163ele TV, pentru ca publicul s\u0103 g\u0103seasc\u0103 u\u015for con\u0163inuturile \u015fi s\u0103 fie atras de ele, fie c\u0103 opteaz\u0103 pentru programe TV la cerere, liniare sau furnizate prin intermediul serviciilor OTT.<\/p>\n<p>Gra\u0163ie echipelor noastre foarte pricepute \u015fi industriei dinamice, putem oferi o experien\u0163\u0103 coerent\u0103 \u015fi atractiv\u0103, pentru a fideliza telespectatorul \u015fi pentru a ne asigura c\u0103 v\u0103 va iubi canalul \u015fi va avea \u00eencredere \u00een el.<\/p>\n<p>Global EPGs colaboreaz\u0103 cu platforme de televiziune din \u00eentreaga lume, de pe toate continentele, cu excep\u0163ia Antarcticii (dar ne str\u0103duim s\u0103 ajungem \u015fi acolo!).<\/p>\n<p>\u00cen ceea ce prive\u015fte ghidurile TV la nivel interna\u0163ional, suntem lider de pia\u0163\u0103 \u015fi suntem familiariza\u0163i cu fusele orare, aspectele culturale sensibile, seturile diferite de caractere, metodele de livrare, specifica\u0163ii tehnice, deadline-uri, cerin\u0163ele privind datele suplimentare \u015fi diverse alte specifica\u0163ii individuale ale fiec\u0103rei platforme.<\/p>\n<p>\u00cen mod esen\u0163ial, oferim date pentru ghidurile TV \u00een format electronic, \u00een momentul potrivit, \u00een formatul adecvat \u015fi \u00een locul solicitat!<\/p>\n<p>Global EPGs poate amplifica profilul ghidului TV al canalului dumneavoastr\u0103 \u00een multe moduri, printre care se num\u0103r\u0103:<\/p>\n<p><strong>IMAGINI ASOCIATE PROGRAMELOR<\/strong><br \/>\nAta\u015f\u0103m imagini oric\u0103rui text despre emisiuni de televiziune, iar acestea pot fi diferite pentru fiecare nivel al programelor: nivelul seriei (de exemplu, Keeping Up With The Kardashians), nivelul sezonului (de exemplu, Sezonul 2) \u015fi apoi episoadele separate, fiecare dintre ele put\u00e2nd avea asociat\u0103 o imagine diferit\u0103.<\/p>\n<p>Imaginile sunt stocate \u00een baza noastr\u0103 central\u0103 de date \u015fi pot fi exportate \u00een diverse dimensiuni \u015fi rezolu\u0163ii, conform cerin\u0163elor fiec\u0103rei platforme TV.<\/p>\n<p><strong>SIDELOADING &amp; STREAMING<\/strong><br \/>\nMulte platforme TV ofer\u0103 \u00een prezent aplica\u0163ii adaptate care le permit abona\u0163ilor lor s\u0103 urm\u0103reasc\u0103 programe \u015fi s\u0103 aib\u0103 acces la materiale \u00eenregistrate anterior, prin intermediul unui dispozitiv de ordin secundar, cum ar fi un smartphone sau o tablet\u0103.<\/p>\n<p>Acest tip de difuzare este asociat cu diverse specifica\u0163ii, de la drepturi de licen\u0163\u0103 generale p\u00e2n\u0103 la disponibilitatea \u00een anumite intervale a unui program downloadat &#8211; iar Global EPGs ajut\u0103 difuzorii s\u0103 gestioneze acest domeniu cu poten\u0163ial problematic, oferind platformelor TV exact ceea ce au nevoie, la nivelul datelor suplimentare asociate.<\/p>\n<p><strong>SERVICII DE ACCES<\/strong><br \/>\n\u00cen prezent este obligatoriu ca multe canale de televiziune s\u0103 marcheze programele subtitrate pentru persoane cu deficien\u0163e auditive, care prezint\u0103 \u00een paralel translarea \u00een limbajul semnelor \u015fi descrieri auditive. Global EPGs colaboreaz\u0103 cu difuzorii, pentru a se asigura c\u0103 angajamentele lor \u00een privin\u0163a accesului la servicii sunt corect reflectate \u00een ghidurile TV \u00een format electronic.<\/p>\n<p><strong>CONEXIUNILE DINTRE SERIALE<\/strong><br \/>\nGlobal EPGs consider\u0103 conexiunile dintre seriale o form\u0103 de art\u0103 \u00een sine, iar tehnologia noastr\u0103 avansat\u0103 ne permite s\u0103 cre\u0103m asocieri \u00eentre serii, implic\u00e2nd mai multe platforme, indiferent de programarea orar\u0103 a emisiunilor unui canal de televiziune.<\/p>\n<p>Cunoa\u015ftem \u015fi respect\u0103m regulile care vizeaz\u0103 asocierile titlurilor, finalizarea \u015firului de emisiuni la \u00eencheierea unui sezon \u015fi nu l\u0103s\u0103m o distan\u0163\u0103 prea mare \u00eentre dou\u0103 episoade asociate.<\/p>\n<p>De asemenea, tehnologia noastr\u0103 pentru ghidurile TV \u00een format electronic ne permite s\u0103 cre\u0103m leg\u0103turi \u00eentre filme, episoade \u015fi programe independente care fac parte dintr-un sezon sau dintr-o serie.<\/p>\n<p>Solicita\u0163i-ne un demo: <a href=\"mailto:epgs@globallistings.info\">epgs@globallistings.info<\/a><\/p>\n<p><strong>Pasiune pentru televiziune \u015fi entuziasm pentru corectitudine<\/strong><\/p>\n<p>Solu\u0163iile noastre pentru ghidurile TV \u00een format electronic combin\u0103 con\u0163inutul dinamic, informa\u0163iile suplimentare ample \u015fi tehnologia avansat\u0103, cu scopul de a furniza experien\u0163e de televiziune foarte atractive pentru publicurile difuzorilor no\u015ftri &#8211; la scar\u0103 global\u0103.<\/p>\n<p>Fie c\u0103 publicul unui canal de televizune urm\u0103re\u015fte emisiunile sale preferate \u00een mod tradi\u0163ional, la televizor, fie alege s\u0103 vizioneze con\u0163inutul online &#8211; de la transmisii sportive live la filme sau de la muzic\u0103 la \u015ftiri \u015fi divertisment &#8211; echipele noastre din Marea Britanie \u015fi de la nivel interna\u0163ional ofer\u0103 formul\u0103ri dinamice \u015fi date suplimentare descriptive, personalizate, pentru fiecare canal, \u015fi localizate pentru fiecare regiune, furniz\u00e2nd o solu\u0163ie adecvat\u0103, garantat\u0103 s\u0103 capteze aten\u0163ia \u015fi s\u0103 atrag\u0103 publicurile.<\/p>\n<p>Standardele noastre de corectitudine sunt inegalabile.<\/p>\n<p>Standardele noastre editoriale sunt renumite la nivelul \u00eentregii industrii.<\/p>\n<p>Capacit\u0103\u0163ile noastre tehnice furnizeaz\u0103 con\u0163inuturi aferente canalelor de televiziune, la nivelul mai multor platforme.<\/p>\n<p>Cre\u00e2nd, gestion\u00e2nd \u015fi furniz\u00e2nd aceste informa\u0163ii \u00een numele clien\u0163ilor no\u015ftri, Global EPGs garanteaz\u0103 c\u0103 partenerii no\u015ftri beneficiaz\u0103 de o reprezentare complet\u0103, sub aspectul func\u0163ionalit\u0103\u0163ii complete a urm\u0103toarei genera\u0163ii de ghiduri TV \u00een format electronic: facilit\u0103\u0163i de c\u0103utare sporite, recomand\u0103ri \u00een func\u0163ie de profilul preferin\u0163elor, asocieri inteligente ale seriilor etc.<\/p>\n<p>Este esen\u0163ial pentru dezvoltarea \u015fi popularitatea unui canal pe pia\u0163a extrem de competitiv\u0103 din domeniul televiziunii &#8211; fie c\u0103 este vorba despre televiziune liniar\u0103, VOD, OTT sau IPTV, ca telespectatorii s\u0103 \u015ftie ce anume ruleaz\u0103 pe un anumit canal &#8211; iar aceste informa\u0163ii depind \u00een mod absolut de con\u0163inutul ghidurilor TV \u00een format electronic.<\/p>\n<p>Al\u0103turi de Global EPGs, pute\u0163i fi sigur c\u0103 ghidul TV \u00een format electronic pentru canalul dumneavoastr\u0103 va fi creat pentru a fi complet adecvat publicului dumneavoastr\u0103 \u0163int\u0103.<\/p>\n<\/div>\n<\/div>\n","protected":false},"excerpt":{"rendered":"<p>SERVICII Oferim urm\u0103toarea genera\u0163ie de ghiduri TV \u00een format electronic. Solu\u0163iile noastre pentru ghidurile TV \u00een format electronic sunt unice, deoarece sunt concepute astfel \u00eenc\u00e2t s\u0103 ghideze audien\u0163ele TV, pentru ca publicul s\u0103 g\u0103seasc\u0103 u\u015for con\u0163inuturile \u015fi s\u0103 fie atras de ele, fie c\u0103 opteaz\u0103 pentru programe TV la cerere, liniare sau furnizate prin intermediul [&hellip;]<\/p>\n","protected":false},"author":1,"featured_media":0,"parent":0,"menu_order":209,"comment_status":"closed","ping_status":"closed","template":"page-epgs_template.php","meta":{"_acf_changed":false,"footnotes":""},"class_list":["post-5026","page","type-page","status-publish","hentry"],"acf":[],"yoast_head":"<!-- This site is optimized with the Yoast SEO plugin v27.4 - https:\/\/yoast.com\/product\/yoast-seo-wordpress\/ -->\n<title>SERVICII - Global Listings<\/title>\n<meta name=\"robots\" content=\"index, follow, max-snippet:-1, max-image-preview:large, max-video-preview:-1\" \/>\n<link rel=\"canonical\" href=\"https:\/\/www.globalepgs.info\/ro\/servicii\/\" \/>\n<meta property=\"og:locale\" content=\"ro_RO\" \/>\n<meta property=\"og:type\" content=\"article\" \/>\n<meta property=\"og:title\" content=\"SERVICII - Global Listings\" \/>\n<meta property=\"og:description\" content=\"SERVICII Oferim urm\u0103toarea genera\u0163ie de ghiduri TV \u00een format electronic. Solu\u0163iile noastre pentru ghidurile TV \u00een format electronic sunt unice, deoarece sunt concepute astfel \u00eenc\u00e2t s\u0103 ghideze audien\u0163ele TV, pentru ca publicul s\u0103 g\u0103seasc\u0103 u\u015for con\u0163inuturile \u015fi s\u0103 fie atras de ele, fie c\u0103 opteaz\u0103 pentru programe TV la cerere, liniare sau furnizate prin intermediul [&hellip;]\" \/>\n<meta property=\"og:url\" content=\"https:\/\/www.globalepgs.info\/ro\/servicii\/\" \/>\n<meta property=\"og:site_name\" content=\"Global Listings\" \/>\n<meta property=\"article:modified_time\" content=\"2017-12-14T05:53:48+00:00\" \/>\n<meta property=\"og:image\" content=\"http:\/\/globalepgs.info\/app\/uploads\/2017\/02\/circles7.png\" \/>\n<meta name=\"twitter:card\" content=\"summary_large_image\" \/>\n<meta name=\"twitter:label1\" content=\"Est. reading time\" \/>\n\t<meta name=\"twitter:data1\" content=\"4 minutes\" \/>\n<script type=\"application\/ld+json\" class=\"yoast-schema-graph\">{\"@context\":\"https:\\\/\\\/schema.org\",\"@graph\":[{\"@type\":\"WebPage\",\"@id\":\"https:\\\/\\\/www.globalepgs.info\\\/ro\\\/servicii\\\/\",\"url\":\"https:\\\/\\\/www.globalepgs.info\\\/ro\\\/servicii\\\/\",\"name\":\"SERVICII - Global Listings\",\"isPartOf\":{\"@id\":\"https:\\\/\\\/www.globalepgs.info\\\/es\\\/#website\"},\"primaryImageOfPage\":{\"@id\":\"https:\\\/\\\/www.globalepgs.info\\\/ro\\\/servicii\\\/#primaryimage\"},\"image\":{\"@id\":\"https:\\\/\\\/www.globalepgs.info\\\/ro\\\/servicii\\\/#primaryimage\"},\"thumbnailUrl\":\"http:\\\/\\\/globalepgs.info\\\/app\\\/uploads\\\/2017\\\/02\\\/circles7.png\",\"datePublished\":\"2017-03-21T08:17:50+00:00\",\"dateModified\":\"2017-12-14T05:53:48+00:00\",\"breadcrumb\":{\"@id\":\"https:\\\/\\\/www.globalepgs.info\\\/ro\\\/servicii\\\/#breadcrumb\"},\"inLanguage\":\"ro-RO\",\"potentialAction\":[{\"@type\":\"ReadAction\",\"target\":[\"https:\\\/\\\/www.globalepgs.info\\\/ro\\\/servicii\\\/\"]}]},{\"@type\":\"ImageObject\",\"inLanguage\":\"ro-RO\",\"@id\":\"https:\\\/\\\/www.globalepgs.info\\\/ro\\\/servicii\\\/#primaryimage\",\"url\":\"http:\\\/\\\/globalepgs.info\\\/app\\\/uploads\\\/2017\\\/02\\\/circles7.png\",\"contentUrl\":\"http:\\\/\\\/globalepgs.info\\\/app\\\/uploads\\\/2017\\\/02\\\/circles7.png\"},{\"@type\":\"BreadcrumbList\",\"@id\":\"https:\\\/\\\/www.globalepgs.info\\\/ro\\\/servicii\\\/#breadcrumb\",\"itemListElement\":[{\"@type\":\"ListItem\",\"position\":1,\"name\":\"Home\",\"item\":\"https:\\\/\\\/www.globalepgs.info\\\/ro\\\/\"},{\"@type\":\"ListItem\",\"position\":2,\"name\":\"SERVICII\"}]},{\"@type\":\"WebSite\",\"@id\":\"https:\\\/\\\/www.globalepgs.info\\\/es\\\/#website\",\"url\":\"https:\\\/\\\/www.globalepgs.info\\\/es\\\/\",\"name\":\"Global Listings\",\"description\":\"Just another WordPress site\",\"potentialAction\":[{\"@type\":\"SearchAction\",\"target\":{\"@type\":\"EntryPoint\",\"urlTemplate\":\"https:\\\/\\\/www.globalepgs.info\\\/es\\\/?s={search_term_string}\"},\"query-input\":{\"@type\":\"PropertyValueSpecification\",\"valueRequired\":true,\"valueName\":\"search_term_string\"}}],\"inLanguage\":\"ro-RO\"}]}<\/script>\n<!-- \/ Yoast SEO plugin. -->","yoast_head_json":{"title":"SERVICII - Global Listings","robots":{"index":"index","follow":"follow","max-snippet":"max-snippet:-1","max-image-preview":"max-image-preview:large","max-video-preview":"max-video-preview:-1"},"canonical":"https:\/\/www.globalepgs.info\/ro\/servicii\/","og_locale":"ro_RO","og_type":"article","og_title":"SERVICII - Global Listings","og_description":"SERVICII Oferim urm\u0103toarea genera\u0163ie de ghiduri TV \u00een format electronic. Solu\u0163iile noastre pentru ghidurile TV \u00een format electronic sunt unice, deoarece sunt concepute astfel \u00eenc\u00e2t s\u0103 ghideze audien\u0163ele TV, pentru ca publicul s\u0103 g\u0103seasc\u0103 u\u015for con\u0163inuturile \u015fi s\u0103 fie atras de ele, fie c\u0103 opteaz\u0103 pentru programe TV la cerere, liniare sau furnizate prin intermediul [&hellip;]","og_url":"https:\/\/www.globalepgs.info\/ro\/servicii\/","og_site_name":"Global Listings","article_modified_time":"2017-12-14T05:53:48+00:00","og_image":[{"url":"http:\/\/globalepgs.info\/app\/uploads\/2017\/02\/circles7.png","type":"","width":"","height":""}],"twitter_card":"summary_large_image","twitter_misc":{"Est. reading time":"4 minutes"},"schema":{"@context":"https:\/\/schema.org","@graph":[{"@type":"WebPage","@id":"https:\/\/www.globalepgs.info\/ro\/servicii\/","url":"https:\/\/www.globalepgs.info\/ro\/servicii\/","name":"SERVICII - Global Listings","isPartOf":{"@id":"https:\/\/www.globalepgs.info\/es\/#website"},"primaryImageOfPage":{"@id":"https:\/\/www.globalepgs.info\/ro\/servicii\/#primaryimage"},"image":{"@id":"https:\/\/www.globalepgs.info\/ro\/servicii\/#primaryimage"},"thumbnailUrl":"http:\/\/globalepgs.info\/app\/uploads\/2017\/02\/circles7.png","datePublished":"2017-03-21T08:17:50+00:00","dateModified":"2017-12-14T05:53:48+00:00","breadcrumb":{"@id":"https:\/\/www.globalepgs.info\/ro\/servicii\/#breadcrumb"},"inLanguage":"ro-RO","potentialAction":[{"@type":"ReadAction","target":["https:\/\/www.globalepgs.info\/ro\/servicii\/"]}]},{"@type":"ImageObject","inLanguage":"ro-RO","@id":"https:\/\/www.globalepgs.info\/ro\/servicii\/#primaryimage","url":"http:\/\/globalepgs.info\/app\/uploads\/2017\/02\/circles7.png","contentUrl":"http:\/\/globalepgs.info\/app\/uploads\/2017\/02\/circles7.png"},{"@type":"BreadcrumbList","@id":"https:\/\/www.globalepgs.info\/ro\/servicii\/#breadcrumb","itemListElement":[{"@type":"ListItem","position":1,"name":"Home","item":"https:\/\/www.globalepgs.info\/ro\/"},{"@type":"ListItem","position":2,"name":"SERVICII"}]},{"@type":"WebSite","@id":"https:\/\/www.globalepgs.info\/es\/#website","url":"https:\/\/www.globalepgs.info\/es\/","name":"Global Listings","description":"Just another WordPress site","potentialAction":[{"@type":"SearchAction","target":{"@type":"EntryPoint","urlTemplate":"https:\/\/www.globalepgs.info\/es\/?s={search_term_string}"},"query-input":{"@type":"PropertyValueSpecification","valueRequired":true,"valueName":"search_term_string"}}],"inLanguage":"ro-RO"}]}},"_links":{"self":[{"href":"https:\/\/www.globalepgs.info\/ro\/wp-json\/wp\/v2\/pages\/5026","targetHints":{"allow":["GET"]}}],"collection":[{"href":"https:\/\/www.globalepgs.info\/ro\/wp-json\/wp\/v2\/pages"}],"about":[{"href":"https:\/\/www.globalepgs.info\/ro\/wp-json\/wp\/v2\/types\/page"}],"author":[{"embeddable":true,"href":"https:\/\/www.globalepgs.info\/ro\/wp-json\/wp\/v2\/users\/1"}],"replies":[{"embeddable":true,"href":"https:\/\/www.globalepgs.info\/ro\/wp-json\/wp\/v2\/comments?post=5026"}],"version-history":[{"count":0,"href":"https:\/\/www.globalepgs.info\/ro\/wp-json\/wp\/v2\/pages\/5026\/revisions"}],"wp:attachment":[{"href":"https:\/\/www.globalepgs.info\/ro\/wp-json\/wp\/v2\/media?parent=5026"}],"curies":[{"name":"wp","href":"https:\/\/api.w.org\/{rel}","templated":true}]}}