{"id":5005,"date":"2017-03-20T17:32:16","date_gmt":"2017-03-20T17:32:16","guid":{"rendered":"http:\/\/www.globalepgs.info\/sk\/o-nas\/"},"modified":"2017-12-28T15:41:35","modified_gmt":"2017-12-28T15:41:35","slug":"o-nas","status":"publish","type":"page","link":"https:\/\/www.globalepgs.info\/sk\/o-nas\/","title":{"rendered":"O n\u00e1s"},"content":{"rendered":"<div class=\"col-4\">\n<p><img decoding=\"async\" class=\"img-circle img-responsive\" src=\"http:\/\/globalepgs.info\/app\/uploads\/2017\/02\/3.png\" alt=\"content_photo\" \/><\/p>\n<p class=\"content\">O N\u00c1S<\/p>\n<\/div>\n<div class=\"col-8\">\n<div class=\"content\">\n<p>Spolo\u010dnos\u0165 Global EPGs je popredn\u00fd tvorca elektronick\u00fdch sprievodcov programom.<\/p>\n<p>Ka\u017ed\u00fd de\u0148 spolupracujeme s vy\u0161e 100 telev\u00edznymi platformami \u2013 DTH, IPTV a VOD \u2013 a v z\u00e1vislosti od krajiny tvor\u00edme redak\u010dn\u00fd obsah, roz\u0161\u00edren\u00e9 metad\u00e1ta a sn\u00edmky, ktor\u00e9 na\u0161ich telev\u00edznych z\u00e1kazn\u00edkov zaujm\u00fa a roz\u0161\u00edria podiel ich div\u00e1kov.<\/p>\n<p>Tvor\u00edme medzin\u00e1rodn\u00e9 podklady pre telev\u00edzne stanice, kam okrem in\u00fdch patria Sky, MultiChoice, UPC, Virgin Media, CanalSat a Freeview.<\/p>\n<p>Elektronick\u00ed sprievodcovia programom teraz pon\u00fakaj\u00fa podrobnej\u0161ie inform\u00e1cie, ktor\u00e9 maj\u00fa viac interakt\u00edvnych mo\u017enost\u00ed pre div\u00e1ka a siahaj\u00fa za tradi\u010dn\u00e9 telev\u00edzne obrazovky: patria sem smartf\u00f3ny, tablety a po\u010d\u00edta\u010dov\u00e9 obrazovky. V spolo\u010dnosti Global EPGs vieme \u00faplne presne, ako telev\u00edznym staniciam vypracova\u0165 telev\u00edzny obsah, ktor\u00fd zodpoved\u00e1 zvyklostiam sledovania ich div\u00e1kov.<\/p>\n<p>Telev\u00edzne stanice a platformy s nami radi spolupracuj\u00fa, preto\u017ee pon\u00fakame na mieru vypracovan\u00e9 a technologicky d\u00f4vtipn\u00e9 hladk\u00e9 odpovede na ich po\u017eiadavky na elektronick\u00fdch sprievodcov programom.<\/p>\n<p>A div\u00e1kom sa na\u0161a pr\u00e1ca p\u00e1\u010di, preto\u017ee sa v\u010faka nej dozvedia presne to, \u010do potrebuj\u00fa, a to pr\u00e1ve vtedy, ke\u010f sa rozhoduj\u00fa, \u010do si pozr\u00fa.<\/p>\n<\/div>\n<\/div>\n","protected":false},"excerpt":{"rendered":"<p>O N\u00c1S Spolo\u010dnos\u0165 Global EPGs je popredn\u00fd tvorca elektronick\u00fdch sprievodcov programom. Ka\u017ed\u00fd de\u0148 spolupracujeme s vy\u0161e 100 telev\u00edznymi platformami \u2013 DTH, IPTV a VOD \u2013 a v z\u00e1vislosti od krajiny tvor\u00edme redak\u010dn\u00fd obsah, roz\u0161\u00edren\u00e9 metad\u00e1ta a sn\u00edmky, ktor\u00e9 na\u0161ich telev\u00edznych z\u00e1kazn\u00edkov zaujm\u00fa a roz\u0161\u00edria podiel ich div\u00e1kov. Tvor\u00edme medzin\u00e1rodn\u00e9 podklady pre telev\u00edzne stanice, kam okrem [&hellip;]<\/p>\n","protected":false},"author":1,"featured_media":0,"parent":0,"menu_order":107,"comment_status":"closed","ping_status":"closed","template":"page-epgs_template.php","meta":{"_acf_changed":false,"footnotes":""},"class_list":["post-5005","page","type-page","status-publish","hentry"],"acf":[],"yoast_head":"<!-- This site is optimized with the Yoast SEO plugin v27.4 - https:\/\/yoast.com\/product\/yoast-seo-wordpress\/ -->\n<title>O n\u00e1s - Global Listings<\/title>\n<meta name=\"robots\" content=\"index, follow, max-snippet:-1, max-image-preview:large, max-video-preview:-1\" \/>\n<link rel=\"canonical\" href=\"https:\/\/www.globalepgs.info\/sk\/o-nas\/\" \/>\n<meta property=\"og:locale\" content=\"sk_SK\" \/>\n<meta property=\"og:type\" content=\"article\" \/>\n<meta property=\"og:title\" content=\"O n\u00e1s - Global Listings\" \/>\n<meta property=\"og:description\" content=\"O N\u00c1S Spolo\u010dnos\u0165 Global EPGs je popredn\u00fd tvorca elektronick\u00fdch sprievodcov programom. Ka\u017ed\u00fd de\u0148 spolupracujeme s vy\u0161e 100 telev\u00edznymi platformami \u2013 DTH, IPTV a VOD \u2013 a v z\u00e1vislosti od krajiny tvor\u00edme redak\u010dn\u00fd obsah, roz\u0161\u00edren\u00e9 metad\u00e1ta a sn\u00edmky, ktor\u00e9 na\u0161ich telev\u00edznych z\u00e1kazn\u00edkov zaujm\u00fa a roz\u0161\u00edria podiel ich div\u00e1kov. Tvor\u00edme medzin\u00e1rodn\u00e9 podklady pre telev\u00edzne stanice, kam okrem [&hellip;]\" \/>\n<meta property=\"og:url\" content=\"https:\/\/www.globalepgs.info\/sk\/o-nas\/\" \/>\n<meta property=\"og:site_name\" content=\"Global Listings\" \/>\n<meta property=\"article:modified_time\" content=\"2017-12-28T15:41:35+00:00\" \/>\n<meta property=\"og:image\" content=\"http:\/\/globalepgs.info\/app\/uploads\/2017\/02\/3.png\" \/>\n<meta name=\"twitter:card\" content=\"summary_large_image\" \/>\n<meta name=\"twitter:label1\" content=\"Est. reading time\" \/>\n\t<meta name=\"twitter:data1\" content=\"1 minute\" \/>\n<script type=\"application\/ld+json\" class=\"yoast-schema-graph\">{\"@context\":\"https:\\\/\\\/schema.org\",\"@graph\":[{\"@type\":\"WebPage\",\"@id\":\"https:\\\/\\\/www.globalepgs.info\\\/sk\\\/o-nas\\\/\",\"url\":\"https:\\\/\\\/www.globalepgs.info\\\/sk\\\/o-nas\\\/\",\"name\":\"O n\u00e1s - Global Listings\",\"isPartOf\":{\"@id\":\"https:\\\/\\\/www.globalepgs.info\\\/es\\\/#website\"},\"primaryImageOfPage\":{\"@id\":\"https:\\\/\\\/www.globalepgs.info\\\/sk\\\/o-nas\\\/#primaryimage\"},\"image\":{\"@id\":\"https:\\\/\\\/www.globalepgs.info\\\/sk\\\/o-nas\\\/#primaryimage\"},\"thumbnailUrl\":\"http:\\\/\\\/globalepgs.info\\\/app\\\/uploads\\\/2017\\\/02\\\/3.png\",\"datePublished\":\"2017-03-20T17:32:16+00:00\",\"dateModified\":\"2017-12-28T15:41:35+00:00\",\"breadcrumb\":{\"@id\":\"https:\\\/\\\/www.globalepgs.info\\\/sk\\\/o-nas\\\/#breadcrumb\"},\"inLanguage\":\"sk-SK\",\"potentialAction\":[{\"@type\":\"ReadAction\",\"target\":[\"https:\\\/\\\/www.globalepgs.info\\\/sk\\\/o-nas\\\/\"]}]},{\"@type\":\"ImageObject\",\"inLanguage\":\"sk-SK\",\"@id\":\"https:\\\/\\\/www.globalepgs.info\\\/sk\\\/o-nas\\\/#primaryimage\",\"url\":\"http:\\\/\\\/globalepgs.info\\\/app\\\/uploads\\\/2017\\\/02\\\/3.png\",\"contentUrl\":\"http:\\\/\\\/globalepgs.info\\\/app\\\/uploads\\\/2017\\\/02\\\/3.png\"},{\"@type\":\"BreadcrumbList\",\"@id\":\"https:\\\/\\\/www.globalepgs.info\\\/sk\\\/o-nas\\\/#breadcrumb\",\"itemListElement\":[{\"@type\":\"ListItem\",\"position\":1,\"name\":\"Home\",\"item\":\"https:\\\/\\\/www.globalepgs.info\\\/sk\\\/\"},{\"@type\":\"ListItem\",\"position\":2,\"name\":\"O n\u00e1s\"}]},{\"@type\":\"WebSite\",\"@id\":\"https:\\\/\\\/www.globalepgs.info\\\/es\\\/#website\",\"url\":\"https:\\\/\\\/www.globalepgs.info\\\/es\\\/\",\"name\":\"Global Listings\",\"description\":\"Just another WordPress site\",\"potentialAction\":[{\"@type\":\"SearchAction\",\"target\":{\"@type\":\"EntryPoint\",\"urlTemplate\":\"https:\\\/\\\/www.globalepgs.info\\\/es\\\/?s={search_term_string}\"},\"query-input\":{\"@type\":\"PropertyValueSpecification\",\"valueRequired\":true,\"valueName\":\"search_term_string\"}}],\"inLanguage\":\"sk-SK\"}]}<\/script>\n<!-- \/ Yoast SEO plugin. -->","yoast_head_json":{"title":"O n\u00e1s - Global Listings","robots":{"index":"index","follow":"follow","max-snippet":"max-snippet:-1","max-image-preview":"max-image-preview:large","max-video-preview":"max-video-preview:-1"},"canonical":"https:\/\/www.globalepgs.info\/sk\/o-nas\/","og_locale":"sk_SK","og_type":"article","og_title":"O n\u00e1s - Global Listings","og_description":"O N\u00c1S Spolo\u010dnos\u0165 Global EPGs je popredn\u00fd tvorca elektronick\u00fdch sprievodcov programom. Ka\u017ed\u00fd de\u0148 spolupracujeme s vy\u0161e 100 telev\u00edznymi platformami \u2013 DTH, IPTV a VOD \u2013 a v z\u00e1vislosti od krajiny tvor\u00edme redak\u010dn\u00fd obsah, roz\u0161\u00edren\u00e9 metad\u00e1ta a sn\u00edmky, ktor\u00e9 na\u0161ich telev\u00edznych z\u00e1kazn\u00edkov zaujm\u00fa a roz\u0161\u00edria podiel ich div\u00e1kov. Tvor\u00edme medzin\u00e1rodn\u00e9 podklady pre telev\u00edzne stanice, kam okrem [&hellip;]","og_url":"https:\/\/www.globalepgs.info\/sk\/o-nas\/","og_site_name":"Global Listings","article_modified_time":"2017-12-28T15:41:35+00:00","og_image":[{"url":"http:\/\/globalepgs.info\/app\/uploads\/2017\/02\/3.png","type":"","width":"","height":""}],"twitter_card":"summary_large_image","twitter_misc":{"Est. reading time":"1 minute"},"schema":{"@context":"https:\/\/schema.org","@graph":[{"@type":"WebPage","@id":"https:\/\/www.globalepgs.info\/sk\/o-nas\/","url":"https:\/\/www.globalepgs.info\/sk\/o-nas\/","name":"O n\u00e1s - Global Listings","isPartOf":{"@id":"https:\/\/www.globalepgs.info\/es\/#website"},"primaryImageOfPage":{"@id":"https:\/\/www.globalepgs.info\/sk\/o-nas\/#primaryimage"},"image":{"@id":"https:\/\/www.globalepgs.info\/sk\/o-nas\/#primaryimage"},"thumbnailUrl":"http:\/\/globalepgs.info\/app\/uploads\/2017\/02\/3.png","datePublished":"2017-03-20T17:32:16+00:00","dateModified":"2017-12-28T15:41:35+00:00","breadcrumb":{"@id":"https:\/\/www.globalepgs.info\/sk\/o-nas\/#breadcrumb"},"inLanguage":"sk-SK","potentialAction":[{"@type":"ReadAction","target":["https:\/\/www.globalepgs.info\/sk\/o-nas\/"]}]},{"@type":"ImageObject","inLanguage":"sk-SK","@id":"https:\/\/www.globalepgs.info\/sk\/o-nas\/#primaryimage","url":"http:\/\/globalepgs.info\/app\/uploads\/2017\/02\/3.png","contentUrl":"http:\/\/globalepgs.info\/app\/uploads\/2017\/02\/3.png"},{"@type":"BreadcrumbList","@id":"https:\/\/www.globalepgs.info\/sk\/o-nas\/#breadcrumb","itemListElement":[{"@type":"ListItem","position":1,"name":"Home","item":"https:\/\/www.globalepgs.info\/sk\/"},{"@type":"ListItem","position":2,"name":"O n\u00e1s"}]},{"@type":"WebSite","@id":"https:\/\/www.globalepgs.info\/es\/#website","url":"https:\/\/www.globalepgs.info\/es\/","name":"Global Listings","description":"Just another WordPress site","potentialAction":[{"@type":"SearchAction","target":{"@type":"EntryPoint","urlTemplate":"https:\/\/www.globalepgs.info\/es\/?s={search_term_string}"},"query-input":{"@type":"PropertyValueSpecification","valueRequired":true,"valueName":"search_term_string"}}],"inLanguage":"sk-SK"}]}},"_links":{"self":[{"href":"https:\/\/www.globalepgs.info\/sk\/wp-json\/wp\/v2\/pages\/5005","targetHints":{"allow":["GET"]}}],"collection":[{"href":"https:\/\/www.globalepgs.info\/sk\/wp-json\/wp\/v2\/pages"}],"about":[{"href":"https:\/\/www.globalepgs.info\/sk\/wp-json\/wp\/v2\/types\/page"}],"author":[{"embeddable":true,"href":"https:\/\/www.globalepgs.info\/sk\/wp-json\/wp\/v2\/users\/1"}],"replies":[{"embeddable":true,"href":"https:\/\/www.globalepgs.info\/sk\/wp-json\/wp\/v2\/comments?post=5005"}],"version-history":[{"count":0,"href":"https:\/\/www.globalepgs.info\/sk\/wp-json\/wp\/v2\/pages\/5005\/revisions"}],"wp:attachment":[{"href":"https:\/\/www.globalepgs.info\/sk\/wp-json\/wp\/v2\/media?parent=5005"}],"curies":[{"name":"wp","href":"https:\/\/api.w.org\/{rel}","templated":true}]}}