{"id":5029,"date":"2017-03-21T11:56:39","date_gmt":"2017-03-21T11:56:39","guid":{"rendered":"http:\/\/www.globalepgs.info\/sk\/sluzby\/"},"modified":"2017-12-28T15:45:25","modified_gmt":"2017-12-28T15:45:25","slug":"sluzby","status":"publish","type":"page","link":"https:\/\/www.globalepgs.info\/sk\/sluzby\/","title":{"rendered":"Slu\u017eby"},"content":{"rendered":"<div class=\"col-4\">\n<p><img decoding=\"async\" class=\"img-circle img-responsive\" src=\"http:\/\/globalepgs.info\/app\/uploads\/2017\/02\/circles7.png\" alt=\"\" \/><\/p>\n<p class=\"content\">SLU\u017dBY<\/p>\n<\/div>\n<div class=\"col-8\">\n<div class=\"content\">\n<p>Pon\u00fakame elektronick\u00fdch sprievodcov programom novej gener\u00e1cie.<\/p>\n<p>Na\u0161e rie\u0161enia elektronick\u00fdch sprievodcov programom s\u00fa jedine\u010dn\u00e9, preto\u017ee sl\u00fa\u017eia na to, aby nasmerovali div\u00e1kov z\u00e1kazn\u00edckych stan\u00edc tak, aby ich obsah \u013eahko na\u0161li a zaujal ich bez oh\u013eadu na to, \u010di ide o program na objedn\u00e1vku, line\u00e1rne vysielanie alebo slu\u017eby OTT.<\/p>\n<p>V\u010faka sk\u00fasen\u00fdm t\u00edmom a dynamickej technol\u00f3gii, ktor\u00e1 zast\u00e1va popredn\u00e9 miesto na trhu, dok\u00e1\u017eeme vytvori\u0165 presn\u00e9 a p\u00fatav\u00e9 v\u00fdstupy, \u010do zaujm\u00fa div\u00e1kov a v\u010faka nim si v\u00e1\u0161 kan\u00e1l ob\u013e\u00fabia a bud\u00fa mu d\u00f4verova\u0165.<\/p>\n<p>Spolo\u010dnos\u0165 Global EPGs spolupracuje s telev\u00edznymi platformami po celom svete na ka\u017edom kontinente okrem Antarkt\u00eddy (a aj na tom pracujeme!).<\/p>\n<p>\u010co sa t\u00fdka dosahu na medzin\u00e1rodn\u00fdch elektronick\u00fdch sprievodcov programom, sme na poprednom mieste na trhu a dobre pozn\u00e1me \u010dasov\u00e9 z\u00f3ny, kult\u00farne nuansy, alternat\u00edvne znakov\u00e9 s\u00fastavy, sp\u00f4soby dodania, technick\u00e9 \u0161pecifik\u00e1cie, term\u00edny odovzdania, po\u017eiadavky na metad\u00e1ta a v\u0161etky \u010fal\u0161ie \u0161pecifik\u00e1cie, ktor\u00e9 si jednotliv\u00e9 platformy vy\u017eaduj\u00fa.<\/p>\n<p>A \u010do je najd\u00f4le\u017eitej\u0161ie, tvor\u00edme bezchybn\u00fdch elektronick\u00fdch sprievodcov programom v\u010das, v spr\u00e1vnom form\u00e1te a pre spr\u00e1vne miesto!<\/p>\n<p>Spolo\u010dnos\u0165 Global EPGs dok\u00e1\u017ee roz\u0161\u00edri\u0165 elektronick\u00fdch sprievodcov programom va\u0161ej stanice rozli\u010dn\u00fdmi sp\u00f4sobmi, patria sem napr\u00edklad:<br \/>\n<strong>SN\u00cdMKY PROGRAMU<\/strong><\/p>\n<p>Ku ka\u017edej telev\u00edznej nahr\u00e1vke prira\u010fujeme sn\u00edmky, ktor\u00e9 sa m\u00f4\u017eu l\u00ed\u0161i\u0165 v z\u00e1vislosti od \u00farovne jednotliv\u00fdch programov: seri\u00e1lov\u00e1 \u00farove\u0148 (napr\u00edklad Kardashianky), \u00farove\u0148 s\u00e9rie (napr. 2. s\u00e9ria) a potom jednotliv\u00e9 diely, ktor\u00e9 m\u00f4\u017eu ma\u0165 sn\u00edmky pre konkr\u00e9tne epiz\u00f3dy.<\/p>\n<p>Sn\u00edmky sa ukladaj\u00fa v na\u0161ej centr\u00e1lne datab\u00e1ze a daj\u00fa sa exportova\u0165 do rozli\u010dn\u00fdch ve\u013ekost\u00ed a rozl\u00ed\u0161en\u00ed pod\u013ea po\u017eiadaviek jednotliv\u00fdch telev\u00edznych platforiem.<\/p>\n<p><strong>SIDELOADING A STREAMOVANIE<\/strong><\/p>\n<p>Mnoho telev\u00edznych platforiem teraz pon\u00faka vlastn\u00e9 aplik\u00e1cie, ktor\u00e9 predplatite\u013eom umo\u017e\u0148uj\u00fa streamova\u0165 obsah jednotliv\u00fdch stan\u00edc a pozrie\u0165 si nahrat\u00fd materi\u00e1l na sekund\u00e1rnom zariaden\u00ed, napr\u00edklad na smartf\u00f3ne alebo tablete.<\/p>\n<p>Pri t\u00fdchto slu\u017eb\u00e1ch treba zv\u00e1\u017ei\u0165 mno\u017estvo vec\u00ed, od v\u0161eobecn\u00fdch licen\u010dn\u00fdch pr\u00e1v po \u0161pecifick\u00e9 trvanie dostupnosti stiahnut\u00e9ho programu \u2013 a spolo\u010dnos\u0165 Global EPGs pom\u00e1ha staniciam zorientova\u0165 sa na tomto potenci\u00e1lnom m\u00ednovom poli, a potom im pon\u00fakne presn\u00fa telev\u00edznu platformu s pridru\u017een\u00fdmi metad\u00e1tami, ak\u00e9 potrebuj\u00fa.<\/p>\n<p><strong>PR\u00cdSTUPOV\u00c9 SLU\u017dBY<\/strong><br \/>\nMnoho telev\u00edznych kan\u00e1lov mus\u00ed povinne ozna\u010di\u0165, ktor\u00e9 programy maj\u00fa zvukov\u00e9 titulky, v ktor\u00fdch sa opisuje zvuk a v ktor\u00fdch sa spieva. Spolo\u010dnos\u0165 EPGs spolupracuje so stanicami na riadnom dodr\u017ean\u00ed ich z\u00e1v\u00e4zkov spojen\u00fdch s pr\u00edstupov\u00fdmi slu\u017ebami uveden\u00fdmi v elektronick\u00fdch sprievodcoch programom.<\/p>\n<p><strong>PREP\u00c1JANIE SERI\u00c1LOV<\/strong><br \/>\nPod\u013ea spolo\u010dnosti Global EPGs je prep\u00e1janie seri\u00e1lov umenie samo o sebe a na\u0161a modern\u00e1 technol\u00f3gia n\u00e1m umo\u017e\u0148uje prep\u00e1ja\u0165 seri\u00e1ly pre rozli\u010dn\u00e9 platformy bez oh\u013eadu na to, kedy je pl\u00e1novan\u00e9 vysielanie programu na danej stanici.<\/p>\n<p>Pozn\u00e1me a dodr\u017eiavame v\u0161etky pravidl\u00e1 zos\u00fala\u010fovania n\u00e1zvov, uzatv\u00e1rac\u00edch re\u0165azcov na konci s\u00e9rie a medzi prepojen\u00fdmi dielmi nenech\u00e1vame pr\u00edli\u0161 ve\u013ek\u00fa medzeru.<\/p>\n<p>Na\u0161a technol\u00f3gia elektronick\u00fdch sprievodcov programom n\u00e1m z\u00e1rove\u0148 umo\u017e\u0148uje tvori\u0165 prepojenia medzi filmami, dielmi a samostatn\u00fdmi programami, ktor\u00e9 s\u00fa s\u00fa\u010das\u0165ou s\u00e9rie alebo \u0161l\u00e1gra.<\/p>\n<p>O uk\u00e1\u017eku m\u00f4\u017eete po\u017eiada\u0165 na tejto adrese: <a href=\"mailto:epgs@globallistings.info\">epgs@globallistings.info<\/a><\/p>\n<p><strong>V\u00e1\u0161e\u0148 k telev\u00edzii a zanietenie pre presnos\u0165<\/strong><\/p>\n<p>Na\u0161e rie\u0161enia pre elektronick\u00fdch sprievodcov programom sp\u00e1jaj\u00fa pri pr\u00edprave p\u00fatav\u00fdch telev\u00edznych z\u00e1\u017eitkov pre publikum z\u00e1kazn\u00edckej stanice dynamick\u00fd obsah, bohat\u00e9 metad\u00e1ta a modern\u00fa technol\u00f3giu, a to v glob\u00e1lnom mer\u00edtku.<\/p>\n<p>Bez oh\u013eadu na to, \u010di si div\u00e1ci telev\u00edznej stanice chc\u00fa pozrie\u0165 ob\u013e\u00faben\u00fd program v tradi\u010dnej telev\u00edzii alebo sa rozhodn\u00fa obsah streamova\u0165 \u2013 od \u0161portov\u00fdch podujat\u00ed na\u017eivo po filmy alebo od hudby po spravodajstvo a z\u00e1bavu \u2013 na\u0161e anglick\u00e9 a medzin\u00e1rodn\u00e9 t\u00edmy tvoria dynamick\u00e9 slov\u00e1 a opisn\u00e9 metad\u00e1ta, ktor\u00e9 s\u00fa \u0161it\u00e9 na mieru ka\u017edej stanici a lokalizovan\u00e9 pre jednotliv\u00e9 oblasti, v\u010faka \u010domu sl\u00fa\u017eia ako konkr\u00e9tne rie\u0161enie, ktor\u00e9 ur\u010dite vzbud\u00ed z\u00e1ujem a uchov\u00e1 si priaze\u0148 div\u00e1kov.<\/p>\n<p>Na\u0161ej \u00farovni presnosti sa nikto nevyrovn\u00e1.<\/p>\n<p>Na\u0161e redak\u010dn\u00e9 normy s\u00fa v tomto odvetv\u00ed pojmom.<\/p>\n<p>Na\u0161e technick\u00e9 mo\u017enosti umo\u017e\u0148uj\u00fa dod\u00e1va\u0165 staniciam obsah spojen\u00fd s programom bezchybne a pre viacero platforiem.<\/p>\n<p>Tvorbou, doh\u013eadom a dod\u00e1van\u00edm \u00fadajov v mene z\u00e1kazn\u00edka sa spolo\u010dnos\u0165 Global EPGs star\u00e1 o to, aby partneri va\u0161ej stanice poznali v\u0161etky funkcie elektronick\u00fdch sprievodcov programom novej gener\u00e1cie: roz\u0161\u00edren\u00e9 funkcie vyh\u013ead\u00e1vania, odporu\u010denia pod\u013ea vkusu, inteligentn\u00e9 prepojenie seri\u00e1lov at\u010f.<\/p>\n<p>\u010co sa t\u00fdka rastu a ob\u013e\u00fabenosti stanice v dravom telev\u00edznom trhu, podstatn\u00e1 je schopnos\u0165 n\u00e1js\u0165 si jej obsah, \u010di u\u017e ide o line\u00e1rne platformy alebo o VOD, OTT, \u010di IPTV, div\u00e1ci musia vedie\u0165, \u010do sa na kan\u00e1li bude vysiela\u0165, a tieto inform\u00e1cie vych\u00e1dzaj\u00fa pr\u00e1ve z obsahu v elektronick\u00fdch sprievodcov programom.<\/p>\n<p>So spolo\u010dnos\u0165ou Global EPGs si m\u00f4\u017eete by\u0165 ist\u00ed, \u017ee\u00a0elektronick\u00fdch sprievodcov programom va\u0161ej stanice vytvor\u00edme presne na mieru cie\u013eov\u00fdm div\u00e1kom.<\/p>\n<\/div>\n<\/div>\n","protected":false},"excerpt":{"rendered":"<p>SLU\u017dBY Pon\u00fakame elektronick\u00fdch sprievodcov programom novej gener\u00e1cie. Na\u0161e rie\u0161enia elektronick\u00fdch sprievodcov programom s\u00fa jedine\u010dn\u00e9, preto\u017ee sl\u00fa\u017eia na to, aby nasmerovali div\u00e1kov z\u00e1kazn\u00edckych stan\u00edc tak, aby ich obsah \u013eahko na\u0161li a zaujal ich bez oh\u013eadu na to, \u010di ide o program na objedn\u00e1vku, line\u00e1rne vysielanie alebo slu\u017eby OTT. V\u010faka sk\u00fasen\u00fdm t\u00edmom a dynamickej technol\u00f3gii, ktor\u00e1 zast\u00e1va [&hellip;]<\/p>\n","protected":false},"author":1,"featured_media":0,"parent":0,"menu_order":202,"comment_status":"closed","ping_status":"closed","template":"page-epgs_template.php","meta":{"_acf_changed":false,"footnotes":""},"class_list":["post-5029","page","type-page","status-publish","hentry"],"acf":[],"yoast_head":"<!-- This site is optimized with the Yoast SEO plugin v27.5 - https:\/\/yoast.com\/product\/yoast-seo-wordpress\/ -->\n<title>Slu\u017eby - Global Listings<\/title>\n<meta name=\"robots\" content=\"index, follow, max-snippet:-1, max-image-preview:large, max-video-preview:-1\" \/>\n<link rel=\"canonical\" href=\"https:\/\/www.globalepgs.info\/sk\/sluzby\/\" \/>\n<meta property=\"og:locale\" content=\"sk_SK\" \/>\n<meta property=\"og:type\" content=\"article\" \/>\n<meta property=\"og:title\" content=\"Slu\u017eby - Global Listings\" \/>\n<meta property=\"og:description\" content=\"SLU\u017dBY Pon\u00fakame elektronick\u00fdch sprievodcov programom novej gener\u00e1cie. Na\u0161e rie\u0161enia elektronick\u00fdch sprievodcov programom s\u00fa jedine\u010dn\u00e9, preto\u017ee sl\u00fa\u017eia na to, aby nasmerovali div\u00e1kov z\u00e1kazn\u00edckych stan\u00edc tak, aby ich obsah \u013eahko na\u0161li a zaujal ich bez oh\u013eadu na to, \u010di ide o program na objedn\u00e1vku, line\u00e1rne vysielanie alebo slu\u017eby OTT. V\u010faka sk\u00fasen\u00fdm t\u00edmom a dynamickej technol\u00f3gii, ktor\u00e1 zast\u00e1va [&hellip;]\" \/>\n<meta property=\"og:url\" content=\"https:\/\/www.globalepgs.info\/sk\/sluzby\/\" \/>\n<meta property=\"og:site_name\" content=\"Global Listings\" \/>\n<meta property=\"article:modified_time\" content=\"2017-12-28T15:45:25+00:00\" \/>\n<meta property=\"og:image\" content=\"http:\/\/globalepgs.info\/app\/uploads\/2017\/02\/circles7.png\" \/>\n<meta name=\"twitter:card\" content=\"summary_large_image\" \/>\n<meta name=\"twitter:label1\" content=\"Est. reading time\" \/>\n\t<meta name=\"twitter:data1\" content=\"5 minutes\" \/>\n<script type=\"application\/ld+json\" class=\"yoast-schema-graph\">{\"@context\":\"https:\\\/\\\/schema.org\",\"@graph\":[{\"@type\":\"WebPage\",\"@id\":\"https:\\\/\\\/www.globalepgs.info\\\/sk\\\/sluzby\\\/\",\"url\":\"https:\\\/\\\/www.globalepgs.info\\\/sk\\\/sluzby\\\/\",\"name\":\"Slu\u017eby - Global Listings\",\"isPartOf\":{\"@id\":\"https:\\\/\\\/www.globalepgs.info\\\/es\\\/#website\"},\"primaryImageOfPage\":{\"@id\":\"https:\\\/\\\/www.globalepgs.info\\\/sk\\\/sluzby\\\/#primaryimage\"},\"image\":{\"@id\":\"https:\\\/\\\/www.globalepgs.info\\\/sk\\\/sluzby\\\/#primaryimage\"},\"thumbnailUrl\":\"http:\\\/\\\/globalepgs.info\\\/app\\\/uploads\\\/2017\\\/02\\\/circles7.png\",\"datePublished\":\"2017-03-21T11:56:39+00:00\",\"dateModified\":\"2017-12-28T15:45:25+00:00\",\"breadcrumb\":{\"@id\":\"https:\\\/\\\/www.globalepgs.info\\\/sk\\\/sluzby\\\/#breadcrumb\"},\"inLanguage\":\"sk-SK\",\"potentialAction\":[{\"@type\":\"ReadAction\",\"target\":[\"https:\\\/\\\/www.globalepgs.info\\\/sk\\\/sluzby\\\/\"]}]},{\"@type\":\"ImageObject\",\"inLanguage\":\"sk-SK\",\"@id\":\"https:\\\/\\\/www.globalepgs.info\\\/sk\\\/sluzby\\\/#primaryimage\",\"url\":\"http:\\\/\\\/globalepgs.info\\\/app\\\/uploads\\\/2017\\\/02\\\/circles7.png\",\"contentUrl\":\"http:\\\/\\\/globalepgs.info\\\/app\\\/uploads\\\/2017\\\/02\\\/circles7.png\"},{\"@type\":\"BreadcrumbList\",\"@id\":\"https:\\\/\\\/www.globalepgs.info\\\/sk\\\/sluzby\\\/#breadcrumb\",\"itemListElement\":[{\"@type\":\"ListItem\",\"position\":1,\"name\":\"Home\",\"item\":\"https:\\\/\\\/www.globalepgs.info\\\/sk\\\/\"},{\"@type\":\"ListItem\",\"position\":2,\"name\":\"Slu\u017eby\"}]},{\"@type\":\"WebSite\",\"@id\":\"https:\\\/\\\/www.globalepgs.info\\\/es\\\/#website\",\"url\":\"https:\\\/\\\/www.globalepgs.info\\\/es\\\/\",\"name\":\"Global Listings\",\"description\":\"Just another WordPress site\",\"potentialAction\":[{\"@type\":\"SearchAction\",\"target\":{\"@type\":\"EntryPoint\",\"urlTemplate\":\"https:\\\/\\\/www.globalepgs.info\\\/es\\\/?s={search_term_string}\"},\"query-input\":{\"@type\":\"PropertyValueSpecification\",\"valueRequired\":true,\"valueName\":\"search_term_string\"}}],\"inLanguage\":\"sk-SK\"}]}<\/script>\n<!-- \/ Yoast SEO plugin. -->","yoast_head_json":{"title":"Slu\u017eby - Global Listings","robots":{"index":"index","follow":"follow","max-snippet":"max-snippet:-1","max-image-preview":"max-image-preview:large","max-video-preview":"max-video-preview:-1"},"canonical":"https:\/\/www.globalepgs.info\/sk\/sluzby\/","og_locale":"sk_SK","og_type":"article","og_title":"Slu\u017eby - Global Listings","og_description":"SLU\u017dBY Pon\u00fakame elektronick\u00fdch sprievodcov programom novej gener\u00e1cie. Na\u0161e rie\u0161enia elektronick\u00fdch sprievodcov programom s\u00fa jedine\u010dn\u00e9, preto\u017ee sl\u00fa\u017eia na to, aby nasmerovali div\u00e1kov z\u00e1kazn\u00edckych stan\u00edc tak, aby ich obsah \u013eahko na\u0161li a zaujal ich bez oh\u013eadu na to, \u010di ide o program na objedn\u00e1vku, line\u00e1rne vysielanie alebo slu\u017eby OTT. V\u010faka sk\u00fasen\u00fdm t\u00edmom a dynamickej technol\u00f3gii, ktor\u00e1 zast\u00e1va [&hellip;]","og_url":"https:\/\/www.globalepgs.info\/sk\/sluzby\/","og_site_name":"Global Listings","article_modified_time":"2017-12-28T15:45:25+00:00","og_image":[{"url":"http:\/\/globalepgs.info\/app\/uploads\/2017\/02\/circles7.png","type":"","width":"","height":""}],"twitter_card":"summary_large_image","twitter_misc":{"Est. reading time":"5 minutes"},"schema":{"@context":"https:\/\/schema.org","@graph":[{"@type":"WebPage","@id":"https:\/\/www.globalepgs.info\/sk\/sluzby\/","url":"https:\/\/www.globalepgs.info\/sk\/sluzby\/","name":"Slu\u017eby - Global Listings","isPartOf":{"@id":"https:\/\/www.globalepgs.info\/es\/#website"},"primaryImageOfPage":{"@id":"https:\/\/www.globalepgs.info\/sk\/sluzby\/#primaryimage"},"image":{"@id":"https:\/\/www.globalepgs.info\/sk\/sluzby\/#primaryimage"},"thumbnailUrl":"http:\/\/globalepgs.info\/app\/uploads\/2017\/02\/circles7.png","datePublished":"2017-03-21T11:56:39+00:00","dateModified":"2017-12-28T15:45:25+00:00","breadcrumb":{"@id":"https:\/\/www.globalepgs.info\/sk\/sluzby\/#breadcrumb"},"inLanguage":"sk-SK","potentialAction":[{"@type":"ReadAction","target":["https:\/\/www.globalepgs.info\/sk\/sluzby\/"]}]},{"@type":"ImageObject","inLanguage":"sk-SK","@id":"https:\/\/www.globalepgs.info\/sk\/sluzby\/#primaryimage","url":"http:\/\/globalepgs.info\/app\/uploads\/2017\/02\/circles7.png","contentUrl":"http:\/\/globalepgs.info\/app\/uploads\/2017\/02\/circles7.png"},{"@type":"BreadcrumbList","@id":"https:\/\/www.globalepgs.info\/sk\/sluzby\/#breadcrumb","itemListElement":[{"@type":"ListItem","position":1,"name":"Home","item":"https:\/\/www.globalepgs.info\/sk\/"},{"@type":"ListItem","position":2,"name":"Slu\u017eby"}]},{"@type":"WebSite","@id":"https:\/\/www.globalepgs.info\/es\/#website","url":"https:\/\/www.globalepgs.info\/es\/","name":"Global Listings","description":"Just another WordPress site","potentialAction":[{"@type":"SearchAction","target":{"@type":"EntryPoint","urlTemplate":"https:\/\/www.globalepgs.info\/es\/?s={search_term_string}"},"query-input":{"@type":"PropertyValueSpecification","valueRequired":true,"valueName":"search_term_string"}}],"inLanguage":"sk-SK"}]}},"_links":{"self":[{"href":"https:\/\/www.globalepgs.info\/sk\/wp-json\/wp\/v2\/pages\/5029","targetHints":{"allow":["GET"]}}],"collection":[{"href":"https:\/\/www.globalepgs.info\/sk\/wp-json\/wp\/v2\/pages"}],"about":[{"href":"https:\/\/www.globalepgs.info\/sk\/wp-json\/wp\/v2\/types\/page"}],"author":[{"embeddable":true,"href":"https:\/\/www.globalepgs.info\/sk\/wp-json\/wp\/v2\/users\/1"}],"replies":[{"embeddable":true,"href":"https:\/\/www.globalepgs.info\/sk\/wp-json\/wp\/v2\/comments?post=5029"}],"version-history":[{"count":0,"href":"https:\/\/www.globalepgs.info\/sk\/wp-json\/wp\/v2\/pages\/5029\/revisions"}],"wp:attachment":[{"href":"https:\/\/www.globalepgs.info\/sk\/wp-json\/wp\/v2\/media?parent=5029"}],"curies":[{"name":"wp","href":"https:\/\/api.w.org\/{rel}","templated":true}]}}