{"id":3719,"date":"2017-03-09T08:44:10","date_gmt":"2017-03-09T08:44:10","guid":{"rendered":"http:\/\/www.globalepgs.info\/sl\/nasi-partnerji\/"},"modified":"2018-01-03T16:42:20","modified_gmt":"2018-01-03T16:42:20","slug":"nasi-partnerji","status":"publish","type":"page","link":"https:\/\/www.globalepgs.info\/sl\/nasi-partnerji\/","title":{"rendered":"Na\u0161i partnerji"},"content":{"rendered":"<div class=\"col-4\">\n<p><img decoding=\"async\" class=\"img-circle img-responsive\" src=\"http:\/\/globalepgs.info\/app\/uploads\/2017\/02\/circles9.png\" alt=\"content_photo\" \/><\/p>\n<p class=\"content\">NA\u0160I PARTNERJI<\/p>\n<\/div>\n<div class=\"col-8\">\n<div class=\"content\">\n<p>Global Listings dostavlja EPG podatke ve\u010d kot 100 televizijskim platformam po vsem svetu.<\/p>\n<p>V partnerskem sodelovanju z velikani panoge po vsem svetu dostavljamo EPG-je, ki dosegajo 6,6 milijarde gledalcev v Evropi, na Bli\u017enjem vzhodu, v Afriki, Aziji, v obeh Amerikah in na azijsko-pacifi\u0161kem obmo\u010dju.<\/p>\n<p>EPG-ji lahko programu veliko pripomorejo ali pa ga pokopljejo; \u010de vsebina &#8216;proda&#8217; oddajo, jo bodo gledalci gledali, \u010de pa z besedilom gledalca ne pritegnete, bo preklopil na drug kanal.<\/p>\n<p>Mi smo strokovnjaki za doseganje \u010dim ve\u010djega \u0161tevila gledalcev za svoje televizijske stranke, ker poskrbimo za natan\u010dne, poglobljene, privla\u010dne in tehnolo\u0161ko napredne podatkovne tokove v pravem jeziku in po lokalnem \u010dasu.<\/p>\n<p>Smo poslovni partner, ki se osredoto\u010da na svoje stranke, uporabljamo napredno tehnologijo in se skrbno posve\u010damo vsebini. Na\u0161e re\u0161itve po meri in sodobna tehnologija skupaj poskrbijo za dostavo privla\u010dnih EPG-jev, ki pritegnejo gledalce televizijskega kanala:<\/p>\n<p>\u2026doma<\/p>\n<p>\u2026ko so dojemljivi za va\u0161a sporo\u010dila<\/p>\n<p>\u2026v trenutku, ko se odlo\u010dajo, kaj bodo gledali<\/p>\n<p><strong>Na\u0161i televizijski partnerji:<\/strong><\/p>\n<div style=\"float: left; width: 50%;\">\n<ul>\n<li>Sky (ZK)<\/li>\n<li>Mediaset Premium (Italija)<\/li>\n<li>Nova Group (Romunija)<\/li>\n<li>Freeview (ZK)<\/li>\n<li>Sky (Italija)<\/li>\n<li>Plesul \/ Telemedia (Romunija)<\/li>\n<li>Freesat (ZK)<\/li>\n<li>Persidera (Italija)<\/li>\n<li>RCS (Romunija)<\/li>\n<li>Top-Up TV (ZK)<\/li>\n<li>ART (Bli\u017enji vzhod)<\/li>\n<li>RomTelecom (Romunija)<\/li>\n<li>Foxtel (Avstralija)<\/li>\n<li>Orbit Showtime (Bli\u017enji vzhod)<\/li>\n<li>Sangel Prod (Romunija)<\/li>\n<li>Belgacom (Belgija)<\/li>\n<li>CAIW (Nizozemska)<\/li>\n<li>SC Canal S (Romunija)<\/li>\n<li>MaxTV (Hrva\u0161ka)<\/li>\n<li>Glashart Media (Nizozemska)<\/li>\n<li>SC Cuantic (Romunija)<\/li>\n<li>Now (Daljni vzhod)<\/li>\n<li>KPN (Nizozemska)<\/li>\n<li>SC Gilga (Romunija)<\/li>\n<li>Singtel (Daljni vzhod)<\/li>\n<li>Canal Digital (Norve\u0161ka)<\/li>\n<li>SC Ines (Romunija)<\/li>\n<li>Starhub (Daljni vzhod)<\/li>\n<li>Aster (Poljska)<\/li>\n<li>SC Kety Prod (Romunija)<\/li>\n<li>Canal Satellite (Francija)<\/li>\n<li>Cyfra+ (Poljska)<\/li>\n<li>SC Lumident (Romunija)<\/li>\n<li>KDG (Nem\u010dija)<\/li>\n<li>Cyfrowy Polsat (Poljska)<\/li>\n<li>SC Semsat (Romunija)<\/li>\n<li>Nova (Gr\u010dija)<\/li>\n<li>MultiMedia (Poljska)<\/li>\n<li>SC Telesat (Romunija)<\/li>\n<li>ONTelecoms (Gr\u010dija)<\/li>\n<li>N (Poljska)<\/li>\n<li>SC Toro Media (Romunija)<\/li>\n<li>OTE (Gr\u010dija)<\/li>\n<li>Toya (Poljska)<\/li>\n<li>Solpress (Romunija)<\/li>\n<li>Antenna (Mad\u017earska)<\/li>\n<li>Vectra (Poljska)<\/li>\n<li>UPC Romania (Romunija)<\/li>\n<li>Digi TV (Mad\u017earska)<\/li>\n<li>UPC (Poljska)<\/li>\n<li>NTV (Rusija)<\/li>\n<li>Fibernet (Mad\u017earska)<\/li>\n<li>CaboVisao (Portugalska)<\/li>\n<li>Platforma HD (Rusija)<\/li>\n<li>HelloHD (Mad\u017earska)<\/li>\n<li>ClixSmart (Portugalska)<\/li>\n<li>Astra (Mednarodni)<\/li>\n<li>Sky Germany (Nem\u010dija)<\/li>\n<li>Starmax (Bli\u017enji vzhod)<\/li>\n<li>TeliaSonera (Skandinavija)<\/li>\n<\/ul>\n<\/div>\n<div style=\"float: right; width: 50%;\">\n<ul>\n<li>Virgin (ZK)<\/li>\n<li>Movistar (\u0160panija)<\/li>\n<li>Vemox (ZDA)<\/li>\n<li>Echostar (ZDA)<\/li>\n<li>Vodafone (Portugalska)<\/li>\n<li>Vodafone (\u0160panija)<\/li>\n<li>SBB (Srbija)<\/li>\n<li>HFC (Mad\u017earska)<\/li>\n<li>beIN (Bli\u017enji vzhod)<\/li>\n<li>Amis (Slovenija)<\/li>\n<li>Invitel (Mad\u017earska)<\/li>\n<li>Boxer Teracom (\u0160vedska)<\/li>\n<li>Mobitel (Slovenija)<\/li>\n<li>IP-Park (Mad\u017earska)<\/li>\n<li>Eutelsat Hot Bird (Mednarodni)<\/li>\n<li>Siol TV (Slovenija)<\/li>\n<li>KS8500 (Mad\u017earska)<\/li>\n<li>GO (Malta)<\/li>\n<li>Tus (Slovenija)<\/li>\n<li>Magyar Telekom (Mad\u017earska)<\/li>\n<li>Zon (Portugalska)<\/li>\n<li>MultiChoice (S. Afrika)<\/li>\n<li>Parisat (Mad\u017earska)<\/li>\n<li>Botu Service (Romunija)<\/li>\n<li>Abertis (\u0160panija)<\/li>\n<li>PR Tele (Mad\u017earska)<\/li>\n<li>Cable TV Sistem (Romunija)<\/li>\n<li>Digital Plus (\u0160panija)<\/li>\n<li>R\u00f6szkenet (Mad\u017earska)<\/li>\n<li>Clar Television (Romunija)<\/li>\n<li>ONO (\u0160panija)<\/li>\n<li>Rubicom (Mad\u017earska)<\/li>\n<li>Dynamic Distribution (Romunija)<\/li>\n<li>Teuve (\u0160panija)<\/li>\n<li>Szamosnet (Mad\u017earska)<\/li>\n<li>Electrotech Ind (Romunija)<\/li>\n<li>DigiTurk (Tur\u010dija)<\/li>\n<li>Szarvas (Mad\u017earska)<\/li>\n<li>GMB Computers (Romunija)<\/li>\n<li>DSmart (Tur\u010dija)<\/li>\n<li>TACell (Mad\u017earska)<\/li>\n<li>Greenzone (Romunija)<\/li>\n<li>Turksat (Tur\u010dija)<\/li>\n<li>Tarr (Mad\u017earska)<\/li>\n<li>Ideovet Serv (Romunija)<\/li>\n<li>Airtel (Indija)<\/li>\n<li>T-Kabel (Mad\u017earska)<\/li>\n<li>Ines (Romunija)<\/li>\n<li>Sky New Zealand (Nova Zelandija)<\/li>\n<li>UPC (Mad\u017earska)<\/li>\n<li>Iris ACTV Impex (Romunija)<\/li>\n<li>Azam TV (Tanzanija)<\/li>\n<li>Vac Varosi (Mad\u017earska)<\/li>\n<li>Lidas Prod (Romunija)<\/li>\n<li>My HD (Dubaj)<\/li>\n<li>ViDaNet (Mad\u017earska)<\/li>\n<li>Magnavox (Romunija)<\/li>\n<li>Altibox (Norve\u0161ka)<\/li>\n<li>Yes! (Izrael)<\/li>\n<li>Medvest (Romunija)<\/li>\n<li>Total Play (Mehika)<\/li>\n<\/ul>\n<\/div>\n<\/div>\n<\/div>\n","protected":false},"excerpt":{"rendered":"<p>NA\u0160I PARTNERJI Global Listings dostavlja EPG podatke ve\u010d kot 100 televizijskim platformam po vsem svetu. V partnerskem sodelovanju z velikani panoge po vsem svetu dostavljamo EPG-je, ki dosegajo 6,6 milijarde gledalcev v Evropi, na Bli\u017enjem vzhodu, v Afriki, Aziji, v obeh Amerikah in na azijsko-pacifi\u0161kem obmo\u010dju. EPG-ji lahko programu veliko pripomorejo ali pa ga pokopljejo; [&hellip;]<\/p>\n","protected":false},"author":1,"featured_media":0,"parent":0,"menu_order":129,"comment_status":"closed","ping_status":"closed","template":"page-epgs_template.php","meta":{"_acf_changed":false,"footnotes":""},"class_list":["post-3719","page","type-page","status-publish","hentry"],"acf":[],"yoast_head":"<!-- This site is optimized with the Yoast SEO plugin v27.4 - https:\/\/yoast.com\/product\/yoast-seo-wordpress\/ -->\n<title>Na\u0161i partnerji - Global Listings<\/title>\n<meta name=\"robots\" content=\"index, follow, max-snippet:-1, max-image-preview:large, max-video-preview:-1\" \/>\n<link rel=\"canonical\" href=\"https:\/\/www.globalepgs.info\/sl\/nasi-partnerji\/\" \/>\n<meta property=\"og:locale\" content=\"sl_SI\" \/>\n<meta property=\"og:type\" content=\"article\" \/>\n<meta property=\"og:title\" content=\"Na\u0161i partnerji - Global Listings\" \/>\n<meta property=\"og:description\" content=\"NA\u0160I PARTNERJI Global Listings dostavlja EPG podatke ve\u010d kot 100 televizijskim platformam po vsem svetu. V partnerskem sodelovanju z velikani panoge po vsem svetu dostavljamo EPG-je, ki dosegajo 6,6 milijarde gledalcev v Evropi, na Bli\u017enjem vzhodu, v Afriki, Aziji, v obeh Amerikah in na azijsko-pacifi\u0161kem obmo\u010dju. EPG-ji lahko programu veliko pripomorejo ali pa ga pokopljejo; [&hellip;]\" \/>\n<meta property=\"og:url\" content=\"https:\/\/www.globalepgs.info\/sl\/nasi-partnerji\/\" \/>\n<meta property=\"og:site_name\" content=\"Global Listings\" \/>\n<meta property=\"article:modified_time\" content=\"2018-01-03T16:42:20+00:00\" \/>\n<meta property=\"og:image\" content=\"http:\/\/globalepgs.info\/app\/uploads\/2017\/02\/circles9.png\" \/>\n<meta name=\"twitter:card\" content=\"summary_large_image\" \/>\n<meta name=\"twitter:label1\" content=\"Est. reading time\" \/>\n\t<meta name=\"twitter:data1\" content=\"3 minutes\" \/>\n<script type=\"application\/ld+json\" class=\"yoast-schema-graph\">{\"@context\":\"https:\\\/\\\/schema.org\",\"@graph\":[{\"@type\":\"WebPage\",\"@id\":\"https:\\\/\\\/www.globalepgs.info\\\/sl\\\/nasi-partnerji\\\/\",\"url\":\"https:\\\/\\\/www.globalepgs.info\\\/sl\\\/nasi-partnerji\\\/\",\"name\":\"Na\u0161i partnerji - Global Listings\",\"isPartOf\":{\"@id\":\"https:\\\/\\\/www.globalepgs.info\\\/es\\\/#website\"},\"primaryImageOfPage\":{\"@id\":\"https:\\\/\\\/www.globalepgs.info\\\/sl\\\/nasi-partnerji\\\/#primaryimage\"},\"image\":{\"@id\":\"https:\\\/\\\/www.globalepgs.info\\\/sl\\\/nasi-partnerji\\\/#primaryimage\"},\"thumbnailUrl\":\"http:\\\/\\\/globalepgs.info\\\/app\\\/uploads\\\/2017\\\/02\\\/circles9.png\",\"datePublished\":\"2017-03-09T08:44:10+00:00\",\"dateModified\":\"2018-01-03T16:42:20+00:00\",\"breadcrumb\":{\"@id\":\"https:\\\/\\\/www.globalepgs.info\\\/sl\\\/nasi-partnerji\\\/#breadcrumb\"},\"inLanguage\":\"sl-SI\",\"potentialAction\":[{\"@type\":\"ReadAction\",\"target\":[\"https:\\\/\\\/www.globalepgs.info\\\/sl\\\/nasi-partnerji\\\/\"]}]},{\"@type\":\"ImageObject\",\"inLanguage\":\"sl-SI\",\"@id\":\"https:\\\/\\\/www.globalepgs.info\\\/sl\\\/nasi-partnerji\\\/#primaryimage\",\"url\":\"http:\\\/\\\/globalepgs.info\\\/app\\\/uploads\\\/2017\\\/02\\\/circles9.png\",\"contentUrl\":\"http:\\\/\\\/globalepgs.info\\\/app\\\/uploads\\\/2017\\\/02\\\/circles9.png\"},{\"@type\":\"BreadcrumbList\",\"@id\":\"https:\\\/\\\/www.globalepgs.info\\\/sl\\\/nasi-partnerji\\\/#breadcrumb\",\"itemListElement\":[{\"@type\":\"ListItem\",\"position\":1,\"name\":\"Home\",\"item\":\"https:\\\/\\\/www.globalepgs.info\\\/sl\\\/\"},{\"@type\":\"ListItem\",\"position\":2,\"name\":\"Na\u0161i partnerji\"}]},{\"@type\":\"WebSite\",\"@id\":\"https:\\\/\\\/www.globalepgs.info\\\/es\\\/#website\",\"url\":\"https:\\\/\\\/www.globalepgs.info\\\/es\\\/\",\"name\":\"Global Listings\",\"description\":\"Just another WordPress site\",\"potentialAction\":[{\"@type\":\"SearchAction\",\"target\":{\"@type\":\"EntryPoint\",\"urlTemplate\":\"https:\\\/\\\/www.globalepgs.info\\\/es\\\/?s={search_term_string}\"},\"query-input\":{\"@type\":\"PropertyValueSpecification\",\"valueRequired\":true,\"valueName\":\"search_term_string\"}}],\"inLanguage\":\"sl-SI\"}]}<\/script>\n<!-- \/ Yoast SEO plugin. -->","yoast_head_json":{"title":"Na\u0161i partnerji - Global Listings","robots":{"index":"index","follow":"follow","max-snippet":"max-snippet:-1","max-image-preview":"max-image-preview:large","max-video-preview":"max-video-preview:-1"},"canonical":"https:\/\/www.globalepgs.info\/sl\/nasi-partnerji\/","og_locale":"sl_SI","og_type":"article","og_title":"Na\u0161i partnerji - Global Listings","og_description":"NA\u0160I PARTNERJI Global Listings dostavlja EPG podatke ve\u010d kot 100 televizijskim platformam po vsem svetu. V partnerskem sodelovanju z velikani panoge po vsem svetu dostavljamo EPG-je, ki dosegajo 6,6 milijarde gledalcev v Evropi, na Bli\u017enjem vzhodu, v Afriki, Aziji, v obeh Amerikah in na azijsko-pacifi\u0161kem obmo\u010dju. EPG-ji lahko programu veliko pripomorejo ali pa ga pokopljejo; [&hellip;]","og_url":"https:\/\/www.globalepgs.info\/sl\/nasi-partnerji\/","og_site_name":"Global Listings","article_modified_time":"2018-01-03T16:42:20+00:00","og_image":[{"url":"http:\/\/globalepgs.info\/app\/uploads\/2017\/02\/circles9.png","type":"","width":"","height":""}],"twitter_card":"summary_large_image","twitter_misc":{"Est. reading time":"3 minutes"},"schema":{"@context":"https:\/\/schema.org","@graph":[{"@type":"WebPage","@id":"https:\/\/www.globalepgs.info\/sl\/nasi-partnerji\/","url":"https:\/\/www.globalepgs.info\/sl\/nasi-partnerji\/","name":"Na\u0161i partnerji - Global Listings","isPartOf":{"@id":"https:\/\/www.globalepgs.info\/es\/#website"},"primaryImageOfPage":{"@id":"https:\/\/www.globalepgs.info\/sl\/nasi-partnerji\/#primaryimage"},"image":{"@id":"https:\/\/www.globalepgs.info\/sl\/nasi-partnerji\/#primaryimage"},"thumbnailUrl":"http:\/\/globalepgs.info\/app\/uploads\/2017\/02\/circles9.png","datePublished":"2017-03-09T08:44:10+00:00","dateModified":"2018-01-03T16:42:20+00:00","breadcrumb":{"@id":"https:\/\/www.globalepgs.info\/sl\/nasi-partnerji\/#breadcrumb"},"inLanguage":"sl-SI","potentialAction":[{"@type":"ReadAction","target":["https:\/\/www.globalepgs.info\/sl\/nasi-partnerji\/"]}]},{"@type":"ImageObject","inLanguage":"sl-SI","@id":"https:\/\/www.globalepgs.info\/sl\/nasi-partnerji\/#primaryimage","url":"http:\/\/globalepgs.info\/app\/uploads\/2017\/02\/circles9.png","contentUrl":"http:\/\/globalepgs.info\/app\/uploads\/2017\/02\/circles9.png"},{"@type":"BreadcrumbList","@id":"https:\/\/www.globalepgs.info\/sl\/nasi-partnerji\/#breadcrumb","itemListElement":[{"@type":"ListItem","position":1,"name":"Home","item":"https:\/\/www.globalepgs.info\/sl\/"},{"@type":"ListItem","position":2,"name":"Na\u0161i partnerji"}]},{"@type":"WebSite","@id":"https:\/\/www.globalepgs.info\/es\/#website","url":"https:\/\/www.globalepgs.info\/es\/","name":"Global Listings","description":"Just another WordPress site","potentialAction":[{"@type":"SearchAction","target":{"@type":"EntryPoint","urlTemplate":"https:\/\/www.globalepgs.info\/es\/?s={search_term_string}"},"query-input":{"@type":"PropertyValueSpecification","valueRequired":true,"valueName":"search_term_string"}}],"inLanguage":"sl-SI"}]}},"_links":{"self":[{"href":"https:\/\/www.globalepgs.info\/sl\/wp-json\/wp\/v2\/pages\/3719","targetHints":{"allow":["GET"]}}],"collection":[{"href":"https:\/\/www.globalepgs.info\/sl\/wp-json\/wp\/v2\/pages"}],"about":[{"href":"https:\/\/www.globalepgs.info\/sl\/wp-json\/wp\/v2\/types\/page"}],"author":[{"embeddable":true,"href":"https:\/\/www.globalepgs.info\/sl\/wp-json\/wp\/v2\/users\/1"}],"replies":[{"embeddable":true,"href":"https:\/\/www.globalepgs.info\/sl\/wp-json\/wp\/v2\/comments?post=3719"}],"version-history":[{"count":0,"href":"https:\/\/www.globalepgs.info\/sl\/wp-json\/wp\/v2\/pages\/3719\/revisions"}],"wp:attachment":[{"href":"https:\/\/www.globalepgs.info\/sl\/wp-json\/wp\/v2\/media?parent=3719"}],"curies":[{"name":"wp","href":"https:\/\/api.w.org\/{rel}","templated":true}]}}