{"id":3737,"date":"2017-03-09T09:55:40","date_gmt":"2017-03-09T09:55:40","guid":{"rendered":"http:\/\/www.globalepgs.info\/sl\/storitve\/"},"modified":"2018-01-03T16:35:11","modified_gmt":"2018-01-03T16:35:11","slug":"storitve","status":"publish","type":"page","link":"https:\/\/www.globalepgs.info\/sl\/storitve\/","title":{"rendered":"Storitve"},"content":{"rendered":"<div class=\"col-4\">\n<p><img decoding=\"async\" class=\"img-circle img-responsive\" src=\"http:\/\/globalepgs.info\/app\/uploads\/2017\/02\/circles7.png\" alt=\"\" \/><\/p>\n<p class=\"content\">STORITVE<\/p>\n<\/div>\n<div class=\"col-8\">\n<div class=\"content\">\n<p>Ponujamo naslednjo generacijo EPG-jev.<\/p>\n<p>Na\u0161e EPG re\u0161itve so edinstvene, ker so zgrajene tako, da usmerjajo gledalce na\u0161ih televizijskih strank, da z lahkoto najdejo in si ogledajo njihovo vsebino, pa naj izbirajo med linearno televizijo, programom na zahtevo ali OTT storitvami.<\/p>\n<p>Zaradi na\u0161ih visoko usposobljenih ekip in dinami\u010dne ter inovativne tehnologije lahko zagotovimo natan\u010dno in privla\u010dno izku\u0161njo, ki pritegne gledalca in poskrbi, da vzljubi va\u0161 kanal in mu zaupa.<\/p>\n<p>Global EPGs sodeluje s televizijskimi platformami po vsem svetu, na vseh kontinentih razen Antarktike (a tudi za to bomo poskrbeli!).<\/p>\n<p>Kar zadeva na\u0161 doseg za mednarodne EPG-je, smo vodilni na trgu in seznanjeni smo s \u010dasovnimi pasovi po vsem svetu, s kulturno ob\u010dutljivimi temami, z drugimi nabori znakov, dostavnimi metodami, s tehni\u010dnimi specifikacijami, \u010dasovnimi roki, z zahtevami po metapodatkih in vsemi drugimi vrstami specifikacij, ki so pri vsaki platformi druga\u010dne.<\/p>\n<p>Bistveno je, da EPG podatke dostavimo pravo\u010dasno, v pravem formatu in na pravo mesto!<\/p>\n<p>Global EPGs lahko izbolj\u0161a EPG-je va\u0161ega kanala na razli\u010dne na\u010dine:<\/p>\n<p><strong>SLIKOVNO GRADIVO PROGRAMA<\/strong><br \/>\nK vsakemu televizijskemu zapisu prilo\u017eimo slikovno gradivo, ki je lahko razli\u010dno za vsak nivo: za nivo serije (na primer Keeping Up With The Kardashians), za nivo sezone (na primer druga sezona) in potem za posamezne epizode, ki imajo lahko vsaka svojo sliko.<\/p>\n<p>Slikovno gradivo je shranjeno v na\u0161i osrednji podatkovni bazi in ga lahko izvozimo v razli\u010dnih velikostih in resolucijah glede na zahteve posamezne televizijske platforme.<\/p>\n<p><strong>SIDELOADING IN PREDVAJANJE<\/strong><br \/>\nMnoge televizijske platforme zdaj ponujajo prilagojene aplikacije, ki naro\u010dnikom omogo\u010dajo gledanje programske vsebine ali gledanje prej posnetega materiala na sekundarni napravi, kot sta pametni telefon ali tablica.<\/p>\n<p>Pri tem je treba upo\u0161tevati vrsto stvari, od splo\u0161nih licen\u010dnih pravic do specifi\u010dnega obdobja, ko je nalo\u017een program \u0161e na voljo. Global EPGs pomaga televizijskim hi\u0161am kri\u017eariti po tem potencialnem minskem polju, poleg tega pa televizijski platformi priskrbi natanko tiste povezane metapodatke, ki jih potrebuje.<\/p>\n<p><strong>STORITVE DOSTOPNOSTI<\/strong><br \/>\nZa mnoge televizijske kanale je zdaj obvezno ozna\u010diti, katere oddaje imajo podnapise za gluhoneme, katere vsebujejo avdio komentar posnetka in katere so predvajane s tolma\u010dem za gluhoneme. Global EPGs sodeluje s televizijskimi hi\u0161ami, da zagotovi, da so njihove obveze pri storitvah dostopnosti v EPG-jih ustrezno izpolnjene.<\/p>\n<p><strong>SAMODEJNO SNEMANJE SERIJE (SERIES LINKING)<\/strong><br \/>\nPri Global EPGs verjamemo, da je series linking samo po sebi umetnost, in na\u0161a napredna tehnologija nam omogo\u010da ustvariti series linking za razli\u010dne platforme ne glede na to, kdaj so oddaje na dolo\u010denem kanalu na sporedu.<\/p>\n<p>Poznamo in dr\u017eimo se vseh pravil, kot so usklajevanje naslovov, zaklju\u010devanje niza ob koncu sezone in tega, da ne pu\u0161\u010damo prevelikega presledka med dvema povezanima epizodama.<\/p>\n<p>Na\u0161a EPG tehnologija nam tudi omogo\u010da, da ustvarimo povezave (links) med filmi, epizodami in samostojnimi oddajami, ki so del ene sezone ali projekta.<\/p>\n<p>Zahtevajte demo prikaz: <a href=\"mailto:epgs@globallistings.info\">epgs@globallistings.info<\/a><\/p>\n<p><strong>Strast do televizije in predanost natan\u010dnosti<\/strong><\/p>\n<p>Na\u0161e EPG re\u0161itve povezujejo dinami\u010dno vsebino, bogate metapodatke in napredno tehnologijo, s \u010dimer poskrbimo za izredno privla\u010dne televizijske izku\u0161nje za gledalce na\u0161ih televizijskih strank \u2013 po vsem svetu.<\/p>\n<p>\u010ce gledalci televizijskega kanala gledajo svoje najljub\u0161e oddaje po tradicionalni televiziji ali se odlo\u010dijo, da jih bodo predvajali sami (streaming) \u2013 od \u0161portnih dogodkov v \u017eivo do filmov, od glasbe do novic in razvedrila \u2013, na\u0161e doma\u010de in mednarodne ekipe poskrbijo za dinami\u010dne besede in opisne metapodatke, ki so prilagojeni vsakemu kanalu in lokalizirani za vsako obmo\u010dje. Tako poskrbijo za re\u0161itev po meri, ki bo zagotovo pritegnila pozornost in zadr\u017eala televizijske gledalce.<\/p>\n<p>Stopnja na\u0161e natan\u010dnosti je izvrstna.<\/p>\n<p>V panogi slovimo po svojih uredni\u0161kih standardih.<\/p>\n<p>Na\u0161e tehni\u010dne zmogljivosti poskrbijo za brezhibno dostavo programske vsebine televizijskega kanala razli\u010dnim platformam.<\/p>\n<p>Z ustvarjanjem, vodenjem in dostavljanjem teh podatkov v imenu svojih strank Global EPGs zagotavlja, da imajo na\u0161i partnerji na voljo vso funkcionalnost EPG-jev naslednje generacije: raz\u0161irjene mo\u017enosti iskanja, priporo\u010dila glede na okus gledalca, pametno samodejno snemanje serij itd.<\/p>\n<p>Bistveno za rast in priljubljenost kanala na vedno tekmovalnem televizijskem trgu je odkrivanje vsebine \u2013 naj gre za linearno televizijo ali video na zahtevo, OTT ali internetno televizijo, gledalci morajo vedeti, kaj je na sporedu \u2013 in te informacije so na voljo izklju\u010dno v vsebini EPG-jev.<\/p>\n<p>Z Global EPGs ste lahko prepri\u010dani, da bodo EPG-ji za va\u0161 kanal ustvarjeni tako, da bodo popolnoma ustrezali va\u0161emu ciljnemu gledalstvu.<\/p>\n<\/div>\n<\/div>\n","protected":false},"excerpt":{"rendered":"<p>STORITVE Ponujamo naslednjo generacijo EPG-jev. Na\u0161e EPG re\u0161itve so edinstvene, ker so zgrajene tako, da usmerjajo gledalce na\u0161ih televizijskih strank, da z lahkoto najdejo in si ogledajo njihovo vsebino, pa naj izbirajo med linearno televizijo, programom na zahtevo ali OTT storitvami. Zaradi na\u0161ih visoko usposobljenih ekip in dinami\u010dne ter inovativne tehnologije lahko zagotovimo natan\u010dno in [&hellip;]<\/p>\n","protected":false},"author":1,"featured_media":0,"parent":0,"menu_order":200,"comment_status":"closed","ping_status":"closed","template":"page-epgs_template.php","meta":{"_acf_changed":false,"footnotes":""},"class_list":["post-3737","page","type-page","status-publish","hentry"],"acf":[],"yoast_head":"<!-- This site is optimized with the Yoast SEO plugin v27.4 - https:\/\/yoast.com\/product\/yoast-seo-wordpress\/ -->\n<title>Storitve - Global Listings<\/title>\n<meta name=\"robots\" content=\"index, follow, max-snippet:-1, max-image-preview:large, max-video-preview:-1\" \/>\n<link rel=\"canonical\" href=\"https:\/\/www.globalepgs.info\/sl\/storitve\/\" \/>\n<meta property=\"og:locale\" content=\"sl_SI\" \/>\n<meta property=\"og:type\" content=\"article\" \/>\n<meta property=\"og:title\" content=\"Storitve - Global Listings\" \/>\n<meta property=\"og:description\" content=\"STORITVE Ponujamo naslednjo generacijo EPG-jev. Na\u0161e EPG re\u0161itve so edinstvene, ker so zgrajene tako, da usmerjajo gledalce na\u0161ih televizijskih strank, da z lahkoto najdejo in si ogledajo njihovo vsebino, pa naj izbirajo med linearno televizijo, programom na zahtevo ali OTT storitvami. Zaradi na\u0161ih visoko usposobljenih ekip in dinami\u010dne ter inovativne tehnologije lahko zagotovimo natan\u010dno in [&hellip;]\" \/>\n<meta property=\"og:url\" content=\"https:\/\/www.globalepgs.info\/sl\/storitve\/\" \/>\n<meta property=\"og:site_name\" content=\"Global Listings\" \/>\n<meta property=\"article:modified_time\" content=\"2018-01-03T16:35:11+00:00\" \/>\n<meta property=\"og:image\" content=\"http:\/\/globalepgs.info\/app\/uploads\/2017\/02\/circles7.png\" \/>\n<meta name=\"twitter:card\" content=\"summary_large_image\" \/>\n<meta name=\"twitter:label1\" content=\"Est. reading time\" \/>\n\t<meta name=\"twitter:data1\" content=\"4 minutes\" \/>\n<script type=\"application\/ld+json\" class=\"yoast-schema-graph\">{\"@context\":\"https:\\\/\\\/schema.org\",\"@graph\":[{\"@type\":\"WebPage\",\"@id\":\"https:\\\/\\\/www.globalepgs.info\\\/sl\\\/storitve\\\/\",\"url\":\"https:\\\/\\\/www.globalepgs.info\\\/sl\\\/storitve\\\/\",\"name\":\"Storitve - Global Listings\",\"isPartOf\":{\"@id\":\"https:\\\/\\\/www.globalepgs.info\\\/es\\\/#website\"},\"primaryImageOfPage\":{\"@id\":\"https:\\\/\\\/www.globalepgs.info\\\/sl\\\/storitve\\\/#primaryimage\"},\"image\":{\"@id\":\"https:\\\/\\\/www.globalepgs.info\\\/sl\\\/storitve\\\/#primaryimage\"},\"thumbnailUrl\":\"http:\\\/\\\/globalepgs.info\\\/app\\\/uploads\\\/2017\\\/02\\\/circles7.png\",\"datePublished\":\"2017-03-09T09:55:40+00:00\",\"dateModified\":\"2018-01-03T16:35:11+00:00\",\"breadcrumb\":{\"@id\":\"https:\\\/\\\/www.globalepgs.info\\\/sl\\\/storitve\\\/#breadcrumb\"},\"inLanguage\":\"sl-SI\",\"potentialAction\":[{\"@type\":\"ReadAction\",\"target\":[\"https:\\\/\\\/www.globalepgs.info\\\/sl\\\/storitve\\\/\"]}]},{\"@type\":\"ImageObject\",\"inLanguage\":\"sl-SI\",\"@id\":\"https:\\\/\\\/www.globalepgs.info\\\/sl\\\/storitve\\\/#primaryimage\",\"url\":\"http:\\\/\\\/globalepgs.info\\\/app\\\/uploads\\\/2017\\\/02\\\/circles7.png\",\"contentUrl\":\"http:\\\/\\\/globalepgs.info\\\/app\\\/uploads\\\/2017\\\/02\\\/circles7.png\"},{\"@type\":\"BreadcrumbList\",\"@id\":\"https:\\\/\\\/www.globalepgs.info\\\/sl\\\/storitve\\\/#breadcrumb\",\"itemListElement\":[{\"@type\":\"ListItem\",\"position\":1,\"name\":\"Home\",\"item\":\"https:\\\/\\\/www.globalepgs.info\\\/sl\\\/\"},{\"@type\":\"ListItem\",\"position\":2,\"name\":\"Storitve\"}]},{\"@type\":\"WebSite\",\"@id\":\"https:\\\/\\\/www.globalepgs.info\\\/es\\\/#website\",\"url\":\"https:\\\/\\\/www.globalepgs.info\\\/es\\\/\",\"name\":\"Global Listings\",\"description\":\"Just another WordPress site\",\"potentialAction\":[{\"@type\":\"SearchAction\",\"target\":{\"@type\":\"EntryPoint\",\"urlTemplate\":\"https:\\\/\\\/www.globalepgs.info\\\/es\\\/?s={search_term_string}\"},\"query-input\":{\"@type\":\"PropertyValueSpecification\",\"valueRequired\":true,\"valueName\":\"search_term_string\"}}],\"inLanguage\":\"sl-SI\"}]}<\/script>\n<!-- \/ Yoast SEO plugin. -->","yoast_head_json":{"title":"Storitve - Global Listings","robots":{"index":"index","follow":"follow","max-snippet":"max-snippet:-1","max-image-preview":"max-image-preview:large","max-video-preview":"max-video-preview:-1"},"canonical":"https:\/\/www.globalepgs.info\/sl\/storitve\/","og_locale":"sl_SI","og_type":"article","og_title":"Storitve - Global Listings","og_description":"STORITVE Ponujamo naslednjo generacijo EPG-jev. Na\u0161e EPG re\u0161itve so edinstvene, ker so zgrajene tako, da usmerjajo gledalce na\u0161ih televizijskih strank, da z lahkoto najdejo in si ogledajo njihovo vsebino, pa naj izbirajo med linearno televizijo, programom na zahtevo ali OTT storitvami. Zaradi na\u0161ih visoko usposobljenih ekip in dinami\u010dne ter inovativne tehnologije lahko zagotovimo natan\u010dno in [&hellip;]","og_url":"https:\/\/www.globalepgs.info\/sl\/storitve\/","og_site_name":"Global Listings","article_modified_time":"2018-01-03T16:35:11+00:00","og_image":[{"url":"http:\/\/globalepgs.info\/app\/uploads\/2017\/02\/circles7.png","type":"","width":"","height":""}],"twitter_card":"summary_large_image","twitter_misc":{"Est. reading time":"4 minutes"},"schema":{"@context":"https:\/\/schema.org","@graph":[{"@type":"WebPage","@id":"https:\/\/www.globalepgs.info\/sl\/storitve\/","url":"https:\/\/www.globalepgs.info\/sl\/storitve\/","name":"Storitve - Global Listings","isPartOf":{"@id":"https:\/\/www.globalepgs.info\/es\/#website"},"primaryImageOfPage":{"@id":"https:\/\/www.globalepgs.info\/sl\/storitve\/#primaryimage"},"image":{"@id":"https:\/\/www.globalepgs.info\/sl\/storitve\/#primaryimage"},"thumbnailUrl":"http:\/\/globalepgs.info\/app\/uploads\/2017\/02\/circles7.png","datePublished":"2017-03-09T09:55:40+00:00","dateModified":"2018-01-03T16:35:11+00:00","breadcrumb":{"@id":"https:\/\/www.globalepgs.info\/sl\/storitve\/#breadcrumb"},"inLanguage":"sl-SI","potentialAction":[{"@type":"ReadAction","target":["https:\/\/www.globalepgs.info\/sl\/storitve\/"]}]},{"@type":"ImageObject","inLanguage":"sl-SI","@id":"https:\/\/www.globalepgs.info\/sl\/storitve\/#primaryimage","url":"http:\/\/globalepgs.info\/app\/uploads\/2017\/02\/circles7.png","contentUrl":"http:\/\/globalepgs.info\/app\/uploads\/2017\/02\/circles7.png"},{"@type":"BreadcrumbList","@id":"https:\/\/www.globalepgs.info\/sl\/storitve\/#breadcrumb","itemListElement":[{"@type":"ListItem","position":1,"name":"Home","item":"https:\/\/www.globalepgs.info\/sl\/"},{"@type":"ListItem","position":2,"name":"Storitve"}]},{"@type":"WebSite","@id":"https:\/\/www.globalepgs.info\/es\/#website","url":"https:\/\/www.globalepgs.info\/es\/","name":"Global Listings","description":"Just another WordPress site","potentialAction":[{"@type":"SearchAction","target":{"@type":"EntryPoint","urlTemplate":"https:\/\/www.globalepgs.info\/es\/?s={search_term_string}"},"query-input":{"@type":"PropertyValueSpecification","valueRequired":true,"valueName":"search_term_string"}}],"inLanguage":"sl-SI"}]}},"_links":{"self":[{"href":"https:\/\/www.globalepgs.info\/sl\/wp-json\/wp\/v2\/pages\/3737","targetHints":{"allow":["GET"]}}],"collection":[{"href":"https:\/\/www.globalepgs.info\/sl\/wp-json\/wp\/v2\/pages"}],"about":[{"href":"https:\/\/www.globalepgs.info\/sl\/wp-json\/wp\/v2\/types\/page"}],"author":[{"embeddable":true,"href":"https:\/\/www.globalepgs.info\/sl\/wp-json\/wp\/v2\/users\/1"}],"replies":[{"embeddable":true,"href":"https:\/\/www.globalepgs.info\/sl\/wp-json\/wp\/v2\/comments?post=3737"}],"version-history":[{"count":0,"href":"https:\/\/www.globalepgs.info\/sl\/wp-json\/wp\/v2\/pages\/3737\/revisions"}],"wp:attachment":[{"href":"https:\/\/www.globalepgs.info\/sl\/wp-json\/wp\/v2\/media?parent=3737"}],"curies":[{"name":"wp","href":"https:\/\/api.w.org\/{rel}","templated":true}]}}