{"id":5020,"date":"2017-03-20T23:26:12","date_gmt":"2017-03-20T23:26:12","guid":{"rendered":"http:\/\/www.globalepgs.info\/sr\/usluge\/"},"modified":"2017-12-03T12:51:44","modified_gmt":"2017-12-03T12:51:44","slug":"usluge","status":"publish","type":"page","link":"https:\/\/www.globalepgs.info\/sr\/usluge\/","title":{"rendered":"Usluge"},"content":{"rendered":"<div class=\"col-4\">\n<p><img decoding=\"async\" class=\"img-circle img-responsive\" src=\"http:\/\/globalepgs.info\/app\/uploads\/2017\/02\/circles7.png\" alt=\"\" \/><\/p>\n<p class=\"content\">USLUGE<\/p>\n<\/div>\n<div class=\"col-8\">\n<div class=\"content\">\n<p>Nudimo slede\u0107u generaciju EPV-a.<\/p>\n<p>Na\u0161a EPV re\u0161enja su jedinstvena, budu\u0107i da usmeravaju gledaoce na\u0161ih emitera tako da se oni lako prona\u0111u i prepoznaju u njihovom sadr\u017eaju, bilo da je re\u010d o usluzi na zahtev, linearnoj TV ili OTT usluzi.<\/p>\n<p>Zahvaljuju\u0107i na\u0161im visokokvalifikovanim timovima i dinami\u010dnoj tehnologiji bez premca u televizijskoj industriji, mo\u017eemo da ponudimo precizno i zanimljivo iskustvo, kako bismo privukli gledaoce i osigurali da \u0107e zavoleti va\u0161 kanal i verovati mu.<\/p>\n<p>Global EPG radi sa TV platformama \u0161irom sveta, na svakom kontinentu osim Antarktika (a uskoro \u0107emo biti i tamo!).<\/p>\n<p>Kad je u pitanju na\u0161 domet na me\u0111unarodnim EPV-ima, vode\u0107i smo na tr\u017ei\u0161tu. Upoznati smo sa svetskim vremenskim zonama, kulturolo\u0161kom ose\u0107ajno\u0161\u0107u, alternativnim setovima znakova, metodama isporuke, tehni\u010dkim karakteristikama, rokovima, zahtevima za metapodatke i raznim drugim sli\u010dnim karakteristikama, jedinstvenim za svaku platformu.<\/p>\n<p>\u0160to je najbitnije, isporu\u010dujemo ta\u010dne EPV podatke u pravo vreme, u pravom formatu i na pravo mesto.<\/p>\n<p>Global EPG mo\u017ee pobolj\u0161ati EPV va\u0161eg kanala na razne na\u010dine, uklju\u010duju\u0107i:<\/p>\n<p><strong>SLIKE PROGRAMA<\/strong><br \/>\nDodajemo slike za svaki deo TV programa. One mogu biti druga\u010dije za svaki nivo programa: nivo sa serijama (recimo, \u201ePorodica Karda\u0161ijan\u201c), sezonski nivo (na primer, Sezona 2) i pojedina\u010dne epizode, od kojih svaka mo\u017ee imati posebnu sliku.<\/p>\n<p>Slike se \u010duvaju u na\u0161oj glavnoj bazi podataka, a mogu se preuzeti u razli\u010ditim veli\u010dinama i rezolucijama, zavisno od zahteva svake TV platforme.<\/p>\n<p><strong>SIDELOUDING i STREAMING<\/strong><br \/>\nMnoge TV platforme sad nude posebne aplikacije koje omogu\u0107avaju njihovim pretplatnicima da strimuju sadr\u017eaj programa, te da gledaju prethodno snimljen materijal na posebnom ure\u0111aju, poput pametnog telefona ili tableta.<\/p>\n<p>Postoji \u010ditav niz stvari koje treba uzeti u obzir prilikom ovoga, od op\u0161tih licencnih prava do odre\u0111enog vremena dostupnosti preuzetog programa. Global EPG poma\u017ee emiterima da se lak\u0161e sna\u0111u na ovom potencijalnom minskom polju, obezbe\u0111uju\u0107i TV platformama upravo ono \u0161to im je neophodno kad su u pitanju odgovaraju\u0107i metapodaci.<\/p>\n<p><strong>USLUGE PRISTUPA<\/strong><br \/>\nSad su mnogi TV kanali obavezni da ozna\u010de koji programi imaju titl za ljude sa o\u0161te\u0107enim sluhom, koji imaju audio-opis, a koji poseduju ispisivanje na ekranu. Global EPG radi s emiterima kako bismo im omogu\u0107ili da svoje usluge pristupa ta\u010dno prika\u017eu na EPV-u.<\/p>\n<p><strong>GRUPISANJE EPIZODA<\/strong><br \/>\nGlobal EPG smatra da je opcija grupisanja epizoda sama po sebi umetni\u010dko delo, a zahvaljuju\u0107i naprednoj tehnologiji, u mogu\u0107nosti smo da kreiramo grupisanje epizoda za vi\u0161estruke platforme, bez obzira na to kako je program na kanalu raspore\u0111en.<\/p>\n<p>Poznajemo i po\u0161tujemo sva pravila kad je u pitanju poklapanje naslova; zatvaramo krug na kraju sezone, ne ostavljaju\u0107i prevelik razmak izme\u0111u dve uzastopne epizode.<\/p>\n<p>Na\u0161a tehnologija EPV-a omogu\u0107ava nam da grupi\u0161emo filmove, epizode i jednokratne programe kad \u010dine deo sezone, ali i kad se prikazuju pojedina\u010dno.<\/p>\n<p>Samo potra\u017eite od nas demo: <a href=\"mailto:epgs@globallistings.info\">epgs@globallistings.info<\/a><\/p>\n<p><strong>Strast prema televiziji i posve\u0107enost preciznosti<\/strong><\/p>\n<p>Na\u0161a EPV re\u0161enja kombinuju dinami\u010dan sadr\u017eaj, bogate metapodatke i unapre\u0111enu tehnologiju, kako bismo obezbedili izuzetno zanimljivo TV iskustvo publici na\u0161ih klijenata emitera \u2013 na globalnom nivou.<\/p>\n<p>Bilo da gledaoci TV kanala gledaju svoje omiljene emisije na tradicionalnoj TV, ili pak biraju strimovanje njihovog sadr\u017eaja \u2212 od sporta u\u017eivo do filmova ili od muzike do vesti i zabave \u2013 na\u0161i UK i me\u0111unarodni timovi obezbe\u0111uju dinami\u010dne re\u010di i opisne metapodatke, koji su personalizovani za svaki kanal i lokalizovani za svaku oblast, pru\u017eaju\u0107i tako gledaocima prilago\u0111ena re\u0161enja koja im sigurno privla\u010de pogled i dr\u017ee pa\u017enju.<\/p>\n<p>Na\u0161i nivoi preciznosti vrhunskog su kvaliteta.<\/p>\n<p>Na\u0161i uredni\u010dki standardi \u010duveni su u industriji.<\/p>\n<p>Na\u0161e tehni\u010dke mogu\u0107nosti isporu\u010duju sadr\u017eaj TV kanala besprekorno na vi\u0161e platformi.<\/p>\n<p>Global EPV stvara, \u010duva i isporu\u010duje ove podatke u ime svojih klijenata, osiguravaju\u0107i da se saradnicima njegovih kanala u potpunosti prikazuju funkcionalnosti nove generacije EPV-a: unapre\u0111ena pretraga, mogu\u0107nost da se pro\u010ditaju sadr\u017eajne preporuke, pametno grupisanje epizoda i tako dalje.<\/p>\n<p>Klju\u010dna stvar u razvoju kanala i rasta njegove popularnosti na sve zahtevnijem TV tr\u017ei\u0161tu jeste otkrivanje sadr\u017eaja \u2013 bilo da je u pitanju linearna TV ili VOD, OTT ili IPTV, gledaoci moraju znati \u0161ta je na programu. Ta informacija potpuno je zavisna od sadr\u017eaja EPV-a.<\/p>\n<p>Uz Global EPG \u2212 mo\u017eete biti sigurni da \u0107e EPV va\u0161eg kanala potpuno odgovarati va\u0161oj ciljanoj publici.<\/p>\n<\/div>\n<\/div>\n","protected":false},"excerpt":{"rendered":"<p>USLUGE Nudimo slede\u0107u generaciju EPV-a. Na\u0161a EPV re\u0161enja su jedinstvena, budu\u0107i da usmeravaju gledaoce na\u0161ih emitera tako da se oni lako prona\u0111u i prepoznaju u njihovom sadr\u017eaju, bilo da je re\u010d o usluzi na zahtev, linearnoj TV ili OTT usluzi. Zahvaljuju\u0107i na\u0161im visokokvalifikovanim timovima i dinami\u010dnoj tehnologiji bez premca u televizijskoj industriji, mo\u017eemo da ponudimo [&hellip;]<\/p>\n","protected":false},"author":1,"featured_media":0,"parent":0,"menu_order":222,"comment_status":"closed","ping_status":"closed","template":"page-epgs_template.php","meta":{"_acf_changed":false,"footnotes":""},"class_list":["post-5020","page","type-page","status-publish","hentry"],"acf":[],"yoast_head":"<!-- This site is optimized with the Yoast SEO plugin v27.3 - https:\/\/yoast.com\/product\/yoast-seo-wordpress\/ -->\n<title>Usluge - Global Listings<\/title>\n<meta name=\"robots\" content=\"index, follow, max-snippet:-1, max-image-preview:large, max-video-preview:-1\" \/>\n<link rel=\"canonical\" href=\"https:\/\/www.globalepgs.info\/sr\/usluge\/\" \/>\n<meta property=\"og:locale\" content=\"sr_RS\" \/>\n<meta property=\"og:type\" content=\"article\" \/>\n<meta property=\"og:title\" content=\"Usluge - Global Listings\" \/>\n<meta property=\"og:description\" content=\"USLUGE Nudimo slede\u0107u generaciju EPV-a. Na\u0161a EPV re\u0161enja su jedinstvena, budu\u0107i da usmeravaju gledaoce na\u0161ih emitera tako da se oni lako prona\u0111u i prepoznaju u njihovom sadr\u017eaju, bilo da je re\u010d o usluzi na zahtev, linearnoj TV ili OTT usluzi. Zahvaljuju\u0107i na\u0161im visokokvalifikovanim timovima i dinami\u010dnoj tehnologiji bez premca u televizijskoj industriji, mo\u017eemo da ponudimo [&hellip;]\" \/>\n<meta property=\"og:url\" content=\"https:\/\/www.globalepgs.info\/sr\/usluge\/\" \/>\n<meta property=\"og:site_name\" content=\"Global Listings\" \/>\n<meta property=\"article:modified_time\" content=\"2017-12-03T12:51:44+00:00\" \/>\n<meta property=\"og:image\" content=\"http:\/\/globalepgs.info\/app\/uploads\/2017\/02\/circles7.png\" \/>\n<meta name=\"twitter:card\" content=\"summary_large_image\" \/>\n<meta name=\"twitter:label1\" content=\"Est. reading time\" \/>\n\t<meta name=\"twitter:data1\" content=\"4 minutes\" \/>\n<script type=\"application\/ld+json\" class=\"yoast-schema-graph\">{\"@context\":\"https:\\\/\\\/schema.org\",\"@graph\":[{\"@type\":\"WebPage\",\"@id\":\"https:\\\/\\\/www.globalepgs.info\\\/sr\\\/usluge\\\/\",\"url\":\"https:\\\/\\\/www.globalepgs.info\\\/sr\\\/usluge\\\/\",\"name\":\"Usluge - Global Listings\",\"isPartOf\":{\"@id\":\"https:\\\/\\\/www.globalepgs.info\\\/es\\\/#website\"},\"primaryImageOfPage\":{\"@id\":\"https:\\\/\\\/www.globalepgs.info\\\/sr\\\/usluge\\\/#primaryimage\"},\"image\":{\"@id\":\"https:\\\/\\\/www.globalepgs.info\\\/sr\\\/usluge\\\/#primaryimage\"},\"thumbnailUrl\":\"http:\\\/\\\/globalepgs.info\\\/app\\\/uploads\\\/2017\\\/02\\\/circles7.png\",\"datePublished\":\"2017-03-20T23:26:12+00:00\",\"dateModified\":\"2017-12-03T12:51:44+00:00\",\"breadcrumb\":{\"@id\":\"https:\\\/\\\/www.globalepgs.info\\\/sr\\\/usluge\\\/#breadcrumb\"},\"inLanguage\":\"sr-RS\",\"potentialAction\":[{\"@type\":\"ReadAction\",\"target\":[\"https:\\\/\\\/www.globalepgs.info\\\/sr\\\/usluge\\\/\"]}]},{\"@type\":\"ImageObject\",\"inLanguage\":\"sr-RS\",\"@id\":\"https:\\\/\\\/www.globalepgs.info\\\/sr\\\/usluge\\\/#primaryimage\",\"url\":\"http:\\\/\\\/globalepgs.info\\\/app\\\/uploads\\\/2017\\\/02\\\/circles7.png\",\"contentUrl\":\"http:\\\/\\\/globalepgs.info\\\/app\\\/uploads\\\/2017\\\/02\\\/circles7.png\"},{\"@type\":\"BreadcrumbList\",\"@id\":\"https:\\\/\\\/www.globalepgs.info\\\/sr\\\/usluge\\\/#breadcrumb\",\"itemListElement\":[{\"@type\":\"ListItem\",\"position\":1,\"name\":\"Home\",\"item\":\"https:\\\/\\\/www.globalepgs.info\\\/sr\\\/\"},{\"@type\":\"ListItem\",\"position\":2,\"name\":\"Usluge\"}]},{\"@type\":\"WebSite\",\"@id\":\"https:\\\/\\\/www.globalepgs.info\\\/es\\\/#website\",\"url\":\"https:\\\/\\\/www.globalepgs.info\\\/es\\\/\",\"name\":\"Global Listings\",\"description\":\"Just another WordPress site\",\"potentialAction\":[{\"@type\":\"SearchAction\",\"target\":{\"@type\":\"EntryPoint\",\"urlTemplate\":\"https:\\\/\\\/www.globalepgs.info\\\/es\\\/?s={search_term_string}\"},\"query-input\":{\"@type\":\"PropertyValueSpecification\",\"valueRequired\":true,\"valueName\":\"search_term_string\"}}],\"inLanguage\":\"sr-RS\"}]}<\/script>\n<!-- \/ Yoast SEO plugin. -->","yoast_head_json":{"title":"Usluge - Global Listings","robots":{"index":"index","follow":"follow","max-snippet":"max-snippet:-1","max-image-preview":"max-image-preview:large","max-video-preview":"max-video-preview:-1"},"canonical":"https:\/\/www.globalepgs.info\/sr\/usluge\/","og_locale":"sr_RS","og_type":"article","og_title":"Usluge - Global Listings","og_description":"USLUGE Nudimo slede\u0107u generaciju EPV-a. Na\u0161a EPV re\u0161enja su jedinstvena, budu\u0107i da usmeravaju gledaoce na\u0161ih emitera tako da se oni lako prona\u0111u i prepoznaju u njihovom sadr\u017eaju, bilo da je re\u010d o usluzi na zahtev, linearnoj TV ili OTT usluzi. Zahvaljuju\u0107i na\u0161im visokokvalifikovanim timovima i dinami\u010dnoj tehnologiji bez premca u televizijskoj industriji, mo\u017eemo da ponudimo [&hellip;]","og_url":"https:\/\/www.globalepgs.info\/sr\/usluge\/","og_site_name":"Global Listings","article_modified_time":"2017-12-03T12:51:44+00:00","og_image":[{"url":"http:\/\/globalepgs.info\/app\/uploads\/2017\/02\/circles7.png","type":"","width":"","height":""}],"twitter_card":"summary_large_image","twitter_misc":{"Est. reading time":"4 minutes"},"schema":{"@context":"https:\/\/schema.org","@graph":[{"@type":"WebPage","@id":"https:\/\/www.globalepgs.info\/sr\/usluge\/","url":"https:\/\/www.globalepgs.info\/sr\/usluge\/","name":"Usluge - Global Listings","isPartOf":{"@id":"https:\/\/www.globalepgs.info\/es\/#website"},"primaryImageOfPage":{"@id":"https:\/\/www.globalepgs.info\/sr\/usluge\/#primaryimage"},"image":{"@id":"https:\/\/www.globalepgs.info\/sr\/usluge\/#primaryimage"},"thumbnailUrl":"http:\/\/globalepgs.info\/app\/uploads\/2017\/02\/circles7.png","datePublished":"2017-03-20T23:26:12+00:00","dateModified":"2017-12-03T12:51:44+00:00","breadcrumb":{"@id":"https:\/\/www.globalepgs.info\/sr\/usluge\/#breadcrumb"},"inLanguage":"sr-RS","potentialAction":[{"@type":"ReadAction","target":["https:\/\/www.globalepgs.info\/sr\/usluge\/"]}]},{"@type":"ImageObject","inLanguage":"sr-RS","@id":"https:\/\/www.globalepgs.info\/sr\/usluge\/#primaryimage","url":"http:\/\/globalepgs.info\/app\/uploads\/2017\/02\/circles7.png","contentUrl":"http:\/\/globalepgs.info\/app\/uploads\/2017\/02\/circles7.png"},{"@type":"BreadcrumbList","@id":"https:\/\/www.globalepgs.info\/sr\/usluge\/#breadcrumb","itemListElement":[{"@type":"ListItem","position":1,"name":"Home","item":"https:\/\/www.globalepgs.info\/sr\/"},{"@type":"ListItem","position":2,"name":"Usluge"}]},{"@type":"WebSite","@id":"https:\/\/www.globalepgs.info\/es\/#website","url":"https:\/\/www.globalepgs.info\/es\/","name":"Global Listings","description":"Just another WordPress site","potentialAction":[{"@type":"SearchAction","target":{"@type":"EntryPoint","urlTemplate":"https:\/\/www.globalepgs.info\/es\/?s={search_term_string}"},"query-input":{"@type":"PropertyValueSpecification","valueRequired":true,"valueName":"search_term_string"}}],"inLanguage":"sr-RS"}]}},"_links":{"self":[{"href":"https:\/\/www.globalepgs.info\/sr\/wp-json\/wp\/v2\/pages\/5020","targetHints":{"allow":["GET"]}}],"collection":[{"href":"https:\/\/www.globalepgs.info\/sr\/wp-json\/wp\/v2\/pages"}],"about":[{"href":"https:\/\/www.globalepgs.info\/sr\/wp-json\/wp\/v2\/types\/page"}],"author":[{"embeddable":true,"href":"https:\/\/www.globalepgs.info\/sr\/wp-json\/wp\/v2\/users\/1"}],"replies":[{"embeddable":true,"href":"https:\/\/www.globalepgs.info\/sr\/wp-json\/wp\/v2\/comments?post=5020"}],"version-history":[{"count":0,"href":"https:\/\/www.globalepgs.info\/sr\/wp-json\/wp\/v2\/pages\/5020\/revisions"}],"wp:attachment":[{"href":"https:\/\/www.globalepgs.info\/sr\/wp-json\/wp\/v2\/media?parent=5020"}],"curies":[{"name":"wp","href":"https:\/\/api.w.org\/{rel}","templated":true}]}}