{"id":4856,"date":"2017-03-18T14:36:08","date_gmt":"2017-03-18T14:36:08","guid":{"rendered":"http:\/\/www.globalepgs.info\/sv\/vaara-partners\/"},"modified":"2018-01-04T16:37:01","modified_gmt":"2018-01-04T16:37:01","slug":"vaara-partners","status":"publish","type":"page","link":"https:\/\/www.globalepgs.info\/sv\/vaara-partners\/","title":{"rendered":"V\u00e5ra Partners"},"content":{"rendered":"<div class=\"col-4\">\n<p><img decoding=\"async\" class=\"img-circle img-responsive\" src=\"http:\/\/globalepgs.info\/app\/uploads\/2017\/02\/circles9.png\" alt=\"content_photo\" \/><\/p>\n<p class=\"content\">V\u00c5RA PARTNERS<\/p>\n<\/div>\n<div class=\"col-8\">\n<div class=\"content\">\n<p>Global Listings levererar EPG-data till \u00f6ver 100 TV-plattformar v\u00e4rlden \u00f6ver.<\/p>\n<p>I ett samarbete med de viktigaste akt\u00f6rerna i branschen p\u00e5 en global niv\u00e5 levererar vi EPG som n\u00e5r ut till 6,6 miljarder m\u00e4nniskor i Europa, Mellan\u00f6stern, Afrika, Asien, Nord- och Sydamerika samt Asien-Stillahavsregionen.<\/p>\n<p>EN EPG kan st\u00e4rka och f\u00f6rst\u00f6ra ett program. Om inneh\u00e5llet \u201cs\u00e4ljer\u201d det som betraktaren tittar p\u00e5 s\u00e5 kommer han\/hon att titta p\u00e5 det. G\u00f6r du det p\u00e5 fel s\u00e4tt kommer tittarna att navigera sig bort fr\u00e5n din kanal.<\/p>\n<p>Vi \u00e4r experter p\u00e5 att maximera publikandelen f\u00f6r v\u00e5ra kunder genom att leverera korrekta, insiktsfulla, i\u00f6gonfallande och tekniskt avancerade datastr\u00f6mmar p\u00e5 r\u00e4tt spr\u00e5k och i den lokala tidszonen.<\/p>\n<p>Vi \u00e4r en kundn\u00e4ra aff\u00e4rspartner, tekniskt avancerade och redaktionellt smarta. V\u00e5ra l\u00f6sningar och v\u00e5r banbrytande teknik kombineras f\u00f6r att leverera attraktiva elektroniska programguider som engagerar en TV-publik:<\/p>\n<p>\u2026i det egna hemmet<\/p>\n<p>\u2026n\u00e4r de \u00e4r mottagliga f\u00f6r dina meddelanden<\/p>\n<p>\u2026i samma \u00f6gonblick som de best\u00e4mmer sig f\u00f6r vad de ska titta p\u00e5<\/p>\n<p><strong>V\u00e5ra TV-partners \u00e4r:<\/strong><\/p>\n<div style=\"float: left;width: 50%\">\n<ul>\n<li>Sky (Storbritannien)<\/li>\n<li>Mediaset Premium (Italien)<\/li>\n<li>Nova Group (Rum\u00e4nien)<\/li>\n<li>Freeview (Storbritannien)<\/li>\n<li>Sky (Italien)<\/li>\n<li>Plesul\/Telemedia (Rum\u00e4nien)<\/li>\n<li>Freesat (Storbritannien)<\/li>\n<li>Persidera (Italien)<\/li>\n<li>RCS (Rum\u00e4nien)<\/li>\n<li>Top-Up TV (Storbritannien)<\/li>\n<li>ART (Mellan\u00f6stern)<\/li>\n<li>RomTelecom (Rum\u00e4nien)<\/li>\n<li>Foxtel (Australien)<\/li>\n<li>Orbit Showtime (Mellan\u00f6stern)<\/li>\n<li>Sangel Prod (Rum\u00e4nien)<\/li>\n<li>Belgacom (Belgien)<\/li>\n<li>CAIW (Nederl\u00e4nderna)<\/li>\n<li>SC Canal S (Rum\u00e4nien)<\/li>\n<li>MaxTV (Kroatien)<\/li>\n<li>Glashart Media (Nederl\u00e4nderna)<\/li>\n<li>SC Cuantic (Rum\u00e4nien)<\/li>\n<li>Now (\u00d6sterut)<\/li>\n<li>KPN (Nederl\u00e4nderna)<\/li>\n<li>SC Gilga (Rum\u00e4nien)<\/li>\n<li>Singtel (\u00d6sterut)<\/li>\n<li>Canal Digital (Norge)<\/li>\n<li>SC Ines (Rum\u00e4nien)<\/li>\n<li>Starhub (\u00d6sterut)<\/li>\n<li>Aster (Polen)<\/li>\n<li>SC Kety Prod (Rum\u00e4nien)<\/li>\n<li>Canal Satellite (Frankrike)<\/li>\n<li>Cyfra+ (Polen)<\/li>\n<li>SC Lumident (Rum\u00e4nien)<\/li>\n<li>KDG (Tyskland)<\/li>\n<li>Cyfrowy Polsat (Polen)<\/li>\n<li>SC Semsat (Rum\u00e4nien)<\/li>\n<li>Nova (Grekland)<\/li>\n<li>MultiMedia (Polen)<\/li>\n<li>SC Telesat (Rum\u00e4nien)<\/li>\n<li>ONTelecoms (Grekland)<\/li>\n<li>N (Polen)<\/li>\n<li>SC Toro Media (Rum\u00e4nien)<\/li>\n<li>OTE (Grekland)<\/li>\n<li>Toya (Polen)<\/li>\n<li>Solpress (Rum\u00e4nien)<\/li>\n<li>Antenna (Ungern)<\/li>\n<li>Vectra (Polen)<\/li>\n<li>UPC Romania (Rum\u00e4nien)<\/li>\n<li>Digi TV (Ungern)<\/li>\n<li>UPC (Polen)<\/li>\n<li>NTV (Ryssland)<\/li>\n<li>Fibernet (Ungern)<\/li>\n<li>CaboVisao (Portugal)<\/li>\n<li>Platforma HD (Ryssland)<\/li>\n<li>HelloHD (Ungern)<\/li>\n<li>ClixSmart (Portugal)<\/li>\n<li>Astra (Internationell)<\/li>\n<li>Sky Germany (Tyskland)<\/li>\n<li>Starmax (Mellan\u00f6stern)<\/li>\n<li>TeliaSonera (Norden)<\/li>\n<\/ul>\n<\/div>\n<div style=\"float: right;width: 50%\">\n<ul>\n<li>Virgin (Storbritannien)<\/li>\n<li>Movistar (Spanien)<\/li>\n<li>Vemox (USA)<\/li>\n<li>Echostar (USA)<\/li>\n<li>Vodafone (Portugal)<\/li>\n<li>Vodafone (Spanien)<\/li>\n<li>SBB (Serbien)<\/li>\n<li>HFC (Ungern)<\/li>\n<li>beIN (Mellan\u00f6stern)<\/li>\n<li>Amis (Slovenien)<\/li>\n<li>Invitel (Ungern)<\/li>\n<li>Boxer Teracom (Sverige)<\/li>\n<li>Mobitel (Slovenien)<\/li>\n<li>IP-Park (Ungern)<\/li>\n<li>Eutelsat Hot Bird (Internationell)<\/li>\n<li>Siol TV (Slovenien)<\/li>\n<li>KS8500 (Ungern)<\/li>\n<li>GO (Malta)<\/li>\n<li>Tus (Slovenien)<\/li>\n<li>Magyar Telekom (Ungern)<\/li>\n<li>Zon (Portugal)<\/li>\n<li>MultiChoice (S. Afrika)<\/li>\n<li>Parisat (Ungern)<\/li>\n<li>Botu Service (Rum\u00e4nien)<\/li>\n<li>Abertis (Spanien)<\/li>\n<li>PR Tele (Ungern)<\/li>\n<li>Cable TV Sistem (Rum\u00e4nien)<\/li>\n<li>Digital Plus (Spanien)<\/li>\n<li>R\u00f6szkenet (Ungern)<\/li>\n<li>Clar Television (Rum\u00e4nien)<\/li>\n<li>ONO (Spanien)<\/li>\n<li>Rubicom (Ungern)<\/li>\n<li>Dynamic Distribution (Rum\u00e4nien)<\/li>\n<li>Teuve (Spanien)<\/li>\n<li>Szamosnet (Ungern)<\/li>\n<li>Electrotech Ind (Rum\u00e4nien)<\/li>\n<li>DigiTurk (Turkiet)<\/li>\n<li>Szarvas (Ungern)<\/li>\n<li>GMB Computers (Rum\u00e4nien)<\/li>\n<li>DSmart (Turkiet)<\/li>\n<li>TACell (Ungern)<\/li>\n<li>Greenzone (Rum\u00e4nien)<\/li>\n<li>Turksat (Turkiet)<\/li>\n<li>Tarr (Ungern)<\/li>\n<li>Ideovet Serv (Rum\u00e4nien)<\/li>\n<li>Airtel (Indien)<\/li>\n<li>T-Kabel (Ungern)<\/li>\n<li>Ines (Rum\u00e4nien)<\/li>\n<li>Sky New Zealand<\/li>\n<li>UPC (Ungern)<\/li>\n<li>Iris ACTV Impex (Rum\u00e4nien)<\/li>\n<li>Azam TV (Tanzania)<\/li>\n<li>Vac Varosi (Ungern)<\/li>\n<li>Lidas Prod (Rum\u00e4nien)<\/li>\n<li>My HD (Dubai)<\/li>\n<li>ViDaNet (Ungern)<\/li>\n<li>Magnavox (Rum\u00e4nien)<\/li>\n<li>Altibox (Norge)<\/li>\n<li>Yes! (Israel)<\/li>\n<li>Medvest (Rum\u00e4nien)<\/li>\n<li>Total Play (Mexiko)<\/li>\n<\/ul>\n<\/div>\n<\/div>\n<\/div>\n","protected":false},"excerpt":{"rendered":"<p>V\u00c5RA PARTNERS Global Listings levererar EPG-data till \u00f6ver 100 TV-plattformar v\u00e4rlden \u00f6ver. I ett samarbete med de viktigaste akt\u00f6rerna i branschen p\u00e5 en global niv\u00e5 levererar vi EPG som n\u00e5r ut till 6,6 miljarder m\u00e4nniskor i Europa, Mellan\u00f6stern, Afrika, Asien, Nord- och Sydamerika samt Asien-Stillahavsregionen. EN EPG kan st\u00e4rka och f\u00f6rst\u00f6ra ett program. Om inneh\u00e5llet [&hellip;]<\/p>\n","protected":false},"author":1,"featured_media":0,"parent":0,"menu_order":129,"comment_status":"closed","ping_status":"closed","template":"page-epgs_template.php","meta":{"_acf_changed":false,"footnotes":""},"class_list":["post-4856","page","type-page","status-publish","hentry"],"acf":[],"yoast_head":"<!-- This site is optimized with the Yoast SEO plugin v27.4 - https:\/\/yoast.com\/product\/yoast-seo-wordpress\/ -->\n<title>V\u00e5ra Partners - Global Listings<\/title>\n<meta name=\"robots\" content=\"index, follow, max-snippet:-1, max-image-preview:large, max-video-preview:-1\" \/>\n<link rel=\"canonical\" href=\"https:\/\/www.globalepgs.info\/sv\/vaara-partners\/\" \/>\n<meta property=\"og:locale\" content=\"sv_SE\" \/>\n<meta property=\"og:type\" content=\"article\" \/>\n<meta property=\"og:title\" content=\"V\u00e5ra Partners - Global Listings\" \/>\n<meta property=\"og:description\" content=\"V\u00c5RA PARTNERS Global Listings levererar EPG-data till \u00f6ver 100 TV-plattformar v\u00e4rlden \u00f6ver. I ett samarbete med de viktigaste akt\u00f6rerna i branschen p\u00e5 en global niv\u00e5 levererar vi EPG som n\u00e5r ut till 6,6 miljarder m\u00e4nniskor i Europa, Mellan\u00f6stern, Afrika, Asien, Nord- och Sydamerika samt Asien-Stillahavsregionen. EN EPG kan st\u00e4rka och f\u00f6rst\u00f6ra ett program. Om inneh\u00e5llet [&hellip;]\" \/>\n<meta property=\"og:url\" content=\"https:\/\/www.globalepgs.info\/sv\/vaara-partners\/\" \/>\n<meta property=\"og:site_name\" content=\"Global Listings\" \/>\n<meta property=\"article:modified_time\" content=\"2018-01-04T16:37:01+00:00\" \/>\n<meta property=\"og:image\" content=\"http:\/\/globalepgs.info\/app\/uploads\/2017\/02\/circles9.png\" \/>\n<meta name=\"twitter:card\" content=\"summary_large_image\" \/>\n<meta name=\"twitter:label1\" content=\"Est. reading time\" \/>\n\t<meta name=\"twitter:data1\" content=\"3 minutes\" \/>\n<script type=\"application\/ld+json\" class=\"yoast-schema-graph\">{\"@context\":\"https:\\\/\\\/schema.org\",\"@graph\":[{\"@type\":\"WebPage\",\"@id\":\"https:\\\/\\\/www.globalepgs.info\\\/sv\\\/vaara-partners\\\/\",\"url\":\"https:\\\/\\\/www.globalepgs.info\\\/sv\\\/vaara-partners\\\/\",\"name\":\"V\u00e5ra Partners - Global Listings\",\"isPartOf\":{\"@id\":\"https:\\\/\\\/www.globalepgs.info\\\/es\\\/#website\"},\"primaryImageOfPage\":{\"@id\":\"https:\\\/\\\/www.globalepgs.info\\\/sv\\\/vaara-partners\\\/#primaryimage\"},\"image\":{\"@id\":\"https:\\\/\\\/www.globalepgs.info\\\/sv\\\/vaara-partners\\\/#primaryimage\"},\"thumbnailUrl\":\"http:\\\/\\\/globalepgs.info\\\/app\\\/uploads\\\/2017\\\/02\\\/circles9.png\",\"datePublished\":\"2017-03-18T14:36:08+00:00\",\"dateModified\":\"2018-01-04T16:37:01+00:00\",\"breadcrumb\":{\"@id\":\"https:\\\/\\\/www.globalepgs.info\\\/sv\\\/vaara-partners\\\/#breadcrumb\"},\"inLanguage\":\"sv-SE\",\"potentialAction\":[{\"@type\":\"ReadAction\",\"target\":[\"https:\\\/\\\/www.globalepgs.info\\\/sv\\\/vaara-partners\\\/\"]}]},{\"@type\":\"ImageObject\",\"inLanguage\":\"sv-SE\",\"@id\":\"https:\\\/\\\/www.globalepgs.info\\\/sv\\\/vaara-partners\\\/#primaryimage\",\"url\":\"http:\\\/\\\/globalepgs.info\\\/app\\\/uploads\\\/2017\\\/02\\\/circles9.png\",\"contentUrl\":\"http:\\\/\\\/globalepgs.info\\\/app\\\/uploads\\\/2017\\\/02\\\/circles9.png\"},{\"@type\":\"BreadcrumbList\",\"@id\":\"https:\\\/\\\/www.globalepgs.info\\\/sv\\\/vaara-partners\\\/#breadcrumb\",\"itemListElement\":[{\"@type\":\"ListItem\",\"position\":1,\"name\":\"Home\",\"item\":\"https:\\\/\\\/www.globalepgs.info\\\/sv\\\/\"},{\"@type\":\"ListItem\",\"position\":2,\"name\":\"V\u00e5ra Partners\"}]},{\"@type\":\"WebSite\",\"@id\":\"https:\\\/\\\/www.globalepgs.info\\\/es\\\/#website\",\"url\":\"https:\\\/\\\/www.globalepgs.info\\\/es\\\/\",\"name\":\"Global Listings\",\"description\":\"Just another WordPress site\",\"potentialAction\":[{\"@type\":\"SearchAction\",\"target\":{\"@type\":\"EntryPoint\",\"urlTemplate\":\"https:\\\/\\\/www.globalepgs.info\\\/es\\\/?s={search_term_string}\"},\"query-input\":{\"@type\":\"PropertyValueSpecification\",\"valueRequired\":true,\"valueName\":\"search_term_string\"}}],\"inLanguage\":\"sv-SE\"}]}<\/script>\n<!-- \/ Yoast SEO plugin. -->","yoast_head_json":{"title":"V\u00e5ra Partners - Global Listings","robots":{"index":"index","follow":"follow","max-snippet":"max-snippet:-1","max-image-preview":"max-image-preview:large","max-video-preview":"max-video-preview:-1"},"canonical":"https:\/\/www.globalepgs.info\/sv\/vaara-partners\/","og_locale":"sv_SE","og_type":"article","og_title":"V\u00e5ra Partners - Global Listings","og_description":"V\u00c5RA PARTNERS Global Listings levererar EPG-data till \u00f6ver 100 TV-plattformar v\u00e4rlden \u00f6ver. I ett samarbete med de viktigaste akt\u00f6rerna i branschen p\u00e5 en global niv\u00e5 levererar vi EPG som n\u00e5r ut till 6,6 miljarder m\u00e4nniskor i Europa, Mellan\u00f6stern, Afrika, Asien, Nord- och Sydamerika samt Asien-Stillahavsregionen. EN EPG kan st\u00e4rka och f\u00f6rst\u00f6ra ett program. Om inneh\u00e5llet [&hellip;]","og_url":"https:\/\/www.globalepgs.info\/sv\/vaara-partners\/","og_site_name":"Global Listings","article_modified_time":"2018-01-04T16:37:01+00:00","og_image":[{"url":"http:\/\/globalepgs.info\/app\/uploads\/2017\/02\/circles9.png","type":"","width":"","height":""}],"twitter_card":"summary_large_image","twitter_misc":{"Est. reading time":"3 minutes"},"schema":{"@context":"https:\/\/schema.org","@graph":[{"@type":"WebPage","@id":"https:\/\/www.globalepgs.info\/sv\/vaara-partners\/","url":"https:\/\/www.globalepgs.info\/sv\/vaara-partners\/","name":"V\u00e5ra Partners - Global Listings","isPartOf":{"@id":"https:\/\/www.globalepgs.info\/es\/#website"},"primaryImageOfPage":{"@id":"https:\/\/www.globalepgs.info\/sv\/vaara-partners\/#primaryimage"},"image":{"@id":"https:\/\/www.globalepgs.info\/sv\/vaara-partners\/#primaryimage"},"thumbnailUrl":"http:\/\/globalepgs.info\/app\/uploads\/2017\/02\/circles9.png","datePublished":"2017-03-18T14:36:08+00:00","dateModified":"2018-01-04T16:37:01+00:00","breadcrumb":{"@id":"https:\/\/www.globalepgs.info\/sv\/vaara-partners\/#breadcrumb"},"inLanguage":"sv-SE","potentialAction":[{"@type":"ReadAction","target":["https:\/\/www.globalepgs.info\/sv\/vaara-partners\/"]}]},{"@type":"ImageObject","inLanguage":"sv-SE","@id":"https:\/\/www.globalepgs.info\/sv\/vaara-partners\/#primaryimage","url":"http:\/\/globalepgs.info\/app\/uploads\/2017\/02\/circles9.png","contentUrl":"http:\/\/globalepgs.info\/app\/uploads\/2017\/02\/circles9.png"},{"@type":"BreadcrumbList","@id":"https:\/\/www.globalepgs.info\/sv\/vaara-partners\/#breadcrumb","itemListElement":[{"@type":"ListItem","position":1,"name":"Home","item":"https:\/\/www.globalepgs.info\/sv\/"},{"@type":"ListItem","position":2,"name":"V\u00e5ra Partners"}]},{"@type":"WebSite","@id":"https:\/\/www.globalepgs.info\/es\/#website","url":"https:\/\/www.globalepgs.info\/es\/","name":"Global Listings","description":"Just another WordPress site","potentialAction":[{"@type":"SearchAction","target":{"@type":"EntryPoint","urlTemplate":"https:\/\/www.globalepgs.info\/es\/?s={search_term_string}"},"query-input":{"@type":"PropertyValueSpecification","valueRequired":true,"valueName":"search_term_string"}}],"inLanguage":"sv-SE"}]}},"_links":{"self":[{"href":"https:\/\/www.globalepgs.info\/sv\/wp-json\/wp\/v2\/pages\/4856","targetHints":{"allow":["GET"]}}],"collection":[{"href":"https:\/\/www.globalepgs.info\/sv\/wp-json\/wp\/v2\/pages"}],"about":[{"href":"https:\/\/www.globalepgs.info\/sv\/wp-json\/wp\/v2\/types\/page"}],"author":[{"embeddable":true,"href":"https:\/\/www.globalepgs.info\/sv\/wp-json\/wp\/v2\/users\/1"}],"replies":[{"embeddable":true,"href":"https:\/\/www.globalepgs.info\/sv\/wp-json\/wp\/v2\/comments?post=4856"}],"version-history":[{"count":0,"href":"https:\/\/www.globalepgs.info\/sv\/wp-json\/wp\/v2\/pages\/4856\/revisions"}],"wp:attachment":[{"href":"https:\/\/www.globalepgs.info\/sv\/wp-json\/wp\/v2\/media?parent=4856"}],"curies":[{"name":"wp","href":"https:\/\/api.w.org\/{rel}","templated":true}]}}