{"id":4343,"date":"2017-03-13T08:47:05","date_gmt":"2017-03-13T08:47:05","guid":{"rendered":"http:\/\/www.globalepgs.info\/tr\/7-24-elektronik-program-rehberi-guencellemeleri\/"},"modified":"2017-12-19T11:18:51","modified_gmt":"2017-12-19T11:18:51","slug":"7-24-elektronik-program-rehberi-guencellemeleri","status":"publish","type":"page","link":"https:\/\/www.globalepgs.info\/tr\/7-24-elektronik-program-rehberi-guencellemeleri\/","title":{"rendered":"7-24 Elektronik Program Rehberi G\u00fcncellemeleri"},"content":{"rendered":"<div class=\"col-4\">\n<p><img decoding=\"async\" class=\"img-circle img-responsive\" src=\"http:\/\/globalepgs.info\/app\/uploads\/2017\/02\/circles8.png\" alt=\"content_photo\" \/><\/p>\n<p class=\"content\">7-24 Elektronik Program Rehberi G\u00fcncellemeleri<\/p>\n<\/div>\n<div class=\"col-8\">\n<div class=\"content\">\n<p>Elektronik Program Rehberlerini, 7-24 (gecenin ortas\u0131, hatta Y\u0131lba\u015f\u0131 G\u00fcn\u00fc) g\u00fcncelleyebileceklerini bilmenin ek g\u00fcvencesini isteyen yay\u0131n kurulu\u015flar\u0131 i\u00e7in, Global Elektronik Program Rehberleri (EPG) AGiLE\u2019\u0131 (Global Listings\u2019e Her Yerde Eri\u015fin) sunar\u0131z.<\/p>\n<p>AGiLE m\u00fc\u015fterilerimize \u00f6zel \u00e7evrimi\u00e7i hizmetimiz ve mobil ve tabletlere y\u00f6nelik uygulamam\u0131zd\u0131r; yay\u0131n kurulu\u015flar\u0131na Global EPG veri taban\u0131ndaki yay\u0131n programlar\u0131na canl\u0131 olarak eri\u015fme, acil de\u011fi\u015fiklikler yapma ve an\u0131nda EPG g\u00fcncellemeleri g\u00f6ndererek TV platform verilerinin daima %100 do\u011fru kalmas\u0131n\u0131 sa\u011flama imkan\u0131 verir.<\/p>\n<p>Bunun nas\u0131l i\u015finize yaraca\u011f\u0131na dair g\u00f6sterim isterseniz l\u00fctfen e-posta adresinizi a\u015fa\u011f\u0131ya girin, sizinle ileti\u015fime ge\u00e7ece\u011fiz.<\/p>\n<p>Do\u011fal olarak, ekiplerimiz bu EPG g\u00fcncellemelerini \u0131\u015f\u0131k h\u0131z\u0131nda, sekt\u00f6rde tan\u0131nmam\u0131z\u0131 sa\u011flayan do\u011fruluktan asla taviz vermeden uygulamaya koymak \u00fczere haz\u0131r bekler. Ne d\u00fczeyde hizmete ihtiyac\u0131n\u0131z oldu\u011fu konusunda se\u00e7im sizin: ekiplerimiz taraf\u0131ndan sunulan tekil\/ba\u011f\u0131ms\u0131z \u00e7\u00f6z\u00fcm veya u\u00e7tan uca hizmet \u00e7\u00f6z\u00fcm\u00fc.<\/p>\n<\/div>\n<\/div>\n","protected":false},"excerpt":{"rendered":"<p>7-24 Elektronik Program Rehberi G\u00fcncellemeleri Elektronik Program Rehberlerini, 7-24 (gecenin ortas\u0131, hatta Y\u0131lba\u015f\u0131 G\u00fcn\u00fc) g\u00fcncelleyebileceklerini bilmenin ek g\u00fcvencesini isteyen yay\u0131n kurulu\u015flar\u0131 i\u00e7in, Global Elektronik Program Rehberleri (EPG) AGiLE\u2019\u0131 (Global Listings\u2019e Her Yerde Eri\u015fin) sunar\u0131z. AGiLE m\u00fc\u015fterilerimize \u00f6zel \u00e7evrimi\u00e7i hizmetimiz ve mobil ve tabletlere y\u00f6nelik uygulamam\u0131zd\u0131r; yay\u0131n kurulu\u015flar\u0131na Global EPG veri taban\u0131ndaki yay\u0131n programlar\u0131na canl\u0131 olarak [&hellip;]<\/p>\n","protected":false},"author":1,"featured_media":0,"parent":0,"menu_order":68,"comment_status":"closed","ping_status":"closed","template":"page-epgs_template.php","meta":{"_acf_changed":false,"footnotes":""},"class_list":["post-4343","page","type-page","status-publish","hentry"],"acf":[],"yoast_head":"<!-- This site is optimized with the Yoast SEO plugin v27.3 - https:\/\/yoast.com\/product\/yoast-seo-wordpress\/ -->\n<title>7-24 Elektronik Program Rehberi G\u00fcncellemeleri - Global Listings<\/title>\n<meta name=\"robots\" content=\"index, follow, max-snippet:-1, max-image-preview:large, max-video-preview:-1\" \/>\n<link rel=\"canonical\" href=\"https:\/\/www.globalepgs.info\/tr\/7-24-elektronik-program-rehberi-guencellemeleri\/\" \/>\n<meta property=\"og:locale\" content=\"tr_TR\" \/>\n<meta property=\"og:type\" content=\"article\" \/>\n<meta property=\"og:title\" content=\"7-24 Elektronik Program Rehberi G\u00fcncellemeleri - Global Listings\" \/>\n<meta property=\"og:description\" content=\"7-24 Elektronik Program Rehberi G\u00fcncellemeleri Elektronik Program Rehberlerini, 7-24 (gecenin ortas\u0131, hatta Y\u0131lba\u015f\u0131 G\u00fcn\u00fc) g\u00fcncelleyebileceklerini bilmenin ek g\u00fcvencesini isteyen yay\u0131n kurulu\u015flar\u0131 i\u00e7in, Global Elektronik Program Rehberleri (EPG) AGiLE\u2019\u0131 (Global Listings\u2019e Her Yerde Eri\u015fin) sunar\u0131z. AGiLE m\u00fc\u015fterilerimize \u00f6zel \u00e7evrimi\u00e7i hizmetimiz ve mobil ve tabletlere y\u00f6nelik uygulamam\u0131zd\u0131r; yay\u0131n kurulu\u015flar\u0131na Global EPG veri taban\u0131ndaki yay\u0131n programlar\u0131na canl\u0131 olarak [&hellip;]\" \/>\n<meta property=\"og:url\" content=\"https:\/\/www.globalepgs.info\/tr\/7-24-elektronik-program-rehberi-guencellemeleri\/\" \/>\n<meta property=\"og:site_name\" content=\"Global Listings\" \/>\n<meta property=\"article:modified_time\" content=\"2017-12-19T11:18:51+00:00\" \/>\n<meta property=\"og:image\" content=\"http:\/\/globalepgs.info\/app\/uploads\/2017\/02\/circles8.png\" \/>\n<meta name=\"twitter:card\" content=\"summary_large_image\" \/>\n<meta name=\"twitter:label1\" content=\"Est. reading time\" \/>\n\t<meta name=\"twitter:data1\" content=\"1 minute\" \/>\n<script type=\"application\/ld+json\" class=\"yoast-schema-graph\">{\"@context\":\"https:\\\/\\\/schema.org\",\"@graph\":[{\"@type\":\"WebPage\",\"@id\":\"https:\\\/\\\/www.globalepgs.info\\\/tr\\\/7-24-elektronik-program-rehberi-guencellemeleri\\\/\",\"url\":\"https:\\\/\\\/www.globalepgs.info\\\/tr\\\/7-24-elektronik-program-rehberi-guencellemeleri\\\/\",\"name\":\"7-24 Elektronik Program Rehberi G\u00fcncellemeleri - Global Listings\",\"isPartOf\":{\"@id\":\"https:\\\/\\\/www.globalepgs.info\\\/es\\\/#website\"},\"primaryImageOfPage\":{\"@id\":\"https:\\\/\\\/www.globalepgs.info\\\/tr\\\/7-24-elektronik-program-rehberi-guencellemeleri\\\/#primaryimage\"},\"image\":{\"@id\":\"https:\\\/\\\/www.globalepgs.info\\\/tr\\\/7-24-elektronik-program-rehberi-guencellemeleri\\\/#primaryimage\"},\"thumbnailUrl\":\"http:\\\/\\\/globalepgs.info\\\/app\\\/uploads\\\/2017\\\/02\\\/circles8.png\",\"datePublished\":\"2017-03-13T08:47:05+00:00\",\"dateModified\":\"2017-12-19T11:18:51+00:00\",\"breadcrumb\":{\"@id\":\"https:\\\/\\\/www.globalepgs.info\\\/tr\\\/7-24-elektronik-program-rehberi-guencellemeleri\\\/#breadcrumb\"},\"inLanguage\":\"tr\",\"potentialAction\":[{\"@type\":\"ReadAction\",\"target\":[\"https:\\\/\\\/www.globalepgs.info\\\/tr\\\/7-24-elektronik-program-rehberi-guencellemeleri\\\/\"]}]},{\"@type\":\"ImageObject\",\"inLanguage\":\"tr\",\"@id\":\"https:\\\/\\\/www.globalepgs.info\\\/tr\\\/7-24-elektronik-program-rehberi-guencellemeleri\\\/#primaryimage\",\"url\":\"http:\\\/\\\/globalepgs.info\\\/app\\\/uploads\\\/2017\\\/02\\\/circles8.png\",\"contentUrl\":\"http:\\\/\\\/globalepgs.info\\\/app\\\/uploads\\\/2017\\\/02\\\/circles8.png\"},{\"@type\":\"BreadcrumbList\",\"@id\":\"https:\\\/\\\/www.globalepgs.info\\\/tr\\\/7-24-elektronik-program-rehberi-guencellemeleri\\\/#breadcrumb\",\"itemListElement\":[{\"@type\":\"ListItem\",\"position\":1,\"name\":\"Home\",\"item\":\"https:\\\/\\\/www.globalepgs.info\\\/tr\\\/\"},{\"@type\":\"ListItem\",\"position\":2,\"name\":\"7-24 Elektronik Program Rehberi G\u00fcncellemeleri\"}]},{\"@type\":\"WebSite\",\"@id\":\"https:\\\/\\\/www.globalepgs.info\\\/es\\\/#website\",\"url\":\"https:\\\/\\\/www.globalepgs.info\\\/es\\\/\",\"name\":\"Global Listings\",\"description\":\"Just another WordPress site\",\"potentialAction\":[{\"@type\":\"SearchAction\",\"target\":{\"@type\":\"EntryPoint\",\"urlTemplate\":\"https:\\\/\\\/www.globalepgs.info\\\/es\\\/?s={search_term_string}\"},\"query-input\":{\"@type\":\"PropertyValueSpecification\",\"valueRequired\":true,\"valueName\":\"search_term_string\"}}],\"inLanguage\":\"tr\"}]}<\/script>\n<!-- \/ Yoast SEO plugin. -->","yoast_head_json":{"title":"7-24 Elektronik Program Rehberi G\u00fcncellemeleri - Global Listings","robots":{"index":"index","follow":"follow","max-snippet":"max-snippet:-1","max-image-preview":"max-image-preview:large","max-video-preview":"max-video-preview:-1"},"canonical":"https:\/\/www.globalepgs.info\/tr\/7-24-elektronik-program-rehberi-guencellemeleri\/","og_locale":"tr_TR","og_type":"article","og_title":"7-24 Elektronik Program Rehberi G\u00fcncellemeleri - Global Listings","og_description":"7-24 Elektronik Program Rehberi G\u00fcncellemeleri Elektronik Program Rehberlerini, 7-24 (gecenin ortas\u0131, hatta Y\u0131lba\u015f\u0131 G\u00fcn\u00fc) g\u00fcncelleyebileceklerini bilmenin ek g\u00fcvencesini isteyen yay\u0131n kurulu\u015flar\u0131 i\u00e7in, Global Elektronik Program Rehberleri (EPG) AGiLE\u2019\u0131 (Global Listings\u2019e Her Yerde Eri\u015fin) sunar\u0131z. AGiLE m\u00fc\u015fterilerimize \u00f6zel \u00e7evrimi\u00e7i hizmetimiz ve mobil ve tabletlere y\u00f6nelik uygulamam\u0131zd\u0131r; yay\u0131n kurulu\u015flar\u0131na Global EPG veri taban\u0131ndaki yay\u0131n programlar\u0131na canl\u0131 olarak [&hellip;]","og_url":"https:\/\/www.globalepgs.info\/tr\/7-24-elektronik-program-rehberi-guencellemeleri\/","og_site_name":"Global Listings","article_modified_time":"2017-12-19T11:18:51+00:00","og_image":[{"url":"http:\/\/globalepgs.info\/app\/uploads\/2017\/02\/circles8.png","type":"","width":"","height":""}],"twitter_card":"summary_large_image","twitter_misc":{"Est. reading time":"1 minute"},"schema":{"@context":"https:\/\/schema.org","@graph":[{"@type":"WebPage","@id":"https:\/\/www.globalepgs.info\/tr\/7-24-elektronik-program-rehberi-guencellemeleri\/","url":"https:\/\/www.globalepgs.info\/tr\/7-24-elektronik-program-rehberi-guencellemeleri\/","name":"7-24 Elektronik Program Rehberi G\u00fcncellemeleri - Global Listings","isPartOf":{"@id":"https:\/\/www.globalepgs.info\/es\/#website"},"primaryImageOfPage":{"@id":"https:\/\/www.globalepgs.info\/tr\/7-24-elektronik-program-rehberi-guencellemeleri\/#primaryimage"},"image":{"@id":"https:\/\/www.globalepgs.info\/tr\/7-24-elektronik-program-rehberi-guencellemeleri\/#primaryimage"},"thumbnailUrl":"http:\/\/globalepgs.info\/app\/uploads\/2017\/02\/circles8.png","datePublished":"2017-03-13T08:47:05+00:00","dateModified":"2017-12-19T11:18:51+00:00","breadcrumb":{"@id":"https:\/\/www.globalepgs.info\/tr\/7-24-elektronik-program-rehberi-guencellemeleri\/#breadcrumb"},"inLanguage":"tr","potentialAction":[{"@type":"ReadAction","target":["https:\/\/www.globalepgs.info\/tr\/7-24-elektronik-program-rehberi-guencellemeleri\/"]}]},{"@type":"ImageObject","inLanguage":"tr","@id":"https:\/\/www.globalepgs.info\/tr\/7-24-elektronik-program-rehberi-guencellemeleri\/#primaryimage","url":"http:\/\/globalepgs.info\/app\/uploads\/2017\/02\/circles8.png","contentUrl":"http:\/\/globalepgs.info\/app\/uploads\/2017\/02\/circles8.png"},{"@type":"BreadcrumbList","@id":"https:\/\/www.globalepgs.info\/tr\/7-24-elektronik-program-rehberi-guencellemeleri\/#breadcrumb","itemListElement":[{"@type":"ListItem","position":1,"name":"Home","item":"https:\/\/www.globalepgs.info\/tr\/"},{"@type":"ListItem","position":2,"name":"7-24 Elektronik Program Rehberi G\u00fcncellemeleri"}]},{"@type":"WebSite","@id":"https:\/\/www.globalepgs.info\/es\/#website","url":"https:\/\/www.globalepgs.info\/es\/","name":"Global Listings","description":"Just another WordPress site","potentialAction":[{"@type":"SearchAction","target":{"@type":"EntryPoint","urlTemplate":"https:\/\/www.globalepgs.info\/es\/?s={search_term_string}"},"query-input":{"@type":"PropertyValueSpecification","valueRequired":true,"valueName":"search_term_string"}}],"inLanguage":"tr"}]}},"_links":{"self":[{"href":"https:\/\/www.globalepgs.info\/tr\/wp-json\/wp\/v2\/pages\/4343","targetHints":{"allow":["GET"]}}],"collection":[{"href":"https:\/\/www.globalepgs.info\/tr\/wp-json\/wp\/v2\/pages"}],"about":[{"href":"https:\/\/www.globalepgs.info\/tr\/wp-json\/wp\/v2\/types\/page"}],"author":[{"embeddable":true,"href":"https:\/\/www.globalepgs.info\/tr\/wp-json\/wp\/v2\/users\/1"}],"replies":[{"embeddable":true,"href":"https:\/\/www.globalepgs.info\/tr\/wp-json\/wp\/v2\/comments?post=4343"}],"version-history":[{"count":0,"href":"https:\/\/www.globalepgs.info\/tr\/wp-json\/wp\/v2\/pages\/4343\/revisions"}],"wp:attachment":[{"href":"https:\/\/www.globalepgs.info\/tr\/wp-json\/wp\/v2\/media?parent=4343"}],"curies":[{"name":"wp","href":"https:\/\/api.w.org\/{rel}","templated":true}]}}