{"id":4344,"date":"2017-03-13T09:26:53","date_gmt":"2017-03-13T09:26:53","guid":{"rendered":"http:\/\/www.globalepgs.info\/tr\/ortaklarimiz\/"},"modified":"2017-12-19T11:19:36","modified_gmt":"2017-12-19T11:19:36","slug":"ortaklarimiz","status":"publish","type":"page","link":"https:\/\/www.globalepgs.info\/tr\/ortaklarimiz\/","title":{"rendered":"Ortaklar\u0131m\u0131z"},"content":{"rendered":"<div class=\"col-4\">\n<p><img decoding=\"async\" class=\"img-circle img-responsive\" src=\"http:\/\/globalepgs.info\/app\/uploads\/2017\/02\/circles9.png\" alt=\"content_photo\" \/><\/p>\n<p class=\"content\">ORTAKLARIMIZ<\/p>\n<\/div>\n<div class=\"col-8\">\n<div class=\"content\">\n<p>Global Listings d\u00fcnya \u00e7ap\u0131nda 1000\u2019den fazla TV platformuna Elektronik Program Rehberi verileri sunmaktad\u0131r.<\/p>\n<p>Sekt\u00f6rdeki \u00f6nemli devlerle ortakl\u0131k halinde, k\u00fcresel \u00f6l\u00e7ekte \u00e7al\u0131\u015farak, Avrupa-Orta Do\u011fu-Afrika, Asya, Amerika k\u0131tas\u0131 ve Asya-Pasifik b\u00f6lgelerinde 6,6 milyarl\u0131k bir izleyici kitlesine ula\u015fan Elektronik Program Rehberleri sunar\u0131z.<\/p>\n<p>Elektronik Program Rehberleri bir program\u0131 bat\u0131rabilir veya \u00e7\u0131karabilir; i\u00e7erik program\u0131 \u2018satarsa\u2019 izleyici onu izler, yanl\u0131\u015f anlar ve izleyici kanal\u0131n\u0131zdan uzakla\u015farak ba\u015fka kanala ge\u00e7er.<\/p>\n<p>Do\u011fru, kavray\u0131\u015f sunan, g\u00f6z al\u0131c\u0131, teknolojik olarak geli\u015fmi\u015f veri ak\u0131\u015flar\u0131n\u0131 do\u011fru dilde ve yerel saat diliminde sa\u011flayarak yay\u0131nc\u0131l\u0131k alan\u0131ndaki m\u00fc\u015fterilerimizin izleyici pay\u0131n\u0131 en y\u00fcksek d\u00fczeye \u00e7\u0131karmada uzman\u0131z.<\/p>\n<p>Teknik olarak geli\u015fmi\u015f ve edit\u00f6rl\u00fck a\u00e7\u0131s\u0131ndan ak\u0131ll\u0131 olan, m\u00fc\u015fteri odakl\u0131 bir i\u015f orta\u011f\u0131y\u0131z. \u00d6l\u00e7eklendirilebilir \u00e7\u00f6z\u00fcmlerimiz ve teknolojinin son \u00fcr\u00fcn\u00fc teknolojilerimiz bir araya gelerek, bir TV kanal\u0131n\u0131n izleyicilerini a\u015fa\u011f\u0131daki gibi eksiksiz bi\u00e7imde dahil eden cazip Elektronik Program Rehberleri sunar:<\/p>\n<p>\u2026kendi evlerinde<\/p>\n<p>\u2026mesajlar\u0131n\u0131z\u0131 almaya e\u011filimli olduklar\u0131nda<\/p>\n<p>\u2026ne izleyeceklerine tam olarak karar verdikleri anda<\/p>\n<p><strong>TV Platformu Ortaklar\u0131m\u0131z \u015funlar\u0131 i\u00e7erir:<\/strong><\/p>\n<ul>\n<li>Sky (Birle\u015fik Krall\u0131k)<\/li>\n<li>Mediaset Premium (\u0130talya)<\/li>\n<li>Nova Group (Romanya)<\/li>\n<li>Freeview (Birle\u015fik Krall\u0131k)<\/li>\n<li>Sky (\u0130talya)<\/li>\n<li>Plesul \/ Telemedia (Romanya)<\/li>\n<li>Freesat (Birle\u015fik Krall\u0131k)<\/li>\n<li>Persidera (\u0130talya)<\/li>\n<li>RCS (Romanya)<\/li>\n<li>Top-Up TV (Birle\u015fik Krall\u0131k)<\/li>\n<li>ART (Orta Do\u011fu)<\/li>\n<li>RomTelecom (Romanya)<\/li>\n<li>Foxtel (Avustralya)<\/li>\n<li>Orbit Showtime (Orta Do\u011fu)<\/li>\n<li>Sangel Prod (Romanya)<\/li>\n<li>Belgacom (Bel\u00e7ika)<\/li>\n<li>CAIW (Hollanda)<\/li>\n<li>SC Canal S (Romanya)<\/li>\n<li>MaxTV (H\u0131rvatistan)<\/li>\n<li>Glashart Media (Hollanda)<\/li>\n<li>SC Cuantic (Romanya)<\/li>\n<li>Now (Uzak Do\u011fu)<\/li>\n<li>KPN (Hollanda)<\/li>\n<li>SC Gilga (Romanya)<\/li>\n<li>Singtel (Uzak Do\u011fu)<\/li>\n<li>Canal Digital (Norve\u00e7)<\/li>\n<li>SC Ines (Romanya)<\/li>\n<li>Starhub (Uzak Do\u011fu)<\/li>\n<li>Aster (Polonya)<\/li>\n<li>SC Kety Prod (Romanya)<\/li>\n<li>Canal Satellite (Fransa)<\/li>\n<li>Cyfra+ (Polonya)<\/li>\n<li>SC Lumident (Romanya)<\/li>\n<li>KDG (Almanya)<\/li>\n<li>Cyfrowy Polsat (Polonya)<\/li>\n<li>SC Semsat (Romanya)<\/li>\n<li>Nova (Yunanistan)<\/li>\n<li>MultiMedia (Polonya)<\/li>\n<li>SC Telesat (Romanya)<\/li>\n<li>ONTelecoms (Yunanistan)<\/li>\n<li>N (Polonya)<\/li>\n<li>SC Toro Media (Romanya)<\/li>\n<li>OTE (Yunanistan)<\/li>\n<li>Toya (Polonya)<\/li>\n<li>Solpress (Romanya)<\/li>\n<li>Antenna (Macaristan)<\/li>\n<li>Vectra (Polonya)<\/li>\n<li>UPC Romanya (Romanya)<\/li>\n<li>Digi TV (Macaristan)<\/li>\n<li>UPC (Polonya)<\/li>\n<li>NTV (Rusya)<\/li>\n<li>Fibernet (Macaristan)<\/li>\n<li>CaboVisao (Portekiz)<\/li>\n<li>Platforma HD (Rusya)<\/li>\n<li>HelloHD (Macaristan)<\/li>\n<li>ClixSmart (Portekiz)<\/li>\n<li>Astra (Uluslararas\u0131)<\/li>\n<li>Sky Almanya (Almanya)<\/li>\n<li>Starmax (Orta Do\u011fu)<\/li>\n<li>TeliaSonera (\u0130skandinavya)<\/li>\n<\/ul>\n<ul>\n<li>Virgin (Birle\u015fik Krall\u0131k)<\/li>\n<li>Movistar (\u0130spanya)<\/li>\n<li>Vemox (ABD)<\/li>\n<li>Echostar (ABD)<\/li>\n<li>Vodafone (Portekiz)<\/li>\n<li>Vodafone (\u0130spanya)<\/li>\n<li>SBB (S\u0131rbistan)<\/li>\n<li>HFC (Macaristan)<\/li>\n<li>beIN (Orta Do\u011fu)<\/li>\n<li>Amis (Slovenya)<\/li>\n<li>Invitel (Macaristan)<\/li>\n<li>Boxer Teracom (\u0130sve\u00e7)<\/li>\n<li>Mobitel (Slovenya)<\/li>\n<li>IP-Park (Macaristan)<\/li>\n<li>Eutelsat Hot Bird (Uluslararas\u0131)<\/li>\n<li>Siol TV (Slovenya)<\/li>\n<li>KS8500 (Macaristan)<\/li>\n<li>GO (Malta)<\/li>\n<li>Tus (Slovenya)<\/li>\n<li>Magyar Telekom (Macaristan)<\/li>\n<li>Zon (Portekiz)<\/li>\n<li>MultiChoice (G\u00fcney Afrika)<\/li>\n<li>Parisat (Macaristan)<\/li>\n<li>Botu Service (Romanya)<\/li>\n<li>Abertis (\u0130spanya)<\/li>\n<li>PR Tele (Macaristan)<\/li>\n<li>Cable TV Sistem (Romanya)<\/li>\n<li>Digital Plus (\u0130spanya)<\/li>\n<li>R\u00f6szkenet (Macaristan)<\/li>\n<li>Clar Television (Romanya)<\/li>\n<li>ONO (\u0130spanya)<\/li>\n<li>Rubicom (Macaristan)<\/li>\n<li>Dynamic Distribution (Romanya)<\/li>\n<li>Teuve (\u0130spanya)<\/li>\n<li>Szamosnet (Macaristan)<\/li>\n<li>Electrotech Ind (Romanya)<\/li>\n<li>DigiTurk (T\u00fcrkiye)<\/li>\n<li>Szarvas (Macaristan)<\/li>\n<li>GMB Computers (Romanya)<\/li>\n<li>DSmart (T\u00fcrkiye)<\/li>\n<li>TACell (Macaristan)<\/li>\n<li>Greenzone (Romanya)<\/li>\n<li>Turksat (T\u00fcrkiye)<\/li>\n<li>Tarr (Macaristan)<\/li>\n<li>Ideovet Serv (Romanya)<\/li>\n<li>Airtel (Hindistan)<\/li>\n<li>T-Kabel (Macaristan)<\/li>\n<li>Ines (Romanya)<\/li>\n<li>Sky Yeni Zelanda<\/li>\n<li>UPC (Macaristan)<\/li>\n<li>Iris ACTV Impex (Romanya)<\/li>\n<li>Azam TV (Tanzanya)<\/li>\n<li>Vac Varosi (Macaristan)<\/li>\n<li>Lidas Prod (Romanya)<\/li>\n<li>My HD (Dubai)<\/li>\n<li>ViDaNet (Macaristan)<\/li>\n<li>Magnavox (Romanya)<\/li>\n<li>Altibox (Norve\u00e7)<\/li>\n<li>Yes! (\u0130srail)<\/li>\n<li>Medvest (Romanya)<\/li>\n<li>Total Play (Meksika)<\/li>\n<\/ul>\n<\/div>\n<\/div>\n","protected":false},"excerpt":{"rendered":"<p>ORTAKLARIMIZ Global Listings d\u00fcnya \u00e7ap\u0131nda 1000\u2019den fazla TV platformuna Elektronik Program Rehberi verileri sunmaktad\u0131r. Sekt\u00f6rdeki \u00f6nemli devlerle ortakl\u0131k halinde, k\u00fcresel \u00f6l\u00e7ekte \u00e7al\u0131\u015farak, Avrupa-Orta Do\u011fu-Afrika, Asya, Amerika k\u0131tas\u0131 ve Asya-Pasifik b\u00f6lgelerinde 6,6 milyarl\u0131k bir izleyici kitlesine ula\u015fan Elektronik Program Rehberleri sunar\u0131z. Elektronik Program Rehberleri bir program\u0131 bat\u0131rabilir veya \u00e7\u0131karabilir; i\u00e7erik program\u0131 \u2018satarsa\u2019 izleyici onu izler, yanl\u0131\u015f [&hellip;]<\/p>\n","protected":false},"author":1,"featured_media":0,"parent":0,"menu_order":129,"comment_status":"closed","ping_status":"closed","template":"page-epgs_template.php","meta":{"_acf_changed":false,"footnotes":""},"class_list":["post-4344","page","type-page","status-publish","hentry"],"acf":[],"yoast_head":"<!-- This site is optimized with the Yoast SEO plugin v27.3 - https:\/\/yoast.com\/product\/yoast-seo-wordpress\/ -->\n<title>Ortaklar\u0131m\u0131z - Global Listings<\/title>\n<meta name=\"robots\" content=\"index, follow, max-snippet:-1, max-image-preview:large, max-video-preview:-1\" \/>\n<link rel=\"canonical\" href=\"https:\/\/www.globalepgs.info\/tr\/ortaklarimiz\/\" \/>\n<meta property=\"og:locale\" content=\"tr_TR\" \/>\n<meta property=\"og:type\" content=\"article\" \/>\n<meta property=\"og:title\" content=\"Ortaklar\u0131m\u0131z - Global Listings\" \/>\n<meta property=\"og:description\" content=\"ORTAKLARIMIZ Global Listings d\u00fcnya \u00e7ap\u0131nda 1000\u2019den fazla TV platformuna Elektronik Program Rehberi verileri sunmaktad\u0131r. Sekt\u00f6rdeki \u00f6nemli devlerle ortakl\u0131k halinde, k\u00fcresel \u00f6l\u00e7ekte \u00e7al\u0131\u015farak, Avrupa-Orta Do\u011fu-Afrika, Asya, Amerika k\u0131tas\u0131 ve Asya-Pasifik b\u00f6lgelerinde 6,6 milyarl\u0131k bir izleyici kitlesine ula\u015fan Elektronik Program Rehberleri sunar\u0131z. Elektronik Program Rehberleri bir program\u0131 bat\u0131rabilir veya \u00e7\u0131karabilir; i\u00e7erik program\u0131 \u2018satarsa\u2019 izleyici onu izler, yanl\u0131\u015f [&hellip;]\" \/>\n<meta property=\"og:url\" content=\"https:\/\/www.globalepgs.info\/tr\/ortaklarimiz\/\" \/>\n<meta property=\"og:site_name\" content=\"Global Listings\" \/>\n<meta property=\"article:modified_time\" content=\"2017-12-19T11:19:36+00:00\" \/>\n<meta property=\"og:image\" content=\"http:\/\/globalepgs.info\/app\/uploads\/2017\/02\/circles9.png\" \/>\n<meta name=\"twitter:card\" content=\"summary_large_image\" \/>\n<meta name=\"twitter:label1\" content=\"Est. reading time\" \/>\n\t<meta name=\"twitter:data1\" content=\"3 minutes\" \/>\n<script type=\"application\/ld+json\" class=\"yoast-schema-graph\">{\"@context\":\"https:\\\/\\\/schema.org\",\"@graph\":[{\"@type\":\"WebPage\",\"@id\":\"https:\\\/\\\/www.globalepgs.info\\\/tr\\\/ortaklarimiz\\\/\",\"url\":\"https:\\\/\\\/www.globalepgs.info\\\/tr\\\/ortaklarimiz\\\/\",\"name\":\"Ortaklar\u0131m\u0131z - Global Listings\",\"isPartOf\":{\"@id\":\"https:\\\/\\\/www.globalepgs.info\\\/es\\\/#website\"},\"primaryImageOfPage\":{\"@id\":\"https:\\\/\\\/www.globalepgs.info\\\/tr\\\/ortaklarimiz\\\/#primaryimage\"},\"image\":{\"@id\":\"https:\\\/\\\/www.globalepgs.info\\\/tr\\\/ortaklarimiz\\\/#primaryimage\"},\"thumbnailUrl\":\"http:\\\/\\\/globalepgs.info\\\/app\\\/uploads\\\/2017\\\/02\\\/circles9.png\",\"datePublished\":\"2017-03-13T09:26:53+00:00\",\"dateModified\":\"2017-12-19T11:19:36+00:00\",\"breadcrumb\":{\"@id\":\"https:\\\/\\\/www.globalepgs.info\\\/tr\\\/ortaklarimiz\\\/#breadcrumb\"},\"inLanguage\":\"tr\",\"potentialAction\":[{\"@type\":\"ReadAction\",\"target\":[\"https:\\\/\\\/www.globalepgs.info\\\/tr\\\/ortaklarimiz\\\/\"]}]},{\"@type\":\"ImageObject\",\"inLanguage\":\"tr\",\"@id\":\"https:\\\/\\\/www.globalepgs.info\\\/tr\\\/ortaklarimiz\\\/#primaryimage\",\"url\":\"http:\\\/\\\/globalepgs.info\\\/app\\\/uploads\\\/2017\\\/02\\\/circles9.png\",\"contentUrl\":\"http:\\\/\\\/globalepgs.info\\\/app\\\/uploads\\\/2017\\\/02\\\/circles9.png\"},{\"@type\":\"BreadcrumbList\",\"@id\":\"https:\\\/\\\/www.globalepgs.info\\\/tr\\\/ortaklarimiz\\\/#breadcrumb\",\"itemListElement\":[{\"@type\":\"ListItem\",\"position\":1,\"name\":\"Home\",\"item\":\"https:\\\/\\\/www.globalepgs.info\\\/tr\\\/\"},{\"@type\":\"ListItem\",\"position\":2,\"name\":\"Ortaklar\u0131m\u0131z\"}]},{\"@type\":\"WebSite\",\"@id\":\"https:\\\/\\\/www.globalepgs.info\\\/es\\\/#website\",\"url\":\"https:\\\/\\\/www.globalepgs.info\\\/es\\\/\",\"name\":\"Global Listings\",\"description\":\"Just another WordPress site\",\"potentialAction\":[{\"@type\":\"SearchAction\",\"target\":{\"@type\":\"EntryPoint\",\"urlTemplate\":\"https:\\\/\\\/www.globalepgs.info\\\/es\\\/?s={search_term_string}\"},\"query-input\":{\"@type\":\"PropertyValueSpecification\",\"valueRequired\":true,\"valueName\":\"search_term_string\"}}],\"inLanguage\":\"tr\"}]}<\/script>\n<!-- \/ Yoast SEO plugin. -->","yoast_head_json":{"title":"Ortaklar\u0131m\u0131z - Global Listings","robots":{"index":"index","follow":"follow","max-snippet":"max-snippet:-1","max-image-preview":"max-image-preview:large","max-video-preview":"max-video-preview:-1"},"canonical":"https:\/\/www.globalepgs.info\/tr\/ortaklarimiz\/","og_locale":"tr_TR","og_type":"article","og_title":"Ortaklar\u0131m\u0131z - Global Listings","og_description":"ORTAKLARIMIZ Global Listings d\u00fcnya \u00e7ap\u0131nda 1000\u2019den fazla TV platformuna Elektronik Program Rehberi verileri sunmaktad\u0131r. Sekt\u00f6rdeki \u00f6nemli devlerle ortakl\u0131k halinde, k\u00fcresel \u00f6l\u00e7ekte \u00e7al\u0131\u015farak, Avrupa-Orta Do\u011fu-Afrika, Asya, Amerika k\u0131tas\u0131 ve Asya-Pasifik b\u00f6lgelerinde 6,6 milyarl\u0131k bir izleyici kitlesine ula\u015fan Elektronik Program Rehberleri sunar\u0131z. Elektronik Program Rehberleri bir program\u0131 bat\u0131rabilir veya \u00e7\u0131karabilir; i\u00e7erik program\u0131 \u2018satarsa\u2019 izleyici onu izler, yanl\u0131\u015f [&hellip;]","og_url":"https:\/\/www.globalepgs.info\/tr\/ortaklarimiz\/","og_site_name":"Global Listings","article_modified_time":"2017-12-19T11:19:36+00:00","og_image":[{"url":"http:\/\/globalepgs.info\/app\/uploads\/2017\/02\/circles9.png","type":"","width":"","height":""}],"twitter_card":"summary_large_image","twitter_misc":{"Est. reading time":"3 minutes"},"schema":{"@context":"https:\/\/schema.org","@graph":[{"@type":"WebPage","@id":"https:\/\/www.globalepgs.info\/tr\/ortaklarimiz\/","url":"https:\/\/www.globalepgs.info\/tr\/ortaklarimiz\/","name":"Ortaklar\u0131m\u0131z - Global Listings","isPartOf":{"@id":"https:\/\/www.globalepgs.info\/es\/#website"},"primaryImageOfPage":{"@id":"https:\/\/www.globalepgs.info\/tr\/ortaklarimiz\/#primaryimage"},"image":{"@id":"https:\/\/www.globalepgs.info\/tr\/ortaklarimiz\/#primaryimage"},"thumbnailUrl":"http:\/\/globalepgs.info\/app\/uploads\/2017\/02\/circles9.png","datePublished":"2017-03-13T09:26:53+00:00","dateModified":"2017-12-19T11:19:36+00:00","breadcrumb":{"@id":"https:\/\/www.globalepgs.info\/tr\/ortaklarimiz\/#breadcrumb"},"inLanguage":"tr","potentialAction":[{"@type":"ReadAction","target":["https:\/\/www.globalepgs.info\/tr\/ortaklarimiz\/"]}]},{"@type":"ImageObject","inLanguage":"tr","@id":"https:\/\/www.globalepgs.info\/tr\/ortaklarimiz\/#primaryimage","url":"http:\/\/globalepgs.info\/app\/uploads\/2017\/02\/circles9.png","contentUrl":"http:\/\/globalepgs.info\/app\/uploads\/2017\/02\/circles9.png"},{"@type":"BreadcrumbList","@id":"https:\/\/www.globalepgs.info\/tr\/ortaklarimiz\/#breadcrumb","itemListElement":[{"@type":"ListItem","position":1,"name":"Home","item":"https:\/\/www.globalepgs.info\/tr\/"},{"@type":"ListItem","position":2,"name":"Ortaklar\u0131m\u0131z"}]},{"@type":"WebSite","@id":"https:\/\/www.globalepgs.info\/es\/#website","url":"https:\/\/www.globalepgs.info\/es\/","name":"Global Listings","description":"Just another WordPress site","potentialAction":[{"@type":"SearchAction","target":{"@type":"EntryPoint","urlTemplate":"https:\/\/www.globalepgs.info\/es\/?s={search_term_string}"},"query-input":{"@type":"PropertyValueSpecification","valueRequired":true,"valueName":"search_term_string"}}],"inLanguage":"tr"}]}},"_links":{"self":[{"href":"https:\/\/www.globalepgs.info\/tr\/wp-json\/wp\/v2\/pages\/4344","targetHints":{"allow":["GET"]}}],"collection":[{"href":"https:\/\/www.globalepgs.info\/tr\/wp-json\/wp\/v2\/pages"}],"about":[{"href":"https:\/\/www.globalepgs.info\/tr\/wp-json\/wp\/v2\/types\/page"}],"author":[{"embeddable":true,"href":"https:\/\/www.globalepgs.info\/tr\/wp-json\/wp\/v2\/users\/1"}],"replies":[{"embeddable":true,"href":"https:\/\/www.globalepgs.info\/tr\/wp-json\/wp\/v2\/comments?post=4344"}],"version-history":[{"count":0,"href":"https:\/\/www.globalepgs.info\/tr\/wp-json\/wp\/v2\/pages\/4344\/revisions"}],"wp:attachment":[{"href":"https:\/\/www.globalepgs.info\/tr\/wp-json\/wp\/v2\/media?parent=4344"}],"curies":[{"name":"wp","href":"https:\/\/api.w.org\/{rel}","templated":true}]}}