{"id":4345,"date":"2017-03-13T09:46:09","date_gmt":"2017-03-13T09:46:09","guid":{"rendered":"http:\/\/www.globalepgs.info\/tr\/hakkimizda\/"},"modified":"2017-04-21T19:21:23","modified_gmt":"2017-04-21T19:21:23","slug":"hakkimizda","status":"publish","type":"page","link":"https:\/\/www.globalepgs.info\/tr\/hakkimizda\/","title":{"rendered":"Hakk\u0131m\u0131zda"},"content":{"rendered":"<div class=\"col-4\">\n<p><img decoding=\"async\" class=\"img-circle img-responsive\" src=\"http:\/\/www.globalepgs.info\/wp-content\/uploads\/2017\/02\/3.png\" alt=\"content_photo\" \/><\/p>\n<p class=\"content\">HAKKIMIZDA<\/p>\n<\/div>\n<div class=\"col-8\">\n<div class=\"content\">\n<p>Global EPGs d\u00fcnyan\u0131n \u00f6nde gelen Elektronik Platform Rehberi sa\u011flay\u0131c\u0131s\u0131d\u0131r.<\/p>\n<p>G\u00fcnl\u00fck temelde 100\u2019den fazla TV platformu (Do\u011frudan Eve, Internet Platformu \u00fczerinden TV ve Ismarlama Video) ile \u00e7al\u0131\u015f\u0131r\u0131z; yay\u0131n alan\u0131ndaki m\u00fc\u015fterilerimiz i\u00e7in izleyicileri devreye almak ve izleyici pay\u0131n\u0131 \u00fclke temelinde en y\u00fcksek d\u00fczeye \u00e7\u0131karmak i\u00e7in edit\u00f6rl\u00fc\u011fe dayal\u0131 i\u00e7erik, geli\u015fmi\u015f \u00fcst veriler ve g\u00f6r\u00fcnt\u00fcler sa\u011flar\u0131z.<\/p>\n<p>Uluslararas\u0131 olarak, Sky, MultiChoice, UPC, Virgin Media, CanalSat ve Freeview\u2019u i\u00e7eren (sadece birka\u00e7\u0131) TV platformlar\u0131na hizmet sunar\u0131z.<\/p>\n<p>Elektronik Platform Rehberleri art\u0131k daha zengin, daha geli\u015fmi\u015f bilgiler sunar, b\u00f6ylece izleyiciler i\u00e7in, geleneksel TV ekranlar\u0131n\u0131n \u00f6tesine ge\u00e7erek, ak\u0131ll\u0131 telefonlar, tabletler ve bilgisayar ekranlar\u0131na uzanan daha geni\u015f program se\u00e7enekleri ile etkile\u015fimli bir deneyim sa\u011flan\u0131r. Global EPGs olarak, yay\u0131nc\u0131l\u0131k alan\u0131ndaki m\u00fc\u015fterilerimizin TV i\u00e7eriklerini, izleyicilerin izleme al\u0131\u015fkanl\u0131klar\u0131na uyacak \u015fekilde tam olarak nas\u0131l sunaca\u011f\u0131m\u0131z\u0131 biliriz.<\/p>\n<p>Hem yay\u0131nc\u0131lar hem de TV platformlar\u0131 Global EPGs ile \u00e7al\u0131\u015fmak isterler, \u00e7\u00fcnk\u00fc biz onlar\u0131n Elektronik Platform Rehberleri ile ilgili gerekliliklerine y\u00f6nelik olarak, m\u00fc\u015fteriye \u00f6zel, teknolojik olarak geli\u015fmi\u015f ve kesintisiz bir \u00e7\u00f6z\u00fcm sa\u011flar\u0131z.<\/p>\n<p>\u0130zleyiciler de yapt\u0131klar\u0131m\u0131za bay\u0131l\u0131rlar, \u00e7\u00fcnk\u00fc onlara tam olarak bilmek istediklerini, tam olarak ne izlemeye karar verdikleri anda sa\u011flar\u0131z.<\/p>\n<\/div>\n<\/div>\n","protected":false},"excerpt":{"rendered":"<p>HAKKIMIZDA Global EPGs d\u00fcnyan\u0131n \u00f6nde gelen Elektronik Platform Rehberi sa\u011flay\u0131c\u0131s\u0131d\u0131r. G\u00fcnl\u00fck temelde 100\u2019den fazla TV platformu (Do\u011frudan Eve, Internet Platformu \u00fczerinden TV ve Ismarlama Video) ile \u00e7al\u0131\u015f\u0131r\u0131z; yay\u0131n alan\u0131ndaki m\u00fc\u015fterilerimiz i\u00e7in izleyicileri devreye almak ve izleyici pay\u0131n\u0131 \u00fclke temelinde en y\u00fcksek d\u00fczeye \u00e7\u0131karmak i\u00e7in edit\u00f6rl\u00fc\u011fe dayal\u0131 i\u00e7erik, geli\u015fmi\u015f \u00fcst veriler ve g\u00f6r\u00fcnt\u00fcler sa\u011flar\u0131z. Uluslararas\u0131 olarak, [&hellip;]<\/p>\n","protected":false},"author":1,"featured_media":0,"parent":0,"menu_order":112,"comment_status":"closed","ping_status":"closed","template":"page-epgs_template.php","meta":{"_acf_changed":false,"footnotes":""},"class_list":["post-4345","page","type-page","status-publish","hentry"],"acf":[],"yoast_head":"<!-- This site is optimized with the Yoast SEO plugin v27.5 - https:\/\/yoast.com\/product\/yoast-seo-wordpress\/ -->\n<title>Hakk\u0131m\u0131zda - Global Listings<\/title>\n<meta name=\"robots\" content=\"index, follow, max-snippet:-1, max-image-preview:large, max-video-preview:-1\" \/>\n<link rel=\"canonical\" href=\"https:\/\/www.globalepgs.info\/tr\/hakkimizda\/\" \/>\n<meta property=\"og:locale\" content=\"tr_TR\" \/>\n<meta property=\"og:type\" content=\"article\" \/>\n<meta property=\"og:title\" content=\"Hakk\u0131m\u0131zda - Global Listings\" \/>\n<meta property=\"og:description\" content=\"HAKKIMIZDA Global EPGs d\u00fcnyan\u0131n \u00f6nde gelen Elektronik Platform Rehberi sa\u011flay\u0131c\u0131s\u0131d\u0131r. G\u00fcnl\u00fck temelde 100\u2019den fazla TV platformu (Do\u011frudan Eve, Internet Platformu \u00fczerinden TV ve Ismarlama Video) ile \u00e7al\u0131\u015f\u0131r\u0131z; yay\u0131n alan\u0131ndaki m\u00fc\u015fterilerimiz i\u00e7in izleyicileri devreye almak ve izleyici pay\u0131n\u0131 \u00fclke temelinde en y\u00fcksek d\u00fczeye \u00e7\u0131karmak i\u00e7in edit\u00f6rl\u00fc\u011fe dayal\u0131 i\u00e7erik, geli\u015fmi\u015f \u00fcst veriler ve g\u00f6r\u00fcnt\u00fcler sa\u011flar\u0131z. Uluslararas\u0131 olarak, [&hellip;]\" \/>\n<meta property=\"og:url\" content=\"https:\/\/www.globalepgs.info\/tr\/hakkimizda\/\" \/>\n<meta property=\"og:site_name\" content=\"Global Listings\" \/>\n<meta property=\"article:modified_time\" content=\"2017-04-21T19:21:23+00:00\" \/>\n<meta property=\"og:image\" content=\"http:\/\/www.globalepgs.info\/wp-content\/uploads\/2017\/02\/3.png\" \/>\n<meta name=\"twitter:card\" content=\"summary_large_image\" \/>\n<meta name=\"twitter:label1\" content=\"Est. reading time\" \/>\n\t<meta name=\"twitter:data1\" content=\"1 minute\" \/>\n<script type=\"application\/ld+json\" class=\"yoast-schema-graph\">{\"@context\":\"https:\\\/\\\/schema.org\",\"@graph\":[{\"@type\":\"WebPage\",\"@id\":\"https:\\\/\\\/www.globalepgs.info\\\/tr\\\/hakkimizda\\\/\",\"url\":\"https:\\\/\\\/www.globalepgs.info\\\/tr\\\/hakkimizda\\\/\",\"name\":\"Hakk\u0131m\u0131zda - Global Listings\",\"isPartOf\":{\"@id\":\"https:\\\/\\\/www.globalepgs.info\\\/es\\\/#website\"},\"primaryImageOfPage\":{\"@id\":\"https:\\\/\\\/www.globalepgs.info\\\/tr\\\/hakkimizda\\\/#primaryimage\"},\"image\":{\"@id\":\"https:\\\/\\\/www.globalepgs.info\\\/tr\\\/hakkimizda\\\/#primaryimage\"},\"thumbnailUrl\":\"http:\\\/\\\/www.globalepgs.info\\\/wp-content\\\/uploads\\\/2017\\\/02\\\/3.png\",\"datePublished\":\"2017-03-13T09:46:09+00:00\",\"dateModified\":\"2017-04-21T19:21:23+00:00\",\"breadcrumb\":{\"@id\":\"https:\\\/\\\/www.globalepgs.info\\\/tr\\\/hakkimizda\\\/#breadcrumb\"},\"inLanguage\":\"tr\",\"potentialAction\":[{\"@type\":\"ReadAction\",\"target\":[\"https:\\\/\\\/www.globalepgs.info\\\/tr\\\/hakkimizda\\\/\"]}]},{\"@type\":\"ImageObject\",\"inLanguage\":\"tr\",\"@id\":\"https:\\\/\\\/www.globalepgs.info\\\/tr\\\/hakkimizda\\\/#primaryimage\",\"url\":\"http:\\\/\\\/www.globalepgs.info\\\/wp-content\\\/uploads\\\/2017\\\/02\\\/3.png\",\"contentUrl\":\"http:\\\/\\\/www.globalepgs.info\\\/wp-content\\\/uploads\\\/2017\\\/02\\\/3.png\"},{\"@type\":\"BreadcrumbList\",\"@id\":\"https:\\\/\\\/www.globalepgs.info\\\/tr\\\/hakkimizda\\\/#breadcrumb\",\"itemListElement\":[{\"@type\":\"ListItem\",\"position\":1,\"name\":\"Home\",\"item\":\"https:\\\/\\\/www.globalepgs.info\\\/tr\\\/\"},{\"@type\":\"ListItem\",\"position\":2,\"name\":\"Hakk\u0131m\u0131zda\"}]},{\"@type\":\"WebSite\",\"@id\":\"https:\\\/\\\/www.globalepgs.info\\\/es\\\/#website\",\"url\":\"https:\\\/\\\/www.globalepgs.info\\\/es\\\/\",\"name\":\"Global Listings\",\"description\":\"Just another WordPress site\",\"potentialAction\":[{\"@type\":\"SearchAction\",\"target\":{\"@type\":\"EntryPoint\",\"urlTemplate\":\"https:\\\/\\\/www.globalepgs.info\\\/es\\\/?s={search_term_string}\"},\"query-input\":{\"@type\":\"PropertyValueSpecification\",\"valueRequired\":true,\"valueName\":\"search_term_string\"}}],\"inLanguage\":\"tr\"}]}<\/script>\n<!-- \/ Yoast SEO plugin. -->","yoast_head_json":{"title":"Hakk\u0131m\u0131zda - Global Listings","robots":{"index":"index","follow":"follow","max-snippet":"max-snippet:-1","max-image-preview":"max-image-preview:large","max-video-preview":"max-video-preview:-1"},"canonical":"https:\/\/www.globalepgs.info\/tr\/hakkimizda\/","og_locale":"tr_TR","og_type":"article","og_title":"Hakk\u0131m\u0131zda - Global Listings","og_description":"HAKKIMIZDA Global EPGs d\u00fcnyan\u0131n \u00f6nde gelen Elektronik Platform Rehberi sa\u011flay\u0131c\u0131s\u0131d\u0131r. G\u00fcnl\u00fck temelde 100\u2019den fazla TV platformu (Do\u011frudan Eve, Internet Platformu \u00fczerinden TV ve Ismarlama Video) ile \u00e7al\u0131\u015f\u0131r\u0131z; yay\u0131n alan\u0131ndaki m\u00fc\u015fterilerimiz i\u00e7in izleyicileri devreye almak ve izleyici pay\u0131n\u0131 \u00fclke temelinde en y\u00fcksek d\u00fczeye \u00e7\u0131karmak i\u00e7in edit\u00f6rl\u00fc\u011fe dayal\u0131 i\u00e7erik, geli\u015fmi\u015f \u00fcst veriler ve g\u00f6r\u00fcnt\u00fcler sa\u011flar\u0131z. Uluslararas\u0131 olarak, [&hellip;]","og_url":"https:\/\/www.globalepgs.info\/tr\/hakkimizda\/","og_site_name":"Global Listings","article_modified_time":"2017-04-21T19:21:23+00:00","og_image":[{"url":"http:\/\/www.globalepgs.info\/wp-content\/uploads\/2017\/02\/3.png","type":"","width":"","height":""}],"twitter_card":"summary_large_image","twitter_misc":{"Est. reading time":"1 minute"},"schema":{"@context":"https:\/\/schema.org","@graph":[{"@type":"WebPage","@id":"https:\/\/www.globalepgs.info\/tr\/hakkimizda\/","url":"https:\/\/www.globalepgs.info\/tr\/hakkimizda\/","name":"Hakk\u0131m\u0131zda - Global Listings","isPartOf":{"@id":"https:\/\/www.globalepgs.info\/es\/#website"},"primaryImageOfPage":{"@id":"https:\/\/www.globalepgs.info\/tr\/hakkimizda\/#primaryimage"},"image":{"@id":"https:\/\/www.globalepgs.info\/tr\/hakkimizda\/#primaryimage"},"thumbnailUrl":"http:\/\/www.globalepgs.info\/wp-content\/uploads\/2017\/02\/3.png","datePublished":"2017-03-13T09:46:09+00:00","dateModified":"2017-04-21T19:21:23+00:00","breadcrumb":{"@id":"https:\/\/www.globalepgs.info\/tr\/hakkimizda\/#breadcrumb"},"inLanguage":"tr","potentialAction":[{"@type":"ReadAction","target":["https:\/\/www.globalepgs.info\/tr\/hakkimizda\/"]}]},{"@type":"ImageObject","inLanguage":"tr","@id":"https:\/\/www.globalepgs.info\/tr\/hakkimizda\/#primaryimage","url":"http:\/\/www.globalepgs.info\/wp-content\/uploads\/2017\/02\/3.png","contentUrl":"http:\/\/www.globalepgs.info\/wp-content\/uploads\/2017\/02\/3.png"},{"@type":"BreadcrumbList","@id":"https:\/\/www.globalepgs.info\/tr\/hakkimizda\/#breadcrumb","itemListElement":[{"@type":"ListItem","position":1,"name":"Home","item":"https:\/\/www.globalepgs.info\/tr\/"},{"@type":"ListItem","position":2,"name":"Hakk\u0131m\u0131zda"}]},{"@type":"WebSite","@id":"https:\/\/www.globalepgs.info\/es\/#website","url":"https:\/\/www.globalepgs.info\/es\/","name":"Global Listings","description":"Just another WordPress site","potentialAction":[{"@type":"SearchAction","target":{"@type":"EntryPoint","urlTemplate":"https:\/\/www.globalepgs.info\/es\/?s={search_term_string}"},"query-input":{"@type":"PropertyValueSpecification","valueRequired":true,"valueName":"search_term_string"}}],"inLanguage":"tr"}]}},"_links":{"self":[{"href":"https:\/\/www.globalepgs.info\/tr\/wp-json\/wp\/v2\/pages\/4345","targetHints":{"allow":["GET"]}}],"collection":[{"href":"https:\/\/www.globalepgs.info\/tr\/wp-json\/wp\/v2\/pages"}],"about":[{"href":"https:\/\/www.globalepgs.info\/tr\/wp-json\/wp\/v2\/types\/page"}],"author":[{"embeddable":true,"href":"https:\/\/www.globalepgs.info\/tr\/wp-json\/wp\/v2\/users\/1"}],"replies":[{"embeddable":true,"href":"https:\/\/www.globalepgs.info\/tr\/wp-json\/wp\/v2\/comments?post=4345"}],"version-history":[{"count":0,"href":"https:\/\/www.globalepgs.info\/tr\/wp-json\/wp\/v2\/pages\/4345\/revisions"}],"wp:attachment":[{"href":"https:\/\/www.globalepgs.info\/tr\/wp-json\/wp\/v2\/media?parent=4345"}],"curies":[{"name":"wp","href":"https:\/\/api.w.org\/{rel}","templated":true}]}}